{"id":974,"date":"2021-07-21T13:06:58","date_gmt":"2021-07-21T13:06:58","guid":{"rendered":"http:\/\/www.losataos.org\/w\/?page_id=974"},"modified":"2022-03-27T20:23:44","modified_gmt":"2022-03-27T20:23:44","slug":"el-gallo-de-los-ataos","status":"publish","type":"page","link":"https:\/\/www.losataos.org\/w\/el-gallo-de-los-ataos\/","title":{"rendered":"El gallo de los Ataos"},"content":{"rendered":"\t\t<div data-elementor-type=\"wp-page\" data-elementor-id=\"974\" class=\"elementor elementor-974\" data-elementor-post-type=\"page\">\n\t\t\t\t\t\t<section class=\"elementor-section elementor-top-section elementor-element elementor-element-bb1575d elementor-section-boxed elementor-section-height-default elementor-section-height-default\" data-id=\"bb1575d\" data-element_type=\"section\" data-e-type=\"section\">\n\t\t\t\t\t\t<div class=\"elementor-container elementor-column-gap-default\">\n\t\t\t\t\t<div class=\"elementor-column elementor-col-100 elementor-top-column elementor-element elementor-element-34ce51d\" data-id=\"34ce51d\" data-element_type=\"column\" data-e-type=\"column\">\n\t\t\t<div class=\"elementor-widget-wrap elementor-element-populated\">\n\t\t\t\t\t\t<div class=\"elementor-element elementor-element-06a75cf elementor-widget-divider--view-line elementor-widget elementor-widget-divider\" data-id=\"06a75cf\" data-element_type=\"widget\" data-e-type=\"widget\" data-widget_type=\"divider.default\">\n\t\t\t\t<div class=\"elementor-widget-container\">\n\t\t\t\t\t\t\t<div class=\"elementor-divider\">\n\t\t\t<span class=\"elementor-divider-separator\">\n\t\t\t\t\t\t<\/span>\n\t\t<\/div>\n\t\t\t\t\t\t<\/div>\n\t\t\t\t<\/div>\n\t\t\t\t<div class=\"elementor-element elementor-element-553b919 elementor-widget elementor-widget-image\" data-id=\"553b919\" data-element_type=\"widget\" data-e-type=\"widget\" data-widget_type=\"image.default\">\n\t\t\t\t<div class=\"elementor-widget-container\">\n\t\t\t\t\t\t\t\t\t\t\t\t\t\t\t<img fetchpriority=\"high\" decoding=\"async\" width=\"450\" height=\"462\" src=\"https:\/\/www.losataos.org\/w\/wp-content\/uploads\/gallo.jpg\" class=\"attachment-large size-large wp-image-221\" alt=\"\" srcset=\"https:\/\/www.losataos.org\/w\/wp-content\/uploads\/gallo.jpg 450w, https:\/\/www.losataos.org\/w\/wp-content\/uploads\/gallo-292x300.jpg 292w\" sizes=\"(max-width: 450px) 100vw, 450px\" \/>\t\t\t\t\t\t\t\t\t\t\t\t\t\t\t<\/div>\n\t\t\t\t<\/div>\n\t\t\t\t\t<\/div>\n\t\t<\/div>\n\t\t\t\t\t<\/div>\n\t\t<\/section>\n\t\t\t\t<section class=\"elementor-section elementor-top-section elementor-element elementor-element-4962168 elementor-section-boxed elementor-section-height-default elementor-section-height-default\" data-id=\"4962168\" data-element_type=\"section\" data-e-type=\"section\">\n\t\t\t\t\t\t<div class=\"elementor-container elementor-column-gap-default\">\n\t\t\t\t\t<div class=\"elementor-column elementor-col-100 elementor-top-column elementor-element elementor-element-f3c5ec9\" data-id=\"f3c5ec9\" data-element_type=\"column\" data-e-type=\"column\">\n\t\t\t<div class=\"elementor-widget-wrap\">\n\t\t\t\t\t\t\t<\/div>\n\t\t<\/div>\n\t\t\t\t\t<\/div>\n\t\t<\/section>\n\t\t\t\t<section class=\"elementor-section elementor-top-section elementor-element elementor-element-422379e elementor-section-boxed elementor-section-height-default elementor-section-height-default\" data-id=\"422379e\" data-element_type=\"section\" data-e-type=\"section\">\n\t\t\t\t\t\t<div class=\"elementor-container elementor-column-gap-default\">\n\t\t\t\t\t<div class=\"elementor-column elementor-col-100 elementor-top-column elementor-element elementor-element-bce265f\" data-id=\"bce265f\" data-element_type=\"column\" data-e-type=\"column\">\n\t\t\t<div class=\"elementor-widget-wrap elementor-element-populated\">\n\t\t\t\t\t\t<div class=\"elementor-element elementor-element-ad46eb3 elementor-widget elementor-widget-text-editor\" data-id=\"ad46eb3\" data-element_type=\"widget\" data-e-type=\"widget\" data-widget_type=\"text-editor.default\">\n\t\t\t\t<div class=\"elementor-widget-container\">\n\t\t\t\t\t\t\t\t\t<p style=\"text-align: center;\">Por la calle arriba vienen<br \/>en desfile los Ataos,<br \/>deslumbra con su blancor<br \/>el grave y hermoso gallo<br \/>al que todo el mundo mira<br \/>con asombro y encantado<br \/>por mostrar preciosa estampa<br \/>cual si fuera un soberano.<br \/>\u00bfQu\u00e9 tendr\u00e1 de misteriosa<br \/>la figura de este gallo?<br \/>\u00bfQu\u00e9 secreto guardar\u00e1<br \/>su adem\u00e1n tan mayest\u00e1tico?<br \/>\u00bfQu\u00e9 prodigio expandir\u00e1<br \/>cuando asido de la mano<br \/>presidiendo va el desfile<br \/>en que marchan los Ataos?<br \/>\u00bfQui\u00e9n me dir\u00e1 la respuesta<br \/>para aqu\u00ed poder cantado?<br \/>Al un\u00edsono responde<br \/>el cuartel de los Ataos:<br \/>\u00abPa tener un gallo as\u00ed<br \/>es precIso y necesano<br \/>grandes dosis de paciencia,<br \/>mucho cari\u00f1o en el trato<br \/>y al cantar las cuartel eras<br \/>bien tenerlo acostumbrado.\u00bb<br \/>As\u00ed de sencillo es<br \/>el misterio no desvelado<br \/>del gallo que representa<br \/>al cuartel de los Ataos<br \/>que un d\u00eda 10 contemplara<br \/>por las calles desfilando<br \/>mayest\u00e1tico y sereno<br \/>cual si fuera un soberano.<\/p>\n<p style=\"text-align: center;\">ANTONIO ROM\u00c1N AMIL<br \/>9-II-09<\/p>\t\t\t\t\t\t\t\t<\/div>\n\t\t\t\t<\/div>\n\t\t\t\t\t<\/div>\n\t\t<\/div>\n\t\t\t\t\t<\/div>\n\t\t<\/section>\n\t\t\t\t<\/div>\n\t\t","protected":false},"excerpt":{"rendered":"<p>Por la calle arriba vienen en desfile los Ataos, deslumbra con su blancor el grave y hermoso gallo al que todo el mundo mira con asombro y encantado por mostrar preciosa estampa cual si fuera un soberano. \u00bfQu\u00e9 tendr\u00e1 de misteriosa la figura de este gallo? \u00bfQu\u00e9 secreto guardar\u00e1 su adem\u00e1n tan mayest\u00e1tico? \u00bfQu\u00e9 prodigio&hellip;&nbsp;<a href=\"https:\/\/www.losataos.org\/w\/el-gallo-de-los-ataos\/\" rel=\"bookmark\">Leer m\u00e1s &raquo;<span class=\"screen-reader-text\">El gallo de los Ataos<\/span><\/a><\/p>\n","protected":false},"author":2,"featured_media":0,"parent":0,"menu_order":0,"comment_status":"closed","ping_status":"closed","template":"","meta":{"neve_meta_sidebar":"","neve_meta_container":"","neve_meta_enable_content_width":"","neve_meta_content_width":0,"neve_meta_title_alignment":"","neve_meta_author_avatar":"","neve_post_elements_order":"","neve_meta_disable_header":"","neve_meta_disable_footer":"","neve_meta_disable_title":"","footnotes":""},"wf_page_folders":[17],"class_list":["post-974","page","type-page","status-publish","hentry"],"jetpack_sharing_enabled":true,"_links":{"self":[{"href":"https:\/\/www.losataos.org\/w\/wp-json\/wp\/v2\/pages\/974","targetHints":{"allow":["GET"]}}],"collection":[{"href":"https:\/\/www.losataos.org\/w\/wp-json\/wp\/v2\/pages"}],"about":[{"href":"https:\/\/www.losataos.org\/w\/wp-json\/wp\/v2\/types\/page"}],"author":[{"embeddable":true,"href":"https:\/\/www.losataos.org\/w\/wp-json\/wp\/v2\/users\/2"}],"replies":[{"embeddable":true,"href":"https:\/\/www.losataos.org\/w\/wp-json\/wp\/v2\/comments?post=974"}],"version-history":[{"count":8,"href":"https:\/\/www.losataos.org\/w\/wp-json\/wp\/v2\/pages\/974\/revisions"}],"predecessor-version":[{"id":3124,"href":"https:\/\/www.losataos.org\/w\/wp-json\/wp\/v2\/pages\/974\/revisions\/3124"}],"wp:attachment":[{"href":"https:\/\/www.losataos.org\/w\/wp-json\/wp\/v2\/media?parent=974"}],"wp:term":[{"taxonomy":"wf_page_folders","embeddable":true,"href":"https:\/\/www.losataos.org\/w\/wp-json\/wp\/v2\/wf_page_folders?post=974"}],"curies":[{"name":"wp","href":"https:\/\/api.w.org\/{rel}","templated":true}]}}