{"id":828,"date":"2021-07-19T15:47:05","date_gmt":"2021-07-19T15:47:05","guid":{"rendered":"http:\/\/www.losataos.org\/w\/?page_id=828"},"modified":"2021-07-19T22:23:10","modified_gmt":"2021-07-19T22:23:10","slug":"mensajes-en-la-pandemia-covid-19","status":"publish","type":"page","link":"https:\/\/www.losataos.org\/w\/mensajes-en-la-pandemia-covid-19\/","title":{"rendered":"Mensajes en la Pandemia Covid 19"},"content":{"rendered":"\t\t<div data-elementor-type=\"wp-page\" data-elementor-id=\"828\" class=\"elementor elementor-828\" data-elementor-post-type=\"page\">\n\t\t\t\t\t\t<section class=\"elementor-section elementor-top-section elementor-element elementor-element-bb1575d elementor-section-boxed elementor-section-height-default elementor-section-height-default\" data-id=\"bb1575d\" data-element_type=\"section\" data-e-type=\"section\">\n\t\t\t\t\t\t<div class=\"elementor-container elementor-column-gap-default\">\n\t\t\t\t\t<div class=\"elementor-column elementor-col-100 elementor-top-column elementor-element elementor-element-34ce51d\" data-id=\"34ce51d\" data-element_type=\"column\" data-e-type=\"column\">\n\t\t\t<div class=\"elementor-widget-wrap elementor-element-populated\">\n\t\t\t\t\t\t<div class=\"elementor-element elementor-element-06a75cf elementor-widget-divider--view-line elementor-widget elementor-widget-divider\" data-id=\"06a75cf\" data-element_type=\"widget\" data-e-type=\"widget\" data-widget_type=\"divider.default\">\n\t\t\t\t<div class=\"elementor-widget-container\">\n\t\t\t\t\t\t\t<div class=\"elementor-divider\">\n\t\t\t<span class=\"elementor-divider-separator\">\n\t\t\t\t\t\t<\/span>\n\t\t<\/div>\n\t\t\t\t\t\t<\/div>\n\t\t\t\t<\/div>\n\t\t\t\t<div class=\"elementor-element elementor-element-553b919 elementor-widget elementor-widget-image\" data-id=\"553b919\" data-element_type=\"widget\" data-e-type=\"widget\" data-widget_type=\"image.default\">\n\t\t\t\t<div class=\"elementor-widget-container\">\n\t\t\t\t\t\t\t\t\t\t\t\t\t\t\t<img fetchpriority=\"high\" decoding=\"async\" width=\"800\" height=\"240\" src=\"https:\/\/www.losataos.org\/w\/wp-content\/uploads\/evi-covid-19-page-2-1.jpg\" class=\"attachment-large size-large wp-image-834\" alt=\"\" srcset=\"https:\/\/www.losataos.org\/w\/wp-content\/uploads\/evi-covid-19-page-2-1.jpg 800w, https:\/\/www.losataos.org\/w\/wp-content\/uploads\/evi-covid-19-page-2-1-300x90.jpg 300w, https:\/\/www.losataos.org\/w\/wp-content\/uploads\/evi-covid-19-page-2-1-768x230.jpg 768w\" sizes=\"(max-width: 800px) 100vw, 800px\" \/>\t\t\t\t\t\t\t\t\t\t\t\t\t\t\t<\/div>\n\t\t\t\t<\/div>\n\t\t\t\t<div class=\"elementor-element elementor-element-7891ade elementor-widget elementor-widget-text-editor\" data-id=\"7891ade\" data-element_type=\"widget\" data-e-type=\"widget\" data-widget_type=\"text-editor.default\">\n\t\t\t\t<div class=\"elementor-widget-container\">\n\t\t\t\t\t\t\t\t\t<p class=\"text\" align=\"justify\"><span style=\"color: #800000;\">La pandemia de COVID-19 (conocida popularmente como pandemia de coronavirus) es una pandemia derivada de la enfermedad ocasionada por el virus SARS-CoV-2.67 Su primer caso fue identificado en diciembre de 2019 en la ciudad de Wuhan, capital de la provincia de Hubei, en la Rep\u00fablica Popular China, al reportarse casos de un grupo de personas enfermas con un tipo de neumon\u00eda desconocida. La mayor\u00eda de los individuos afectados ten\u00edan vinculaci\u00f3n con trabajadores del Mercado mayorista de mariscos de Huanan.<\/span><\/p><p class=\"text\" align=\"justify\"><span style=\"color: #800000;\">La Organizaci\u00f3n Mundial de la Salud (OMS) la reconoci\u00f3 como una pandemia el 11 de marzo de 2020 (cuando inform\u00f3 que hab\u00eda 4291 muertos y 118 000 casos en 114 pa\u00edses.<\/span><\/p><p style=\"text-align: center;\" align=\"justify\"><a href=\"https:\/\/www.mscbs.gob.es\/profesionales\/saludPublica\/ccayes\/alertasActual\/nCov\/home.htm\" target=\"_blank\" rel=\"noopener\">Informaci\u00f3n Oficial COVID-19<\/a><\/p>\t\t\t\t\t\t\t\t<\/div>\n\t\t\t\t<\/div>\n\t\t\t\t<div class=\"elementor-element elementor-element-a43408b elementor-widget-divider--view-line elementor-widget elementor-widget-divider\" data-id=\"a43408b\" data-element_type=\"widget\" data-e-type=\"widget\" data-widget_type=\"divider.default\">\n\t\t\t\t<div class=\"elementor-widget-container\">\n\t\t\t\t\t\t\t<div class=\"elementor-divider\">\n\t\t\t<span class=\"elementor-divider-separator\">\n\t\t\t\t\t\t<\/span>\n\t\t<\/div>\n\t\t\t\t\t\t<\/div>\n\t\t\t\t<\/div>\n\t\t\t\t\t<\/div>\n\t\t<\/div>\n\t\t\t\t\t<\/div>\n\t\t<\/section>\n\t\t\t\t<section class=\"elementor-section elementor-top-section elementor-element elementor-element-2202d2e elementor-section-boxed elementor-section-height-default elementor-section-height-default\" data-id=\"2202d2e\" data-element_type=\"section\" data-e-type=\"section\">\n\t\t\t\t\t\t<div class=\"elementor-container elementor-column-gap-default\">\n\t\t\t\t\t<div class=\"elementor-column elementor-col-100 elementor-top-column elementor-element elementor-element-c4b5659\" data-id=\"c4b5659\" data-element_type=\"column\" data-e-type=\"column\">\n\t\t\t<div class=\"elementor-widget-wrap elementor-element-populated\">\n\t\t\t\t\t\t<div class=\"elementor-element elementor-element-b9795cb elementor-widget elementor-widget-text-editor\" data-id=\"b9795cb\" data-element_type=\"widget\" data-e-type=\"widget\" data-widget_type=\"text-editor.default\">\n\t\t\t\t<div class=\"elementor-widget-container\">\n\t\t\t\t\t\t\t\t\t<p>\u00a1Oju! que semana mas dura hermanos, semana que desde el viernes de dolores ya empez\u00f3 a latir el coraz\u00f3n de forma diferente, semana en la que se han a\u00f1orado muchas cosas, semana en la que no he podido disfrutar de mi cargo, semana en la no he podido ver a mis hermanos, semana en la esperaba la llamada de mi media naranja en ropas(miguelillo) para ir a montar los maniqu\u00edes, sacar las ropas colocar los rostrillos, hoy no hemos podido quedar para ir a recoger el cuarto de ropas y empezar a preparar para el d\u00eda de la cruz, en fin hermanos solo deciros que me siento orgulloso de pertenecer a esta bendita corporaci\u00f3n y a esta magn\u00edfica directiva, VIVA LOS ATAOS, y ojala el a\u00f1o que viene este se quede solo en un mal sue\u00f1o, un fuerte abrazo y nos vemos pronto.<\/p><p style=\"text-align: right;\"><strong>Antonio Ru\u00edz<\/strong><\/p><p style=\"text-align: center;\">*************************************************************<\/p><p>Queridos hermanos Ataos:<\/p><p>Ahora que ya ha pasado sin sentido, todo lo concerniente con nuestra Semana Santa, con nuestras tradiciones, con nuestro cuartel, con nuestras vivencias como hermanos, en definitiva, con nuestra vida manantera, me hago la siguiente reflexi\u00f3n que me corroe la mente desde ya hace algunos d\u00edas, \u00bfpor qu\u00e9 este sue\u00f1o?<br \/>Cada d\u00eda, al levantarme y comprobar que toda la familia se encuentra bien y darle gracias a Dios por ello,<br \/>Sue\u00f1o que quiero estar con vosotros, con mis hermanos, desde el viernes de Dolores, tras el Triduo de &#8216;La Gu\u00eda&#8217; acompa\u00f1ando a nuestro Hermano Mayor &#8216;Cisco&#8217; y posterior tapeo en nuestro Cuartel de Los Ataos, disfrutando todos juntos, esperando con ilusi\u00f3n que pasaran veinticuatro horas para poder procesionar a nuestra Bendita Titular por las calles de nuestro Pueblo amado.<br \/>Sue\u00f1o que quiero estar con vosotros, con mis hermanos, el Domingo de Ramos a las dos de la tarde, todos trajeados, como se merece la ocasi\u00f3n, en el Cuartel de las Cien Luces, con nuestras mujeres, con nuestros hermanos m\u00fasicos, con nuestros invitados de honor y como no, con los tres pilares que conformaban \u00e9ste d\u00eda tan especial: mis hermanos homenajeados, Cisco, Pepe G\u00f3mez y Jos\u00e9 M\u00e1rquez, !que buen d\u00eda estamos pasando hermanos! , cu\u00e1nta poes\u00eda, cu\u00e1nta fraternidad, cu\u00e1ntos abrazos y elogios hacia ellos, !llena la copa hermano!&#8230; cuanto sentimiento\u2026<br \/>Sue\u00f1o que quiero estar con vosotros, con mis hermanos, el Jueves Santo en nuestro Cuartel, como siempre el &#8216;Dia del amor Fraterno&#8217; uno de los d\u00edas m\u00e1s grandes si no el que m\u00e1s, de nuestra Corporaci\u00f3n. Se repiten las circunstancias emocionales del Domingo de antes, todo bien llevado y orquestado por Salva, nuestro Presidente y como no su Directiva, la entra\u00f1able cordialidad estaba asegurada\u2026 !que tarde hermanos! para no olvidarla nunca, qu\u00e9 marchas musicales, qu\u00e9 entonaciones hermanos, para guardarlas en el alma as\u00ed como el abrazo tan esperado de cada Jueves Santo.<br \/>Sue\u00f1o que quiero estar con vosotros, con mis hermanos, el Viernes Santo, pero esta vez, bien marcada la diferencia, vestido de figura y viendo a mi pueblo y sus gentes tras la abertura de un rostrillo centenario, el cuadro est\u00e1 completo Hermanos, despu\u00e9s del almuerzo, subimos calle Aguilar, tras el Maestro, como marca la tradici\u00f3n, nos espera las reverencias en el Calvario, parada oficial y de vuelta al cuartel\u2026<br \/>Sue\u00f1o que quiero estar con vosotros, con mis hermanos, el S\u00e1bado de Gloria, otro de los d\u00edas que me tiene marcado mananteramente hablando por su seriedad y solemnidad, acompa\u00f1ando con nuestras figuras como es tradici\u00f3n a nuestro Santo Sepulcro y Ntra. Se\u00f1ora de las L\u00e1grimas.<br \/>Sue\u00f1o que quiero estar con vosotros, con mis hermanos, el Domingo de Resurrecci\u00f3n, a las nueve, en el cuartel, \u00e9sta vez con casco y traje de romano, una copa de machaco para calentar el cuerpo y un breve di\u00e1logo y an\u00e9cdotas entre los hermanos que nos vamos a vestir. Nos vamos, parada en Eugenio. Hace un sol espl\u00e9ndido, nos vamos incorporando las figuras justo detr\u00e1s de Los Profetas y delante de Los Ap\u00f3stoles, Puente Genil y los miles de visitantes que han venido desde diferentes puntos de Andaluc\u00eda nos espera un a\u00f1o m\u00e1s, y un a\u00f1o m\u00e1s Los Ataos est\u00e1bamos all\u00ed, haciendo nuestro papel, las primeras figuras del Nuevo Testamento, las figuras que se vest\u00edan hace m\u00e1s de trescientos cincuenta a\u00f1os y que hoy d\u00eda siguen con nosotros. A cuidarlas hermanos, a cuidarnos nosotros y nuestras tradiciones, a cuidar sobre todo la hermandad y la Corporaci\u00f3n.<br \/>El a\u00f1o que viene Hermanos, espero que la historia no sea un sue\u00f1o, que sea una aut\u00e9ntica realidad. ! Un abrazo a todos vosotros, Salud y un fuerte Vivan Los Ataos!<\/p><p>Domingo de Resurrecci\u00f3n de 2020.<\/p><p style=\"text-align: right;\"><strong>Manolo Garc\u00eda<\/strong><\/p><p style=\"text-align: center;\">*************************************************************<\/p><p>Hermanos de los Ataos hoy jueves santo.<br \/>Me quiero dirigir a todos y cada uno de mis hermanos de corporaci\u00f3n. Daros un abrazo virtual este d\u00eda del amor fraterno <br \/>Hagamos de nuestras salas de estar, nuestro cuartel, de nuestra mesa camilla, mantel de nuestra corporaci\u00f3n, dedicando ese momento a quienes no podr\u00e1n vivirlo<br \/>Por esta pandemia, que nos ha querido poner ha prueba y es que somos afortunados de poder sentirlo. Todo pasar\u00e1. Y aqu\u00ed estaremos. Si el terrible as\u00ed lo quiere,.<br \/>La tristeza me ahoga. Por esta gran p\u00e9rdida. P\u00e9rdida de esta semana mayor que no podremos disfrutar, qu\u00e9 llena los corazones del sentir manantero. Por eso mismo debemos de recordar esos buenos momentos.<br \/>Ahora estar\u00edamos en la Veracruz. Que bonito momento!!!! Donde los haya!!!!! Abrazos!!!! . Besos!!! , sentimientos!!! que surgen en ese m\u00e1gico momento.<br \/>Con nuestras figuras. Pedro!!! y Pablo!!!! y con mi judas!!!! , y esos Romanos!!!! que van escoltado. Que dif\u00edcil momento. Que dif\u00edcil describirlo. como dijo el poeta\u00bb pa ve pruseciones buenas y con gracias vente conmigo a la puente PA semana santa\u201d. que verdad m\u00e1s grande en esas bonitas palabras, Y ahora, m\u00e1s que nunca. Que lo la tenemos.<br \/>S\u00f3lo, Espero que esta situaci\u00f3n nos haga ver lo insignificantes que somos en este mundo. Y Nos haga ser m\u00e1s humildes, generosos, solidarios en definitiva mejores personas.<br \/>Sin m\u00e1s me despido.<br \/>Con un viva la semana santa de Puente Genil!!!!!<br \/>Viva los, Ataos\u00bb<\/p><p style=\"text-align: right;\"><strong>Victor Morales<\/strong><\/p><p style=\"text-align: center;\">*************************************************************<\/p><p style=\"text-align: center;\">A MIS HERMANOS DE LA CORPORACION DE LOS ATAOS<\/p><p style=\"text-align: center;\">\u00a1 DIOS MIO \u00a1<br \/>Que hemos hecho tan mal?<br \/>Que nos quieres ense\u00f1ar con esto?<br \/>Que Cuaresma es esta?<br \/>Qu\u00e9 Semana Santa?<br \/>Que SABADO SANTO?<\/p><p style=\"text-align: center;\">Donde est\u00e1 la Campanita, la Cruz de Gu\u00eda,<br \/>el Estandarte, la Bandera y el Bacalao?<br \/>Donde est\u00e1n los grupos filiales?<br \/>Donde los Hermanos Mayores,<br \/>donde el Arcipreste y las Autoridades?<\/p><p style=\"text-align: center;\">Y las Figuras B\u00edblicas?<br \/>Y las Hermanas con Mantilla?<br \/>Y la Banda de M\u00fasica?<br \/>Y Nuestro Cofrade Mayor?<br \/>\u2026.\u00a1Ay! Nuestro COFRADE MAYOR.<\/p><p style=\"text-align: center;\">Donde est\u00e1 el Imperio?<br \/>Y mis ATAOS?<br \/>Y JUDAS, PABLO y PEDRO?<br \/>Y mis Hermanitos haciendo su<br \/>\u201cESTACION DE PENITENCIA\u201d?<\/p><p style=\"text-align: center;\">Donde Se\u00f1or?<br \/>DONDE?&#8230;&#8230;..<\/p><p style=\"text-align: center;\">Donde est\u00e1n que no los veo,<br \/>los busco y no los encuentro,<br \/>vuelvo a buscar y no los veo.<\/p><p style=\"text-align: center;\">Ojal\u00e1 este mal sue\u00f1o pase pronto,<br \/>Ojal\u00e1 no volvamos a vivir nunca m\u00e1s esto.<\/p><p style=\"text-align: center;\">Solo te prometo, que si t\u00fa quieres,<br \/>el a\u00f1o pr\u00f3ximo, all\u00ed estar\u00e9.<br \/>Y como he hecho desde peque\u00f1o<br \/>te guiar\u00e9 por las calles de mi pueblo.<\/p><p style=\"text-align: center;\">Oh Madre M\u00eda,<br \/>son muchas las L\u00c1GRIMAS<br \/>que se derraman estos d\u00edas.<br \/>Ninguna como las tuyas,<br \/>pero pronto ser\u00e1n de alegr\u00eda,<br \/>de felicidad y de emoci\u00f3n,<br \/>porque volver\u00e9 a estar<br \/>con mis Hermanos de Corporaci\u00f3n.<\/p><p style=\"text-align: center;\">\u00a0<\/p><p style=\"text-align: center;\">\u00a1 VIVA EL SANTO SEPULCRO!<br \/>\u00a1 VIVA LA VIRGEN DE LAS L\u00c1GRIMAS!<br \/>\u00a1 VIVA LOS ATAOS, JUDAS, PEDRO Y PABLO!<\/p><p style=\"text-align: right;\"><strong>Rafa Ru\u00edz<\/strong><\/p><p style=\"text-align: center;\">*************************************************************<\/p><p>Pues acabada la Semana Santa, toca hacer balance de la misma. Ha sido at\u00edpica y horrible, pero hay que mirar la parte positiva, apenas he gastado tabaco. Sinceramente, me alegro de pertenecer al esta corporaci\u00f3n, donde esta cuaresma y Semana Santa, sus hermanos, mis hermanos, han dado muestra de ser muy grandes; dando \u00e1nimos y alegr\u00eda en cada WhatsApp, sinti\u00e9ndonos queridos y a\u00f1orados, con una necesidad imperiosa de un abrazo, una copa, un saludo o una tertulia cubatera con el gallo en la mesa. Siempre se dice que las cosas hasta que ni las pierdes, no te das cuenta del valor que tiene. Esta semana he podido darme cuenta del valor humano que tiene Los Ataos. C\u00f3mo he echado de menos un s\u00e1bado de Gu\u00eda, un domingo de Ramos, el abrazo del Jueves Santo, la vestida en el cuarto de ropas con sus risas, el an\u00eds del viernes ma\u00f1anero, el chirivi de la tarde, son tantas cosas que te vienen a la memoria, a las que no se le echan cuentas en su momento y ahora ves lo valiosas que son; no las perdamos.<br \/>En fin hermanos, gracias por haberme sacado una sonrisa con vuestros WhatsApp y vuestras ocurrencias, esto se ha podido llevar mejor.<br \/>Espero que nos veamos muy pronto y darnos ese abrazo fraternal y sincero .<\/p><p>Gracias.<\/p><p style=\"text-align: right;\"><strong>Pepe Amador<\/strong><\/p><p style=\"text-align: center;\">*************************************************************<\/p><p>A mi Ataos, mi escuela manantera que gracias a mi padre he aprendido tanto de todos vosotros, este a\u00f1o me he perdido ver a las figuras mas bonitas de La Mananta y al cuartel mas dicharachero y alegre que siempre mirar\u00e9 de reojo por mi celada del casco.<br \/>A la juventud decirle que aprenda y se dejen llevar por los mayores, la tabla alta de \u00abLos Ataos\u00bb, historia delante de nuestro ojos, que la humildad y mananterismo que os caracteriza es por ellos y por los que fueron.<br \/>Despu\u00e9s de la fat\u00eddica Guerra Civil hicisteis la promesa de subir a visitar Jes\u00fas al son de redobles pontanos, siendo \u00fanica y lo sigue siendo 80 a\u00f1os despu\u00e9s gracias al grupo de m\u00fasica, que as\u00ed sea hermanos.<br \/>Os quiero hermano, cuidaros y que pronto ver\u00e9 el cuartel de Los Ataos abierto. Un fuerte abrazo a todos.<br \/>VIVA LOS ATAOS!!!!!!<br \/>VIVA EL TERRIBLE!!!!!<\/p><p style=\"text-align: right;\"><strong>Mois\u00e9s Gonz\u00e1lez<\/strong><\/p><p style=\"text-align: center;\">*************************************************************<\/p><p>Hermanos con vuestro permiso me gustar\u00eda decir unas palabras, no tengo don de oratoria, no soy poeta y apenas me salen las palabras pero hoy habla mi coraz\u00f3n que a\u00f1ora a sus hermanos y a la mananta, en esta semana santa no te acuerdas de los azulejos, no te acuerdas de los ladrillos, no te acuerdas del dinero que tenemos en los bolsillos, solo te acuerdas de corazones humanos, de Hermanos que as perdido y este a\u00f1o por desgracia de hermanos que no puedes ver y siguen estando vivos, que no tenga que pasar m\u00e1s pandemias padre m\u00edo, para darnos cuenta que solo necesitamos salud, Semana Santa y una cuaresma acompa\u00f1ados de nuestros hermanos y amigos.<br \/>VIVA LOS ATAOS<\/p><p style=\"text-align: right;\"><strong>Miguel Angel Morales<\/strong><\/p><p style=\"text-align: center;\">*************************************************************<\/p><p>Hoy Domingo de Resurrecci\u00f3n finaliza nuestra Semana Santa. D\u00eda triste porque acaba la Mananta, pero alegre porque hoy se celebra el triunfo de la vida sobre la muerte. En esa batalla estamos y seguro que la vamos a ganar.<br \/>Esta ha sido una Mananta distinta, tan diferente que nos cambiar\u00e1 a todos para el resto de nuestros d\u00edas.<br \/>Creo que a partir de ahora, valoraremos m\u00e1s la compa\u00f1\u00eda de nuestros hermanos, valoraremos m\u00e1s el trabajo de los encargados de que no nos falte una marcha que nos endulce el o\u00eddo, de que no nos falte un detalle en la mesa, en el cuarto de ropas, en las paredes de nuestro cuartel o en la organizaci\u00f3n de nuestra Corporaci\u00f3n. Seremos menos exigentes con aquellos que voluntariamente nos sirven al resto y la \u00fanica exigencia, a nosotros mismos, debe ser el respeto y el afecto hacia los dem\u00e1s.<br \/>El Domingo de Ramos escuch\u00e9 la misa que ofici\u00f3 el Papa Francisco desde el Vaticano. Hoy he vuelto a escuchar la del Domingo de Resurrecci\u00f3n. En ambas homil\u00edas, ha nombrado a Gestas y Dimas, a Judas y a Pedro y Pablo, como personajes trascendentales en la Pasi\u00f3n, Muerte y Resurrecci\u00f3n de Jes\u00fas.<br \/>Me he sentido identificado, junto a todos vosotros, como depositario de esa historia y de esa Fe; pero no me he sentido propietario de las mismas, debemos ser los portadores de esa historia y de esa Fe mientras vivamos; as\u00ed las recibimos hace m\u00e1s de 350 a\u00f1os y as\u00ed debemos preservarlas para traspasarlas a las generaciones venideras.<br \/>Por \u00faltimo, cuidaros y cuidad de los vuestros, desearos a todos un feliz Domingo de Resurrecci\u00f3n y que lo \u00fanico que se contagie sea la esperanza, la alegr\u00eda y las ganas de darnos un fraternal abrazo. Viva Los Ataos.<\/p><p style=\"text-align: right;\"><strong>Emilio Palos<\/strong><\/p><p style=\"text-align: center;\">*************************************************************<\/p><p style=\"text-align: center;\">\u00a0<\/p>\t\t\t\t\t\t\t\t<\/div>\n\t\t\t\t<\/div>\n\t\t\t\t\t<\/div>\n\t\t<\/div>\n\t\t\t\t\t<\/div>\n\t\t<\/section>\n\t\t\t\t<\/div>\n\t\t","protected":false},"excerpt":{"rendered":"<p>La pandemia de COVID-19 (conocida popularmente como pandemia de coronavirus) es una pandemia derivada de la enfermedad ocasionada por el virus SARS-CoV-2.67 Su primer caso fue identificado en diciembre de 2019 en la ciudad de Wuhan, capital de la provincia de Hubei, en la Rep\u00fablica Popular China, al reportarse casos de un grupo de personas&hellip;&nbsp;<a href=\"https:\/\/www.losataos.org\/w\/mensajes-en-la-pandemia-covid-19\/\" rel=\"bookmark\">Leer m\u00e1s &raquo;<span class=\"screen-reader-text\">Mensajes en la Pandemia Covid 19<\/span><\/a><\/p>\n","protected":false},"author":2,"featured_media":0,"parent":0,"menu_order":0,"comment_status":"closed","ping_status":"closed","template":"","meta":{"neve_meta_sidebar":"","neve_meta_container":"","neve_meta_enable_content_width":"","neve_meta_content_width":0,"neve_meta_title_alignment":"","neve_meta_author_avatar":"","neve_post_elements_order":"","neve_meta_disable_header":"","neve_meta_disable_footer":"","neve_meta_disable_title":"","footnotes":""},"wf_page_folders":[17],"class_list":["post-828","page","type-page","status-publish","hentry"],"jetpack_sharing_enabled":true,"_links":{"self":[{"href":"https:\/\/www.losataos.org\/w\/wp-json\/wp\/v2\/pages\/828","targetHints":{"allow":["GET"]}}],"collection":[{"href":"https:\/\/www.losataos.org\/w\/wp-json\/wp\/v2\/pages"}],"about":[{"href":"https:\/\/www.losataos.org\/w\/wp-json\/wp\/v2\/types\/page"}],"author":[{"embeddable":true,"href":"https:\/\/www.losataos.org\/w\/wp-json\/wp\/v2\/users\/2"}],"replies":[{"embeddable":true,"href":"https:\/\/www.losataos.org\/w\/wp-json\/wp\/v2\/comments?post=828"}],"version-history":[{"count":11,"href":"https:\/\/www.losataos.org\/w\/wp-json\/wp\/v2\/pages\/828\/revisions"}],"predecessor-version":[{"id":842,"href":"https:\/\/www.losataos.org\/w\/wp-json\/wp\/v2\/pages\/828\/revisions\/842"}],"wp:attachment":[{"href":"https:\/\/www.losataos.org\/w\/wp-json\/wp\/v2\/media?parent=828"}],"wp:term":[{"taxonomy":"wf_page_folders","embeddable":true,"href":"https:\/\/www.losataos.org\/w\/wp-json\/wp\/v2\/wf_page_folders?post=828"}],"curies":[{"name":"wp","href":"https:\/\/api.w.org\/{rel}","templated":true}]}}