{"id":820,"date":"2021-07-19T15:36:37","date_gmt":"2021-07-19T15:36:37","guid":{"rendered":"http:\/\/www.losataos.org\/w\/?page_id=820"},"modified":"2021-07-19T15:38:00","modified_gmt":"2021-07-19T15:38:00","slug":"inmemoriam-de-manuel-barcos-cejas-2","status":"publish","type":"page","link":"https:\/\/www.losataos.org\/w\/inmemoriam-de-manuel-barcos-cejas-2\/","title":{"rendered":"Inmem\u00f3riam de Manuel Barcos Cejas"},"content":{"rendered":"\t\t<div data-elementor-type=\"wp-page\" data-elementor-id=\"820\" class=\"elementor elementor-820\" data-elementor-post-type=\"page\">\n\t\t\t\t\t\t<section class=\"elementor-section elementor-top-section elementor-element elementor-element-bb1575d elementor-section-boxed elementor-section-height-default elementor-section-height-default\" data-id=\"bb1575d\" data-element_type=\"section\" data-e-type=\"section\">\n\t\t\t\t\t\t<div class=\"elementor-container elementor-column-gap-default\">\n\t\t\t\t\t<div class=\"elementor-column elementor-col-100 elementor-top-column elementor-element elementor-element-34ce51d\" data-id=\"34ce51d\" data-element_type=\"column\" data-e-type=\"column\">\n\t\t\t<div class=\"elementor-widget-wrap elementor-element-populated\">\n\t\t\t\t\t\t<div class=\"elementor-element elementor-element-06a75cf elementor-widget-divider--view-line elementor-widget elementor-widget-divider\" data-id=\"06a75cf\" data-element_type=\"widget\" data-e-type=\"widget\" data-widget_type=\"divider.default\">\n\t\t\t\t<div class=\"elementor-widget-container\">\n\t\t\t\t\t\t\t<div class=\"elementor-divider\">\n\t\t\t<span class=\"elementor-divider-separator\">\n\t\t\t\t\t\t<\/span>\n\t\t<\/div>\n\t\t\t\t\t\t<\/div>\n\t\t\t\t<\/div>\n\t\t\t\t\t<\/div>\n\t\t<\/div>\n\t\t\t\t\t<\/div>\n\t\t<\/section>\n\t\t\t\t<section class=\"elementor-section elementor-top-section elementor-element elementor-element-c90e430 elementor-section-boxed elementor-section-height-default elementor-section-height-default\" data-id=\"c90e430\" data-element_type=\"section\" data-e-type=\"section\">\n\t\t\t\t\t\t<div class=\"elementor-container elementor-column-gap-default\">\n\t\t\t\t\t<div class=\"elementor-column elementor-col-100 elementor-top-column elementor-element elementor-element-7b3b838\" data-id=\"7b3b838\" data-element_type=\"column\" data-e-type=\"column\">\n\t\t\t<div class=\"elementor-widget-wrap elementor-element-populated\">\n\t\t\t\t\t\t<div class=\"elementor-element elementor-element-e994bcb elementor-widget elementor-widget-image\" data-id=\"e994bcb\" data-element_type=\"widget\" data-e-type=\"widget\" data-widget_type=\"image.default\">\n\t\t\t\t<div class=\"elementor-widget-container\">\n\t\t\t\t\t\t\t\t\t\t\t\t\t\t\t<img fetchpriority=\"high\" decoding=\"async\" width=\"450\" height=\"600\" src=\"https:\/\/www.losataos.org\/w\/wp-content\/uploads\/manolobarcos.jpg\" class=\"attachment-large size-large wp-image-224\" alt=\"\" srcset=\"https:\/\/www.losataos.org\/w\/wp-content\/uploads\/manolobarcos.jpg 450w, https:\/\/www.losataos.org\/w\/wp-content\/uploads\/manolobarcos-225x300.jpg 225w\" sizes=\"(max-width: 450px) 100vw, 450px\" \/>\t\t\t\t\t\t\t\t\t\t\t\t\t\t\t<\/div>\n\t\t\t\t<\/div>\n\t\t\t\t\t<\/div>\n\t\t<\/div>\n\t\t\t\t\t<\/div>\n\t\t<\/section>\n\t\t\t\t<section class=\"elementor-section elementor-top-section elementor-element elementor-element-f220bee elementor-section-boxed elementor-section-height-default elementor-section-height-default\" data-id=\"f220bee\" data-element_type=\"section\" data-e-type=\"section\">\n\t\t\t\t\t\t<div class=\"elementor-container elementor-column-gap-default\">\n\t\t\t\t\t<div class=\"elementor-column elementor-col-100 elementor-top-column elementor-element elementor-element-8709df7\" data-id=\"8709df7\" data-element_type=\"column\" data-e-type=\"column\">\n\t\t\t<div class=\"elementor-widget-wrap elementor-element-populated\">\n\t\t\t\t\t\t<div class=\"elementor-element elementor-element-b57f298 elementor-widget elementor-widget-text-editor\" data-id=\"b57f298\" data-element_type=\"widget\" data-e-type=\"widget\" data-widget_type=\"text-editor.default\">\n\t\t\t\t<div class=\"elementor-widget-container\">\n\t\t\t\t\t\t\t\t\t<p>A las 6,30 de la madrugada, del d\u00eda 4 de mayo, d\u00eda de la \u00abMadre\u00bb fallec\u00eda en su domicilio de Puente Genil, Manuel Barcos Cejas, celebr\u00e1ndose su sepelio por su alma, el d\u00eda 5 de mayo, a las 10 de la ma\u00f1ana, el la Parroquia de Jes\u00fas Nazareno. \u00abManolo\u00bb fue un pontano de pura sepa, Padre y Abuelo ejemplar, un buen currante, amigo de sus amigos. Durante muchos a\u00f1os trabaj\u00d3 como mec\u00e1nico herrero de mantenimiento, en la Cooperativa Olivarera Pontanense , y a\u00f1os despu\u00e9s hasta su jubilaci\u00f3n como encargado o maestro general en la misma. Como manantero dir\u00e9, que fue un gran colaborador en la construcci\u00f3n de varios carritos a ruedas y a motor, para los pasos de Jes\u00fas Nazareno y del Lavatorio, m\u00e1s otros, de los cuales fue hermano hasta su fallecimiento. Un destacado hermano de \u00abLos Ataos\u00bb durante 33 a\u00f1os. Hermano fundador de la reorganizada Cofrad\u00eda \u00abVirgen de la Gu\u00eda\u00bb. Colaborador nato, y componente de la carroza de Reyes Magos, del barrio de miragenil y socio de la \u00abPe\u00f1a el Casinillo\u00bb.<\/p><p>Adi\u00f3s mi querido Manolo\u00bb, fuistes el gran amigo, hermano Atao y fervoroso amante a nuestra Madre la Virgen de la Gu\u00eda. Un trabajador intachable. Buen Hijo, mejor Esposo Padre y Abuelo. Elegistes el d\u00eda de la Madre, para reunirte con ella, viajando a lo m\u00e1s infinito, donde nos encontraremos, el d\u00eda que Dios as\u00ed lo quiera. Tu recuerdo siempre estar\u00e1 en mi pensamiento. Tu imagen nunca se borrara de mi memoria, y tus frases en clave, solo yo las recordare, y junto con tus hermanos Ataos, nunca olvidaremos tu frase o grito de guerra !CORTA YA!<\/p><p>Fue un d\u00eda muy triste para los hermanos de Los Ataos. Nuestro gallo cant\u00f3 al alba, pero hoy lo hizo de manera distintita. Unas tristes notas de duelo nos hac\u00edan llegar la noticia. Nuestro hermano Manuel Barcos Cejas nos ha dejado. Mar\u00eda Sant\u00edsima de La Gu\u00eda lo ha llamado para engrandecer su balc\u00f3n<\/p><p style=\"text-align: right;\"><strong>Antonio G\u00e1lvez Silva<\/strong><\/p>\t\t\t\t\t\t\t\t<\/div>\n\t\t\t\t<\/div>\n\t\t\t\t\t<\/div>\n\t\t<\/div>\n\t\t\t\t\t<\/div>\n\t\t<\/section>\n\t\t\t\t<\/div>\n\t\t","protected":false},"excerpt":{"rendered":"<p>A las 6,30 de la madrugada, del d\u00eda 4 de mayo, d\u00eda de la \u00abMadre\u00bb fallec\u00eda en su domicilio de Puente Genil, Manuel Barcos Cejas, celebr\u00e1ndose su sepelio por su alma, el d\u00eda 5 de mayo, a las 10 de la ma\u00f1ana, el la Parroquia de Jes\u00fas Nazareno. \u00abManolo\u00bb fue un pontano de pura sepa,&hellip;&nbsp;<a href=\"https:\/\/www.losataos.org\/w\/inmemoriam-de-manuel-barcos-cejas-2\/\" rel=\"bookmark\">Leer m\u00e1s &raquo;<span class=\"screen-reader-text\">Inmem\u00f3riam de Manuel Barcos Cejas<\/span><\/a><\/p>\n","protected":false},"author":2,"featured_media":0,"parent":0,"menu_order":0,"comment_status":"closed","ping_status":"closed","template":"","meta":{"neve_meta_sidebar":"","neve_meta_container":"","neve_meta_enable_content_width":"","neve_meta_content_width":0,"neve_meta_title_alignment":"","neve_meta_author_avatar":"","neve_post_elements_order":"","neve_meta_disable_header":"","neve_meta_disable_footer":"","neve_meta_disable_title":"","footnotes":""},"wf_page_folders":[17],"class_list":["post-820","page","type-page","status-publish","hentry"],"jetpack_sharing_enabled":true,"_links":{"self":[{"href":"https:\/\/www.losataos.org\/w\/wp-json\/wp\/v2\/pages\/820","targetHints":{"allow":["GET"]}}],"collection":[{"href":"https:\/\/www.losataos.org\/w\/wp-json\/wp\/v2\/pages"}],"about":[{"href":"https:\/\/www.losataos.org\/w\/wp-json\/wp\/v2\/types\/page"}],"author":[{"embeddable":true,"href":"https:\/\/www.losataos.org\/w\/wp-json\/wp\/v2\/users\/2"}],"replies":[{"embeddable":true,"href":"https:\/\/www.losataos.org\/w\/wp-json\/wp\/v2\/comments?post=820"}],"version-history":[{"count":4,"href":"https:\/\/www.losataos.org\/w\/wp-json\/wp\/v2\/pages\/820\/revisions"}],"predecessor-version":[{"id":824,"href":"https:\/\/www.losataos.org\/w\/wp-json\/wp\/v2\/pages\/820\/revisions\/824"}],"wp:attachment":[{"href":"https:\/\/www.losataos.org\/w\/wp-json\/wp\/v2\/media?parent=820"}],"wp:term":[{"taxonomy":"wf_page_folders","embeddable":true,"href":"https:\/\/www.losataos.org\/w\/wp-json\/wp\/v2\/wf_page_folders?post=820"}],"curies":[{"name":"wp","href":"https:\/\/api.w.org\/{rel}","templated":true}]}}