{"id":810,"date":"2021-07-19T15:26:56","date_gmt":"2021-07-19T15:26:56","guid":{"rendered":"http:\/\/www.losataos.org\/w\/?page_id=810"},"modified":"2021-07-21T13:32:24","modified_gmt":"2021-07-21T13:32:24","slug":"inmemoriam-de-manuel-barcos-cejas","status":"publish","type":"page","link":"https:\/\/www.losataos.org\/w\/inmemoriam-de-manuel-barcos-cejas\/","title":{"rendered":"Agradecimiento a los Ataos."},"content":{"rendered":"\t\t<div data-elementor-type=\"wp-page\" data-elementor-id=\"810\" class=\"elementor elementor-810\" data-elementor-post-type=\"page\">\n\t\t\t\t\t\t<section class=\"elementor-section elementor-top-section elementor-element elementor-element-bb1575d elementor-section-boxed elementor-section-height-default elementor-section-height-default\" data-id=\"bb1575d\" data-element_type=\"section\" data-e-type=\"section\">\n\t\t\t\t\t\t<div class=\"elementor-container elementor-column-gap-default\">\n\t\t\t\t\t<div class=\"elementor-column elementor-col-100 elementor-top-column elementor-element elementor-element-34ce51d\" data-id=\"34ce51d\" data-element_type=\"column\" data-e-type=\"column\">\n\t\t\t<div class=\"elementor-widget-wrap elementor-element-populated\">\n\t\t\t\t\t\t<div class=\"elementor-element elementor-element-06a75cf elementor-widget-divider--view-line elementor-widget elementor-widget-divider\" data-id=\"06a75cf\" data-element_type=\"widget\" data-e-type=\"widget\" data-widget_type=\"divider.default\">\n\t\t\t\t<div class=\"elementor-widget-container\">\n\t\t\t\t\t\t\t<div class=\"elementor-divider\">\n\t\t\t<span class=\"elementor-divider-separator\">\n\t\t\t\t\t\t<\/span>\n\t\t<\/div>\n\t\t\t\t\t\t<\/div>\n\t\t\t\t<\/div>\n\t\t\t\t\t<\/div>\n\t\t<\/div>\n\t\t\t\t\t<\/div>\n\t\t<\/section>\n\t\t\t\t<section class=\"elementor-section elementor-top-section elementor-element elementor-element-c90e430 elementor-section-boxed elementor-section-height-default elementor-section-height-default\" data-id=\"c90e430\" data-element_type=\"section\" data-e-type=\"section\">\n\t\t\t\t\t\t<div class=\"elementor-container elementor-column-gap-default\">\n\t\t\t\t\t<div class=\"elementor-column elementor-col-100 elementor-top-column elementor-element elementor-element-7b3b838\" data-id=\"7b3b838\" data-element_type=\"column\" data-e-type=\"column\">\n\t\t\t<div class=\"elementor-widget-wrap elementor-element-populated\">\n\t\t\t\t\t\t<div class=\"elementor-element elementor-element-e994bcb elementor-widget elementor-widget-image\" data-id=\"e994bcb\" data-element_type=\"widget\" data-e-type=\"widget\" data-widget_type=\"image.default\">\n\t\t\t\t<div class=\"elementor-widget-container\">\n\t\t\t\t\t\t\t\t\t\t\t\t\t\t\t<img decoding=\"async\" src=\"https:\/\/www.losataos.org\/w\/wp-content\/uploads\/antoniogalvez.jpg\" title=\"antoniogalvez\" alt=\"antoniogalvez\" loading=\"lazy\" \/>\t\t\t\t\t\t\t\t\t\t\t\t\t\t\t<\/div>\n\t\t\t\t<\/div>\n\t\t\t\t\t<\/div>\n\t\t<\/div>\n\t\t\t\t\t<\/div>\n\t\t<\/section>\n\t\t\t\t<section class=\"elementor-section elementor-top-section elementor-element elementor-element-f220bee elementor-section-boxed elementor-section-height-default elementor-section-height-default\" data-id=\"f220bee\" data-element_type=\"section\" data-e-type=\"section\">\n\t\t\t\t\t\t<div class=\"elementor-container elementor-column-gap-default\">\n\t\t\t\t\t<div class=\"elementor-column elementor-col-100 elementor-top-column elementor-element elementor-element-8709df7\" data-id=\"8709df7\" data-element_type=\"column\" data-e-type=\"column\">\n\t\t\t<div class=\"elementor-widget-wrap elementor-element-populated\">\n\t\t\t\t\t\t<div class=\"elementor-element elementor-element-b57f298 elementor-widget elementor-widget-text-editor\" data-id=\"b57f298\" data-element_type=\"widget\" data-e-type=\"widget\" data-widget_type=\"text-editor.default\">\n\t\t\t\t<div class=\"elementor-widget-container\">\n\t\t\t\t\t\t\t\t\t<p style=\"text-align: center;\"><strong>En una Junta de la Virgen de la Gu\u00eda<\/strong><br \/><strong>Un hermano llamado \u201cPerico Rivas\u201d<\/strong><br \/><strong>A los Ataos les dec\u00eda,<\/strong><br \/><strong>Dirigi\u00e9ndose al Presidente, a Jos\u00e9 Amador le ped\u00eda:<\/strong><br \/><strong>\u201cHermano, escribe una carta<\/strong><br \/><strong>A la Agrupaci\u00f3n de Cofrad\u00edas,<\/strong><br \/><strong>Proponiendo a Antonio Chifarri para que<\/strong><br \/><strong>Manantero Ejemplar pudiese ser en su d\u00eda\u201d<\/strong><\/p><p style=\"text-align: center;\"><strong>La propuesta empez\u00f3 a madurarse<\/strong><br \/><strong>Y Pepe a los Ataos, Ap\u00f3stoles y Potencias<\/strong><br \/><strong>Se lo dec\u00eda:<\/strong><br \/><strong>\u201cTenemos que apoyar esta propuesta<\/strong><br \/><strong>Que Perico nos ped\u00eda\u201d<\/strong><br \/><strong>Y las tres Corporaciones<\/strong><br \/><strong>Al un\u00edsono se un\u00edan.<\/strong><\/p><p style=\"text-align: center;\"><strong>Y en la pasada Semana Santa<\/strong><br \/><strong>En el Cuartel de los Ataos,<\/strong><br \/><strong>Un nuevo Presidente en votaci\u00f3n se eleg\u00eda,<\/strong><br \/><strong>Era el hermano Membiela<\/strong><br \/><strong>En el que el cargo reca\u00eda.<\/strong><\/p><p style=\"text-align: center;\"><strong>Nombrando a su Directiva<\/strong><br \/><strong>El testigo recog\u00eda,<\/strong><br \/><strong>Y con entusiasmo y tes\u00f3n<\/strong><br \/><strong>La propuesta madur\u00f3.<\/strong><\/p><p style=\"text-align: center;\"><strong>Comenz\u00f3 las reuniones<\/strong><br \/><strong>Que la Agrupaci\u00f3n convoc\u00f3<\/strong><br \/><strong>Y con gran maestr\u00eda<\/strong><br \/><strong>A su hermano \u201cAntonio Chifarri\u201d defendi\u00f3.<\/strong><\/p><p style=\"text-align: center;\"><strong>Fue tarea dif\u00edcil<\/strong><br \/><strong>Pero al fin se consigui\u00f3<\/strong><br \/><strong>Y a mediados de Enero<\/strong><br \/><strong>La noticia en el pueblo salt\u00f3.<\/strong><br \/><strong>Y el hermano presidente<\/strong><br \/><strong>Con much\u00edsima ilusi\u00f3n<\/strong><br \/><strong>Pregon\u00f3 a los cuatro vientos<\/strong><br \/><strong>\u201cHermanos, ya tenemos Manantero Ejemplar<\/strong><br \/><strong>Y es de nuestra Corporaci\u00f3n.\u201d<\/strong><\/p><p style=\"text-align: center;\"><strong>Despu\u00e9s de la noticia<\/strong><br \/><strong>Todo fue elogios, abrazos y felicitaci\u00f3n<\/strong><br \/><strong>Porque reca\u00eda en mi persona<\/strong><br \/><strong>Ese gran Galard\u00f3n.<\/strong><\/p><p style=\"text-align: center;\"><strong>Lo cual, queridos Hermanos,<\/strong><br \/><strong>Me llenaba de ilusi\u00f3n<\/strong><br \/><strong>Y yo, como buen manantero,<\/strong><br \/><strong>Se lo agradezco a esta Corporaci\u00f3n.<\/strong><\/p><p style=\"text-align: center;\"><strong>Pasaron poquitos d\u00edas<\/strong><br \/><strong>Hasta que el nombramiento se formaliz\u00f3,<\/strong><br \/><strong>Y le dije al Hermano Membiela<\/strong><br \/><strong>Que me hiciese la presentaci\u00f3n.<\/strong><br \/><strong>La tarea era algo dif\u00edcil,<\/strong><br \/><strong>Pero a \u00e9l le hizo mucha ilusi\u00f3n.<\/strong><\/p><p style=\"text-align: center;\"><strong>Y llego el d\u00eda deseado de aquella presentaci\u00f3n<\/strong><br \/><strong>Y en las Bodegas Delgado, en Junta de Agrupaci\u00f3n,<\/strong><br \/><strong>Lo hizo tan bonito y elocuente<\/strong><br \/><strong>Que hasta el gent\u00edo llor\u00f3.<\/strong><\/p><p style=\"text-align: center;\"><strong>Hizo de m\u00ed una semblanza<\/strong><br \/><strong>Con elegancia y maestr\u00eda,<\/strong><br \/><strong>Con dote de buen orador<\/strong><br \/><strong>Fue tan emotivo y sencillo<\/strong><br \/><strong>Que nadie se aburr\u00eda.<\/strong><br \/><strong>Y al terminar su discurso<\/strong><br \/><strong>Con los ojos humedecidos<\/strong><br \/><strong>Recibi\u00f3 un sonoro aplauso<\/strong><br \/><strong>Como El lo merec\u00eda.<\/strong><\/p><p style=\"text-align: center;\"><strong>All\u00ed estaban mis Ataos<\/strong><br \/><strong>Acompa\u00f1\u00e1ndome ese d\u00eda,<\/strong><br \/><strong>Mi familia, mi mujer y mis hijos,<\/strong><br \/><strong>Acompa\u00f1ados de mi futuro yerno<\/strong><br \/><strong>Cosa que yo quer\u00eda.<\/strong><\/p><p style=\"text-align: center;\"><strong>Rodearon a mis seres queridos<\/strong><br \/><strong>Y a ellos les proteg\u00edan<\/strong><br \/><strong>Como si fuesen buenos soldados<\/strong><br \/><strong>Que a sus Reyes defend\u00edan.<\/strong><\/p><p style=\"text-align: center;\"><strong>Despu\u00e9s pronunci\u00e9 unas palabras<\/strong><br \/><strong>Que a los asistentes conmovieron.<\/strong><\/p><p style=\"text-align: center;\"><strong>Di las gracias a los Mananteros<\/strong><br \/><strong>Y a la Agrupaci\u00f3n de Cofrad\u00edas,<\/strong><br \/><strong>Tambien se las di a mi Presidente<\/strong><br \/><strong>Por la presentaci\u00f3n que me hac\u00eda.<\/strong><\/p><p style=\"text-align: center;\"><strong>Record\u00e9 a mis padres queridos,<\/strong><br \/><strong>Di las gracias a mi mujer y a mis hijos,<\/strong><br \/><strong>Y termin\u00e9 mi intervenci\u00f3n con una Saeta sentida<\/strong><br \/><strong>Que calde\u00f3 el ambiente<\/strong><br \/><strong>Y con ella me desped\u00eda.<\/strong><\/p><p style=\"text-align: center;\"><strong>Y comenc\u00e9 una Cuaresma<\/strong><br \/><strong>Jam\u00e1s antes vivida<\/strong><br \/><strong>E inici\u00e9 una andadura<\/strong><br \/><strong>Entre Quinarios, Sermones y Letan\u00edas,<\/strong><br \/><strong>Y os puedo decir Hermanos queridos,<\/strong><br \/><strong>Que me he sentido en la Gloria<\/strong><br \/><strong>Durante cuarenta d\u00edas.<\/strong><\/p><p style=\"text-align: center;\"><strong>Y lleg\u00f3 el Domingo de Ramos<\/strong><br \/><strong>\u00a1Qu\u00e9 Domingo Madre M\u00eda!<\/strong><br \/><strong>Asistiendo a la Misa<\/strong><br \/><strong>Que le dedicaron a Mar\u00eda,<\/strong><br \/><strong>Ella en Soledad pero llena de alegr\u00eda.<\/strong><\/p><p style=\"text-align: center;\"><strong>Y despu\u00e9s me fui al Preg\u00f3n<\/strong><br \/><strong>\u00a1Qu\u00e9 Preg\u00f3n Madre M\u00eda!<\/strong><br \/><strong>El que dieron los Evangelistas<\/strong><br \/><strong>Y que bonito lo hac\u00edan.<\/strong><\/p><p style=\"text-align: center;\"><strong>Y all\u00ed se me entreg\u00f3 el galard\u00f3n<\/strong><br \/><strong>De Manantero Ejemplar<\/strong><br \/><strong>Que es lo m\u00e1s grande de mi vida.<\/strong><\/p><p style=\"text-align: center;\"><strong>Y hoy he querido transmitiros<\/strong><br \/><strong>Lo que he vivido en estos d\u00edas,<\/strong><br \/><strong>De nuevo os doy las GRACIAS<\/strong><br \/><strong>Para todo lo que me quede de vida.<\/strong><\/p><p style=\"text-align: center;\"><strong>Porque ser un buen Manantero<\/strong><br \/><strong>Es cosa fundamental,<\/strong><br \/><strong>Tener alma de Pontano,<\/strong><br \/><strong>Ser creyente y cristiano<\/strong><br \/><strong>Y a tu Semana Santa querer.<\/strong><\/p><p style=\"text-align: center;\"><strong>Por todo ello hermanos,<\/strong><br \/><strong>Y por muchas cosas m\u00e1s,<\/strong><br \/><strong>He llegado en esta vida<\/strong><br \/><strong>A ser Manantero Ejemplar.<\/strong><\/p><p style=\"text-align: center;\"><strong>Le doy las Gracias a Dios y a los Ataos,<\/strong><br \/><strong>A la Hermandad de Cofrad\u00edas,<\/strong><br \/><strong>A Jes\u00fas Nazareno<\/strong><br \/><strong>Y a la Virgen de la Gu\u00eda.<\/strong><\/p><p style=\"text-align: center;\"><strong>Tambien doy gracias a mis Padres,<\/strong><br \/><strong>Que fueron los que me engendraron,<\/strong><br \/><strong>Los populares \u201cChifarri\u201d, Ascensi\u00f3n y Manuel<\/strong><br \/><strong>Y como no, se las doy a mi Se\u00f1ora ISABEL.<\/strong><\/p><p style=\"text-align: center;\"><strong>Ella es la flor m\u00e1s temprana<\/strong><br \/><strong>Que reluce en mi hogar,<\/strong><br \/><strong>La m\u00e1s dulce y la m\u00e1s bella rosa<\/strong><br \/><strong>Que tengo en mi rosal.<\/strong><\/p><p style=\"text-align: center;\"><strong>Ella cuida de m\u00ed d\u00eda a d\u00eda<\/strong><br \/><strong>Es la madre de mis hijos<\/strong><br \/><strong>Dos claveles sin deshojar<\/strong><br \/><strong>Que me han ayudado a ser Manantero Ejemplar.<\/strong><\/p><p style=\"text-align: center;\"><strong>Ellos me alientan y me animan<\/strong><br \/><strong>Me protegen y me miman<\/strong><br \/><strong>Y ellos son lo m\u00e1s grande<\/strong><br \/><strong>Que me ocurri\u00f3 en la VIDA.<\/strong><\/p><p style=\"text-align: center;\"><strong>Tambien decirle al Decano<\/strong><br \/><strong>De sobrenombre \u201cEl Americano\u201d<\/strong><br \/><strong>De este que es tu hermano de sangre<\/strong><br \/><strong>Que te quiere y no es en vano.<\/strong><\/p><p style=\"text-align: center;\"><strong>Que Dios te de fuerzas y salud<\/strong><br \/><strong>Para que en un tiempo no muy lejano<\/strong><br \/><strong>Puedas celebrar como Atao<\/strong><br \/><strong>El cincuenta cumplea\u00f1os.<\/strong><\/p><p style=\"text-align: center;\"><strong>Es el Atao m\u00e1s importante<\/strong><br \/><strong>Al que todos respetamos,<\/strong><br \/><strong>El tiene su forma de ser,<\/strong><br \/><strong>Aunque algunos no lo entendamos<\/strong><br \/><strong>Pero tiene un coraz\u00f3n de Atao<\/strong><br \/><strong>Que no le cabe en las manos.<\/strong><\/p><p style=\"text-align: center;\"><strong>Y voy a parar un momento estas letrillas<\/strong><br \/><strong>Para brindar por m\u00ed hermano<\/strong><br \/><strong>Un Atao de post\u00edn<\/strong><br \/><strong>Y por eso es el Decano.<\/strong><\/p><p style=\"text-align: center;\"><strong>Y despu\u00e9s de este brindis<\/strong><br \/><strong>Continuamos hermanos.<\/strong><\/p><p style=\"text-align: center;\"><strong>Decir a los Medallas de Oro<\/strong><br \/><strong>Que con fuerza nos unamos<\/strong><br \/><strong>Que somos el buque insignia<\/strong><br \/><strong>De la Corporaci\u00f3n de los Ataos,<\/strong><br \/><strong>Apoyando a los que nos gobiernan<\/strong><br \/><strong>Por su esfuerzo y trabajo<\/strong><br \/><strong>Hasta llevar los a\u00f1os<\/strong><br \/><strong>Que nosotros llevamos.<\/strong><\/p><p style=\"text-align: center;\"><strong>Decirle a la juventud<\/strong><br \/><strong>Que son el tesoro m\u00e1s preciado<\/strong><br \/><strong>Que son los herederos de la Corporaci\u00f3n<\/strong><br \/><strong>Que esta no es una pe\u00f1a de amigos<\/strong><br \/><strong>Como algunos creamos.<\/strong><\/p><p style=\"text-align: center;\"><strong>Que estamos en los Ataos,<\/strong><br \/><strong>De la que nuestros mayores heredamos,<\/strong><br \/><strong>Que es vestir de figuras<\/strong><br \/><strong>Y tambien de romanos<\/strong><br \/><strong>\u00a1Esto no es un restaurante<\/strong><br \/><strong>Donde nosotros comamos!<\/strong><\/p><p style=\"text-align: center;\"><strong>Es compartir unas uvitas<\/strong><br \/><strong>Y llevarnos como hermanos<\/strong><br \/><strong>Cantando saetas, diciendo poes\u00edas,<\/strong><br \/><strong>Es sentir nuestras tradiciones<\/strong><br \/><strong>Y difundirlas sin reparo.<\/strong><\/p><p style=\"text-align: center;\"><strong>Hoy es el d\u00eda del Amor Fraterno<\/strong><br \/><strong>Tarde del Jueves Santo<\/strong><br \/><strong>Recordar a nuestros difuntos<\/strong><br \/><strong>Y todos juntos nos unamos,<\/strong><br \/><strong>D\u00e1ndonos un abrazo fraterno<\/strong><br \/><strong>\u00a1Que estamos en los Ataos!<\/strong><br \/><strong>La Corporaci\u00f3n m\u00e1s bonita<\/strong><br \/><strong>Que hace vibrar a los Pontanos.<\/strong><\/p>\t\t\t\t\t\t\t\t<\/div>\n\t\t\t\t<\/div>\n\t\t\t\t\t<\/div>\n\t\t<\/div>\n\t\t\t\t\t<\/div>\n\t\t<\/section>\n\t\t\t\t<\/div>\n\t\t","protected":false},"excerpt":{"rendered":"<p>En una Junta de la Virgen de la Gu\u00edaUn hermano llamado \u201cPerico Rivas\u201dA los Ataos les dec\u00eda,Dirigi\u00e9ndose al Presidente, a Jos\u00e9 Amador le ped\u00eda:\u201cHermano, escribe una cartaA la Agrupaci\u00f3n de Cofrad\u00edas,Proponiendo a Antonio Chifarri para queManantero Ejemplar pudiese ser en su d\u00eda\u201d La propuesta empez\u00f3 a madurarseY Pepe a los Ataos, Ap\u00f3stoles y PotenciasSe lo&hellip;&nbsp;<a href=\"https:\/\/www.losataos.org\/w\/inmemoriam-de-manuel-barcos-cejas\/\" rel=\"bookmark\">Leer m\u00e1s &raquo;<span class=\"screen-reader-text\">Agradecimiento a los Ataos.<\/span><\/a><\/p>\n","protected":false},"author":2,"featured_media":0,"parent":0,"menu_order":0,"comment_status":"closed","ping_status":"closed","template":"","meta":{"neve_meta_sidebar":"","neve_meta_container":"","neve_meta_enable_content_width":"","neve_meta_content_width":0,"neve_meta_title_alignment":"","neve_meta_author_avatar":"","neve_post_elements_order":"","neve_meta_disable_header":"","neve_meta_disable_footer":"","neve_meta_disable_title":"","footnotes":""},"wf_page_folders":[17],"class_list":["post-810","page","type-page","status-publish","hentry"],"jetpack_sharing_enabled":true,"_links":{"self":[{"href":"https:\/\/www.losataos.org\/w\/wp-json\/wp\/v2\/pages\/810","targetHints":{"allow":["GET"]}}],"collection":[{"href":"https:\/\/www.losataos.org\/w\/wp-json\/wp\/v2\/pages"}],"about":[{"href":"https:\/\/www.losataos.org\/w\/wp-json\/wp\/v2\/types\/page"}],"author":[{"embeddable":true,"href":"https:\/\/www.losataos.org\/w\/wp-json\/wp\/v2\/users\/2"}],"replies":[{"embeddable":true,"href":"https:\/\/www.losataos.org\/w\/wp-json\/wp\/v2\/comments?post=810"}],"version-history":[{"count":14,"href":"https:\/\/www.losataos.org\/w\/wp-json\/wp\/v2\/pages\/810\/revisions"}],"predecessor-version":[{"id":31714,"href":"https:\/\/www.losataos.org\/w\/wp-json\/wp\/v2\/pages\/810\/revisions\/31714"}],"wp:attachment":[{"href":"https:\/\/www.losataos.org\/w\/wp-json\/wp\/v2\/media?parent=810"}],"wp:term":[{"taxonomy":"wf_page_folders","embeddable":true,"href":"https:\/\/www.losataos.org\/w\/wp-json\/wp\/v2\/wf_page_folders?post=810"}],"curies":[{"name":"wp","href":"https:\/\/api.w.org\/{rel}","templated":true}]}}