{"id":78,"date":"2021-07-07T23:28:52","date_gmt":"2021-07-07T23:28:52","guid":{"rendered":"http:\/\/www.losataos.org\/w\/?page_id=78"},"modified":"2021-07-21T15:56:08","modified_gmt":"2021-07-21T15:56:08","slug":"nuestro-cuartel","status":"publish","type":"page","link":"https:\/\/www.losataos.org\/w\/nuestro-cuartel\/","title":{"rendered":"Men\u00fa Art\u00edculos"},"content":{"rendered":"<div id=\"wppb-builder-container\" class=\"wppb-builder-container\">\t\t<div data-elementor-type=\"wp-page\" data-elementor-id=\"78\" class=\"elementor elementor-78\" data-elementor-post-type=\"page\">\n\t\t\t\t\t\t<section class=\"elementor-section elementor-top-section elementor-element elementor-element-a7bb801 elementor-section-boxed elementor-section-height-default elementor-section-height-default\" data-id=\"a7bb801\" data-element_type=\"section\" data-e-type=\"section\">\n\t\t\t\t\t\t<div class=\"elementor-container elementor-column-gap-default\">\n\t\t\t\t\t<div class=\"elementor-column elementor-col-100 elementor-top-column elementor-element elementor-element-3291406\" data-id=\"3291406\" data-element_type=\"column\" data-e-type=\"column\">\n\t\t\t<div class=\"elementor-widget-wrap elementor-element-populated\">\n\t\t\t\t\t\t<div class=\"elementor-element elementor-element-bcd29d8 elementor-widget-divider--view-line elementor-widget elementor-widget-divider\" data-id=\"bcd29d8\" data-element_type=\"widget\" data-e-type=\"widget\" data-widget_type=\"divider.default\">\n\t\t\t\t<div class=\"elementor-widget-container\">\n\t\t\t\t\t\t\t<div class=\"elementor-divider\">\n\t\t\t<span class=\"elementor-divider-separator\">\n\t\t\t\t\t\t<\/span>\n\t\t<\/div>\n\t\t\t\t\t\t<\/div>\n\t\t\t\t<\/div>\n\t\t\t\t<div class=\"elementor-element elementor-element-58ded79 elementor-widget elementor-widget-text-editor\" data-id=\"58ded79\" data-element_type=\"widget\" data-e-type=\"widget\" data-widget_type=\"text-editor.default\">\n\t\t\t\t<div class=\"elementor-widget-container\">\n\t\t\t\t\t\t\t\t\t<p><strong>La Corporaci\u00f3n B\u00edblica de \u00abLos Ataos\u00bb, contempla una infinidad de art\u00edculos, poes\u00eda y m\u00fasica en sus archivos, fruto de su larga vida en la Semana Santa de Puente Genil.\u00a0<\/strong><\/p><p><strong>Desde nuestra web, queremos dar a conocer al p\u00fablico en general, de algunos art\u00edculos importantes, que forman parte de nuestras viviencias y nuestra manera de entender la Pasi\u00f3n de Cristo, en los d\u00edas de la Semana Santa. Por eso exponemos a continuaci\u00f3n algunos que consideramos de inter\u00e9s.<\/strong><\/p>\t\t\t\t\t\t\t\t<\/div>\n\t\t\t\t<\/div>\n\t\t\t\t\t<\/div>\n\t\t<\/div>\n\t\t\t\t\t<\/div>\n\t\t<\/section>\n\t\t\t\t<section class=\"elementor-section elementor-top-section elementor-element elementor-element-6bfb28a elementor-section-boxed elementor-section-height-default elementor-section-height-default\" data-id=\"6bfb28a\" data-element_type=\"section\" data-e-type=\"section\">\n\t\t\t\t\t\t<div class=\"elementor-container elementor-column-gap-default\">\n\t\t\t\t\t<div class=\"elementor-column elementor-col-100 elementor-top-column elementor-element elementor-element-54e7ab0\" data-id=\"54e7ab0\" data-element_type=\"column\" data-e-type=\"column\">\n\t\t\t<div class=\"elementor-widget-wrap elementor-element-populated\">\n\t\t\t\t\t\t<div class=\"elementor-element elementor-element-f33c459 elementor-position-left elementor-vertical-align-top elementor-widget elementor-widget-image-box\" data-id=\"f33c459\" data-element_type=\"widget\" data-e-type=\"widget\" data-widget_type=\"image-box.default\">\n\t\t\t\t<div class=\"elementor-widget-container\">\n\t\t\t\t\t<div class=\"elementor-image-box-wrapper\"><figure class=\"elementor-image-box-img\"><a href=\"http:\/\/www.losataos.org\/w\/articulos-destacados\/\" tabindex=\"-1\"><img fetchpriority=\"high\" decoding=\"async\" width=\"300\" height=\"225\" src=\"https:\/\/www.losataos.org\/w\/wp-content\/uploads\/motivacion.jpg\" class=\"attachment-medium size-medium wp-image-183\" alt=\"\" \/><\/a><\/figure><div class=\"elementor-image-box-content\"><h3 class=\"elementor-image-box-title\"><a href=\"http:\/\/www.losataos.org\/w\/articulos-destacados\/\">Art\u00edculos<\/a><\/h3><p class=\"elementor-image-box-description\">Art\u00edculos de Inter\u00e9s.<\/p><\/div><\/div>\t\t\t\t<\/div>\n\t\t\t\t<\/div>\n\t\t\t\t\t<\/div>\n\t\t<\/div>\n\t\t\t\t\t<\/div>\n\t\t<\/section>\n\t\t\t\t<section class=\"elementor-section elementor-top-section elementor-element elementor-element-4cad60e elementor-section-boxed elementor-section-height-default elementor-section-height-default\" data-id=\"4cad60e\" data-element_type=\"section\" data-e-type=\"section\">\n\t\t\t\t\t\t<div class=\"elementor-container elementor-column-gap-default\">\n\t\t\t\t\t<div class=\"elementor-column elementor-col-100 elementor-top-column elementor-element elementor-element-df2ac34\" data-id=\"df2ac34\" data-element_type=\"column\" data-e-type=\"column\">\n\t\t\t<div class=\"elementor-widget-wrap elementor-element-populated\">\n\t\t\t\t\t\t<div class=\"elementor-element elementor-element-bcd87a5 elementor-position-right elementor-vertical-align-top elementor-widget elementor-widget-image-box\" data-id=\"bcd87a5\" data-element_type=\"widget\" data-e-type=\"widget\" data-widget_type=\"image-box.default\">\n\t\t\t\t<div class=\"elementor-widget-container\">\n\t\t\t\t\t<div class=\"elementor-image-box-wrapper\"><figure class=\"elementor-image-box-img\"><a href=\"http:\/\/www.losataos.org\/w\/poesias\/\" tabindex=\"-1\"><img decoding=\"async\" width=\"300\" height=\"204\" src=\"https:\/\/www.losataos.org\/w\/wp-content\/uploads\/poemas-cortos-de-amor-300x204.jpg\" class=\"attachment-medium size-medium wp-image-184\" alt=\"\" srcset=\"https:\/\/www.losataos.org\/w\/wp-content\/uploads\/poemas-cortos-de-amor-300x204.jpg 300w, https:\/\/www.losataos.org\/w\/wp-content\/uploads\/poemas-cortos-de-amor-1024x696.jpg 1024w, https:\/\/www.losataos.org\/w\/wp-content\/uploads\/poemas-cortos-de-amor-768x522.jpg 768w, https:\/\/www.losataos.org\/w\/wp-content\/uploads\/poemas-cortos-de-amor.jpg 1200w\" sizes=\"(max-width: 300px) 100vw, 300px\" \/><\/a><\/figure><div class=\"elementor-image-box-content\"><h3 class=\"elementor-image-box-title\"><a href=\"http:\/\/www.losataos.org\/w\/poesias\/\">Poesias<\/a><\/h3><p class=\"elementor-image-box-description\">Poes\u00edas de Interes<\/p><\/div><\/div>\t\t\t\t<\/div>\n\t\t\t\t<\/div>\n\t\t\t\t\t<\/div>\n\t\t<\/div>\n\t\t\t\t\t<\/div>\n\t\t<\/section>\n\t\t\t\t<section class=\"elementor-section elementor-top-section elementor-element elementor-element-0083ce3 elementor-section-boxed elementor-section-height-default elementor-section-height-default\" data-id=\"0083ce3\" data-element_type=\"section\" data-e-type=\"section\">\n\t\t\t\t\t\t<div class=\"elementor-container elementor-column-gap-default\">\n\t\t\t\t\t<div class=\"elementor-column elementor-col-100 elementor-top-column elementor-element elementor-element-030cde2\" data-id=\"030cde2\" data-element_type=\"column\" data-e-type=\"column\">\n\t\t\t<div class=\"elementor-widget-wrap elementor-element-populated\">\n\t\t\t\t\t\t<div class=\"elementor-element elementor-element-21f0584 elementor-position-left elementor-vertical-align-top elementor-widget elementor-widget-image-box\" data-id=\"21f0584\" data-element_type=\"widget\" data-e-type=\"widget\" data-widget_type=\"image-box.default\">\n\t\t\t\t<div class=\"elementor-widget-container\">\n\t\t\t\t\t<div class=\"elementor-image-box-wrapper\"><figure class=\"elementor-image-box-img\"><a href=\"http:\/\/www.losataos.org\/w\/sonidos-de-nuestra-corporacion\/\" tabindex=\"-1\"><img decoding=\"async\" width=\"300\" height=\"168\" src=\"https:\/\/www.losataos.org\/w\/wp-content\/uploads\/musica-300x168.jpg\" class=\"attachment-medium size-medium wp-image-194\" alt=\"\" srcset=\"https:\/\/www.losataos.org\/w\/wp-content\/uploads\/musica-300x168.jpg 300w, https:\/\/www.losataos.org\/w\/wp-content\/uploads\/musica.jpg 680w\" sizes=\"(max-width: 300px) 100vw, 300px\" \/><\/a><\/figure><div class=\"elementor-image-box-content\"><h3 class=\"elementor-image-box-title\"><a href=\"http:\/\/www.losataos.org\/w\/sonidos-de-nuestra-corporacion\/\">Sonidos<\/a><\/h3><p class=\"elementor-image-box-description\">M\u00fasica de nuestra Corporaci\u00f3n y grabaciones de poes\u00edas mananteras.<\/p><\/div><\/div>\t\t\t\t<\/div>\n\t\t\t\t<\/div>\n\t\t\t\t\t<\/div>\n\t\t<\/div>\n\t\t\t\t\t<\/div>\n\t\t<\/section>\n\t\t\t\t<\/div>\n\t\t<\/div>","protected":false},"excerpt":{"rendered":"<p>La Corporaci\u00f3n B\u00edblica de \u00abLos Ataos\u00bb, contempla una infinidad de art\u00edculos, poes\u00eda y m\u00fasica en sus archivos, fruto de su larga vida en la Semana Santa de Puente Genil.\u00a0 Desde nuestra web, queremos dar a conocer al p\u00fablico en general, de algunos art\u00edculos importantes, que forman parte de nuestras viviencias y nuestra manera de entender&hellip;&nbsp;<a href=\"https:\/\/www.losataos.org\/w\/nuestro-cuartel\/\" rel=\"bookmark\">Leer m\u00e1s &raquo;<span class=\"screen-reader-text\">Men\u00fa Art\u00edculos<\/span><\/a><\/p>\n","protected":false},"author":2,"featured_media":0,"parent":0,"menu_order":0,"comment_status":"closed","ping_status":"closed","template":"","meta":{"neve_meta_sidebar":"","neve_meta_container":"","neve_meta_enable_content_width":"","neve_meta_content_width":0,"neve_meta_title_alignment":"","neve_meta_author_avatar":"","neve_post_elements_order":"","neve_meta_disable_header":"","neve_meta_disable_footer":"","neve_meta_disable_title":"","footnotes":""},"wf_page_folders":[17],"class_list":["post-78","page","type-page","status-publish","hentry"],"jetpack_sharing_enabled":true,"_links":{"self":[{"href":"https:\/\/www.losataos.org\/w\/wp-json\/wp\/v2\/pages\/78","targetHints":{"allow":["GET"]}}],"collection":[{"href":"https:\/\/www.losataos.org\/w\/wp-json\/wp\/v2\/pages"}],"about":[{"href":"https:\/\/www.losataos.org\/w\/wp-json\/wp\/v2\/types\/page"}],"author":[{"embeddable":true,"href":"https:\/\/www.losataos.org\/w\/wp-json\/wp\/v2\/users\/2"}],"replies":[{"embeddable":true,"href":"https:\/\/www.losataos.org\/w\/wp-json\/wp\/v2\/comments?post=78"}],"version-history":[{"count":32,"href":"https:\/\/www.losataos.org\/w\/wp-json\/wp\/v2\/pages\/78\/revisions"}],"predecessor-version":[{"id":31710,"href":"https:\/\/www.losataos.org\/w\/wp-json\/wp\/v2\/pages\/78\/revisions\/31710"}],"wp:attachment":[{"href":"https:\/\/www.losataos.org\/w\/wp-json\/wp\/v2\/media?parent=78"}],"wp:term":[{"taxonomy":"wf_page_folders","embeddable":true,"href":"https:\/\/www.losataos.org\/w\/wp-json\/wp\/v2\/wf_page_folders?post=78"}],"curies":[{"name":"wp","href":"https:\/\/api.w.org\/{rel}","templated":true}]}}