{"id":773,"date":"2021-07-16T15:32:04","date_gmt":"2021-07-16T15:32:04","guid":{"rendered":"http:\/\/www.losataos.org\/w\/?page_id=773"},"modified":"2021-07-16T15:42:45","modified_gmt":"2021-07-16T15:42:45","slug":"acontecimientos-mananteros","status":"publish","type":"page","link":"https:\/\/www.losataos.org\/w\/acontecimientos-mananteros\/","title":{"rendered":"Acontecimientos mananteros."},"content":{"rendered":"\t\t<div data-elementor-type=\"wp-page\" data-elementor-id=\"773\" class=\"elementor elementor-773\" data-elementor-post-type=\"page\">\n\t\t\t\t\t\t<section class=\"elementor-section elementor-top-section elementor-element elementor-element-bb1575d elementor-section-boxed elementor-section-height-default elementor-section-height-default\" data-id=\"bb1575d\" data-element_type=\"section\" data-e-type=\"section\">\n\t\t\t\t\t\t<div class=\"elementor-container elementor-column-gap-default\">\n\t\t\t\t\t<div class=\"elementor-column elementor-col-100 elementor-top-column elementor-element elementor-element-34ce51d\" data-id=\"34ce51d\" data-element_type=\"column\" data-e-type=\"column\">\n\t\t\t<div class=\"elementor-widget-wrap elementor-element-populated\">\n\t\t\t\t\t\t<div class=\"elementor-element elementor-element-06a75cf elementor-widget-divider--view-line elementor-widget elementor-widget-divider\" data-id=\"06a75cf\" data-element_type=\"widget\" data-e-type=\"widget\" data-widget_type=\"divider.default\">\n\t\t\t\t<div class=\"elementor-widget-container\">\n\t\t\t\t\t\t\t<div class=\"elementor-divider\">\n\t\t\t<span class=\"elementor-divider-separator\">\n\t\t\t\t\t\t<\/span>\n\t\t<\/div>\n\t\t\t\t\t\t<\/div>\n\t\t\t\t<\/div>\n\t\t\t\t<div class=\"elementor-element elementor-element-553b919 elementor-widget elementor-widget-image\" data-id=\"553b919\" data-element_type=\"widget\" data-e-type=\"widget\" data-widget_type=\"image.default\">\n\t\t\t\t<div class=\"elementor-widget-container\">\n\t\t\t\t\t\t\t\t\t\t\t\t\t\t\t<img fetchpriority=\"high\" decoding=\"async\" width=\"640\" height=\"480\" src=\"https:\/\/www.losataos.org\/w\/wp-content\/uploads\/CIMG2197.jpg\" class=\"attachment-large size-large wp-image-216\" alt=\"\" srcset=\"https:\/\/www.losataos.org\/w\/wp-content\/uploads\/CIMG2197.jpg 640w, https:\/\/www.losataos.org\/w\/wp-content\/uploads\/CIMG2197-300x225.jpg 300w\" sizes=\"(max-width: 640px) 100vw, 640px\" \/>\t\t\t\t\t\t\t\t\t\t\t\t\t\t\t<\/div>\n\t\t\t\t<\/div>\n\t\t\t\t<div class=\"elementor-element elementor-element-7891ade elementor-widget elementor-widget-text-editor\" data-id=\"7891ade\" data-element_type=\"widget\" data-e-type=\"widget\" data-widget_type=\"text-editor.default\">\n\t\t\t\t<div class=\"elementor-widget-container\">\n\t\t\t\t\t\t\t\t\t<p>Este maravilloso y acogedor pueblo de Puente Genil, no es ajeno ni vive de espaldas a la situaci\u00f3n dif\u00edcil que estamos atravesando, debido a la situaci\u00f3n econ\u00f3mica Mundial, y que, especialmente sufrimos en nuestro territorio espa\u00f1ol, y m\u00e1s directamente en nuestro pueblo, con un \u00edndice de paro bastante apreciable.<\/p><p>Pero nuestro Puente Genil a pesar de que sabemos que la crisis existe, no deja de celebrar los eventos, culturales, deportivos y Mananteros, los mismos se van fortaleciendo, m\u00e1s y mejor en todos los aspectos.<\/p><p>Pues bien estos mencionados actos, buena parte de ellos son promovidos por el Excmo. Ayuntamiento, y muchos de ellos precisan la colaboraci\u00f3n del Mundo Manantero, que siempre est\u00e1 dispuesto a colaborar con la instituci\u00f3n municipal, (Feria, Cabalgata de Reyes Magos, Carnaval) y en cualquier Acto Cultural o Festivo, incluso desde la industria y el comercio, mostrando toda la grandeza que los Pontanos es capaz de desarrollar, y en la mayor\u00eda de las ocasiones haci\u00e9ndolo altruistamente.<\/p><p>Este A\u00f1o Manantero del 2008 y 2009 ha venido cargado de acontecimientos muy relevantes, anticip\u00e1ndonos cada a\u00f1o m\u00e1s a la Cuaresma, para no cargar esta de excesivos actos, tales como aniversarios de Cofrad\u00edas y Corporaciones, y actos culturales relacionados con la Semana Santa, por ello la Agrupaci\u00f3n de Cofrad\u00edas, recomienda, informar con tiempo, para que no coincidan unos con los otros, tenemos que felicitarnos los Mananteros, por el trabajo que viene realizando esta joven y din\u00e1mica Agrupaci\u00f3n de Cofrad\u00edas, colaborando con ella y acatando sus decisiones por el bien de nuestra Semana Santa, de la cual los Pontanos nos sentimos muy orgullosos, pregonando a los cuatro vientos que es la mejor del Mundo.<\/p>\t\t\t\t\t\t\t\t<\/div>\n\t\t\t\t<\/div>\n\t\t\t\t<div class=\"elementor-element elementor-element-647c575 elementor-widget elementor-widget-image\" data-id=\"647c575\" data-element_type=\"widget\" data-e-type=\"widget\" data-widget_type=\"image.default\">\n\t\t\t\t<div class=\"elementor-widget-container\">\n\t\t\t\t\t\t\t\t\t\t\t\t\t\t\t<img decoding=\"async\" src=\"https:\/\/www.losataos.org\/w\/wp-content\/uploads\/DSC02884.jpg\" title=\"DSC02884\" alt=\"DSC02884\" loading=\"lazy\" \/>\t\t\t\t\t\t\t\t\t\t\t\t\t\t\t<\/div>\n\t\t\t\t<\/div>\n\t\t\t\t\t<\/div>\n\t\t<\/div>\n\t\t\t\t\t<\/div>\n\t\t<\/section>\n\t\t\t\t<section class=\"elementor-section elementor-top-section elementor-element elementor-element-ad392a7 elementor-section-boxed elementor-section-height-default elementor-section-height-default\" data-id=\"ad392a7\" data-element_type=\"section\" data-e-type=\"section\">\n\t\t\t\t\t\t<div class=\"elementor-container elementor-column-gap-default\">\n\t\t\t\t\t<div class=\"elementor-column elementor-col-100 elementor-top-column elementor-element elementor-element-c5640cb\" data-id=\"c5640cb\" data-element_type=\"column\" data-e-type=\"column\">\n\t\t\t<div class=\"elementor-widget-wrap elementor-element-populated\">\n\t\t\t\t\t\t<div class=\"elementor-element elementor-element-c110a76 elementor-widget elementor-widget-text-editor\" data-id=\"c110a76\" data-element_type=\"widget\" data-e-type=\"widget\" data-widget_type=\"text-editor.default\">\n\t\t\t\t<div class=\"elementor-widget-container\">\n\t\t\t\t\t\t\t\t\t<p>Cuando todav\u00eda no hab\u00edamos digerido los dulces navide\u00f1os, y las uvas de fin de a\u00f1o, la maquinaria manantera, reanuda sus actividades, mi Corporaci\u00f3n de Los Ataos, celebraba una entra\u00f1able comida de Hermandad con los Hermanos vecinos del Apostolado, promovida por nuestros j\u00f3venes mandatarios de ambas Corporaciones, dos de las m\u00e1s antiguas, que brillan con luz propia, en nuestros desfiles procesionales, en el acto se intercambiaron, unas fotos representado a las figuras m\u00e1s emblem\u00e1ticas de las dos Corporaciones, acto que bajo mi criterio no debe de caer en olvido y repetirlo cuando se crea conveniente.<\/p><p>No pasaron muchos d\u00edas de este acto, cuando Los Ataos se incorporan por primera vez a los actos que la Agrupaci\u00f3n de Cofrad\u00edas, junto con la delegaci\u00f3n de Turismo del Ayuntamiento, (se viene organizando desde hace pocos a\u00f1os), \u201cEl D\u00eda de Puertas Abiertas d\u00e9 las Corporaciones B\u00edblicas\u201d, en tres Rutas, diferenciadas en tres colores, a Los Ataos le correspondi\u00f3 la de color Oro. A las doce del medio d\u00eda se abrieron las puertas de la Corporaci\u00f3n a los visitantes, el cuartel estaba adornado magistralmente, en la parte baja, con la exposici\u00f3n de las figuras m\u00e1s representativas de la misma, acompa\u00f1ado con una gran foto de la Virgen de la Gu\u00eda expuesta en la parte central, todo bien presentado por los encargados de ropas de la Corporaci\u00f3n; en un atril se pod\u00edan informar los visitantes leyendo a grandes rasgos la historia de la misma, ilustrada con algunas fotograf\u00edas de nuestras figuras a todo color, un magn\u00edfico trabajo realizado por el hermano Manuel Garc\u00eda.<\/p><p>Ya en el sal\u00f3n del cuartel y\u00a0 presidido por el presidente Salvador Gonz\u00e1lez,\u00a0 acompa\u00f1ado por varios Hermanos de la Corporaci\u00f3n, se fueron atendido a los visitantes, y desde detr\u00e1s de una peque\u00f1a barra el hermano Jos\u00e9 Palos serv\u00eda unas exquisitas tapas, cocinadas por el Hermano Cisco, acompa\u00f1adas por unas copas de vino de nuestra tierra, los visitantes for\u00e1neos y los del Pueblo quedaron encantados y sorprendidos, con su visita a nuestro Cuartel y sobre todo pudiendo coger el gallo. Para los Ataos fue una experiencia positiva, por nuestro Cuartel pasaron m\u00e1s de cuatrocientas personas,\u00a0 al final de la tarde recibir\u00edamos la grata visita de, Juan Ortega Chac\u00f3n\u00a0 acompa\u00f1ado de un grupo de flamenc\u00f3logos, encabezados\u00a0 por el gran maestro y llave de Oro del cante Flamenco, Antonio Fern\u00e1ndez D\u00edaz \u201cFOSFORITO\u201d los cuales fueron informados, de la singularidades, a\u00a0 grandes rasgos de la Historia de Los Ataos, expuestas \u00a0por Juan Ortega con el benepl\u00e1cito de los directivos all\u00ed presentes, un gran d\u00eda que la mayor\u00eda de los Ataos no les importar\u00eda repetir.<\/p>\t\t\t\t\t\t\t\t<\/div>\n\t\t\t\t<\/div>\n\t\t\t\t\t<\/div>\n\t\t<\/div>\n\t\t\t\t\t<\/div>\n\t\t<\/section>\n\t\t\t\t<section class=\"elementor-section elementor-top-section elementor-element elementor-element-432295b elementor-section-boxed elementor-section-height-default elementor-section-height-default\" data-id=\"432295b\" data-element_type=\"section\" data-e-type=\"section\">\n\t\t\t\t\t\t<div class=\"elementor-container elementor-column-gap-default\">\n\t\t\t\t\t<div class=\"elementor-column elementor-col-100 elementor-top-column elementor-element elementor-element-7250aa3\" data-id=\"7250aa3\" data-element_type=\"column\" data-e-type=\"column\">\n\t\t\t<div class=\"elementor-widget-wrap elementor-element-populated\">\n\t\t\t\t\t\t<div class=\"elementor-element elementor-element-ab017f3 elementor-widget elementor-widget-image\" data-id=\"ab017f3\" data-element_type=\"widget\" data-e-type=\"widget\" data-widget_type=\"image.default\">\n\t\t\t\t<div class=\"elementor-widget-container\">\n\t\t\t\t\t\t\t\t\t\t\t\t\t\t\t<img decoding=\"async\" src=\"https:\/\/www.losataos.org\/w\/wp-content\/uploads\/DSC02880.jpg\" title=\"DSC02880\" alt=\"DSC02880\" loading=\"lazy\" \/>\t\t\t\t\t\t\t\t\t\t\t\t\t\t\t<\/div>\n\t\t\t\t<\/div>\n\t\t\t\t\t<\/div>\n\t\t<\/div>\n\t\t\t\t\t<\/div>\n\t\t<\/section>\n\t\t\t\t<section class=\"elementor-section elementor-top-section elementor-element elementor-element-c298e64 elementor-section-boxed elementor-section-height-default elementor-section-height-default\" data-id=\"c298e64\" data-element_type=\"section\" data-e-type=\"section\">\n\t\t\t\t\t\t<div class=\"elementor-container elementor-column-gap-default\">\n\t\t\t\t\t<div class=\"elementor-column elementor-col-100 elementor-top-column elementor-element elementor-element-b0c36e5\" data-id=\"b0c36e5\" data-element_type=\"column\" data-e-type=\"column\">\n\t\t\t<div class=\"elementor-widget-wrap elementor-element-populated\">\n\t\t\t\t\t\t<div class=\"elementor-element elementor-element-83cce3e elementor-widget elementor-widget-text-editor\" data-id=\"83cce3e\" data-element_type=\"widget\" data-e-type=\"widget\" data-widget_type=\"text-editor.default\">\n\t\t\t\t<div class=\"elementor-widget-container\">\n\t\t\t\t\t\t\t\t\t<p>El Jueves Lardero, en nuestro cuartel presentamos los Ataos la deseada p\u00e1gina Web creada por Juan Miguel Granados, el Hermanito \u00abMigueli\u00bb como les llaman cari\u00f1osamente sus hermanos del Apostolado, el ha dise\u00f1ado una extraordinaria p\u00e1gina bien documentada, aport\u00e1ndoles la mayor\u00eda de los datos, algunos hermanos de Los Ataos, los internautas podr\u00e1n visitar esta p\u00e1gina, en http:\/\/www.losataos.org donde podr\u00e1n conocer parte de la historia de los Ataos acompa\u00f1ada de fotograf\u00edas, antiguas y de la actualidad.<\/p><p>Al d\u00eda siguiente, asist\u00ed a la junta general del Viernes Lardero que la Agrupaci\u00f3n de Cofrad\u00edas convoca todos los a\u00f1os en las Bodegas Delgado, como apertura de la Cuaresma, donde se dan cita todos los Presidentes de las Corporaciones, Cofrades Mayores, Autoridades Municipales, Civiles y Eclesi\u00e1sticas; como siempre la junta result\u00f3 maravillosa. En esta ocasi\u00f3n act\u00fao como portavoz el hermano Mario Reina que con sencillez y buena dial\u00e9ctica fue dando la palabra a cada uno de los que intervinieron, como viene siendo tradicional, se obsequio con una placa al Pregonero del Jueves Lardero, que fue entregada por el Subdelegado del Gobierno, Jos\u00e9 Mar\u00eda Ruiz, a continuaci\u00f3n se presento el cartel anunciador de la Semana Santa de este A\u00f1o 2.009, es obra de gran maestro e inigualable pintor, Antonio Carmona Ruiz, que le dedico el cartel al desaparecido, Don. Juan Ortega Melgar, Fundador de la Corporaci\u00f3n B\u00edblica Los Samaritanos, con unas palabras, cargadas de sentimientos, posteriormente se presento al Manantero Ejemplar para el 2009, que recay\u00f3 en mi excelente Amigo y Gran Manantero, Rafael Montero Urbano, una persona entregada de cuerpo y alma a su Semana Santa, a su Corporaci\u00f3n y como buen Creyente y Mariano, a su Virgen de la Soledad y a la de los Desamparados, y a la mayor\u00eda de las Cofrad\u00edas de nuestro Pueblo, para m\u00ed, como Manantero Ejemplar, que lo fui en el a\u00f1o 2006, creo que ha sido un gran acierto de la Agrupaci\u00f3n de Cofrad\u00edas su nombramiento; en su alocuci\u00f3n nos dej\u00f3 un mensaje de c\u00f3mo debemos de comportarnos los Mananteros y seguir las instrucciones que la Agrupaci\u00f3n recomienda, la asamblea continu\u00f3, presentado al Pregonero, que este A\u00f1o ha reca\u00eddo en la Corporaci\u00f3n de \u201cLa Espina\u201d al cumplir sus cincuenta a\u00f1os desde su fundaci\u00f3n. Y como viene siendo habitual, se presento la revista de este A\u00f1o destacando a grandes rasgos su contenido.<\/p><p style=\"text-align: left;\">Al final tomaron la palabra, las Autoridades presentes, el Arcipreste de la villa Don Jos\u00e9 Joaqu\u00edn Cobos, cerrando la asamblea el Presidente de la Agrupaci\u00f3n Juan Fernando Garc\u00eda Arroyo, dese\u00e1ndonos una buena Cuaresma y Semana Santa, a todos los Mananteros. Este acontecimiento lo he vivido intensamente, ya que, desde que fui Manantero Ejemplar y debido, a problemas de Salud, no los he podido disfrutar estos a\u00f1os de atr\u00e1s, por todo ello me he decidido a plasmarlo en este art\u00edculo, d\u00e1ndole gracias a Dios para poder vivirlos muchos a\u00f1os m\u00e1s.<\/p><p style=\"text-align: right;\">Antonio G\u00e1lvez Silva \u00abChifarri\u00bb<\/p>\t\t\t\t\t\t\t\t<\/div>\n\t\t\t\t<\/div>\n\t\t\t\t\t<\/div>\n\t\t<\/div>\n\t\t\t\t\t<\/div>\n\t\t<\/section>\n\t\t\t\t<\/div>\n\t\t","protected":false},"excerpt":{"rendered":"<p>Este maravilloso y acogedor pueblo de Puente Genil, no es ajeno ni vive de espaldas a la situaci\u00f3n dif\u00edcil que estamos atravesando, debido a la situaci\u00f3n econ\u00f3mica Mundial, y que, especialmente sufrimos en nuestro territorio espa\u00f1ol, y m\u00e1s directamente en nuestro pueblo, con un \u00edndice de paro bastante apreciable. Pero nuestro Puente Genil a pesar&hellip;&nbsp;<a href=\"https:\/\/www.losataos.org\/w\/acontecimientos-mananteros\/\" rel=\"bookmark\">Leer m\u00e1s &raquo;<span class=\"screen-reader-text\">Acontecimientos mananteros.<\/span><\/a><\/p>\n","protected":false},"author":2,"featured_media":0,"parent":0,"menu_order":0,"comment_status":"closed","ping_status":"closed","template":"","meta":{"neve_meta_sidebar":"","neve_meta_container":"","neve_meta_enable_content_width":"","neve_meta_content_width":0,"neve_meta_title_alignment":"","neve_meta_author_avatar":"","neve_post_elements_order":"","neve_meta_disable_header":"","neve_meta_disable_footer":"","neve_meta_disable_title":"","footnotes":""},"wf_page_folders":[17],"class_list":["post-773","page","type-page","status-publish","hentry"],"jetpack_sharing_enabled":true,"_links":{"self":[{"href":"https:\/\/www.losataos.org\/w\/wp-json\/wp\/v2\/pages\/773","targetHints":{"allow":["GET"]}}],"collection":[{"href":"https:\/\/www.losataos.org\/w\/wp-json\/wp\/v2\/pages"}],"about":[{"href":"https:\/\/www.losataos.org\/w\/wp-json\/wp\/v2\/types\/page"}],"author":[{"embeddable":true,"href":"https:\/\/www.losataos.org\/w\/wp-json\/wp\/v2\/users\/2"}],"replies":[{"embeddable":true,"href":"https:\/\/www.losataos.org\/w\/wp-json\/wp\/v2\/comments?post=773"}],"version-history":[{"count":11,"href":"https:\/\/www.losataos.org\/w\/wp-json\/wp\/v2\/pages\/773\/revisions"}],"predecessor-version":[{"id":31713,"href":"https:\/\/www.losataos.org\/w\/wp-json\/wp\/v2\/pages\/773\/revisions\/31713"}],"wp:attachment":[{"href":"https:\/\/www.losataos.org\/w\/wp-json\/wp\/v2\/media?parent=773"}],"wp:term":[{"taxonomy":"wf_page_folders","embeddable":true,"href":"https:\/\/www.losataos.org\/w\/wp-json\/wp\/v2\/wf_page_folders?post=773"}],"curies":[{"name":"wp","href":"https:\/\/api.w.org\/{rel}","templated":true}]}}