{"id":766,"date":"2021-07-16T15:25:52","date_gmt":"2021-07-16T15:25:52","guid":{"rendered":"http:\/\/www.losataos.org\/w\/?page_id=766"},"modified":"2021-07-16T15:30:34","modified_gmt":"2021-07-16T15:30:34","slug":"hermanos-y-vecinos","status":"publish","type":"page","link":"https:\/\/www.losataos.org\/w\/hermanos-y-vecinos\/","title":{"rendered":"Hermanos y Vecinos."},"content":{"rendered":"\t\t<div data-elementor-type=\"wp-page\" data-elementor-id=\"766\" class=\"elementor elementor-766\" data-elementor-post-type=\"page\">\n\t\t\t\t\t\t<section class=\"elementor-section elementor-top-section elementor-element elementor-element-bb1575d elementor-section-boxed elementor-section-height-default elementor-section-height-default\" data-id=\"bb1575d\" data-element_type=\"section\" data-e-type=\"section\">\n\t\t\t\t\t\t<div class=\"elementor-container elementor-column-gap-default\">\n\t\t\t\t\t<div class=\"elementor-column elementor-col-100 elementor-top-column elementor-element elementor-element-34ce51d\" data-id=\"34ce51d\" data-element_type=\"column\" data-e-type=\"column\">\n\t\t\t<div class=\"elementor-widget-wrap elementor-element-populated\">\n\t\t\t\t\t\t<div class=\"elementor-element elementor-element-06a75cf elementor-widget-divider--view-line elementor-widget elementor-widget-divider\" data-id=\"06a75cf\" data-element_type=\"widget\" data-e-type=\"widget\" data-widget_type=\"divider.default\">\n\t\t\t\t<div class=\"elementor-widget-container\">\n\t\t\t\t\t\t\t<div class=\"elementor-divider\">\n\t\t\t<span class=\"elementor-divider-separator\">\n\t\t\t\t\t\t<\/span>\n\t\t<\/div>\n\t\t\t\t\t\t<\/div>\n\t\t\t\t<\/div>\n\t\t\t\t<div class=\"elementor-element elementor-element-553b919 elementor-widget elementor-widget-image\" data-id=\"553b919\" data-element_type=\"widget\" data-e-type=\"widget\" data-widget_type=\"image.default\">\n\t\t\t\t<div class=\"elementor-widget-container\">\n\t\t\t\t\t\t\t\t\t\t\t\t\t\t\t<img decoding=\"async\" width=\"200\" height=\"200\" src=\"https:\/\/www.losataos.org\/w\/wp-content\/uploads\/apostoles1.gif\" class=\"attachment-medium_large size-medium_large wp-image-214\" alt=\"\" \/>\t\t\t\t\t\t\t\t\t\t\t\t\t\t\t<\/div>\n\t\t\t\t<\/div>\n\t\t\t\t<div class=\"elementor-element elementor-element-7891ade elementor-widget elementor-widget-text-editor\" data-id=\"7891ade\" data-element_type=\"widget\" data-e-type=\"widget\" data-widget_type=\"text-editor.default\">\n\t\t\t\t<div class=\"elementor-widget-container\">\n\t\t\t\t\t\t\t\t\t<p>Tan lejos y tan cerca, tan cerca y tan lejos. Tan lejos: hola y adi\u00f3s ceremonioso en cada encuentro, para la mayor\u00eda de quienes pertenecemos a alguna de las dos corporaciones (salvo contadas excepciones). Tan cerca: Apenas 60 \u00f3 70 metros separan a ambos cuarteles; Ataos y Ap\u00f3stoles, desfilan unos tras de los otros en cada uno de los turnos establecidos para el viernes santo y el domingo de resurrecci\u00f3n.<\/p><p>Hasta hace bien poco, nosotros, los ap\u00f3stoles nos limit\u00e1bamos a comprobar a trav\u00e9s de nuestras rejas, como ellos los ataos forman cada s\u00e1bado de cuaresma en la Plaza de Lara, para iniciar la subida al calvario, y como desde nuestro punto de encuentro frente a la cuestecilla de Jes\u00fas vuelven en perfecta armon\u00eda al son de sus pasodobles a su casa cuartel, tras la visita al Terrible.<\/p><p>Esto ten\u00eda que cambiar, algo hab\u00eda que hacer, y desde que el actual presidente de los Ataos, Salvador Gonz\u00e1lez, se puso en contacto con el nuestro, Francisco Javier G\u00f3mez, ambos nos plantearon a todos, la necesidad imperiosa de celebrar un acto conjunto, que nos acercara definitivamente.<\/p><p>El paso siguiente fue crear una comisi\u00f3n conjunta que hilvanara el encuentro; trabajo sencillo por otra parte, dadas las ganas por ambos lados de llevarlo a cabo. Acordamos pues, realizar un almuerzo de confraternizaci\u00f3n y la fecha elegida para ello, fue la del 18 de Octubre del 2.008. La preparaci\u00f3n se efectu\u00f3 al m\u00e1s puro estilo apost\u00f3lico, es decir, con hermanos de las dos corporaciones enfrascados en la cocina, preparando el carrusel de tapas que sirvieron de excusa para el rato memorable, que por intuido, no fue menos intenso.<\/p>\t\t\t\t\t\t\t\t<\/div>\n\t\t\t\t<\/div>\n\t\t\t\t<div class=\"elementor-element elementor-element-647c575 elementor-widget elementor-widget-image\" data-id=\"647c575\" data-element_type=\"widget\" data-e-type=\"widget\" data-widget_type=\"image.default\">\n\t\t\t\t<div class=\"elementor-widget-container\">\n\t\t\t\t\t\t\t\t\t\t\t\t\t\t\t<img decoding=\"async\" src=\"https:\/\/www.losataos.org\/w\/wp-content\/uploads\/etiqueta.jpg\" title=\"etiqueta\" alt=\"etiqueta\" loading=\"lazy\" \/>\t\t\t\t\t\t\t\t\t\t\t\t\t\t\t<\/div>\n\t\t\t\t<\/div>\n\t\t\t\t\t<\/div>\n\t\t<\/div>\n\t\t\t\t\t<\/div>\n\t\t<\/section>\n\t\t\t\t<section class=\"elementor-section elementor-top-section elementor-element elementor-element-b06f662 elementor-section-boxed elementor-section-height-default elementor-section-height-default\" data-id=\"b06f662\" data-element_type=\"section\" data-e-type=\"section\">\n\t\t\t\t\t\t<div class=\"elementor-container elementor-column-gap-default\">\n\t\t\t\t\t<div class=\"elementor-column elementor-col-100 elementor-top-column elementor-element elementor-element-ec9b2f5\" data-id=\"ec9b2f5\" data-element_type=\"column\" data-e-type=\"column\">\n\t\t\t<div class=\"elementor-widget-wrap elementor-element-populated\">\n\t\t\t\t\t\t<div class=\"elementor-element elementor-element-14269a9 elementor-widget elementor-widget-text-editor\" data-id=\"14269a9\" data-element_type=\"widget\" data-e-type=\"widget\" data-widget_type=\"text-editor.default\">\n\t\t\t\t<div class=\"elementor-widget-container\">\n\t\t\t\t\t\t\t\t\t<p>La mesa, presidida conjuntamente, tanto por los presidentes ya nombrados, como por los hermanos decanos Jos\u00e9 G\u00f3mez Reina y Manuel Galvez Silva, luci\u00f3 esplendorosa; mezclados unos con otros, el cuartel a rebosar completado fielmente por la banda de m\u00fasicos de los Ataos. El ambiente estaba servido, y no se hizo esperar, propiciado en primer lugar por una emotiva coincidencia no buscada, en la fecha del evento. De pronto alguien record\u00f3 que se cumpl\u00eda exactamente un a\u00f1o de la desgraciada muerte del hermano atao Francisco S\u00e1nchez Ligero \u201cEl Rubio Trenas\u201d.<\/p><p>\u00a0<\/p><p>Todos nos miramos, y mientras esto ocurr\u00eda, sin darnos cuenta ya sonaba la marcha \u201cRecuerdo\u201d, en su honor. No deseamos que terminara nunca, y mientras los acordes flotaban en el aire, a todos nos pareci\u00f3 ver durante estos momentos al Rubio, sentado en su esquina de siempre con su semblante bonach\u00f3n y risue\u00f1o, tal como era. A lo lejos, en el altozano de su palo, cre\u00ed ver en el pico del gallo de los Ataos, una l\u00e1grima furtiva que se escurr\u00eda voluntariosa, para fundirse con el suelo que tantas veces pis\u00f3 nuestro querido hermano.<\/p><p>Una copa por el Rubio, un abrazo compartido, sostenido\u2026 y de la emotividad pasamos a la euforia de palabras de agradecimiento, de cantos coreados, de intercambio de vivencias de cada uno que ya por siempre quedar\u00e1n entrelazadas, y de copas, muchas copas de hermanamiento \u00a1que ya hac\u00eda falta hombre!.<\/p><p>Por unos momentos el San Pedro de los ataos ejerci\u00f3 de guardi\u00e1n de las puertas del cielo portando las llaves del otro San Pedro, y el de los ap\u00f3stoles, alz\u00f3 el gallo que sirvi\u00f3 como prueba viviente del pecado cometido, tras negar aquel al Maestro.<\/p><p>Se entregaron presentes y se escucharon palabras emotivas por parte de hermano. No pudo faltar tampoco la etiqueta conmemorativa en las botellas de vino, confeccionada con la entrega y amor del hermano Juan Miguel Granados (Migueli), y la sentida poes\u00eda del hermano Pablo Carmona.<\/p><p>Gallo y llaves, s\u00edmbolos un\u00e1nimes de ambas corporaciones, ya unidos, fueron la muestra palpable de lo que en este d\u00eda hab\u00eda ocurrido.<\/p><p>Al final los unos y los otros abandonamos juntos la casa cuartel de los ataos, bien entrada la noche, dispuestos a seguir la fiesta hasta que el cuerpo de cada cual aguant\u00f3. Sin duda jam\u00e1s volveremos a emplear la expresi\u00f3n \u201ctan lejos\u201d, porque desde ahora y para siempre, ap\u00f3stoles y ataos, ataos y ap\u00f3stoles, estamos ya tan cerca, tan cerca\u2026.<\/p><p>\u201cAl Rubio Trenas extraordinario Atao y mejor persona\u201d.<\/p><p>Pax Vobis.<\/p><p style=\"text-align: right;\">J.E.L.P.<br \/>Los Ap\u00f3stoles.<\/p>\t\t\t\t\t\t\t\t<\/div>\n\t\t\t\t<\/div>\n\t\t\t\t\t<\/div>\n\t\t<\/div>\n\t\t\t\t\t<\/div>\n\t\t<\/section>\n\t\t\t\t<\/div>\n\t\t","protected":false},"excerpt":{"rendered":"<p>Tan lejos y tan cerca, tan cerca y tan lejos. Tan lejos: hola y adi\u00f3s ceremonioso en cada encuentro, para la mayor\u00eda de quienes pertenecemos a alguna de las dos corporaciones (salvo contadas excepciones). Tan cerca: Apenas 60 \u00f3 70 metros separan a ambos cuarteles; Ataos y Ap\u00f3stoles, desfilan unos tras de los otros en&hellip;&nbsp;<a href=\"https:\/\/www.losataos.org\/w\/hermanos-y-vecinos\/\" rel=\"bookmark\">Leer m\u00e1s &raquo;<span class=\"screen-reader-text\">Hermanos y Vecinos.<\/span><\/a><\/p>\n","protected":false},"author":2,"featured_media":0,"parent":0,"menu_order":0,"comment_status":"closed","ping_status":"closed","template":"","meta":{"neve_meta_sidebar":"","neve_meta_container":"","neve_meta_enable_content_width":"","neve_meta_content_width":0,"neve_meta_title_alignment":"","neve_meta_author_avatar":"","neve_post_elements_order":"","neve_meta_disable_header":"","neve_meta_disable_footer":"","neve_meta_disable_title":"","footnotes":""},"wf_page_folders":[17],"class_list":["post-766","page","type-page","status-publish","hentry"],"jetpack_sharing_enabled":true,"_links":{"self":[{"href":"https:\/\/www.losataos.org\/w\/wp-json\/wp\/v2\/pages\/766","targetHints":{"allow":["GET"]}}],"collection":[{"href":"https:\/\/www.losataos.org\/w\/wp-json\/wp\/v2\/pages"}],"about":[{"href":"https:\/\/www.losataos.org\/w\/wp-json\/wp\/v2\/types\/page"}],"author":[{"embeddable":true,"href":"https:\/\/www.losataos.org\/w\/wp-json\/wp\/v2\/users\/2"}],"replies":[{"embeddable":true,"href":"https:\/\/www.losataos.org\/w\/wp-json\/wp\/v2\/comments?post=766"}],"version-history":[{"count":5,"href":"https:\/\/www.losataos.org\/w\/wp-json\/wp\/v2\/pages\/766\/revisions"}],"predecessor-version":[{"id":772,"href":"https:\/\/www.losataos.org\/w\/wp-json\/wp\/v2\/pages\/766\/revisions\/772"}],"wp:attachment":[{"href":"https:\/\/www.losataos.org\/w\/wp-json\/wp\/v2\/media?parent=766"}],"wp:term":[{"taxonomy":"wf_page_folders","embeddable":true,"href":"https:\/\/www.losataos.org\/w\/wp-json\/wp\/v2\/wf_page_folders?post=766"}],"curies":[{"name":"wp","href":"https:\/\/api.w.org\/{rel}","templated":true}]}}