{"id":749,"date":"2021-07-16T15:08:43","date_gmt":"2021-07-16T15:08:43","guid":{"rendered":"http:\/\/www.losataos.org\/w\/?page_id=749"},"modified":"2021-07-19T15:23:12","modified_gmt":"2021-07-19T15:23:12","slug":"homenaje-a-los-ataos-2","status":"publish","type":"page","link":"https:\/\/www.losataos.org\/w\/homenaje-a-los-ataos-2\/","title":{"rendered":"A nuestro Alpatana \u00abJoseito\u00bb"},"content":{"rendered":"\t\t<div data-elementor-type=\"wp-page\" data-elementor-id=\"749\" class=\"elementor elementor-749\" data-elementor-post-type=\"page\">\n\t\t\t\t\t\t<section class=\"elementor-section elementor-top-section elementor-element elementor-element-bb1575d elementor-section-boxed elementor-section-height-default elementor-section-height-default\" data-id=\"bb1575d\" data-element_type=\"section\" data-e-type=\"section\">\n\t\t\t\t\t\t<div class=\"elementor-container elementor-column-gap-default\">\n\t\t\t\t\t<div class=\"elementor-column elementor-col-100 elementor-top-column elementor-element elementor-element-34ce51d\" data-id=\"34ce51d\" data-element_type=\"column\" data-e-type=\"column\">\n\t\t\t<div class=\"elementor-widget-wrap elementor-element-populated\">\n\t\t\t\t\t\t<div class=\"elementor-element elementor-element-06a75cf elementor-widget-divider--view-line elementor-widget elementor-widget-divider\" data-id=\"06a75cf\" data-element_type=\"widget\" data-e-type=\"widget\" data-widget_type=\"divider.default\">\n\t\t\t\t<div class=\"elementor-widget-container\">\n\t\t\t\t\t\t\t<div class=\"elementor-divider\">\n\t\t\t<span class=\"elementor-divider-separator\">\n\t\t\t\t\t\t<\/span>\n\t\t<\/div>\n\t\t\t\t\t\t<\/div>\n\t\t\t\t<\/div>\n\t\t\t\t\t<\/div>\n\t\t<\/div>\n\t\t\t\t\t<\/div>\n\t\t<\/section>\n\t\t\t\t<section class=\"elementor-section elementor-top-section elementor-element elementor-element-b06f662 elementor-section-boxed elementor-section-height-default elementor-section-height-default\" data-id=\"b06f662\" data-element_type=\"section\" data-e-type=\"section\">\n\t\t\t\t\t\t<div class=\"elementor-container elementor-column-gap-default\">\n\t\t\t\t\t<div class=\"elementor-column elementor-col-100 elementor-top-column elementor-element elementor-element-ec9b2f5\" data-id=\"ec9b2f5\" data-element_type=\"column\" data-e-type=\"column\">\n\t\t\t<div class=\"elementor-widget-wrap elementor-element-populated\">\n\t\t\t\t\t\t<div class=\"elementor-element elementor-element-202be1b elementor-widget elementor-widget-image\" data-id=\"202be1b\" data-element_type=\"widget\" data-e-type=\"widget\" data-widget_type=\"image.default\">\n\t\t\t\t<div class=\"elementor-widget-container\">\n\t\t\t\t\t\t\t\t\t\t\t\t\t\t\t<img fetchpriority=\"high\" decoding=\"async\" width=\"171\" height=\"450\" src=\"https:\/\/www.losataos.org\/w\/wp-content\/uploads\/alpatana.jpg\" class=\"attachment-large size-large wp-image-212\" alt=\"\" srcset=\"https:\/\/www.losataos.org\/w\/wp-content\/uploads\/alpatana.jpg 171w, https:\/\/www.losataos.org\/w\/wp-content\/uploads\/alpatana-114x300.jpg 114w\" sizes=\"(max-width: 171px) 100vw, 171px\" \/>\t\t\t\t\t\t\t\t\t\t\t\t\t\t\t<\/div>\n\t\t\t\t<\/div>\n\t\t\t\t\t<\/div>\n\t\t<\/div>\n\t\t\t\t\t<\/div>\n\t\t<\/section>\n\t\t\t\t<section class=\"elementor-section elementor-top-section elementor-element elementor-element-507ee48 elementor-section-boxed elementor-section-height-default elementor-section-height-default\" data-id=\"507ee48\" data-element_type=\"section\" data-e-type=\"section\">\n\t\t\t\t\t\t<div class=\"elementor-container elementor-column-gap-default\">\n\t\t\t\t\t<div class=\"elementor-column elementor-col-100 elementor-top-column elementor-element elementor-element-e12025b\" data-id=\"e12025b\" data-element_type=\"column\" data-e-type=\"column\">\n\t\t\t<div class=\"elementor-widget-wrap elementor-element-populated\">\n\t\t\t\t\t\t<div class=\"elementor-element elementor-element-7891ade elementor-widget elementor-widget-text-editor\" data-id=\"7891ade\" data-element_type=\"widget\" data-e-type=\"widget\" data-widget_type=\"text-editor.default\">\n\t\t\t\t<div class=\"elementor-widget-container\">\n\t\t\t\t\t\t\t\t\t<p>Jos\u00e9 Maldonado Delgado, \u00b4\u00b4JOSEITO\u00b4\u00b4 fiel alpatana de la corporaci\u00f3n B\u00edblica Los Ataos el cual lleva catorce A\u00f1os sirviendo a esta Corporaci\u00f3n, con cari\u00f1o y fervor, demostrando su val\u00eda en el trabajo, como alpatana de la misma, Hombre Humilde, educado, y sencillo que vela para que a los Hermanos nos les falte la Uvita.<\/p><p>En los S\u00e1bados de Cuaresma en la Semana Santa, y un excelente servidor dentro del Cuartel, haci\u00e9ndolo como un profesional de la Hosteler\u00eda, yo que lo considero como un Hermano mas por su sencillez y el saber estar me lleva a dedicarle estos Versos.<\/p>\t\t\t\t\t\t\t\t<\/div>\n\t\t\t\t<\/div>\n\t\t\t\t<div class=\"elementor-element elementor-element-1a395b5 elementor-widget elementor-widget-text-editor\" data-id=\"1a395b5\" data-element_type=\"widget\" data-e-type=\"widget\" data-widget_type=\"text-editor.default\">\n\t\t\t\t<div class=\"elementor-widget-container\">\n\t\t\t\t\t\t\t\t\t<p align=\"center\">Ya\u00a0 tengo mi copa\u00a0vac\u00eda,<br \/>\u00c9chame\u00a0 una\u00a0 uvita\u00a0 Joseito,<br \/>Del c\u00e1lido n\u00e9ctar\u00a0 de la Amistad.<\/p><p align=\"center\">\u00a0Alza\u00a0 al Cielo\u00a0 la\u00a0 uvita,\u00a0\u00a0<br \/>Y brindemos\u00a0 como Hermanos,<br \/>Para\u00a0 que\u00a0 brille la\u00a0 alegr\u00eda,<br \/>Los\u00a0 S\u00e1bados\u00a0 de Romanos.<br \/><br \/>Beb\u00e1moslas\u00a0 con\u00a0 respeto,<br \/>Por\u00a0 los\u00a0 que ya\u00a0 se nos fueron,<br \/>Y\u00a0 rogamos\u00a0 al\u00a0 Nazareno,<br \/>Para que siempre su recuerdo sea eterno,<\/p><p align=\"center\">\u00a0Hermano Joseito recibo de ti esta uvita,<br \/>Para\u00a0 que\u00a0 aliente\u00a0 mi fuego,<br \/>Yo quiero caminar contigo,<br \/>Hasta la Ermita de Jes\u00fas Nazareno.<\/p><p align=\"center\">\u00a0Y ya en el cuartel soberano,<br \/>Bajo la vieja Cuaresmera,<br \/>Cantarte una\u00a0 cuartelera,<br \/>Reconociendo tu val\u00eda y t\u00fa buen trabajo,<\/p><p align=\"center\">\u00a0JOSEITO\u00a0 eres una gran alpatana,<br \/>Deseo que convivamos muchos A\u00f1os,<br \/>Haci\u00e9ndolo\u00a0 como un buen\u00a0 Atao,<br \/>Aunque tu trabajo sea servirnos\u00a0<br \/>Lo haces con gusto y\u00a0 agrado,\u00a0\u00a0<br \/><br \/>Y brindemos por\u00a0 Los\u00a0 Ataos.<\/p>\t\t\t\t\t\t\t\t<\/div>\n\t\t\t\t<\/div>\n\t\t\t\t\t<\/div>\n\t\t<\/div>\n\t\t\t\t\t<\/div>\n\t\t<\/section>\n\t\t\t\t<section class=\"elementor-section elementor-top-section elementor-element elementor-element-ac09c8e elementor-section-boxed elementor-section-height-default elementor-section-height-default\" data-id=\"ac09c8e\" data-element_type=\"section\" data-e-type=\"section\">\n\t\t\t\t\t\t<div class=\"elementor-container elementor-column-gap-default\">\n\t\t\t\t\t<div class=\"elementor-column elementor-col-100 elementor-top-column elementor-element elementor-element-2f604ea\" data-id=\"2f604ea\" data-element_type=\"column\" data-e-type=\"column\">\n\t\t\t<div class=\"elementor-widget-wrap elementor-element-populated\">\n\t\t\t\t\t\t<div class=\"elementor-element elementor-element-746ed1e elementor-widget elementor-widget-text-editor\" data-id=\"746ed1e\" data-element_type=\"widget\" data-e-type=\"widget\" data-widget_type=\"text-editor.default\">\n\t\t\t\t<div class=\"elementor-widget-container\">\n\t\t\t\t\t\t\t\t\t<div align=\"center\"><table border=\"0\" width=\"100%\"><tbody><tr><th class=\"text\" scope=\"row\"><div align=\"right\">De\u00a0 Antonio G\u00e1lvez\u00a0 Silva\u00a0 a\u00a0 Jos\u00e9\u00a0 Maldonado Delgado, Alpatana de Los Ataos.\u00a0<\/div><\/th><\/tr><\/tbody><\/table><\/div>\t\t\t\t\t\t\t\t<\/div>\n\t\t\t\t<\/div>\n\t\t\t\t\t<\/div>\n\t\t<\/div>\n\t\t\t\t\t<\/div>\n\t\t<\/section>\n\t\t\t\t<\/div>\n\t\t","protected":false},"excerpt":{"rendered":"<p>Jos\u00e9 Maldonado Delgado, \u00b4\u00b4JOSEITO\u00b4\u00b4 fiel alpatana de la corporaci\u00f3n B\u00edblica Los Ataos el cual lleva catorce A\u00f1os sirviendo a esta Corporaci\u00f3n, con cari\u00f1o y fervor, demostrando su val\u00eda en el trabajo, como alpatana de la misma, Hombre Humilde, educado, y sencillo que vela para que a los Hermanos nos les falte la Uvita. En los&hellip;&nbsp;<a href=\"https:\/\/www.losataos.org\/w\/homenaje-a-los-ataos-2\/\" rel=\"bookmark\">Leer m\u00e1s &raquo;<span class=\"screen-reader-text\">A nuestro Alpatana \u00abJoseito\u00bb<\/span><\/a><\/p>\n","protected":false},"author":2,"featured_media":0,"parent":0,"menu_order":0,"comment_status":"closed","ping_status":"closed","template":"","meta":{"neve_meta_sidebar":"","neve_meta_container":"","neve_meta_enable_content_width":"","neve_meta_content_width":0,"neve_meta_title_alignment":"","neve_meta_author_avatar":"","neve_post_elements_order":"","neve_meta_disable_header":"","neve_meta_disable_footer":"","neve_meta_disable_title":"","footnotes":""},"wf_page_folders":[17],"class_list":["post-749","page","type-page","status-publish","hentry"],"jetpack_sharing_enabled":true,"_links":{"self":[{"href":"https:\/\/www.losataos.org\/w\/wp-json\/wp\/v2\/pages\/749","targetHints":{"allow":["GET"]}}],"collection":[{"href":"https:\/\/www.losataos.org\/w\/wp-json\/wp\/v2\/pages"}],"about":[{"href":"https:\/\/www.losataos.org\/w\/wp-json\/wp\/v2\/types\/page"}],"author":[{"embeddable":true,"href":"https:\/\/www.losataos.org\/w\/wp-json\/wp\/v2\/users\/2"}],"replies":[{"embeddable":true,"href":"https:\/\/www.losataos.org\/w\/wp-json\/wp\/v2\/comments?post=749"}],"version-history":[{"count":30,"href":"https:\/\/www.losataos.org\/w\/wp-json\/wp\/v2\/pages\/749\/revisions"}],"predecessor-version":[{"id":31712,"href":"https:\/\/www.losataos.org\/w\/wp-json\/wp\/v2\/pages\/749\/revisions\/31712"}],"wp:attachment":[{"href":"https:\/\/www.losataos.org\/w\/wp-json\/wp\/v2\/media?parent=749"}],"wp:term":[{"taxonomy":"wf_page_folders","embeddable":true,"href":"https:\/\/www.losataos.org\/w\/wp-json\/wp\/v2\/wf_page_folders?post=749"}],"curies":[{"name":"wp","href":"https:\/\/api.w.org\/{rel}","templated":true}]}}