{"id":42,"date":"2021-07-07T22:37:49","date_gmt":"2021-07-07T22:37:49","guid":{"rendered":"http:\/\/www.losataos.org\/w\/home\/"},"modified":"2026-02-15T13:46:01","modified_gmt":"2026-02-15T13:46:01","slug":"home","status":"publish","type":"page","link":"https:\/\/www.losataos.org\/w\/","title":{"rendered":"Inicio"},"content":{"rendered":"\t\t<div data-elementor-type=\"wp-page\" data-elementor-id=\"42\" class=\"elementor elementor-42\" data-elementor-post-type=\"page\">\n\t\t\t\t\t\t<section class=\"elementor-section elementor-top-section elementor-element elementor-element-b4fc1fc elementor-section-boxed elementor-section-height-default elementor-section-height-default\" data-id=\"b4fc1fc\" data-element_type=\"section\" data-e-type=\"section\">\n\t\t\t\t\t\t<div class=\"elementor-container elementor-column-gap-default\">\n\t\t\t\t\t<div class=\"elementor-column elementor-col-100 elementor-top-column elementor-element elementor-element-a35c648\" data-id=\"a35c648\" data-element_type=\"column\" data-e-type=\"column\">\n\t\t\t<div class=\"elementor-widget-wrap elementor-element-populated\">\n\t\t\t\t\t\t<div class=\"elementor-element elementor-element-792e489 elementor-widget-divider--view-line elementor-widget elementor-widget-divider\" data-id=\"792e489\" data-element_type=\"widget\" data-e-type=\"widget\" data-widget_type=\"divider.default\">\n\t\t\t\t<div class=\"elementor-widget-container\">\n\t\t\t\t\t\t\t<div class=\"elementor-divider\">\n\t\t\t<span class=\"elementor-divider-separator\">\n\t\t\t\t\t\t<\/span>\n\t\t<\/div>\n\t\t\t\t\t\t<\/div>\n\t\t\t\t<\/div>\n\t\t\t\t\t<\/div>\n\t\t<\/div>\n\t\t\t\t\t<\/div>\n\t\t<\/section>\n\t\t\t\t<section class=\"elementor-section elementor-top-section elementor-element elementor-element-a3d2447 elementor-section-boxed elementor-section-height-default elementor-section-height-default\" data-id=\"a3d2447\" data-element_type=\"section\" data-e-type=\"section\">\n\t\t\t\t\t\t<div class=\"elementor-container elementor-column-gap-default\">\n\t\t\t\t\t<div class=\"elementor-column elementor-col-50 elementor-top-column elementor-element elementor-element-ffb3a86\" data-id=\"ffb3a86\" data-element_type=\"column\" data-e-type=\"column\">\n\t\t\t<div class=\"elementor-widget-wrap elementor-element-populated\">\n\t\t\t\t\t\t<div class=\"elementor-element elementor-element-cdb209b elementor-widget elementor-widget-image\" data-id=\"cdb209b\" data-element_type=\"widget\" data-e-type=\"widget\" data-widget_type=\"image.default\">\n\t\t\t\t<div class=\"elementor-widget-container\">\n\t\t\t\t\t\t\t\t\t\t\t\t\t\t\t<img fetchpriority=\"high\" decoding=\"async\" width=\"300\" height=\"342\" src=\"https:\/\/www.losataos.org\/w\/wp-content\/uploads\/menu.jpg\" class=\"attachment-2048x2048 size-2048x2048 wp-image-225\" alt=\"\" srcset=\"https:\/\/www.losataos.org\/w\/wp-content\/uploads\/menu.jpg 300w, https:\/\/www.losataos.org\/w\/wp-content\/uploads\/menu-263x300.jpg 263w\" sizes=\"(max-width: 300px) 100vw, 300px\" \/>\t\t\t\t\t\t\t\t\t\t\t\t\t\t\t<\/div>\n\t\t\t\t<\/div>\n\t\t\t\t\t<\/div>\n\t\t<\/div>\n\t\t\t\t<div class=\"elementor-column elementor-col-50 elementor-top-column elementor-element elementor-element-04c0b2b\" data-id=\"04c0b2b\" data-element_type=\"column\" data-e-type=\"column\">\n\t\t\t<div class=\"elementor-widget-wrap elementor-element-populated\">\n\t\t\t\t\t\t<div class=\"elementor-element elementor-element-5861ed4 elementor-widget elementor-widget-text-editor\" data-id=\"5861ed4\" data-element_type=\"widget\" data-e-type=\"widget\" data-widget_type=\"text-editor.default\">\n\t\t\t\t<div class=\"elementor-widget-container\">\n\t\t\t\t\t\t\t\t\t<p class=\"has-text-align-center\">Esta Corporaci\u00f3n abre sus puertas a todos los internautas, con la intenci\u00f3n de dar a conocer su larga historia dentro de la Semana Santa de Puente Genil.<\/p><p class=\"has-text-align-center\">Con referencia hist\u00f3rica en 1662, nuestra Corporaci\u00f3n se ha forjado de tradiciones, sentimientos, historias, art\u00edculos, poes\u00edas y cuarteleras que queremos compartir con todos los amantes de la Semana Santa y conservadores de la fe en Cristo.<\/p><p class=\"kt-adv-heading_cc4f1a-13 wp-block-kadence-advancedheading\" data-kb-block=\"kb-adv-heading_cc4f1a-13\">Sirva nuestra p\u00e1gina para engrandecer a\u00fan m\u00e1s la fiesta grande de Puente Genil, fiesta declarada de Inter\u00e9s tur\u00edstico, que a trav\u00e9s de sus numerosas Corporaciones y Cofrad\u00edas, llenan la primavera de Puente Genil, de corazones vibrantes y engalanan sus balcones de flores hacia nuestros Padre Jes\u00fas Nazareno y su madre Mar\u00eda.<\/p><p class=\"kt-adv-heading_3a7d08-2a wp-block-kadence-advancedheading\" data-kb-block=\"kb-adv-heading_3a7d08-2a\">Conoce tambi\u00e9n a trav\u00e9s de nuestra web, nuestra m\u00fasica y culto a nuestra Titular la Virgen de la Gu\u00eda.<\/p><p class=\"kt-adv-heading_92bddd-da wp-block-kadence-advancedheading has-luminous-vivid-orange-color has-text-color\" data-kb-block=\"kb-adv-heading_92bddd-da\">No dejes pasar la oportunidad de conocernos. Entra y disfruta con im\u00e1genes y textos de nuestra Corporaci\u00f3n.<\/p>\t\t\t\t\t\t\t\t<\/div>\n\t\t\t\t<\/div>\n\t\t\t\t\t<\/div>\n\t\t<\/div>\n\t\t\t\t\t<\/div>\n\t\t<\/section>\n\t\t\t\t<\/div>\n\t\t","protected":false},"excerpt":{"rendered":"<p>Esta Corporaci\u00f3n abre sus puertas a todos los internautas, con la intenci\u00f3n de dar a conocer su larga historia dentro de la Semana Santa de Puente Genil. Con referencia hist\u00f3rica en 1662, nuestra Corporaci\u00f3n se ha forjado de tradiciones, sentimientos, historias, art\u00edculos, poes\u00edas y cuarteleras que queremos compartir con todos los amantes de la Semana&hellip;&nbsp;<a href=\"https:\/\/www.losataos.org\/w\/\" rel=\"bookmark\">Leer m\u00e1s &raquo;<span class=\"screen-reader-text\">Inicio<\/span><\/a><\/p>\n","protected":false},"author":2,"featured_media":0,"parent":0,"menu_order":0,"comment_status":"closed","ping_status":"closed","template":"","meta":{"neve_meta_sidebar":"","neve_meta_container":"","neve_meta_enable_content_width":"","neve_meta_content_width":0,"neve_meta_title_alignment":"","neve_meta_author_avatar":"","neve_post_elements_order":"","neve_meta_disable_header":"","neve_meta_disable_footer":"","neve_meta_disable_title":"","footnotes":""},"wf_page_folders":[],"class_list":["post-42","page","type-page","status-publish","hentry"],"jetpack_sharing_enabled":true,"_links":{"self":[{"href":"https:\/\/www.losataos.org\/w\/wp-json\/wp\/v2\/pages\/42","targetHints":{"allow":["GET"]}}],"collection":[{"href":"https:\/\/www.losataos.org\/w\/wp-json\/wp\/v2\/pages"}],"about":[{"href":"https:\/\/www.losataos.org\/w\/wp-json\/wp\/v2\/types\/page"}],"author":[{"embeddable":true,"href":"https:\/\/www.losataos.org\/w\/wp-json\/wp\/v2\/users\/2"}],"replies":[{"embeddable":true,"href":"https:\/\/www.losataos.org\/w\/wp-json\/wp\/v2\/comments?post=42"}],"version-history":[{"count":46,"href":"https:\/\/www.losataos.org\/w\/wp-json\/wp\/v2\/pages\/42\/revisions"}],"predecessor-version":[{"id":32874,"href":"https:\/\/www.losataos.org\/w\/wp-json\/wp\/v2\/pages\/42\/revisions\/32874"}],"wp:attachment":[{"href":"https:\/\/www.losataos.org\/w\/wp-json\/wp\/v2\/media?parent=42"}],"wp:term":[{"taxonomy":"wf_page_folders","embeddable":true,"href":"https:\/\/www.losataos.org\/w\/wp-json\/wp\/v2\/wf_page_folders?post=42"}],"curies":[{"name":"wp","href":"https:\/\/api.w.org\/{rel}","templated":true}]}}