{"id":3364,"date":"2023-02-17T15:15:54","date_gmt":"2023-02-17T15:15:54","guid":{"rendered":"http:\/\/www.losataos.org\/w\/?page_id=3364"},"modified":"2023-02-23T22:10:49","modified_gmt":"2023-02-23T22:10:49","slug":"2023-jueves-lardero","status":"publish","type":"page","link":"https:\/\/www.losataos.org\/w\/2023-jueves-lardero\/","title":{"rendered":"2023 &#8211; Jueves Lardero"},"content":{"rendered":"\t\t<div data-elementor-type=\"wp-page\" data-elementor-id=\"3364\" class=\"elementor elementor-3364\" data-elementor-post-type=\"page\">\n\t\t\t\t\t\t<section class=\"elementor-section elementor-top-section elementor-element elementor-element-d48d5ec elementor-section-boxed elementor-section-height-default elementor-section-height-default\" data-id=\"d48d5ec\" data-element_type=\"section\" data-e-type=\"section\">\n\t\t\t\t\t\t<div class=\"elementor-container elementor-column-gap-default\">\n\t\t\t\t\t<div class=\"elementor-column elementor-col-100 elementor-top-column elementor-element elementor-element-5e611ed\" data-id=\"5e611ed\" data-element_type=\"column\" data-e-type=\"column\">\n\t\t\t<div class=\"elementor-widget-wrap elementor-element-populated\">\n\t\t\t\t\t\t<div class=\"elementor-element elementor-element-4af46f0 elementor-widget-divider--view-line elementor-widget elementor-widget-divider\" data-id=\"4af46f0\" data-element_type=\"widget\" data-e-type=\"widget\" data-widget_type=\"divider.default\">\n\t\t\t\t<div class=\"elementor-widget-container\">\n\t\t\t\t\t\t\t<div class=\"elementor-divider\">\n\t\t\t<span class=\"elementor-divider-separator\">\n\t\t\t\t\t\t<\/span>\n\t\t<\/div>\n\t\t\t\t\t\t<\/div>\n\t\t\t\t<\/div>\n\t\t\t\t\t<\/div>\n\t\t<\/div>\n\t\t\t\t\t<\/div>\n\t\t<\/section>\n\t\t\t\t<section class=\"elementor-section elementor-top-section elementor-element elementor-element-45af5b5 elementor-section-boxed elementor-section-height-default elementor-section-height-default\" data-id=\"45af5b5\" data-element_type=\"section\" data-e-type=\"section\">\n\t\t\t\t\t\t<div class=\"elementor-container elementor-column-gap-default\">\n\t\t\t\t\t<div class=\"elementor-column elementor-col-100 elementor-top-column elementor-element elementor-element-42ce85d\" data-id=\"42ce85d\" data-element_type=\"column\" data-e-type=\"column\">\n\t\t\t<div class=\"elementor-widget-wrap elementor-element-populated\">\n\t\t\t\t\t\t<div class=\"elementor-element elementor-element-8950ac8 elementor-widget-divider--view-line elementor-widget elementor-widget-divider\" data-id=\"8950ac8\" data-element_type=\"widget\" data-e-type=\"widget\" data-widget_type=\"divider.default\">\n\t\t\t\t<div class=\"elementor-widget-container\">\n\t\t\t\t\t\t\t<div class=\"elementor-divider\">\n\t\t\t<span class=\"elementor-divider-separator\">\n\t\t\t\t\t\t<\/span>\n\t\t<\/div>\n\t\t\t\t\t\t<\/div>\n\t\t\t\t<\/div>\n\t\t\t\t\t<\/div>\n\t\t<\/div>\n\t\t\t\t\t<\/div>\n\t\t<\/section>\n\t\t\t\t<section class=\"elementor-section elementor-top-section elementor-element elementor-element-c190a6f elementor-section-boxed elementor-section-height-default elementor-section-height-default\" data-id=\"c190a6f\" data-element_type=\"section\" data-e-type=\"section\">\n\t\t\t\t\t\t<div class=\"elementor-container elementor-column-gap-default\">\n\t\t\t\t\t<div class=\"elementor-column elementor-col-100 elementor-top-column elementor-element elementor-element-f0d597d\" data-id=\"f0d597d\" data-element_type=\"column\" data-e-type=\"column\">\n\t\t\t<div class=\"elementor-widget-wrap elementor-element-populated\">\n\t\t\t\t\t\t<div class=\"elementor-element elementor-element-2fcc014 elementor-widget elementor-widget-heading\" data-id=\"2fcc014\" data-element_type=\"widget\" data-e-type=\"widget\" data-widget_type=\"heading.default\">\n\t\t\t\t<div class=\"elementor-widget-container\">\n\t\t\t\t\t<h3 class=\"elementor-heading-title elementor-size-default\">Cr\u00f3nica del Archivero de la Corporaci\u00f3n<\/h3>\t\t\t\t<\/div>\n\t\t\t\t<\/div>\n\t\t\t\t\t<\/div>\n\t\t<\/div>\n\t\t\t\t\t<\/div>\n\t\t<\/section>\n\t\t\t\t<section class=\"elementor-section elementor-top-section elementor-element elementor-element-6f7bfcc elementor-section-boxed elementor-section-height-default elementor-section-height-default\" data-id=\"6f7bfcc\" data-element_type=\"section\" data-e-type=\"section\">\n\t\t\t\t\t\t<div class=\"elementor-container elementor-column-gap-default\">\n\t\t\t\t\t<div class=\"elementor-column elementor-col-100 elementor-top-column elementor-element elementor-element-deaeb96\" data-id=\"deaeb96\" data-element_type=\"column\" data-e-type=\"column\">\n\t\t\t<div class=\"elementor-widget-wrap elementor-element-populated\">\n\t\t\t\t\t\t<div class=\"elementor-element elementor-element-99c0331 elementor-widget elementor-widget-accordion\" data-id=\"99c0331\" data-element_type=\"widget\" data-e-type=\"widget\" data-widget_type=\"accordion.default\">\n\t\t\t\t<div class=\"elementor-widget-container\">\n\t\t\t\t\t\t\t<div class=\"elementor-accordion\">\n\t\t\t\t\t\t\t<div class=\"elementor-accordion-item\">\n\t\t\t\t\t<h4 id=\"elementor-tab-title-1611\" class=\"elementor-tab-title\" data-tab=\"1\" role=\"button\" aria-controls=\"elementor-tab-content-1611\" aria-expanded=\"false\">\n\t\t\t\t\t\t\t\t\t\t\t\t\t<span class=\"elementor-accordion-icon elementor-accordion-icon-left\" aria-hidden=\"true\">\n\t\t\t\t\t\t\t\t\t\t\t\t\t\t\t<span class=\"elementor-accordion-icon-closed\"><i class=\"fas fa-chevron-down\"><\/i><\/span>\n\t\t\t\t\t\t\t\t<span class=\"elementor-accordion-icon-opened\"><i class=\"fas fa-pen-alt\"><\/i><\/span>\n\t\t\t\t\t\t\t\t\t\t\t\t\t\t<\/span>\n\t\t\t\t\t\t\t\t\t\t\t\t<a class=\"elementor-accordion-title\" tabindex=\"0\">CR\u00d3NICA DEL JUEVES LARDERO - pulse aqu\u00ed para leer la cr\u00f3nica<\/a>\n\t\t\t\t\t<\/h4>\n\t\t\t\t\t<div id=\"elementor-tab-content-1611\" class=\"elementor-tab-content elementor-clearfix\" data-tab=\"1\" role=\"region\" aria-labelledby=\"elementor-tab-title-1611\"><p><script> \njQuery(document).ready(function($) { \nvar delay = 100; setTimeout(function() { \n$('.elementor-tab-title').removeClass('elementor-active');\n $('.elementor-tab-content').css('display', 'none'); }, delay); \n}); \n<\/script><\/p><p style=\"text-align: center;\"><span style=\"color: #993300;\"><strong>JUEVES LARDERO 2023<\/strong><\/span><\/p><p style=\"text-align: center;\"><strong> (16\/02\/2023)<\/strong><\/p><p>A eso de las 21:00 h comenz\u00e1bamos a llegar los hermanos de la Corporaci\u00f3n B\u00edblica de \u201dLos Ataos, Judas, Pedro y Pablo\u201d.<\/p><p>El tan esperado d\u00eda, tras la espera, ha llegado. Un grupito de hermanos se acerc\u00f3 al acto de inauguraci\u00f3n y pistoletazo de salida de nuestra bendita y deseada Cuaresma, siguiendo los pasos de nuestros hermanos de la corporaci\u00f3n del imperio desde la plaza nacional hasta el convento y claustro de los frailes, donde se pudo disfrutar de la primera uvita y los sinceros abrazos y reencuentros con los ataos presentes.<\/p><p>Una vez ya, en el cuartel, el cari\u00f1o y la devoci\u00f3n por lo nuestro hicieron presencia en el rostro y en los sinceros saludos de agradecimiento por un a\u00f1o m\u00e1s, haber conseguido llegar a nuestra ansiada meta \u2026\u2026<\/p><p>\u201c<strong>Compartir mesa con todos nuestros hermanos<\/strong>\u201d, brindar al un\u00edsono por nuestro \u201c<strong>Terrible<\/strong>\u201d y su madre \u201c<strong>Mar\u00eda<\/strong>\u201d<\/p><p>Gracias, Jes\u00fas por dejarnos compartir un a\u00f1o m\u00e1s este m\u00e1gico d\u00eda de Jueves Lardero en los Ataos.<\/p><p>Ubicados en nuestros asientos, nos dispusimos a escuchar el primer toque de campanita del flamante presidente (Rafael Ruiz), para la apertura de la noche.<\/p><p>En segunda convocatoria ya las 21:30 h esperando a los m\u00e1s rezagados, comenz\u00f3 la Junta y la noche promet\u00eda, se disfrutaba del ambiente, y se preguntaban muchos hermanos por las caras nuevas de nuestro \u201cgrupo de m\u00fasica\u201d. Mientras tanto, los brindis segu\u00edan sucedi\u00e9ndose como muestra de cari\u00f1o y deseo de una buena cuaresma.<\/p><p>El presidente tom\u00f3 la palabra, dando la bienvenida a los presentes y explicando a groso modo los puntos del orden del d\u00eda que se tratar\u00edan en Junta.<\/p><p>A continuaci\u00f3n, invit\u00f3 al portavoz del grupo de m\u00fasica dirigirnos a unas palabras a modo de presentaci\u00f3n de los nuevos integrantes de grupo de m\u00fasica, el cual este a\u00f1o de 2023 ha sufrido algunos cambios originados por las bajas de algunos hermanos de este grupo<\/p><p>Antonio G\u00e1lvez como portavoz, nos dio a conocer los cambios efectuados para este nuevo ejercicio, presentando los nuevos integrantes.<\/p><p>Algunos de ellos, se anim\u00f3 y nos dirigi\u00f3 unas palabras, entre ellos dos hijos de hermanos de la corporaci\u00f3n, que se han estado preparando durante todo el a\u00f1o para unirse al grupo musical,<\/p><p>El primero fue Sergio Serrano (junior) que nos regal\u00f3 una bonita y sentidas palabras llenas de orgullo y cari\u00f1o por la corporaci\u00f3n, de seguido la tercera generaci\u00f3n de los chifarris en el cuartel se levant\u00f3 a decirnos, lo que se siente al estar con los ataos en mesa y poder subir tocando con el grupo.<\/p><p>El hermano Manuel G\u00e1lvez (junior), se estrenaba como nuevo integrante, dando las gracias a la corporaci\u00f3n en presencia de su padre Manolo y su abuelo nuestro decano Manuel G\u00e1lvez Silva, y un orgullo inmenso e indescriptible para todos los hermanos atados, que os deseamos lo mejor en esta nueva etapa de vuestra vida.<\/p><p>A estos dos nuevos hermanos, que tocar\u00e1n sus flamantes clarinetes se une tambi\u00e9n el hermano Christian Redondo, (conocido bordador de nuestra Semana Santa), el cual nos dijo venir a sumar y vivir las tradiciones de nuestro cuartel aportando su granito de arena y disfrutar de las vivencias de los ataos y su hermanos.<\/p><p>Tambi\u00e9n se presentaron dos nuevos hermanos m\u00e1s del grupo musical, el hermano Daniel Ram\u00edrez que tocar\u00e1 el tromb\u00f3n y el padre de nuestro hermano Daniel Lomares, el hermano Andr\u00e9s Lomares que tocar\u00e1 el bombo tras la presentaci\u00f3n coma se felicit\u00f3 al nuevo director del grupo de m\u00fasica por su bien hacer con la escuela de m\u00fasica de \u201clos Ataos\u201d.<\/p><p>As\u00ed como el hermano Iv\u00e1n Membiela por su colaboraci\u00f3n con esta, dedic\u00e1ndoles un un\u00edsono aplauso por su desvelo y su encomiable trabajo en pro de nuestra corporaci\u00f3n y sus tradiciones<\/p><p>Mientras las tapas y los brindis se iban sucediendo, los hermanos qued\u00e1bamos con impaciencia los primeros acordes de este pasodoble primero de la Cuaresma.<\/p><p>A una se\u00f1al del presidente, nuestros hermanos m\u00fasicos bajo la centenaria mirada de nuestra \u201c<strong>Vieja Cuaresmera<\/strong>\u201d y el pavor de nuestro \u201c<strong>gallo<\/strong>\u201d, se dispusieron a regalarnos nuestros o\u00eddos y llenarnos de nuevo de ese esp\u00edritu humano, al comp\u00e1s de sus notas.<\/p><p>Son\u00f3 majestuoso y mel\u00f3dico y la primera piedra ya estaba puesta, ahora solo queda esperar a la nueva directiva, la subida al calvario, todo volver\u00e1 a surgir nada ser\u00e1 igual, pero siempre caminaremos en pos de nuestro Nazareno \u201c<strong>El Terrible<\/strong>\u201d, la noche sigui\u00f3 su curso entre c\u00e1nticos y copas\u2026..<\/p><p>Abiertas quedan nuestras alforjas para cargarlas de amor y cari\u00f1o hacia lo nuestro. Disfrutemos y vivamos cargados de respeto a nuestra Cuaresma, otro jueves lardero m\u00e1s\u2026\u2026. otro menos\u2026 Abrazos \u201c<strong>Viva los Ataos<\/strong>\u201d<\/p><p style=\"text-align: right;\"><span style=\"color: #993300;\"><strong>Francisco Jos\u00e9 Membiela Prieto<\/strong><\/span><br \/><span style=\"color: #993300;\"><strong>Archivero de la Corporaci\u00f3n<\/strong><\/span><\/p><div>\u00a0<\/div><div>\u00a0<\/div><div>\u00a0<\/div><\/div>\n\t\t\t\t<\/div>\n\t\t\t\t\t\t\t\t<\/div>\n\t\t\t\t\t\t<\/div>\n\t\t\t\t<\/div>\n\t\t\t\t\t<\/div>\n\t\t<\/div>\n\t\t\t\t\t<\/div>\n\t\t<\/section>\n\t\t\t\t<section class=\"elementor-section elementor-top-section elementor-element elementor-element-e0a567c elementor-section-boxed elementor-section-height-default elementor-section-height-default\" data-id=\"e0a567c\" data-element_type=\"section\" data-e-type=\"section\">\n\t\t\t\t\t\t<div class=\"elementor-container elementor-column-gap-default\">\n\t\t\t\t\t<div class=\"elementor-column elementor-col-100 elementor-top-column elementor-element elementor-element-e7a6d06\" data-id=\"e7a6d06\" data-element_type=\"column\" data-e-type=\"column\">\n\t\t\t<div class=\"elementor-widget-wrap\">\n\t\t\t\t\t\t\t<\/div>\n\t\t<\/div>\n\t\t\t\t\t<\/div>\n\t\t<\/section>\n\t\t\t\t<section class=\"elementor-section elementor-top-section elementor-element elementor-element-c8b7a72 elementor-section-boxed elementor-section-height-default elementor-section-height-default\" data-id=\"c8b7a72\" data-element_type=\"section\" data-e-type=\"section\">\n\t\t\t\t\t\t<div class=\"elementor-container elementor-column-gap-default\">\n\t\t\t\t\t<div class=\"elementor-column elementor-col-100 elementor-top-column elementor-element elementor-element-c6573ce\" data-id=\"c6573ce\" data-element_type=\"column\" data-e-type=\"column\">\n\t\t\t<div class=\"elementor-widget-wrap elementor-element-populated\">\n\t\t\t\t\t\t<div class=\"elementor-element elementor-element-6673a28 elementor-align-center elementor-widget elementor-widget-button\" data-id=\"6673a28\" data-element_type=\"widget\" data-e-type=\"widget\" data-widget_type=\"button.default\">\n\t\t\t\t<div class=\"elementor-widget-container\">\n\t\t\t\t\t\t\t\t\t<div class=\"elementor-button-wrapper\">\n\t\t\t\t\t<a class=\"elementor-button elementor-size-sm\" role=\"button\">\n\t\t\t\t\t\t<span class=\"elementor-button-content-wrapper\">\n\t\t\t\t\t\t\t\t\t<span class=\"elementor-button-text\">Pulsa sobre las im\u00e1genes para ver alb\u00fam completo<\/span>\n\t\t\t\t\t<\/span>\n\t\t\t\t\t<\/a>\n\t\t\t\t<\/div>\n\t\t\t\t\t\t\t\t<\/div>\n\t\t\t\t<\/div>\n\t\t\t\t\t<\/div>\n\t\t<\/div>\n\t\t\t\t\t<\/div>\n\t\t<\/section>\n\t\t\t\t<section class=\"elementor-section elementor-top-section elementor-element elementor-element-e2a4a0a elementor-section-boxed elementor-section-height-default elementor-section-height-default\" data-id=\"e2a4a0a\" data-element_type=\"section\" data-e-type=\"section\">\n\t\t\t\t\t\t<div class=\"elementor-container elementor-column-gap-default\">\n\t\t\t\t\t<div class=\"elementor-column elementor-col-100 elementor-top-column elementor-element elementor-element-e9a2c9d\" data-id=\"e9a2c9d\" data-element_type=\"column\" data-e-type=\"column\">\n\t\t\t<div class=\"elementor-widget-wrap elementor-element-populated\">\n\t\t\t\t\t\t<div class=\"elementor-element elementor-element-ede6106 elementor-widget elementor-widget-heading\" data-id=\"ede6106\" data-element_type=\"widget\" data-e-type=\"widget\" data-widget_type=\"heading.default\">\n\t\t\t\t<div class=\"elementor-widget-container\">\n\t\t\t\t\t<h5 class=\"elementor-heading-title elementor-size-default\"><style>      div.simple-google-photos-grid {\n        width:100%;\n        height:100%;\n        overflow:hidden;\n      }\n      div.simple-google-photos-grid-cell {\n        box-sizing:border-box;\n        padding:5px;\n        float:left;\n      }\n      img.simple-google-photos-grid-image {\n        object-fit: cover;\n      }<\/style><div class=\"simple-google-photos-grid\"><div class=\"simple-google-photos-grid-cell\" style=\"width:25%\"><a href=\"https:\/\/photos.app.goo.gl\/WNB2d4iLnGrvX3LP7\" target=\"_blank\"><img decoding=\"async\" src=\"https:\/\/lh3.googleusercontent.com\/pw\/AP1GczNrflH-8kSdQMtMfURDKHjZVzbvkxEjiUN79em92IzPeEfbG5q9n4fg1wqAlCuGQkFcK6VWVQU1qax9zMdnf0UhHk1ikOYGP_TrIdNbNG9VhrJkoRrr\" alt=\"Google Photo\" class=\"simple-google-photos-grid-image\"><\/a><\/div><div class=\"simple-google-photos-grid-cell\" style=\"width:25%\"><a href=\"https:\/\/photos.app.goo.gl\/WNB2d4iLnGrvX3LP7\" target=\"_blank\"><img decoding=\"async\" src=\"https:\/\/lh3.googleusercontent.com\/pw\/AP1GczNhNCG2OqOzpCSW9L_nWXaAF3-uAqfRHqSGpKcPDFPnPUULBmDJzNrcAFliVlqtrmWDC0sGFTsJS7gMmJHx6oNVR8yoDsWCFL-B_P4m9kuameOmYqhQ\" alt=\"Google Photo\" class=\"simple-google-photos-grid-image\"><\/a><\/div><div class=\"simple-google-photos-grid-cell\" style=\"width:25%\"><a href=\"https:\/\/photos.app.goo.gl\/WNB2d4iLnGrvX3LP7\" target=\"_blank\"><img decoding=\"async\" src=\"https:\/\/lh3.googleusercontent.com\/pw\/AP1GczNYfOsyA491njXqXWHVzjSL4VMRVwLgRooQN64-N4KIz9wbm8jT7CB1AwDROGDc3kO561sUbAH9J-Aaf5ePakC3JtsSnauPmynWh4VqQ3gLyDwisV1C\" alt=\"Google Photo\" class=\"simple-google-photos-grid-image\"><\/a><\/div><div class=\"simple-google-photos-grid-cell\" style=\"width:25%\"><a href=\"https:\/\/photos.app.goo.gl\/WNB2d4iLnGrvX3LP7\" target=\"_blank\"><img decoding=\"async\" src=\"https:\/\/lh3.googleusercontent.com\/pw\/AP1GczMKIz7zQZ95Mhsdo4b2xKMN9WLETWXXK0Cvx8ipVDtB1O_GsPHK24US3VKUGDytSuPsAO5kJe7yINPwvZGIdIDCotuQMAmXAgeoIyT22ruluzo7YpN3\" alt=\"Google Photo\" class=\"simple-google-photos-grid-image\"><\/a><\/div><div class=\"simple-google-photos-grid-cell\" style=\"width:25%\"><a href=\"https:\/\/photos.app.goo.gl\/WNB2d4iLnGrvX3LP7\" target=\"_blank\"><img decoding=\"async\" src=\"https:\/\/lh3.googleusercontent.com\/pw\/AP1GczM_GR4RqSZ2lJ8qh-DLs_YcFTEa4MBlTB__e5dIDEzyade2vk1O-ZBPeokdUCFJ7epfyBMtUc90x6tCTaN7lh-YlElQxGLTTbB03_3jwxVjG4Fm-LUX\" alt=\"Google Photo\" class=\"simple-google-photos-grid-image\"><\/a><\/div><div class=\"simple-google-photos-grid-cell\" style=\"width:25%\"><a href=\"https:\/\/photos.app.goo.gl\/WNB2d4iLnGrvX3LP7\" target=\"_blank\"><img decoding=\"async\" src=\"https:\/\/lh3.googleusercontent.com\/pw\/AP1GczM5ABgWhmabySdNIZFV0z3mgt1yMljbLFvoW3X8qIWG3G8IKRshJbydpwLTZIiKcWUERT8k9CZROy2UiAShZ30-0AGj1ejLW7_5FoHS2KSdCQfy8Y0G\" alt=\"Google Photo\" class=\"simple-google-photos-grid-image\"><\/a><\/div><div class=\"simple-google-photos-grid-cell\" style=\"width:25%\"><a href=\"https:\/\/photos.app.goo.gl\/WNB2d4iLnGrvX3LP7\" target=\"_blank\"><img decoding=\"async\" src=\"https:\/\/lh3.googleusercontent.com\/pw\/AP1GczP7kWYDPQ6ou1Z1OuDkaEZfv7Pnb3Sn3LHEjIfd2y8UngOdmbJpvZ3jfpVpe5j_6Y_0HmMj7m9NGRUVYqGX-V0AAokKHGU_-YE0jRa7utjHAwOF64mu\" alt=\"Google Photo\" class=\"simple-google-photos-grid-image\"><\/a><\/div><div class=\"simple-google-photos-grid-cell\" style=\"width:25%\"><a href=\"https:\/\/photos.app.goo.gl\/WNB2d4iLnGrvX3LP7\" target=\"_blank\"><img decoding=\"async\" src=\"https:\/\/lh3.googleusercontent.com\/pw\/AP1GczMXivUd8xasnlAWscjBv3zhP-OT8twCKDcN5kD2xuhn7-H4zpfy6BycYgY6FXEtYVozpqTcn_A6vhujeSaJTNNyKaE-W2i7GO8pfc3XY0wyExwj5Bv3\" alt=\"Google Photo\" class=\"simple-google-photos-grid-image\"><\/a><\/div><\/div><script>      (function() {\n        if( window.jQuery ){\n          jQuery( document ).ready(function() {\n            jQuery(\"div.simple-google-photos-grid\").each(function(i){\n              var container = jQuery(this);\n              var width = container.find(\"div.simple-google-photos-grid-cell\").first().width();\n              container.find(\"img.simple-google-photos-grid-image\").css(\"width\", width).css(\"height\", width);\n            });\n          });\n        }\n      })();<\/script><\/h5>\t\t\t\t<\/div>\n\t\t\t\t<\/div>\n\t\t\t\t\t<\/div>\n\t\t<\/div>\n\t\t\t\t\t<\/div>\n\t\t<\/section>\n\t\t\t\t<section class=\"elementor-section elementor-top-section elementor-element elementor-element-12baaad elementor-section-boxed elementor-section-height-default elementor-section-height-default\" data-id=\"12baaad\" data-element_type=\"section\" data-e-type=\"section\">\n\t\t\t\t\t\t<div class=\"elementor-container elementor-column-gap-default\">\n\t\t\t\t\t<div class=\"elementor-column elementor-col-100 elementor-top-column elementor-element elementor-element-fd201fc\" data-id=\"fd201fc\" data-element_type=\"column\" data-e-type=\"column\">\n\t\t\t<div class=\"elementor-widget-wrap elementor-element-populated\">\n\t\t\t\t\t\t<div class=\"elementor-element elementor-element-0803021 elementor-widget elementor-widget-html\" data-id=\"0803021\" data-element_type=\"widget\" data-e-type=\"widget\" data-widget_type=\"html.default\">\n\t\t\t\t<div class=\"elementor-widget-container\">\n\t\t\t\t\t<script> \r\njQuery(document).ready(function($) { \r\nvar delay = 100; setTimeout(function() { \r\n$('.elementor-tab-title').removeClass('elementor-active');\r\n $('.elementor-tab-content').css('display', 'none'); }, delay); \r\n}); \r\n<\/script>\t\t\t\t<\/div>\n\t\t\t\t<\/div>\n\t\t\t\t\t<\/div>\n\t\t<\/div>\n\t\t\t\t\t<\/div>\n\t\t<\/section>\n\t\t\t\t<\/div>\n\t\t","protected":false},"excerpt":{"rendered":"<p>Cr\u00f3nica del Archivero de la Corporaci\u00f3n CR\u00d3NICA DEL JUEVES LARDERO &#8211; pulse aqu\u00ed para leer la cr\u00f3nica JUEVES LARDERO 2023 (16\/02\/2023) A eso de las 21:00 h comenz\u00e1bamos a llegar los hermanos de la Corporaci\u00f3n B\u00edblica de \u201dLos Ataos, Judas, Pedro y Pablo\u201d. El tan esperado d\u00eda, tras la espera, ha llegado. Un grupito de&hellip;&nbsp;<a href=\"https:\/\/www.losataos.org\/w\/2023-jueves-lardero\/\" rel=\"bookmark\">Leer m\u00e1s &raquo;<span class=\"screen-reader-text\">2023 &#8211; Jueves Lardero<\/span><\/a><\/p>\n","protected":false},"author":2,"featured_media":0,"parent":0,"menu_order":0,"comment_status":"closed","ping_status":"closed","template":"","meta":{"neve_meta_sidebar":"","neve_meta_container":"","neve_meta_enable_content_width":"","neve_meta_content_width":0,"neve_meta_title_alignment":"","neve_meta_author_avatar":"","neve_post_elements_order":"","neve_meta_disable_header":"","neve_meta_disable_footer":"","neve_meta_disable_title":"","footnotes":""},"wf_page_folders":[37],"class_list":["post-3364","page","type-page","status-publish","hentry"],"jetpack_sharing_enabled":true,"_links":{"self":[{"href":"https:\/\/www.losataos.org\/w\/wp-json\/wp\/v2\/pages\/3364","targetHints":{"allow":["GET"]}}],"collection":[{"href":"https:\/\/www.losataos.org\/w\/wp-json\/wp\/v2\/pages"}],"about":[{"href":"https:\/\/www.losataos.org\/w\/wp-json\/wp\/v2\/types\/page"}],"author":[{"embeddable":true,"href":"https:\/\/www.losataos.org\/w\/wp-json\/wp\/v2\/users\/2"}],"replies":[{"embeddable":true,"href":"https:\/\/www.losataos.org\/w\/wp-json\/wp\/v2\/comments?post=3364"}],"version-history":[{"count":17,"href":"https:\/\/www.losataos.org\/w\/wp-json\/wp\/v2\/pages\/3364\/revisions"}],"predecessor-version":[{"id":3437,"href":"https:\/\/www.losataos.org\/w\/wp-json\/wp\/v2\/pages\/3364\/revisions\/3437"}],"wp:attachment":[{"href":"https:\/\/www.losataos.org\/w\/wp-json\/wp\/v2\/media?parent=3364"}],"wp:term":[{"taxonomy":"wf_page_folders","embeddable":true,"href":"https:\/\/www.losataos.org\/w\/wp-json\/wp\/v2\/wf_page_folders?post=3364"}],"curies":[{"name":"wp","href":"https:\/\/api.w.org\/{rel}","templated":true}]}}