{"id":32857,"date":"2026-02-15T13:31:29","date_gmt":"2026-02-15T13:31:29","guid":{"rendered":"https:\/\/www.losataos.org\/w\/?page_id=32857"},"modified":"2026-02-15T13:34:30","modified_gmt":"2026-02-15T13:34:30","slug":"2026-jueves-lardero","status":"publish","type":"page","link":"https:\/\/www.losataos.org\/w\/2026-jueves-lardero\/","title":{"rendered":"2026 &#8211; Jueves Lardero"},"content":{"rendered":"\t\t<div data-elementor-type=\"wp-page\" data-elementor-id=\"32857\" class=\"elementor elementor-32857\" data-elementor-post-type=\"page\">\n\t\t\t\t\t\t<section class=\"elementor-section elementor-top-section elementor-element elementor-element-d48d5ec elementor-section-boxed elementor-section-height-default elementor-section-height-default\" data-id=\"d48d5ec\" data-element_type=\"section\" data-e-type=\"section\">\n\t\t\t\t\t\t<div class=\"elementor-container elementor-column-gap-default\">\n\t\t\t\t\t<div class=\"elementor-column elementor-col-100 elementor-top-column elementor-element elementor-element-5e611ed\" data-id=\"5e611ed\" data-element_type=\"column\" data-e-type=\"column\">\n\t\t\t<div class=\"elementor-widget-wrap elementor-element-populated\">\n\t\t\t\t\t\t<div class=\"elementor-element elementor-element-4af46f0 elementor-widget-divider--view-line elementor-widget elementor-widget-divider\" data-id=\"4af46f0\" data-element_type=\"widget\" data-e-type=\"widget\" data-widget_type=\"divider.default\">\n\t\t\t\t<div class=\"elementor-widget-container\">\n\t\t\t\t\t\t\t<div class=\"elementor-divider\">\n\t\t\t<span class=\"elementor-divider-separator\">\n\t\t\t\t\t\t<\/span>\n\t\t<\/div>\n\t\t\t\t\t\t<\/div>\n\t\t\t\t<\/div>\n\t\t\t\t\t<\/div>\n\t\t<\/div>\n\t\t\t\t\t<\/div>\n\t\t<\/section>\n\t\t\t\t<section class=\"elementor-section elementor-top-section elementor-element elementor-element-45af5b5 elementor-section-boxed elementor-section-height-default elementor-section-height-default\" data-id=\"45af5b5\" data-element_type=\"section\" data-e-type=\"section\">\n\t\t\t\t\t\t<div class=\"elementor-container elementor-column-gap-default\">\n\t\t\t\t\t<div class=\"elementor-column elementor-col-100 elementor-top-column elementor-element elementor-element-42ce85d\" data-id=\"42ce85d\" data-element_type=\"column\" data-e-type=\"column\">\n\t\t\t<div class=\"elementor-widget-wrap elementor-element-populated\">\n\t\t\t\t\t\t<div class=\"elementor-element elementor-element-dc39864 elementor-widget elementor-widget-heading\" data-id=\"dc39864\" data-element_type=\"widget\" data-e-type=\"widget\" data-widget_type=\"heading.default\">\n\t\t\t\t<div class=\"elementor-widget-container\">\n\t\t\t\t\t<h2 class=\"elementor-heading-title elementor-size-default\">JUEVES LARDERO 2026<\/h2>\t\t\t\t<\/div>\n\t\t\t\t<\/div>\n\t\t\t\t\t<\/div>\n\t\t<\/div>\n\t\t\t\t\t<\/div>\n\t\t<\/section>\n\t\t\t\t<section class=\"elementor-section elementor-top-section elementor-element elementor-element-184d055 elementor-section-boxed elementor-section-height-default elementor-section-height-default\" data-id=\"184d055\" data-element_type=\"section\" data-e-type=\"section\">\n\t\t\t\t\t\t<div class=\"elementor-container elementor-column-gap-default\">\n\t\t\t\t\t<div class=\"elementor-column elementor-col-100 elementor-top-column elementor-element elementor-element-6e3381c\" data-id=\"6e3381c\" data-element_type=\"column\" data-e-type=\"column\">\n\t\t\t<div class=\"elementor-widget-wrap elementor-element-populated\">\n\t\t\t\t\t\t<div class=\"elementor-element elementor-element-3cd7f29 elementor-widget-divider--view-line elementor-widget elementor-widget-divider\" data-id=\"3cd7f29\" data-element_type=\"widget\" data-e-type=\"widget\" data-widget_type=\"divider.default\">\n\t\t\t\t<div class=\"elementor-widget-container\">\n\t\t\t\t\t\t\t<div class=\"elementor-divider\">\n\t\t\t<span class=\"elementor-divider-separator\">\n\t\t\t\t\t\t<\/span>\n\t\t<\/div>\n\t\t\t\t\t\t<\/div>\n\t\t\t\t<\/div>\n\t\t\t\t\t<\/div>\n\t\t<\/div>\n\t\t\t\t\t<\/div>\n\t\t<\/section>\n\t\t\t\t<section class=\"elementor-section elementor-top-section elementor-element elementor-element-c190a6f elementor-section-boxed elementor-section-height-default elementor-section-height-default\" data-id=\"c190a6f\" data-element_type=\"section\" data-e-type=\"section\">\n\t\t\t\t\t\t<div class=\"elementor-container elementor-column-gap-default\">\n\t\t\t\t\t<div class=\"elementor-column elementor-col-100 elementor-top-column elementor-element elementor-element-f0d597d\" data-id=\"f0d597d\" data-element_type=\"column\" data-e-type=\"column\">\n\t\t\t<div class=\"elementor-widget-wrap elementor-element-populated\">\n\t\t\t\t\t\t<div class=\"elementor-element elementor-element-2fcc014 elementor-widget elementor-widget-heading\" data-id=\"2fcc014\" data-element_type=\"widget\" data-e-type=\"widget\" data-widget_type=\"heading.default\">\n\t\t\t\t<div class=\"elementor-widget-container\">\n\t\t\t\t\t<h3 class=\"elementor-heading-title elementor-size-default\">Cr\u00f3nica del d\u00eda.<\/h3>\t\t\t\t<\/div>\n\t\t\t\t<\/div>\n\t\t\t\t\t<\/div>\n\t\t<\/div>\n\t\t\t\t\t<\/div>\n\t\t<\/section>\n\t\t\t\t<section class=\"elementor-section elementor-top-section elementor-element elementor-element-6f7bfcc elementor-section-boxed elementor-section-height-default elementor-section-height-default\" data-id=\"6f7bfcc\" data-element_type=\"section\" data-e-type=\"section\">\n\t\t\t\t\t\t<div class=\"elementor-container elementor-column-gap-default\">\n\t\t\t\t\t<div class=\"elementor-column elementor-col-100 elementor-top-column elementor-element elementor-element-deaeb96\" data-id=\"deaeb96\" data-element_type=\"column\" data-e-type=\"column\">\n\t\t\t<div class=\"elementor-widget-wrap elementor-element-populated\">\n\t\t\t\t\t\t<div class=\"elementor-element elementor-element-99c0331 elementor-widget__width-initial elementor-widget elementor-widget-accordion\" data-id=\"99c0331\" data-element_type=\"widget\" data-e-type=\"widget\" data-widget_type=\"accordion.default\">\n\t\t\t\t<div class=\"elementor-widget-container\">\n\t\t\t\t\t\t\t<div class=\"elementor-accordion\">\n\t\t\t\t\t\t\t<div class=\"elementor-accordion-item\">\n\t\t\t\t\t<h4 id=\"elementor-tab-title-1611\" class=\"elementor-tab-title\" data-tab=\"1\" role=\"button\" aria-controls=\"elementor-tab-content-1611\" aria-expanded=\"false\">\n\t\t\t\t\t\t\t\t\t\t\t\t\t<span class=\"elementor-accordion-icon elementor-accordion-icon-left\" aria-hidden=\"true\">\n\t\t\t\t\t\t\t\t\t\t\t\t\t\t\t<span class=\"elementor-accordion-icon-closed\"><i class=\"fas fa-chevron-down\"><\/i><\/span>\n\t\t\t\t\t\t\t\t<span class=\"elementor-accordion-icon-opened\"><i class=\"fas fa-pen-alt\"><\/i><\/span>\n\t\t\t\t\t\t\t\t\t\t\t\t\t\t<\/span>\n\t\t\t\t\t\t\t\t\t\t\t\t<a class=\"elementor-accordion-title\" tabindex=\"0\">CR\u00d3NICA DEL JUEVES LARDERO - pulse aqu\u00ed para leer la cr\u00f3nica<\/a>\n\t\t\t\t\t<\/h4>\n\t\t\t\t\t<div id=\"elementor-tab-content-1611\" class=\"elementor-tab-content elementor-clearfix\" data-tab=\"1\" role=\"region\" aria-labelledby=\"elementor-tab-title-1611\"><p><script> \njQuery(document).ready(function($) { \nvar delay = 100; setTimeout(function() { \n$('.elementor-tab-title').removeClass('elementor-active');\n $('.elementor-tab-content').css('display', 'none'); }, delay); \n}); \n<\/script><\/p><p style=\"text-align: center;\"><span style=\"color: #993300;\"><strong>JUEVES LARDERO 2026<\/strong><\/span><\/p><p style=\"text-align: center;\"><strong> (12\/02\/2025)<\/strong><\/p><div><p>Jueves Lardero 2026: Comienza nuestra Cuaresma<\/p><p>El pasado jueves celebramos nuestro tradicional Jueves Lardero, dando as\u00ed el pistoletazo de salida a una nueva Cuaresma en el seno de la Corporaci\u00f3n B\u00edblica Los Ataos. Una noche de reencuentro, hermandad y primeras sensaciones de lo que est\u00e1 por venir.<\/p><p>La velada comenz\u00f3 con un respetuoso minuto de silencio por el fallecimiento de Francisco Romero Cuenca, padre de nuestro hermano Antonio Romero. Desde aqu\u00ed volvemos a trasladar nuestro cari\u00f1o a toda su familia.<\/p><p>La noche tambi\u00e9n nos regal\u00f3 momentos de alegr\u00eda. Casualmente coincidi\u00f3 con el cumplea\u00f1os de nuestro decano Manuel G\u00e1lvez Silva, y pudimos celebrarlo junto a \u00e9l en un d\u00eda tan se\u00f1alado, rodeados de hermanos.<\/p><p>Adem\u00e1s, dimos la bienvenida a un nuevo componente de nuestro Grupo de M\u00fasica: nuestro hermanito \u00c1lvaro Serrano, que se incorpora al bombo. Tercer miembro de la familia Serrano Arjona en nuestra corporaci\u00f3n, comienza su andadura con nosotros reforzando la ilusi\u00f3n y el futuro de la Corporaci\u00f3n.<\/p><p>Con el coraz\u00f3n ya puesto en lo que viene, contamos las horas para vivir este s\u00e1bado la primera subida al Calvario, inicio de un camino que afrontamos con fe, uni\u00f3n y muchas ganas.<\/p><p>Viva Los Ataos.<\/p><\/div><div>\u00a0<\/div><div>\u00a0<\/div><\/div>\n\t\t\t\t<\/div>\n\t\t\t\t\t\t\t\t<\/div>\n\t\t\t\t\t\t<\/div>\n\t\t\t\t<\/div>\n\t\t\t\t\t<\/div>\n\t\t<\/div>\n\t\t\t\t\t<\/div>\n\t\t<\/section>\n\t\t\t\t<section class=\"elementor-section elementor-top-section elementor-element elementor-element-e0a567c elementor-section-boxed elementor-section-height-default elementor-section-height-default\" data-id=\"e0a567c\" data-element_type=\"section\" data-e-type=\"section\">\n\t\t\t\t\t\t<div class=\"elementor-container elementor-column-gap-default\">\n\t\t\t\t\t<div class=\"elementor-column elementor-col-100 elementor-top-column elementor-element elementor-element-e7a6d06\" data-id=\"e7a6d06\" data-element_type=\"column\" data-e-type=\"column\">\n\t\t\t<div class=\"elementor-widget-wrap\">\n\t\t\t\t\t\t\t<\/div>\n\t\t<\/div>\n\t\t\t\t\t<\/div>\n\t\t<\/section>\n\t\t\t\t<section class=\"elementor-section elementor-top-section elementor-element elementor-element-c8b7a72 elementor-section-boxed elementor-section-height-default elementor-section-height-default\" data-id=\"c8b7a72\" data-element_type=\"section\" data-e-type=\"section\">\n\t\t\t\t\t\t<div class=\"elementor-container elementor-column-gap-default\">\n\t\t\t\t\t<div class=\"elementor-column elementor-col-100 elementor-top-column elementor-element elementor-element-c6573ce\" data-id=\"c6573ce\" data-element_type=\"column\" data-e-type=\"column\">\n\t\t\t<div class=\"elementor-widget-wrap elementor-element-populated\">\n\t\t\t\t\t\t<div class=\"elementor-element elementor-element-6673a28 elementor-align-center elementor-widget elementor-widget-button\" data-id=\"6673a28\" data-element_type=\"widget\" data-e-type=\"widget\" data-widget_type=\"button.default\">\n\t\t\t\t<div class=\"elementor-widget-container\">\n\t\t\t\t\t\t\t\t\t<div class=\"elementor-button-wrapper\">\n\t\t\t\t\t<a class=\"elementor-button elementor-size-sm\" role=\"button\">\n\t\t\t\t\t\t<span class=\"elementor-button-content-wrapper\">\n\t\t\t\t\t\t\t\t\t<span class=\"elementor-button-text\">Pulsa sobre las im\u00e1genes para ver alb\u00fam completo<\/span>\n\t\t\t\t\t<\/span>\n\t\t\t\t\t<\/a>\n\t\t\t\t<\/div>\n\t\t\t\t\t\t\t\t<\/div>\n\t\t\t\t<\/div>\n\t\t\t\t\t<\/div>\n\t\t<\/div>\n\t\t\t\t\t<\/div>\n\t\t<\/section>\n\t\t\t\t<section class=\"elementor-section elementor-top-section elementor-element elementor-element-e2a4a0a elementor-section-boxed elementor-section-height-default elementor-section-height-default\" data-id=\"e2a4a0a\" data-element_type=\"section\" data-e-type=\"section\">\n\t\t\t\t\t\t<div class=\"elementor-container elementor-column-gap-default\">\n\t\t\t\t\t<div class=\"elementor-column elementor-col-100 elementor-top-column elementor-element elementor-element-e9a2c9d\" data-id=\"e9a2c9d\" data-element_type=\"column\" data-e-type=\"column\">\n\t\t\t<div class=\"elementor-widget-wrap elementor-element-populated\">\n\t\t\t\t\t\t<div class=\"elementor-element elementor-element-ede6106 elementor-widget elementor-widget-heading\" data-id=\"ede6106\" data-element_type=\"widget\" data-e-type=\"widget\" data-widget_type=\"heading.default\">\n\t\t\t\t<div class=\"elementor-widget-container\">\n\t\t\t\t\t<h5 class=\"elementor-heading-title elementor-size-default\"><style>      div.simple-google-photos-grid {\n        width:100%;\n        height:100%;\n        overflow:hidden;\n      }\n      div.simple-google-photos-grid-cell {\n        box-sizing:border-box;\n        padding:5px;\n        float:left;\n      }\n      img.simple-google-photos-grid-image {\n        object-fit: cover;\n      }<\/style><div class=\"simple-google-photos-grid\"><div class=\"simple-google-photos-grid-cell\" style=\"width:25%\"><a href=\"https:\/\/photos.app.goo.gl\/NcRfbQK2dvqpK94R9\" target=\"_blank\"><img decoding=\"async\" src=\"https:\/\/lh3.googleusercontent.com\/pw\/AP1GczMIEJnymiEd4fiMcn-cGchYC0z6iW3roF_rZh9M6GscSuobrRoFcagredrdtK0PZCFA31l14iSHaXBGlPFekWTLIOzmoQAyA94mR9DUubDp3-cf6xH_\" alt=\"Google Photo\" class=\"simple-google-photos-grid-image\"><\/a><\/div><div class=\"simple-google-photos-grid-cell\" style=\"width:25%\"><a href=\"https:\/\/photos.app.goo.gl\/NcRfbQK2dvqpK94R9\" target=\"_blank\"><img decoding=\"async\" src=\"https:\/\/lh3.googleusercontent.com\/pw\/AP1GczO9Ifx450_hG3R8vBc22rILlHTIyYyRuhDwN-4GcvjO3jYGiqhbdsJG_frTpsActHHDaYYm-ZlBSaFCd3L3zD79o8pz6w-_lRRjbnb6QKIVpNUpStt5\" alt=\"Google Photo\" class=\"simple-google-photos-grid-image\"><\/a><\/div><div class=\"simple-google-photos-grid-cell\" style=\"width:25%\"><a href=\"https:\/\/photos.app.goo.gl\/NcRfbQK2dvqpK94R9\" target=\"_blank\"><img decoding=\"async\" src=\"https:\/\/lh3.googleusercontent.com\/pw\/AP1GczOlFFbA-AILQLucTnPYkz86cRvAErabYwbG-ErDAIYTM0U6ltFJf_syeSrq6DmWVPnFGSdCjfs6XeL3UroX1FDDPy3QBAXheeBNuHrcmknBTCYOMFRE\" alt=\"Google Photo\" class=\"simple-google-photos-grid-image\"><\/a><\/div><div class=\"simple-google-photos-grid-cell\" style=\"width:25%\"><a href=\"https:\/\/photos.app.goo.gl\/NcRfbQK2dvqpK94R9\" target=\"_blank\"><img decoding=\"async\" src=\"https:\/\/lh3.googleusercontent.com\/pw\/AP1GczNCBl9wYcBZskcKfAqqoBwyk5XVI5nBhjTd2yBiiBynjGBVo50oj855Kw7SdzkT8-2Xco5XFUnrxcxo7MEAYhasa9Mfo4Ezg9dGcHsShBFoVG_ofWwL\" alt=\"Google Photo\" class=\"simple-google-photos-grid-image\"><\/a><\/div><div class=\"simple-google-photos-grid-cell\" style=\"width:25%\"><a href=\"https:\/\/photos.app.goo.gl\/NcRfbQK2dvqpK94R9\" target=\"_blank\"><img decoding=\"async\" src=\"https:\/\/lh3.googleusercontent.com\/pw\/AP1GczMj66DC4mebqjaQ8CyOChGWMhxxJXngWIBCH44JAsXlfw-fuDXyJ_VU0lc2CzO99ii4KSwZRxMfr9u0AEAtBetPOPTWF5cMLPT2PneMyKidJILkJS_t\" alt=\"Google Photo\" class=\"simple-google-photos-grid-image\"><\/a><\/div><div class=\"simple-google-photos-grid-cell\" style=\"width:25%\"><a href=\"https:\/\/photos.app.goo.gl\/NcRfbQK2dvqpK94R9\" target=\"_blank\"><img decoding=\"async\" src=\"https:\/\/lh3.googleusercontent.com\/pw\/AP1GczMJu5pwW33uZGRWNk3x0sJgzN8dyuz2YECP0gkUHApAR2iFKXCuWaGyJe8aOthIgjmXiCdXRCL_CX3QakaPJwKrVvUXcgeD0OzyrLHvfjznjkf7cfe7\" alt=\"Google Photo\" class=\"simple-google-photos-grid-image\"><\/a><\/div><div class=\"simple-google-photos-grid-cell\" style=\"width:25%\"><a href=\"https:\/\/photos.app.goo.gl\/NcRfbQK2dvqpK94R9\" target=\"_blank\"><img decoding=\"async\" src=\"https:\/\/lh3.googleusercontent.com\/pw\/AP1GczMtfFjdrjNrTT0qL2s_sRuwn1lln-vJzUGcmhPyvmKK7w_lcpOu8XshlTPMT729aviYIukxuZ82VGTeqLkOXNNj5FFiUHKKocfy02ZmwNIgBJWJMHnb\" alt=\"Google Photo\" class=\"simple-google-photos-grid-image\"><\/a><\/div><div class=\"simple-google-photos-grid-cell\" style=\"width:25%\"><a href=\"https:\/\/photos.app.goo.gl\/NcRfbQK2dvqpK94R9\" target=\"_blank\"><img decoding=\"async\" src=\"https:\/\/lh3.googleusercontent.com\/pw\/AP1GczO27rDGelhADZSbJGCFnt8F-wcImWoNmGSljzyII7Wi3q2ByX0CF36j53Lqd5doUvp9-wxSunm1j3aKw5xqjSSUDcTJZoNOV2NZ1hmXNWpXBhNZUSDu\" alt=\"Google Photo\" class=\"simple-google-photos-grid-image\"><\/a><\/div><\/div><script>      (function() {\n        if( window.jQuery ){\n          jQuery( document ).ready(function() {\n            jQuery(\"div.simple-google-photos-grid\").each(function(i){\n              var container = jQuery(this);\n              var width = container.find(\"div.simple-google-photos-grid-cell\").first().width();\n              container.find(\"img.simple-google-photos-grid-image\").css(\"width\", width).css(\"height\", width);\n            });\n          });\n        }\n      })();<\/script><\/h5>\t\t\t\t<\/div>\n\t\t\t\t<\/div>\n\t\t\t\t\t<\/div>\n\t\t<\/div>\n\t\t\t\t\t<\/div>\n\t\t<\/section>\n\t\t\t\t<section class=\"elementor-section elementor-top-section elementor-element elementor-element-12baaad elementor-section-boxed elementor-section-height-default elementor-section-height-default\" data-id=\"12baaad\" data-element_type=\"section\" data-e-type=\"section\">\n\t\t\t\t\t\t<div class=\"elementor-container elementor-column-gap-default\">\n\t\t\t\t\t<div class=\"elementor-column elementor-col-100 elementor-top-column elementor-element elementor-element-fd201fc\" data-id=\"fd201fc\" data-element_type=\"column\" data-e-type=\"column\">\n\t\t\t<div class=\"elementor-widget-wrap elementor-element-populated\">\n\t\t\t\t\t\t<div class=\"elementor-element elementor-element-0803021 elementor-widget elementor-widget-html\" data-id=\"0803021\" data-element_type=\"widget\" data-e-type=\"widget\" data-widget_type=\"html.default\">\n\t\t\t\t<div class=\"elementor-widget-container\">\n\t\t\t\t\t<script> \r\njQuery(document).ready(function($) { \r\nvar delay = 100; setTimeout(function() { \r\n$('.elementor-tab-title').removeClass('elementor-active');\r\n $('.elementor-tab-content').css('display', 'none'); }, delay); \r\n}); \r\n<\/script>\t\t\t\t<\/div>\n\t\t\t\t<\/div>\n\t\t\t\t\t<\/div>\n\t\t<\/div>\n\t\t\t\t\t<\/div>\n\t\t<\/section>\n\t\t\t\t<\/div>\n\t\t","protected":false},"excerpt":{"rendered":"<p>JUEVES LARDERO 2026 Cr\u00f3nica del d\u00eda. CR\u00d3NICA DEL JUEVES LARDERO &#8211; pulse aqu\u00ed para leer la cr\u00f3nica JUEVES LARDERO 2026 (12\/02\/2025) Jueves Lardero 2026: Comienza nuestra Cuaresma El pasado jueves celebramos nuestro tradicional Jueves Lardero, dando as\u00ed el pistoletazo de salida a una nueva Cuaresma en el seno de la Corporaci\u00f3n B\u00edblica Los Ataos. Una&hellip;&nbsp;<a href=\"https:\/\/www.losataos.org\/w\/2026-jueves-lardero\/\" rel=\"bookmark\">Leer m\u00e1s &raquo;<span class=\"screen-reader-text\">2026 &#8211; Jueves Lardero<\/span><\/a><\/p>\n","protected":false},"author":2,"featured_media":0,"parent":0,"menu_order":0,"comment_status":"closed","ping_status":"closed","template":"","meta":{"neve_meta_sidebar":"","neve_meta_container":"","neve_meta_enable_content_width":"off","neve_meta_content_width":100,"neve_meta_title_alignment":"","neve_meta_author_avatar":"","neve_post_elements_order":"","neve_meta_disable_header":"","neve_meta_disable_footer":"","neve_meta_disable_title":"","footnotes":""},"wf_page_folders":[733],"class_list":["post-32857","page","type-page","status-publish","hentry"],"jetpack_sharing_enabled":true,"_links":{"self":[{"href":"https:\/\/www.losataos.org\/w\/wp-json\/wp\/v2\/pages\/32857","targetHints":{"allow":["GET"]}}],"collection":[{"href":"https:\/\/www.losataos.org\/w\/wp-json\/wp\/v2\/pages"}],"about":[{"href":"https:\/\/www.losataos.org\/w\/wp-json\/wp\/v2\/types\/page"}],"author":[{"embeddable":true,"href":"https:\/\/www.losataos.org\/w\/wp-json\/wp\/v2\/users\/2"}],"replies":[{"embeddable":true,"href":"https:\/\/www.losataos.org\/w\/wp-json\/wp\/v2\/comments?post=32857"}],"version-history":[{"count":7,"href":"https:\/\/www.losataos.org\/w\/wp-json\/wp\/v2\/pages\/32857\/revisions"}],"predecessor-version":[{"id":32866,"href":"https:\/\/www.losataos.org\/w\/wp-json\/wp\/v2\/pages\/32857\/revisions\/32866"}],"wp:attachment":[{"href":"https:\/\/www.losataos.org\/w\/wp-json\/wp\/v2\/media?parent=32857"}],"wp:term":[{"taxonomy":"wf_page_folders","embeddable":true,"href":"https:\/\/www.losataos.org\/w\/wp-json\/wp\/v2\/wf_page_folders?post=32857"}],"curies":[{"name":"wp","href":"https:\/\/api.w.org\/{rel}","templated":true}]}}