{"id":32817,"date":"2025-11-06T19:16:11","date_gmt":"2025-11-06T19:16:11","guid":{"rendered":"https:\/\/www.losataos.org\/w\/?page_id=32817"},"modified":"2025-11-06T19:16:11","modified_gmt":"2025-11-06T19:16:11","slug":"directiva-2025-2026","status":"publish","type":"page","link":"https:\/\/www.losataos.org\/w\/directiva-2025-2026\/","title":{"rendered":"Directiva 2025-2026"},"content":{"rendered":"<div id=\"wppb-builder-container\" class=\"wppb-builder-container\">                <div  class=\"wppb-row-parent  wppb-row-1636221199284 \"  >\n\t\t\t\t\t\n\t\t\t\t\t\t\t\t\t\t\n\t\t\t\t\t\t\t\t\t\t\n\t\t\t\t\t<div class=\"wppb-container \">\n\t\t\t\t\t\t\t\t\t\t\t\t\t\n                        <div class=\"wppb-row\">\n\t\t\t\t\t\t\t                                    <div  class=\"wppb-column-parent wppb-column-parent-view wppb-col-1636221199281  \"  >\n                                        <div class=\"wppb-column\">\n\t\t\t\t\t\n\t\t\t\t\t\t\t\t\t\t\t\n                                            <div class=\"wppb-builder-addons\">\n\t\t\t\t\t\t\t\t\t\t\t\t                                            <\/div>\n                                        <\/div>\n                                    <\/div>\n\t\t\t\t\t\t\t\t\t                                    <div  class=\"wppb-column-parent wppb-column-parent-view wppb-col-1636221199282  \"  >\n                                        <div class=\"wppb-column\">\n\t\t\t\t\t\n\t\t\t\t\t\t\t\t\t\t\t\n                                            <div class=\"wppb-builder-addons\">\n\t\t\t\t\t\t\t\t\t\t\t\t<div class='wppb-builder-addon wppb-addon-1636221234695'  data-addon-id='1636221234695'><div class='wppb-addon'><div class=\"wppb-image-addon\"><figure class=\"wppb-image-addon-content-wrap\"><div class=\"wppb-image-addon-content wppb-imginlineblock\"><img decoding=\"async\" class=\"wppb-image-addon-img\" src=\"http:\/\/www.losataos.org\/w\/wp-content\/uploads\/directiva1.jpg\" alt=\"Image\"><\/div><\/figure><\/div><\/div><\/div>                                            <\/div>\n                                        <\/div>\n                                    <\/div>\n\t\t\t\t\t\t\t\t\t                                    <div  class=\"wppb-column-parent wppb-column-parent-view wppb-col-1636221199283  \"  >\n                                        <div class=\"wppb-column\">\n\t\t\t\t\t\n\t\t\t\t\t\t\t\t\t\t\t\n                                            <div class=\"wppb-builder-addons\">\n\t\t\t\t\t\t\t\t\t\t\t\t                                            <\/div>\n                                        <\/div>\n                                    <\/div>\n\t\t\t\t\t\t\t\t\t                        <\/div>\n\n                    <\/div>\n                <\/div>\n\t\t\t\t                <div  class=\"wppb-row-parent  wppb-row-1762454554273 \"  >\n\t\t\t\t\t\n\t\t\t\t\t\t\t\t\t\t\n\t\t\t\t\t\t\t\t\t\t\n\t\t\t\t\t<div class=\"wppb-container \">\n\t\t\t\t\t\t\t\t\t\t\t\t\t\n                        <div class=\"wppb-row\">\n\t\t\t\t\t\t\t                                    <div  class=\"wppb-column-parent wppb-column-parent-view wppb-col-1762454554272  \"  >\n                                        <div class=\"wppb-column\">\n\t\t\t\t\t\n\t\t\t\t\t\t\t\t\t\t\t\n                                            <div class=\"wppb-builder-addons\">\n\t\t\t\t\t\t\t\t\t\t\t\t<div class='wppb-builder-addon wppb-addon-1762455289545'  data-addon-id='1762455289545'><div class='wppb-addon'><div class=\"wppb-text-block-addon\"><div class=\"wppb-text-block-content 0\"><h3 style=\"text-align: center\"><strong>DIRECTIVA 2025-2026<\/strong><\/h3><\/div><\/div><\/div><\/div>                                            <\/div>\n                                        <\/div>\n                                    <\/div>\n\t\t\t\t\t\t\t\t\t                        <\/div>\n\n                    <\/div>\n                <\/div>\n\t\t\t\t                <div  class=\"wppb-row-parent  wppb-row-1762454554337 \"  >\n\t\t\t\t\t\n\t\t\t\t\t\t\t\t\t\t\n\t\t\t\t\t\t\t\t\t\t\n\t\t\t\t\t<div class=\"wppb-container \">\n\t\t\t\t\t\t\t\t\t\t\t\t\t\n                        <div class=\"wppb-row\">\n\t\t\t\t\t\t\t                                    <div  class=\"wppb-column-parent wppb-column-parent-view wppb-col-1762454554336  \"  >\n                                        <div class=\"wppb-column\">\n\t\t\t\t\t\n\t\t\t\t\t\t\t\t\t\t\t\n                                            <div class=\"wppb-builder-addons\">\n\t\t\t\t\t\t\t\t\t\t\t\t<div class='wppb-builder-addon wppb-addon-1762455389289'  data-addon-id='1762455389289'><div class='wppb-addon'><div class=\"wppb-raw-html-addon\"><div class=\"wppb-raw-html-content\">\n<table id=\"tablepress-2\" class=\"tablepress tablepress-id-2\">\n<thead>\n<tr class=\"row-1\">\n\t<th class=\"column-1\">Cargo<\/th><th class=\"column-2\">Hermano<\/th>\n<\/tr>\n<\/thead>\n<tbody class=\"row-striping row-hover\">\n<tr class=\"row-2\">\n\t<td class=\"column-1\">Presidente<\/td><td class=\"column-2\">Antonio P\u00e9rez Aguilar<\/td>\n<\/tr>\n<tr class=\"row-3\">\n\t<td class=\"column-1\">Vice-Presidente<\/td><td class=\"column-2\">Manuel G\u00e1lvez Silva<\/td>\n<\/tr>\n<tr class=\"row-4\">\n\t<td class=\"column-1\">Secretario<\/td><td class=\"column-2\">Francisco Membiela Prieto<\/td>\n<\/tr>\n<tr class=\"row-5\">\n\t<td class=\"column-1\">Tesorero<\/td><td class=\"column-2\">Jaime Rodas Luque<\/td>\n<\/tr>\n<tr class=\"row-6\">\n\t<td class=\"column-1\">Vice-Tesorero<\/td><td class=\"column-2\">Jose Torres Cabello<\/td>\n<\/tr>\n<tr class=\"row-7\">\n\t<td class=\"column-1\">Cocina<\/td><td class=\"column-2\">Manuel G\u00e1lvez Ruiz<\/td>\n<\/tr>\n<tr class=\"row-8\">\n\t<td class=\"column-1\">Cocina<\/td><td class=\"column-2\">Antonio Gama Delgado<\/td>\n<\/tr>\n<tr class=\"row-9\">\n\t<td class=\"column-1\">Despensa<\/td><td class=\"column-2\">Antonio L\u00f3pez P\u00e9rez<\/td>\n<\/tr>\n<tr class=\"row-10\">\n\t<td class=\"column-1\">Despensa<\/td><td class=\"column-2\">Jes\u00fas L\u00f3pez P\u00e9rez<\/td>\n<\/tr>\n<tr class=\"row-11\">\n\t<td class=\"column-1\">Ropas<\/td><td class=\"column-2\">Manuel G\u00e1lvez Espadas<\/td>\n<\/tr>\n<tr class=\"row-12\">\n\t<td class=\"column-1\">Ropas<\/td><td class=\"column-2\">Antonio G\u00e1lvez Rodr\u00edguez<\/td>\n<\/tr>\n<tr class=\"row-13\">\n\t<td class=\"column-1\">Ropas<\/td><td class=\"column-2\">Miguel \u00c1ngel Ru\u00edz Carmona<\/td>\n<\/tr>\n<tr class=\"row-14\">\n\t<td class=\"column-1\">Art\u00edstica<\/td><td class=\"column-2\">Manuel J. Cano Jim\u00e9nez<\/td>\n<\/tr>\n<tr class=\"row-15\">\n\t<td class=\"column-1\">Mantenimiento<\/td><td class=\"column-2\">Manuel J. Cano Jim\u00e9nez<\/td>\n<\/tr>\n<tr class=\"row-16\">\n\t<td class=\"column-1\">Archivero-Consultor<\/td><td class=\"column-2\">Francisco J. Membiela Prieto<\/td>\n<\/tr>\n<tr class=\"row-17\">\n\t<td class=\"column-1\">Vocal Desfile y Fotos<\/td><td class=\"column-2\">Jose Alberto S\u00e1nchez Parras<\/td>\n<\/tr>\n<tr class=\"row-18\">\n\t<td class=\"column-1\">Vocal Redes Sociales<\/td><td class=\"column-2\">Alejandro Mor\u00f3n Cabezas<\/td>\n<\/tr>\n<tr class=\"row-19\">\n\t<td class=\"column-1\">Jefe Grupo de M\u00fasica<\/td><td class=\"column-2\">Francisco Jos\u00e9 Mart\u00ednez Serrano<\/td>\n<\/tr>\n<\/tbody>\n<\/table>\n<!-- #tablepress-2 from cache --><\/div><\/div><\/div><\/div>                                            <\/div>\n                                        <\/div>\n                                    <\/div>\n\t\t\t\t\t\t\t\t\t                        <\/div>\n\n                    <\/div>\n                <\/div>\n\t\t\t\t<\/div>","protected":false},"excerpt":{"rendered":"<p>DIRECTIVA 2025-2026 CargoHermano PresidenteAntonio P\u00e9rez Aguilar Vice-PresidenteManuel G\u00e1lvez Silva SecretarioFrancisco Membiela Prieto TesoreroJaime Rodas Luque Vice-TesoreroJose Torres Cabello CocinaManuel G\u00e1lvez Ruiz CocinaAntonio Gama Delgado DespensaAntonio L\u00f3pez P\u00e9rez DespensaJes\u00fas L\u00f3pez P\u00e9rez RopasManuel G\u00e1lvez Espadas RopasAntonio G\u00e1lvez Rodr\u00edguez RopasMiguel \u00c1ngel Ru\u00edz Carmona Art\u00edsticaManuel J. Cano Jim\u00e9nez MantenimientoManuel J. Cano Jim\u00e9nez Archivero-ConsultorFrancisco J. Membiela Prieto Vocal Desfile y&hellip;&nbsp;<a href=\"https:\/\/www.losataos.org\/w\/directiva-2025-2026\/\" rel=\"bookmark\">Leer m\u00e1s &raquo;<span class=\"screen-reader-text\">Directiva 2025-2026<\/span><\/a><\/p>\n","protected":false},"author":2,"featured_media":0,"parent":0,"menu_order":0,"comment_status":"closed","ping_status":"closed","template":"","meta":{"neve_meta_sidebar":"","neve_meta_container":"","neve_meta_enable_content_width":"off","neve_meta_content_width":100,"neve_meta_title_alignment":"","neve_meta_author_avatar":"","neve_post_elements_order":"","neve_meta_disable_header":"","neve_meta_disable_footer":"","neve_meta_disable_title":"","footnotes":""},"wf_page_folders":[14],"class_list":["post-32817","page","type-page","status-publish","hentry"],"jetpack_sharing_enabled":true,"_links":{"self":[{"href":"https:\/\/www.losataos.org\/w\/wp-json\/wp\/v2\/pages\/32817","targetHints":{"allow":["GET"]}}],"collection":[{"href":"https:\/\/www.losataos.org\/w\/wp-json\/wp\/v2\/pages"}],"about":[{"href":"https:\/\/www.losataos.org\/w\/wp-json\/wp\/v2\/types\/page"}],"author":[{"embeddable":true,"href":"https:\/\/www.losataos.org\/w\/wp-json\/wp\/v2\/users\/2"}],"replies":[{"embeddable":true,"href":"https:\/\/www.losataos.org\/w\/wp-json\/wp\/v2\/comments?post=32817"}],"version-history":[{"count":1,"href":"https:\/\/www.losataos.org\/w\/wp-json\/wp\/v2\/pages\/32817\/revisions"}],"predecessor-version":[{"id":32818,"href":"https:\/\/www.losataos.org\/w\/wp-json\/wp\/v2\/pages\/32817\/revisions\/32818"}],"wp:attachment":[{"href":"https:\/\/www.losataos.org\/w\/wp-json\/wp\/v2\/media?parent=32817"}],"wp:term":[{"taxonomy":"wf_page_folders","embeddable":true,"href":"https:\/\/www.losataos.org\/w\/wp-json\/wp\/v2\/wf_page_folders?post=32817"}],"curies":[{"name":"wp","href":"https:\/\/api.w.org\/{rel}","templated":true}]}}