{"id":3281,"date":"2022-10-12T16:13:39","date_gmt":"2022-10-12T16:13:39","guid":{"rendered":"http:\/\/www.losataos.org\/w\/?page_id=3281"},"modified":"2025-03-03T23:42:04","modified_gmt":"2025-03-03T23:42:04","slug":"2022-miercoles-santo","status":"publish","type":"page","link":"https:\/\/www.losataos.org\/w\/2022-miercoles-santo\/","title":{"rendered":"2022 &#8211; Mi\u00e9rcoles Santo"},"content":{"rendered":"\t\t<div data-elementor-type=\"wp-page\" data-elementor-id=\"3281\" class=\"elementor elementor-3281\" data-elementor-post-type=\"page\">\n\t\t\t\t\t\t<section class=\"elementor-section elementor-top-section elementor-element elementor-element-22498b4 elementor-section-boxed elementor-section-height-default elementor-section-height-default\" data-id=\"22498b4\" data-element_type=\"section\" data-e-type=\"section\">\n\t\t\t\t\t\t<div class=\"elementor-container elementor-column-gap-default\">\n\t\t\t\t\t<div class=\"elementor-column elementor-col-100 elementor-top-column elementor-element elementor-element-431f69c\" data-id=\"431f69c\" data-element_type=\"column\" data-e-type=\"column\">\n\t\t\t<div class=\"elementor-widget-wrap elementor-element-populated\">\n\t\t\t\t\t\t<div class=\"elementor-element elementor-element-21ed101 elementor-widget elementor-widget-heading\" data-id=\"21ed101\" data-element_type=\"widget\" data-e-type=\"widget\" data-widget_type=\"heading.default\">\n\t\t\t\t<div class=\"elementor-widget-container\">\n\t\t\t\t\t<h2 class=\"elementor-heading-title elementor-size-default\">2022 - Mi\u00e9rcoles Santo<\/h2>\t\t\t\t<\/div>\n\t\t\t\t<\/div>\n\t\t\t\t\t<\/div>\n\t\t<\/div>\n\t\t\t\t\t<\/div>\n\t\t<\/section>\n\t\t\t\t<section class=\"elementor-section elementor-top-section elementor-element elementor-element-d48d5ec elementor-section-boxed elementor-section-height-default elementor-section-height-default\" data-id=\"d48d5ec\" data-element_type=\"section\" data-e-type=\"section\">\n\t\t\t\t\t\t<div class=\"elementor-container elementor-column-gap-default\">\n\t\t\t\t\t<div class=\"elementor-column elementor-col-100 elementor-top-column elementor-element elementor-element-5e611ed\" data-id=\"5e611ed\" data-element_type=\"column\" data-e-type=\"column\">\n\t\t\t<div class=\"elementor-widget-wrap elementor-element-populated\">\n\t\t\t\t\t\t<div class=\"elementor-element elementor-element-4af46f0 elementor-widget-divider--view-line elementor-widget elementor-widget-divider\" data-id=\"4af46f0\" data-element_type=\"widget\" data-e-type=\"widget\" data-widget_type=\"divider.default\">\n\t\t\t\t<div class=\"elementor-widget-container\">\n\t\t\t\t\t\t\t<div class=\"elementor-divider\">\n\t\t\t<span class=\"elementor-divider-separator\">\n\t\t\t\t\t\t<\/span>\n\t\t<\/div>\n\t\t\t\t\t\t<\/div>\n\t\t\t\t<\/div>\n\t\t\t\t\t<\/div>\n\t\t<\/div>\n\t\t\t\t\t<\/div>\n\t\t<\/section>\n\t\t\t\t<section class=\"elementor-section elementor-top-section elementor-element elementor-element-75edf13 elementor-section-boxed elementor-section-height-default elementor-section-height-default\" data-id=\"75edf13\" data-element_type=\"section\" data-e-type=\"section\">\n\t\t\t\t\t\t<div class=\"elementor-container elementor-column-gap-default\">\n\t\t\t\t\t<div class=\"elementor-column elementor-col-100 elementor-top-column elementor-element elementor-element-6e1f5c8\" data-id=\"6e1f5c8\" data-element_type=\"column\" data-e-type=\"column\">\n\t\t\t<div class=\"elementor-widget-wrap elementor-element-populated\">\n\t\t\t\t\t\t<div class=\"elementor-element elementor-element-5904421 elementor-widget elementor-widget-image\" data-id=\"5904421\" data-element_type=\"widget\" data-e-type=\"widget\" data-widget_type=\"image.default\">\n\t\t\t\t<div class=\"elementor-widget-container\">\n\t\t\t\t\t\t\t\t\t\t\t\t\t\t\t<img fetchpriority=\"high\" decoding=\"async\" width=\"1024\" height=\"840\" src=\"https:\/\/www.losataos.org\/w\/wp-content\/uploads\/2025\/03\/R-1024x840.jpg\" class=\"attachment-large size-large wp-image-32294\" alt=\"\" srcset=\"https:\/\/www.losataos.org\/w\/wp-content\/uploads\/2025\/03\/R-1024x840.jpg 1024w, https:\/\/www.losataos.org\/w\/wp-content\/uploads\/2025\/03\/R-300x246.jpg 300w, https:\/\/www.losataos.org\/w\/wp-content\/uploads\/2025\/03\/R-768x630.jpg 768w, https:\/\/www.losataos.org\/w\/wp-content\/uploads\/2025\/03\/R-1536x1260.jpg 1536w, https:\/\/www.losataos.org\/w\/wp-content\/uploads\/2025\/03\/R.jpg 1600w\" sizes=\"(max-width: 1024px) 100vw, 1024px\" \/>\t\t\t\t\t\t\t\t\t\t\t\t\t\t\t<\/div>\n\t\t\t\t<\/div>\n\t\t\t\t\t<\/div>\n\t\t<\/div>\n\t\t\t\t\t<\/div>\n\t\t<\/section>\n\t\t\t\t<section class=\"elementor-section elementor-top-section elementor-element elementor-element-45af5b5 elementor-section-boxed elementor-section-height-default elementor-section-height-default\" data-id=\"45af5b5\" data-element_type=\"section\" data-e-type=\"section\">\n\t\t\t\t\t\t<div class=\"elementor-container elementor-column-gap-default\">\n\t\t\t\t\t<div class=\"elementor-column elementor-col-100 elementor-top-column elementor-element elementor-element-42ce85d\" data-id=\"42ce85d\" data-element_type=\"column\" data-e-type=\"column\">\n\t\t\t<div class=\"elementor-widget-wrap elementor-element-populated\">\n\t\t\t\t\t\t<div class=\"elementor-element elementor-element-8950ac8 elementor-widget-divider--view-line elementor-widget elementor-widget-divider\" data-id=\"8950ac8\" data-element_type=\"widget\" data-e-type=\"widget\" data-widget_type=\"divider.default\">\n\t\t\t\t<div class=\"elementor-widget-container\">\n\t\t\t\t\t\t\t<div class=\"elementor-divider\">\n\t\t\t<span class=\"elementor-divider-separator\">\n\t\t\t\t\t\t<\/span>\n\t\t<\/div>\n\t\t\t\t\t\t<\/div>\n\t\t\t\t<\/div>\n\t\t\t\t\t<\/div>\n\t\t<\/div>\n\t\t\t\t\t<\/div>\n\t\t<\/section>\n\t\t\t\t<section class=\"elementor-section elementor-top-section elementor-element elementor-element-c190a6f elementor-section-boxed elementor-section-height-default elementor-section-height-default\" data-id=\"c190a6f\" data-element_type=\"section\" data-e-type=\"section\">\n\t\t\t\t\t\t<div class=\"elementor-container elementor-column-gap-default\">\n\t\t\t\t\t<div class=\"elementor-column elementor-col-100 elementor-top-column elementor-element elementor-element-f0d597d\" data-id=\"f0d597d\" data-element_type=\"column\" data-e-type=\"column\">\n\t\t\t<div class=\"elementor-widget-wrap elementor-element-populated\">\n\t\t\t\t\t\t<div class=\"elementor-element elementor-element-2fcc014 elementor-widget elementor-widget-heading\" data-id=\"2fcc014\" data-element_type=\"widget\" data-e-type=\"widget\" data-widget_type=\"heading.default\">\n\t\t\t\t<div class=\"elementor-widget-container\">\n\t\t\t\t\t<h3 class=\"elementor-heading-title elementor-size-default\">Cr\u00f3nica del Archivero<\/h3>\t\t\t\t<\/div>\n\t\t\t\t<\/div>\n\t\t\t\t\t<\/div>\n\t\t<\/div>\n\t\t\t\t\t<\/div>\n\t\t<\/section>\n\t\t\t\t<section class=\"elementor-section elementor-top-section elementor-element elementor-element-6f7bfcc elementor-section-boxed elementor-section-height-default elementor-section-height-default\" data-id=\"6f7bfcc\" data-element_type=\"section\" data-e-type=\"section\">\n\t\t\t\t\t\t<div class=\"elementor-container elementor-column-gap-default\">\n\t\t\t\t\t<div class=\"elementor-column elementor-col-100 elementor-top-column elementor-element elementor-element-deaeb96\" data-id=\"deaeb96\" data-element_type=\"column\" data-e-type=\"column\">\n\t\t\t<div class=\"elementor-widget-wrap elementor-element-populated\">\n\t\t\t\t\t\t<div class=\"elementor-element elementor-element-99c0331 elementor-widget elementor-widget-accordion\" data-id=\"99c0331\" data-element_type=\"widget\" data-e-type=\"widget\" data-widget_type=\"accordion.default\">\n\t\t\t\t<div class=\"elementor-widget-container\">\n\t\t\t\t\t\t\t<div class=\"elementor-accordion\">\n\t\t\t\t\t\t\t<div class=\"elementor-accordion-item\">\n\t\t\t\t\t<h4 id=\"elementor-tab-title-1611\" class=\"elementor-tab-title\" data-tab=\"1\" role=\"button\" aria-controls=\"elementor-tab-content-1611\" aria-expanded=\"false\">\n\t\t\t\t\t\t\t\t\t\t\t\t\t<span class=\"elementor-accordion-icon elementor-accordion-icon-left\" aria-hidden=\"true\">\n\t\t\t\t\t\t\t\t\t\t\t\t\t\t\t<span class=\"elementor-accordion-icon-closed\"><i class=\"fas fa-chevron-down\"><\/i><\/span>\n\t\t\t\t\t\t\t\t<span class=\"elementor-accordion-icon-opened\"><i class=\"fas fa-pen-alt\"><\/i><\/span>\n\t\t\t\t\t\t\t\t\t\t\t\t\t\t<\/span>\n\t\t\t\t\t\t\t\t\t\t\t\t<a class=\"elementor-accordion-title\" tabindex=\"0\">Cr\u00f3nica Mi\u00e9rcoles Santo.<\/a>\n\t\t\t\t\t<\/h4>\n\t\t\t\t\t<div id=\"elementor-tab-content-1611\" class=\"elementor-tab-content elementor-clearfix\" data-tab=\"1\" role=\"region\" aria-labelledby=\"elementor-tab-title-1611\"><div><p>MIERCOLES SANTO 2022 (13\/04\/2022)<\/p><p>Junta General \u2013 Sorteo de Figuras y Romanos<\/p><p>A las 14:00 horas, est\u00e1bamos citados la corporaci\u00f3n en pleno de los Ataos, Judas, Pedro y Pablo, para como punto \u00fanico, dar paso al sorteo de nuestras figuras, romanos y rebates, para el ejercicio de 2022.<\/p><p>Antes del sorteo, recib\u00edamos la visita oficial de los hermanos de los Ap\u00f3stoles, Juan Miguel Granados, (Juan Miguel Granados (nuestro querido webmaster), y su hermano Matas, los cuales, tras la copita de rigor, pasaron a entregar al Hno. Presidente, una carta oficial de su presidente y corporaci\u00f3n, invitando al Hno. Atao Francisco Jos\u00e9 Membiela Prieto al desfile de la noche del Viernes Santo, junto al Demonio y Muerte, y tocando los tambores destemplados del apostolado, hecho que tras su lectura fue aplaudido y eternamente agradecido por el hermano Membiela, el cual celebr\u00f3 y agradece el gesto, fundi\u00e9ndose en un abrazo con nuestro hermano Migueli y Matas.<\/p><p>Gracias a nuestra corporaci\u00f3n hermana y vecina del Apostolado, por dejar a uno de los nuestros vivir esa m\u00e1gica noche. \u00a1Viva los Ap\u00f3stoles!<\/p><p>Una vez, ya situada la mesa para el sorteo y cumpliendo los miembros de esta con la realizaci\u00f3n de las papeletas de las vestidas correspondientes a cada d\u00eda, partiendo desde el Jueves Santo al Domingo de Resurrecci\u00f3n y revisando una a una cada vestida de cada d\u00eda.<\/p><p>El presidente dio comienzo a a Junta, d\u00e1ndonos la bienvenida y explicando los pormenores del sorteo.<\/p><p>Este a\u00f1o, el decano estrenar\u00e1 el cabo el Jueves Santo, S. Pedro Viernes ma\u00f1ana para Francisco Avil\u00e9s Morales, si no puede por su intervenci\u00f3n, ocupar\u00e1 su hijo el puesto.\u00a0 San Pablo para Jos\u00e9 G\u00f3mez L\u00f3pez, sino pudiera, se compromete a vestirlo Francis Membiela.<\/p><p>Sin m\u00e1s cambios en el sorteo, se empieza a nombrar en una primera ronda, desde el m\u00e1s antiguo al m\u00e1s nuevo y luego en segundas al rev\u00e9s del m\u00e1s nuevo al m\u00e1s antiguo.<\/p><p>Se fueron llamando uno a uno a los hnos. entre un gran ambiente y con los t\u00edpicos comentarios de los cambios para poder vestir cada uno su figura o romano preferido, seguidamente degustando el almuerzo servido por nuestro equipo de cocina.<\/p><p>Termino el sorteo sin nada que rese\u00f1ar, ratificando el hermano Tesorero la total cobertura de cuotas por parte de cada hermano y con el visto bueno del hermano presidente.<\/p><p>Tras los postres los hermanos encargadas de preparar el t\u00edpico chirimiri del Mi\u00e9rcoles Santo, se pusieron manos a la obra, mientras que los que ten\u00edan estaci\u00f3n de penitencia con las cofrad\u00edas del d\u00eda, se iban cambiando y prepar\u00e1ndose entre un magn\u00edfico ambiente manantero.<\/p><p>Las Cofrad\u00edas de el Lavatorio y la Humildad, ten\u00edan la parada y el bocadillo en la parte baja de la Corporaci\u00f3n, por lo que se prepar\u00f3 el espacio necesario para poder atenderlas correctamente.<\/p><p>Con la uvita de un grupo nutrido a los encierros del Mi\u00e9rcoles Santo, se cerr\u00f3 otro d\u00eda grande en nuestra corporaci\u00f3n, preparando el alma y el esp\u00edritu para el d\u00eda grande del Jueves Santo. D\u00eda del Amor fraterno. Aunque eso\u2026\u2026ya ser\u00e1 otra historia.<\/p><p><strong>Francisco Jose Membiela<\/strong><\/p><p><strong>Cronista de la Corporaci\u00f3n.<\/strong><\/p><p>\u00a0<\/p><\/div><div>\u00a0<\/div><div>\u00a0<\/div><\/div>\n\t\t\t\t<\/div>\n\t\t\t\t\t\t\t\t<\/div>\n\t\t\t\t\t\t<\/div>\n\t\t\t\t<\/div>\n\t\t\t\t\t<\/div>\n\t\t<\/div>\n\t\t\t\t\t<\/div>\n\t\t<\/section>\n\t\t\t\t<section class=\"elementor-section elementor-top-section elementor-element elementor-element-de57e40 elementor-section-boxed elementor-section-height-default elementor-section-height-default\" data-id=\"de57e40\" data-element_type=\"section\" data-e-type=\"section\">\n\t\t\t\t\t\t<div class=\"elementor-container elementor-column-gap-default\">\n\t\t\t\t\t<div class=\"elementor-column elementor-col-100 elementor-top-column elementor-element elementor-element-cfaebae\" data-id=\"cfaebae\" data-element_type=\"column\" data-e-type=\"column\">\n\t\t\t<div class=\"elementor-widget-wrap elementor-element-populated\">\n\t\t\t\t\t\t<div class=\"elementor-element elementor-element-90b6d48 elementor-widget-divider--view-line elementor-widget elementor-widget-divider\" data-id=\"90b6d48\" data-element_type=\"widget\" data-e-type=\"widget\" data-widget_type=\"divider.default\">\n\t\t\t\t<div class=\"elementor-widget-container\">\n\t\t\t\t\t\t\t<div class=\"elementor-divider\">\n\t\t\t<span class=\"elementor-divider-separator\">\n\t\t\t\t\t\t<\/span>\n\t\t<\/div>\n\t\t\t\t\t\t<\/div>\n\t\t\t\t<\/div>\n\t\t\t\t\t<\/div>\n\t\t<\/div>\n\t\t\t\t\t<\/div>\n\t\t<\/section>\n\t\t\t\t<\/div>\n\t\t","protected":false},"excerpt":{"rendered":"<p>2022 &#8211; Mi\u00e9rcoles Santo Cr\u00f3nica del Archivero Cr\u00f3nica Mi\u00e9rcoles Santo. MIERCOLES SANTO 2022 (13\/04\/2022) Junta General \u2013 Sorteo de Figuras y Romanos A las 14:00 horas, est\u00e1bamos citados la corporaci\u00f3n en pleno de los Ataos, Judas, Pedro y Pablo, para como punto \u00fanico, dar paso al sorteo de nuestras figuras, romanos y rebates, para el&hellip;&nbsp;<a href=\"https:\/\/www.losataos.org\/w\/2022-miercoles-santo\/\" rel=\"bookmark\">Leer m\u00e1s &raquo;<span class=\"screen-reader-text\">2022 &#8211; Mi\u00e9rcoles Santo<\/span><\/a><\/p>\n","protected":false},"author":2,"featured_media":0,"parent":0,"menu_order":0,"comment_status":"closed","ping_status":"closed","template":"","meta":{"neve_meta_sidebar":"","neve_meta_container":"","neve_meta_enable_content_width":"","neve_meta_content_width":0,"neve_meta_title_alignment":"","neve_meta_author_avatar":"","neve_post_elements_order":"","neve_meta_disable_header":"","neve_meta_disable_footer":"","neve_meta_disable_title":"","footnotes":""},"wf_page_folders":[35],"class_list":["post-3281","page","type-page","status-publish","hentry"],"jetpack_sharing_enabled":true,"_links":{"self":[{"href":"https:\/\/www.losataos.org\/w\/wp-json\/wp\/v2\/pages\/3281","targetHints":{"allow":["GET"]}}],"collection":[{"href":"https:\/\/www.losataos.org\/w\/wp-json\/wp\/v2\/pages"}],"about":[{"href":"https:\/\/www.losataos.org\/w\/wp-json\/wp\/v2\/types\/page"}],"author":[{"embeddable":true,"href":"https:\/\/www.losataos.org\/w\/wp-json\/wp\/v2\/users\/2"}],"replies":[{"embeddable":true,"href":"https:\/\/www.losataos.org\/w\/wp-json\/wp\/v2\/comments?post=3281"}],"version-history":[{"count":7,"href":"https:\/\/www.losataos.org\/w\/wp-json\/wp\/v2\/pages\/3281\/revisions"}],"predecessor-version":[{"id":32297,"href":"https:\/\/www.losataos.org\/w\/wp-json\/wp\/v2\/pages\/3281\/revisions\/32297"}],"wp:attachment":[{"href":"https:\/\/www.losataos.org\/w\/wp-json\/wp\/v2\/media?parent=3281"}],"wp:term":[{"taxonomy":"wf_page_folders","embeddable":true,"href":"https:\/\/www.losataos.org\/w\/wp-json\/wp\/v2\/wf_page_folders?post=3281"}],"curies":[{"name":"wp","href":"https:\/\/api.w.org\/{rel}","templated":true}]}}