{"id":32532,"date":"2025-03-23T20:03:57","date_gmt":"2025-03-23T20:03:57","guid":{"rendered":"https:\/\/www.losataos.org\/w\/?page_id=32532"},"modified":"2025-03-24T20:35:55","modified_gmt":"2025-03-24T20:35:55","slug":"2025-cuarta-subida-al-calvario","status":"publish","type":"page","link":"https:\/\/www.losataos.org\/w\/2025-cuarta-subida-al-calvario\/","title":{"rendered":"2025 &#8211; Cuarta Subida al Calvario"},"content":{"rendered":"\t\t<div data-elementor-type=\"wp-page\" data-elementor-id=\"32532\" class=\"elementor elementor-32532\" data-elementor-post-type=\"page\">\n\t\t\t\t\t\t<section class=\"elementor-section elementor-top-section elementor-element elementor-element-d48d5ec elementor-section-boxed elementor-section-height-default elementor-section-height-default\" data-id=\"d48d5ec\" data-element_type=\"section\" data-e-type=\"section\">\n\t\t\t\t\t\t<div class=\"elementor-container elementor-column-gap-default\">\n\t\t\t\t\t<div class=\"elementor-column elementor-col-100 elementor-top-column elementor-element elementor-element-5e611ed\" data-id=\"5e611ed\" data-element_type=\"column\" data-e-type=\"column\">\n\t\t\t<div class=\"elementor-widget-wrap elementor-element-populated\">\n\t\t\t\t\t\t<div class=\"elementor-element elementor-element-4af46f0 elementor-widget-divider--view-line elementor-widget elementor-widget-divider\" data-id=\"4af46f0\" data-element_type=\"widget\" data-e-type=\"widget\" data-widget_type=\"divider.default\">\n\t\t\t\t<div class=\"elementor-widget-container\">\n\t\t\t\t\t\t\t<div class=\"elementor-divider\">\n\t\t\t<span class=\"elementor-divider-separator\">\n\t\t\t\t\t\t<\/span>\n\t\t<\/div>\n\t\t\t\t\t\t<\/div>\n\t\t\t\t<\/div>\n\t\t\t\t\t<\/div>\n\t\t<\/div>\n\t\t\t\t\t<\/div>\n\t\t<\/section>\n\t\t\t\t<section class=\"elementor-section elementor-top-section elementor-element elementor-element-f6e16e6 elementor-section-boxed elementor-section-height-default elementor-section-height-default\" data-id=\"f6e16e6\" data-element_type=\"section\" data-e-type=\"section\">\n\t\t\t\t\t\t<div class=\"elementor-container elementor-column-gap-default\">\n\t\t\t\t\t<div class=\"elementor-column elementor-col-100 elementor-top-column elementor-element elementor-element-140c1b2\" data-id=\"140c1b2\" data-element_type=\"column\" data-e-type=\"column\">\n\t\t\t<div class=\"elementor-widget-wrap elementor-element-populated\">\n\t\t\t\t\t\t<div class=\"elementor-element elementor-element-003bf0e elementor-widget elementor-widget-heading\" data-id=\"003bf0e\" data-element_type=\"widget\" data-e-type=\"widget\" data-widget_type=\"heading.default\">\n\t\t\t\t<div class=\"elementor-widget-container\">\n\t\t\t\t\t<h2 class=\"elementor-heading-title elementor-size-default\">Cuarta subida al Calvario - Diablo Mudo<\/h2>\t\t\t\t<\/div>\n\t\t\t\t<\/div>\n\t\t\t\t\t<\/div>\n\t\t<\/div>\n\t\t\t\t\t<\/div>\n\t\t<\/section>\n\t\t\t\t<section class=\"elementor-section elementor-top-section elementor-element elementor-element-45af5b5 elementor-section-boxed elementor-section-height-default elementor-section-height-default\" data-id=\"45af5b5\" data-element_type=\"section\" data-e-type=\"section\">\n\t\t\t\t\t\t<div class=\"elementor-container elementor-column-gap-default\">\n\t\t\t\t\t<div class=\"elementor-column elementor-col-100 elementor-top-column elementor-element elementor-element-42ce85d\" data-id=\"42ce85d\" data-element_type=\"column\" data-e-type=\"column\">\n\t\t\t<div class=\"elementor-widget-wrap elementor-element-populated\">\n\t\t\t\t\t\t<div class=\"elementor-element elementor-element-8950ac8 elementor-widget-divider--view-line elementor-widget elementor-widget-divider\" data-id=\"8950ac8\" data-element_type=\"widget\" data-e-type=\"widget\" data-widget_type=\"divider.default\">\n\t\t\t\t<div class=\"elementor-widget-container\">\n\t\t\t\t\t\t\t<div class=\"elementor-divider\">\n\t\t\t<span class=\"elementor-divider-separator\">\n\t\t\t\t\t\t<\/span>\n\t\t<\/div>\n\t\t\t\t\t\t<\/div>\n\t\t\t\t<\/div>\n\t\t\t\t\t<\/div>\n\t\t<\/div>\n\t\t\t\t\t<\/div>\n\t\t<\/section>\n\t\t\t\t<section class=\"elementor-section elementor-top-section elementor-element elementor-element-c190a6f elementor-section-boxed elementor-section-height-default elementor-section-height-default\" data-id=\"c190a6f\" data-element_type=\"section\" data-e-type=\"section\">\n\t\t\t\t\t\t<div class=\"elementor-container elementor-column-gap-default\">\n\t\t\t\t\t<div class=\"elementor-column elementor-col-100 elementor-top-column elementor-element elementor-element-f0d597d\" data-id=\"f0d597d\" data-element_type=\"column\" data-e-type=\"column\">\n\t\t\t<div class=\"elementor-widget-wrap elementor-element-populated\">\n\t\t\t\t\t\t<div class=\"elementor-element elementor-element-2fcc014 elementor-widget elementor-widget-heading\" data-id=\"2fcc014\" data-element_type=\"widget\" data-e-type=\"widget\" data-widget_type=\"heading.default\">\n\t\t\t\t<div class=\"elementor-widget-container\">\n\t\t\t\t\t<h3 class=\"elementor-heading-title elementor-size-default\">Cr\u00f3nica de este s\u00e1bado de Cuaresma<\/h3>\t\t\t\t<\/div>\n\t\t\t\t<\/div>\n\t\t\t\t\t<\/div>\n\t\t<\/div>\n\t\t\t\t\t<\/div>\n\t\t<\/section>\n\t\t\t\t<section class=\"elementor-section elementor-top-section elementor-element elementor-element-6f7bfcc elementor-section-boxed elementor-section-height-default elementor-section-height-default\" data-id=\"6f7bfcc\" data-element_type=\"section\" data-e-type=\"section\">\n\t\t\t\t\t\t<div class=\"elementor-container elementor-column-gap-default\">\n\t\t\t\t\t<div class=\"elementor-column elementor-col-100 elementor-top-column elementor-element elementor-element-deaeb96\" data-id=\"deaeb96\" data-element_type=\"column\" data-e-type=\"column\">\n\t\t\t<div class=\"elementor-widget-wrap elementor-element-populated\">\n\t\t\t\t\t\t<div class=\"elementor-element elementor-element-99c0331 elementor-widget__width-initial elementor-widget elementor-widget-accordion\" data-id=\"99c0331\" data-element_type=\"widget\" data-e-type=\"widget\" data-widget_type=\"accordion.default\">\n\t\t\t\t<div class=\"elementor-widget-container\">\n\t\t\t\t\t\t\t<div class=\"elementor-accordion\">\n\t\t\t\t\t\t\t<div class=\"elementor-accordion-item\">\n\t\t\t\t\t<h4 id=\"elementor-tab-title-1611\" class=\"elementor-tab-title\" data-tab=\"1\" role=\"button\" aria-controls=\"elementor-tab-content-1611\" aria-expanded=\"false\">\n\t\t\t\t\t\t\t\t\t\t\t\t\t<span class=\"elementor-accordion-icon elementor-accordion-icon-left\" aria-hidden=\"true\">\n\t\t\t\t\t\t\t\t\t\t\t\t\t\t\t<span class=\"elementor-accordion-icon-closed\"><i class=\"fas fa-chevron-down\"><\/i><\/span>\n\t\t\t\t\t\t\t\t<span class=\"elementor-accordion-icon-opened\"><i class=\"fas fa-pen-alt\"><\/i><\/span>\n\t\t\t\t\t\t\t\t\t\t\t\t\t\t<\/span>\n\t\t\t\t\t\t\t\t\t\t\t\t<a class=\"elementor-accordion-title\" tabindex=\"0\">Cr\u00f3nica de la Cuarta Subida de Diablo Mudo<\/a>\n\t\t\t\t\t<\/h4>\n\t\t\t\t\t<div id=\"elementor-tab-content-1611\" class=\"elementor-tab-content elementor-clearfix\" data-tab=\"1\" role=\"region\" aria-labelledby=\"elementor-tab-title-1611\"><p><script> \njQuery(document).ready(function($) { \nvar delay = 100; setTimeout(function() { \n$('.elementor-tab-title').removeClass('elementor-active');\n $('.elementor-tab-content').css('display', 'none'); }, delay); \n}); \n<\/script><\/p><p style=\"text-align: center;\"><span style=\"color: #993300;\"><strong>CRONICA SUBIDA DE DIABLO MUDO<\/strong><\/span><\/p><p style=\"text-align: center;\"><strong> (22\/03\/2025)<\/strong><\/p><div><p>Ya solo quedan tres patas para que nuestra Vieja Cuaresmera se quede sin patas, y este s\u00e1bado lo vivimos con el coraz\u00f3n lleno de emoci\u00f3n y fraternidad.<\/p><p>Una semana m\u00e1s, nuestras mesas se llenaron de hermanitos, an\u00e9cdotas, sonrisas y tradici\u00f3n. La pata de esta semana fue para un hermano hist\u00f3rico de nuestra corporaci\u00f3n: Manolo Garc\u00eda, o como todos le decimos con cari\u00f1o\u2026 \u201cBuenos d\u00edas, Manol\u00edn Garc\u00eda\u201d. M\u00e1s de 40 a\u00f1os en nuestra corporaci\u00f3n, ejemplo de compromiso y de ese cari\u00f1o silencioso que se demuestra con hechos. Su pata fue acompa\u00f1ada, como no pod\u00eda ser de otra manera, por los sones de Barrab\u00e1s, dedicados con todo el arte por nuestro Grupo de M\u00fasica.<\/p><p>Durante la noche vivimos un momento muy especial cuando Antonio Gama Delgado hizo entrega de un cuadro a nuestra corporaci\u00f3n. Una imagen cargada de simbolismo: los hermanos Ataos en estaci\u00f3n de penitencia, bajo el manto de nuestra Virgen de la Gu\u00eda. El cuadro fue recibido por Manuel Cano (Miche), actual hermano mayor de la Virgen, y por nuestro presidente Rafael Ruiz. Una foto para el recuerdo y un detalle que desde ya forma parte de nuestra historia.<\/p><p>Pero si algo nos toc\u00f3 el alma fue el instante en el que nuestro hermano Jes\u00fas L\u00f3pez Gil se levant\u00f3 para pedir un minuto de silencio en memoria de su t\u00edo Joaqu\u00edn L\u00f3pez. Joaqu\u00edn pertenec\u00eda a la corporaci\u00f3n de los Ap\u00f3stoles y era hermano de Antonio L\u00f3pez P\u00e9rez y Jes\u00fas L\u00f3pez P\u00e9rez. Un gesto sencillo, pero lleno de sentimiento, que nos record\u00f3 que esta familia no olvida a los suyos.<\/p><p>Y as\u00ed, entre abrazos, recuerdos, homenajes y m\u00fasica, seguimos desgranando los s\u00e1bados de esta Cuaresma. Porque ser Atao no es solo ponerse una t\u00fanica, es vivir cada momento como si fuera el primero.<\/p><p>\u00a1VIVA LOS\u00a0ATAOS!\u00a0\ud83d\udc14\ud83d\udc14\u00bb<\/p><\/div><\/div>\n\t\t\t\t<\/div>\n\t\t\t\t\t\t\t\t<\/div>\n\t\t\t\t\t\t<\/div>\n\t\t\t\t<\/div>\n\t\t\t\t\t<\/div>\n\t\t<\/div>\n\t\t\t\t\t<\/div>\n\t\t<\/section>\n\t\t\t\t<section class=\"elementor-section elementor-top-section elementor-element elementor-element-7da6c3b elementor-section-boxed elementor-section-height-default elementor-section-height-default\" data-id=\"7da6c3b\" data-element_type=\"section\" data-e-type=\"section\">\n\t\t\t\t\t\t<div class=\"elementor-container elementor-column-gap-default\">\n\t\t\t\t\t<div class=\"elementor-column elementor-col-50 elementor-top-column elementor-element elementor-element-0925e32\" data-id=\"0925e32\" data-element_type=\"column\" data-e-type=\"column\">\n\t\t\t<div class=\"elementor-widget-wrap elementor-element-populated\">\n\t\t\t\t\t\t<div class=\"elementor-element elementor-element-dbda67e elementor-widget elementor-widget-image\" data-id=\"dbda67e\" data-element_type=\"widget\" data-e-type=\"widget\" data-widget_type=\"image.default\">\n\t\t\t\t<div class=\"elementor-widget-container\">\n\t\t\t\t\t\t\t\t\t\t\t\t\t\t\t<img fetchpriority=\"high\" decoding=\"async\" width=\"768\" height=\"1024\" src=\"https:\/\/www.losataos.org\/w\/wp-content\/uploads\/2025\/03\/TSR-Watermark-1020-768x1024.jpg\" class=\"attachment-large size-large wp-image-32535\" alt=\"\" srcset=\"https:\/\/www.losataos.org\/w\/wp-content\/uploads\/2025\/03\/TSR-Watermark-1020-768x1024.jpg 768w, https:\/\/www.losataos.org\/w\/wp-content\/uploads\/2025\/03\/TSR-Watermark-1020-225x300.jpg 225w, https:\/\/www.losataos.org\/w\/wp-content\/uploads\/2025\/03\/TSR-Watermark-1020-1152x1536.jpg 1152w, https:\/\/www.losataos.org\/w\/wp-content\/uploads\/2025\/03\/TSR-Watermark-1020.jpg 1200w\" sizes=\"(max-width: 768px) 100vw, 768px\" \/>\t\t\t\t\t\t\t\t\t\t\t\t\t\t\t<\/div>\n\t\t\t\t<\/div>\n\t\t\t\t\t<\/div>\n\t\t<\/div>\n\t\t\t\t<div class=\"elementor-column elementor-col-50 elementor-top-column elementor-element elementor-element-e630e30\" data-id=\"e630e30\" data-element_type=\"column\" data-e-type=\"column\">\n\t\t\t<div class=\"elementor-widget-wrap elementor-element-populated\">\n\t\t\t\t\t\t<div class=\"elementor-element elementor-element-de365e1 elementor-widget elementor-widget-image\" data-id=\"de365e1\" data-element_type=\"widget\" data-e-type=\"widget\" data-widget_type=\"image.default\">\n\t\t\t\t<div class=\"elementor-widget-container\">\n\t\t\t\t\t\t\t\t\t\t\t\t\t\t\t<img decoding=\"async\" width=\"771\" height=\"1024\" src=\"https:\/\/www.losataos.org\/w\/wp-content\/uploads\/2025\/03\/TSR-Watermark-997-771x1024.jpg\" class=\"attachment-large size-large wp-image-32537\" alt=\"\" srcset=\"https:\/\/www.losataos.org\/w\/wp-content\/uploads\/2025\/03\/TSR-Watermark-997-771x1024.jpg 771w, https:\/\/www.losataos.org\/w\/wp-content\/uploads\/2025\/03\/TSR-Watermark-997-226x300.jpg 226w, https:\/\/www.losataos.org\/w\/wp-content\/uploads\/2025\/03\/TSR-Watermark-997-768x1020.jpg 768w, https:\/\/www.losataos.org\/w\/wp-content\/uploads\/2025\/03\/TSR-Watermark-997-1157x1536.jpg 1157w, https:\/\/www.losataos.org\/w\/wp-content\/uploads\/2025\/03\/TSR-Watermark-997.jpg 1536w\" sizes=\"(max-width: 771px) 100vw, 771px\" \/>\t\t\t\t\t\t\t\t\t\t\t\t\t\t\t<\/div>\n\t\t\t\t<\/div>\n\t\t\t\t\t<\/div>\n\t\t<\/div>\n\t\t\t\t\t<\/div>\n\t\t<\/section>\n\t\t\t\t<section class=\"elementor-section elementor-top-section elementor-element elementor-element-23be8b2 elementor-section-boxed elementor-section-height-default elementor-section-height-default\" data-id=\"23be8b2\" data-element_type=\"section\" data-e-type=\"section\">\n\t\t\t\t\t\t<div class=\"elementor-container elementor-column-gap-default\">\n\t\t\t\t\t<div class=\"elementor-column elementor-col-50 elementor-top-column elementor-element elementor-element-244dc5a\" data-id=\"244dc5a\" data-element_type=\"column\" data-e-type=\"column\">\n\t\t\t<div class=\"elementor-widget-wrap elementor-element-populated\">\n\t\t\t\t\t\t<div class=\"elementor-element elementor-element-d2a02af elementor-widget elementor-widget-heading\" data-id=\"d2a02af\" data-element_type=\"widget\" data-e-type=\"widget\" data-widget_type=\"heading.default\">\n\t\t\t\t<div class=\"elementor-widget-container\">\n\t\t\t\t\t<h4 class=\"elementor-heading-title elementor-size-default\">Sube la pata el hermano: \nManuel Garc\u00eda Garc\u00eda<\/h4>\t\t\t\t<\/div>\n\t\t\t\t<\/div>\n\t\t\t\t\t<\/div>\n\t\t<\/div>\n\t\t\t\t<div class=\"elementor-column elementor-col-50 elementor-top-column elementor-element elementor-element-383077c\" data-id=\"383077c\" data-element_type=\"column\" data-e-type=\"column\">\n\t\t\t<div class=\"elementor-widget-wrap elementor-element-populated\">\n\t\t\t\t\t\t<div class=\"elementor-element elementor-element-17df929 elementor-widget elementor-widget-heading\" data-id=\"17df929\" data-element_type=\"widget\" data-e-type=\"widget\" data-widget_type=\"heading.default\">\n\t\t\t\t<div class=\"elementor-widget-container\">\n\t\t\t\t\t<h4 class=\"elementor-heading-title elementor-size-default\">Momentos del cuarto s\u00e1bado de Cuaresma<\/h4>\t\t\t\t<\/div>\n\t\t\t\t<\/div>\n\t\t\t\t\t<\/div>\n\t\t<\/div>\n\t\t\t\t\t<\/div>\n\t\t<\/section>\n\t\t\t\t<section class=\"elementor-section elementor-top-section elementor-element elementor-element-c8b7a72 elementor-section-boxed elementor-section-height-default elementor-section-height-default\" data-id=\"c8b7a72\" data-element_type=\"section\" data-e-type=\"section\">\n\t\t\t\t\t\t<div class=\"elementor-container elementor-column-gap-default\">\n\t\t\t\t\t<div class=\"elementor-column elementor-col-100 elementor-top-column elementor-element elementor-element-c6573ce\" data-id=\"c6573ce\" data-element_type=\"column\" data-e-type=\"column\">\n\t\t\t<div class=\"elementor-widget-wrap elementor-element-populated\">\n\t\t\t\t\t\t<div class=\"elementor-element elementor-element-6673a28 elementor-align-center elementor-widget elementor-widget-button\" data-id=\"6673a28\" data-element_type=\"widget\" data-e-type=\"widget\" data-widget_type=\"button.default\">\n\t\t\t\t<div class=\"elementor-widget-container\">\n\t\t\t\t\t\t\t\t\t<div class=\"elementor-button-wrapper\">\n\t\t\t\t\t<a class=\"elementor-button elementor-size-sm\" role=\"button\">\n\t\t\t\t\t\t<span class=\"elementor-button-content-wrapper\">\n\t\t\t\t\t\t\t\t\t<span class=\"elementor-button-text\">Pulsa sobre las im\u00e1genes para ver alb\u00fam completo<\/span>\n\t\t\t\t\t<\/span>\n\t\t\t\t\t<\/a>\n\t\t\t\t<\/div>\n\t\t\t\t\t\t\t\t<\/div>\n\t\t\t\t<\/div>\n\t\t\t\t\t<\/div>\n\t\t<\/div>\n\t\t\t\t\t<\/div>\n\t\t<\/section>\n\t\t\t\t<section class=\"elementor-section elementor-top-section elementor-element elementor-element-e2a4a0a elementor-section-boxed elementor-section-height-default elementor-section-height-default\" data-id=\"e2a4a0a\" data-element_type=\"section\" data-e-type=\"section\">\n\t\t\t\t\t\t<div class=\"elementor-container elementor-column-gap-default\">\n\t\t\t\t\t<div class=\"elementor-column elementor-col-100 elementor-top-column elementor-element elementor-element-e9a2c9d\" data-id=\"e9a2c9d\" data-element_type=\"column\" data-e-type=\"column\">\n\t\t\t<div class=\"elementor-widget-wrap elementor-element-populated\">\n\t\t\t\t\t\t<div class=\"elementor-element elementor-element-ede6106 elementor-widget elementor-widget-heading\" data-id=\"ede6106\" data-element_type=\"widget\" data-e-type=\"widget\" data-widget_type=\"heading.default\">\n\t\t\t\t<div class=\"elementor-widget-container\">\n\t\t\t\t\t<h5 class=\"elementor-heading-title elementor-size-default\"><style>      div.simple-google-photos-grid {\n        width:100%;\n        height:100%;\n        overflow:hidden;\n      }\n      div.simple-google-photos-grid-cell {\n        box-sizing:border-box;\n        padding:5px;\n        float:left;\n      }\n      img.simple-google-photos-grid-image {\n        object-fit: cover;\n      }<\/style><div class=\"simple-google-photos-grid\"><div class=\"simple-google-photos-grid-cell\" style=\"width:25%\"><a href=\"https:\/\/photos.app.goo.gl\/32hSFkeoDGyKkhYo9\" target=\"_blank\"><img decoding=\"async\" src=\"https:\/\/lh3.googleusercontent.com\/pw\/AP1GczPTx1Cxyn7ETqOCurlo_Asqe0PwUFR7f2KqC5D0W3aA2Jw8wLdaSJCyPMCMfhR6pGvVd-unbLbNFflGp-9CJgz9T2c5g_717pqOKDzkjcv1rqLHZvOf\" alt=\"Google Photo\" class=\"simple-google-photos-grid-image\"><\/a><\/div><div class=\"simple-google-photos-grid-cell\" style=\"width:25%\"><a href=\"https:\/\/photos.app.goo.gl\/32hSFkeoDGyKkhYo9\" target=\"_blank\"><img decoding=\"async\" src=\"https:\/\/lh3.googleusercontent.com\/pw\/AP1GczO9q37YeOOwmHq5JrXrGdUVKhH8KY-o4aQ4PTPwAyebtd_2d8vFTGiEc-7DD94o8iOtZhEdgs1_zJDxAyWsvzrupnLtQ_KpUqE_HWZgdlrJ9oGHY43N\" alt=\"Google Photo\" class=\"simple-google-photos-grid-image\"><\/a><\/div><div class=\"simple-google-photos-grid-cell\" style=\"width:25%\"><a href=\"https:\/\/photos.app.goo.gl\/32hSFkeoDGyKkhYo9\" target=\"_blank\"><img decoding=\"async\" src=\"https:\/\/lh3.googleusercontent.com\/pw\/AP1GczP5hjdfQI9lnMnhlNZhn4ixf8A4bQu6emhaudyTXSHaiEwTtBmq9aqEOPI55ZmotAUxYM4FeQ2EFSMxIEimwY415IgdDOuk3OZ6NyiegEWDtojqkwHy\" alt=\"Google Photo\" class=\"simple-google-photos-grid-image\"><\/a><\/div><div class=\"simple-google-photos-grid-cell\" style=\"width:25%\"><a href=\"https:\/\/photos.app.goo.gl\/32hSFkeoDGyKkhYo9\" target=\"_blank\"><img decoding=\"async\" src=\"https:\/\/lh3.googleusercontent.com\/pw\/AP1GczNyJj2wDCBe-foZnpbtPW7xCQxQfJrgeggeLSrFzWhQj30ti8kWOgiApuLtSAjoEq5XNySwRjbKsO-uJrRZ4Nxj8XuKhCvTxGjXFS8Wil23S7HPIVtF\" alt=\"Google Photo\" class=\"simple-google-photos-grid-image\"><\/a><\/div><div class=\"simple-google-photos-grid-cell\" style=\"width:25%\"><a href=\"https:\/\/photos.app.goo.gl\/32hSFkeoDGyKkhYo9\" target=\"_blank\"><img decoding=\"async\" src=\"https:\/\/lh3.googleusercontent.com\/pw\/AP1GczMevGtVwlWZER4LBIqLhyMnPUi7Nxw3nh8YP8ecynUl818ZxnV-5AbOytdw4JaPsdfHl6-E7va_6L41Z1hgqXC-OGPZXcqrV4oReyFFP8XATeQ6lqj3\" alt=\"Google Photo\" class=\"simple-google-photos-grid-image\"><\/a><\/div><div class=\"simple-google-photos-grid-cell\" style=\"width:25%\"><a href=\"https:\/\/photos.app.goo.gl\/32hSFkeoDGyKkhYo9\" target=\"_blank\"><img decoding=\"async\" src=\"https:\/\/lh3.googleusercontent.com\/pw\/AP1GczO-zOWP391BHgA-6UfPFfutXCbgxSlmi2aNCmrRPBF4ZrnbLs_6sYyMSSEk82XNznQNovurezH9efhGiVKszvapJ66bWqZqkhirutNVmxpgQ0CFaqbw\" alt=\"Google Photo\" class=\"simple-google-photos-grid-image\"><\/a><\/div><div class=\"simple-google-photos-grid-cell\" style=\"width:25%\"><a href=\"https:\/\/photos.app.goo.gl\/32hSFkeoDGyKkhYo9\" target=\"_blank\"><img decoding=\"async\" src=\"https:\/\/lh3.googleusercontent.com\/pw\/AP1GczORbMTilbVDPcvTs7sH7b8JnxRwA05Hnp8fiiBEV2J3Ug4w4C0cldIXgqv0Dw18ycsNnohK5US7SkkD7zlI3Uu_N18rdi2asfUfmulo1eDLusMJ3OrF\" alt=\"Google Photo\" class=\"simple-google-photos-grid-image\"><\/a><\/div><div class=\"simple-google-photos-grid-cell\" style=\"width:25%\"><a href=\"https:\/\/photos.app.goo.gl\/32hSFkeoDGyKkhYo9\" target=\"_blank\"><img decoding=\"async\" src=\"https:\/\/lh3.googleusercontent.com\/pw\/AP1GczPdpqmzQBlWlxwRoH_FfZeHH09wzC2RYHHXqk78YdE8ZB3t4Zxv6Vi2eUUyhuS7W4e2HUfaPxJPwpj33LChP9X_Co9Srkmtbf_XOAHK3XuqFSjsyflD\" alt=\"Google Photo\" class=\"simple-google-photos-grid-image\"><\/a><\/div><\/div><script>      (function() {\n        if( window.jQuery ){\n          jQuery( document ).ready(function() {\n            jQuery(\"div.simple-google-photos-grid\").each(function(i){\n              var container = jQuery(this);\n              var width = container.find(\"div.simple-google-photos-grid-cell\").first().width();\n              container.find(\"img.simple-google-photos-grid-image\").css(\"width\", width).css(\"height\", width);\n            });\n          });\n        }\n      })();<\/script><\/h5>\t\t\t\t<\/div>\n\t\t\t\t<\/div>\n\t\t\t\t\t<\/div>\n\t\t<\/div>\n\t\t\t\t\t<\/div>\n\t\t<\/section>\n\t\t\t\t<section class=\"elementor-section elementor-top-section elementor-element elementor-element-12baaad elementor-section-boxed elementor-section-height-default elementor-section-height-default\" data-id=\"12baaad\" data-element_type=\"section\" data-e-type=\"section\">\n\t\t\t\t\t\t<div class=\"elementor-container elementor-column-gap-default\">\n\t\t\t\t\t<div class=\"elementor-column elementor-col-100 elementor-top-column elementor-element elementor-element-fd201fc\" data-id=\"fd201fc\" data-element_type=\"column\" data-e-type=\"column\">\n\t\t\t<div class=\"elementor-widget-wrap elementor-element-populated\">\n\t\t\t\t\t\t<div class=\"elementor-element elementor-element-0803021 elementor-widget elementor-widget-html\" data-id=\"0803021\" data-element_type=\"widget\" data-e-type=\"widget\" data-widget_type=\"html.default\">\n\t\t\t\t<div class=\"elementor-widget-container\">\n\t\t\t\t\t<script> \r\njQuery(document).ready(function($) { \r\nvar delay = 100; setTimeout(function() { \r\n$('.elementor-tab-title').removeClass('elementor-active');\r\n $('.elementor-tab-content').css('display', 'none'); }, delay); \r\n}); \r\n<\/script>\t\t\t\t<\/div>\n\t\t\t\t<\/div>\n\t\t\t\t\t<\/div>\n\t\t<\/div>\n\t\t\t\t\t<\/div>\n\t\t<\/section>\n\t\t\t\t<section class=\"elementor-section elementor-top-section elementor-element elementor-element-b29ccda elementor-section-boxed elementor-section-height-default elementor-section-height-default\" data-id=\"b29ccda\" data-element_type=\"section\" data-e-type=\"section\">\n\t\t\t\t\t\t<div class=\"elementor-container elementor-column-gap-default\">\n\t\t\t\t\t<div class=\"elementor-column elementor-col-100 elementor-top-column elementor-element elementor-element-d287c80\" data-id=\"d287c80\" data-element_type=\"column\" data-e-type=\"column\">\n\t\t\t<div class=\"elementor-widget-wrap\">\n\t\t\t\t\t\t\t<\/div>\n\t\t<\/div>\n\t\t\t\t\t<\/div>\n\t\t<\/section>\n\t\t\t\t<\/div>\n\t\t","protected":false},"excerpt":{"rendered":"<p>Cuarta subida al Calvario &#8211; Diablo Mudo Cr\u00f3nica de este s\u00e1bado de Cuaresma Cr\u00f3nica de la Cuarta Subida de Diablo Mudo CRONICA SUBIDA DE DIABLO MUDO (22\/03\/2025) Ya solo quedan tres patas para que nuestra Vieja Cuaresmera se quede sin patas, y este s\u00e1bado lo vivimos con el coraz\u00f3n lleno de emoci\u00f3n y fraternidad. Una&hellip;&nbsp;<a href=\"https:\/\/www.losataos.org\/w\/2025-cuarta-subida-al-calvario\/\" rel=\"bookmark\">Leer m\u00e1s &raquo;<span class=\"screen-reader-text\">2025 &#8211; Cuarta Subida al Calvario<\/span><\/a><\/p>\n","protected":false},"author":2,"featured_media":0,"parent":0,"menu_order":0,"comment_status":"closed","ping_status":"closed","template":"","meta":{"neve_meta_sidebar":"","neve_meta_container":"","neve_meta_enable_content_width":"off","neve_meta_content_width":100,"neve_meta_title_alignment":"","neve_meta_author_avatar":"","neve_post_elements_order":"","neve_meta_disable_header":"","neve_meta_disable_footer":"","neve_meta_disable_title":"","footnotes":""},"wf_page_folders":[731],"class_list":["post-32532","page","type-page","status-publish","hentry"],"jetpack_sharing_enabled":true,"_links":{"self":[{"href":"https:\/\/www.losataos.org\/w\/wp-json\/wp\/v2\/pages\/32532","targetHints":{"allow":["GET"]}}],"collection":[{"href":"https:\/\/www.losataos.org\/w\/wp-json\/wp\/v2\/pages"}],"about":[{"href":"https:\/\/www.losataos.org\/w\/wp-json\/wp\/v2\/types\/page"}],"author":[{"embeddable":true,"href":"https:\/\/www.losataos.org\/w\/wp-json\/wp\/v2\/users\/2"}],"replies":[{"embeddable":true,"href":"https:\/\/www.losataos.org\/w\/wp-json\/wp\/v2\/comments?post=32532"}],"version-history":[{"count":13,"href":"https:\/\/www.losataos.org\/w\/wp-json\/wp\/v2\/pages\/32532\/revisions"}],"predecessor-version":[{"id":32582,"href":"https:\/\/www.losataos.org\/w\/wp-json\/wp\/v2\/pages\/32532\/revisions\/32582"}],"wp:attachment":[{"href":"https:\/\/www.losataos.org\/w\/wp-json\/wp\/v2\/media?parent=32532"}],"wp:term":[{"taxonomy":"wf_page_folders","embeddable":true,"href":"https:\/\/www.losataos.org\/w\/wp-json\/wp\/v2\/wf_page_folders?post=32532"}],"curies":[{"name":"wp","href":"https:\/\/api.w.org\/{rel}","templated":true}]}}