{"id":32315,"date":"2025-03-09T15:35:37","date_gmt":"2025-03-09T15:35:37","guid":{"rendered":"https:\/\/www.losataos.org\/w\/?page_id=32315"},"modified":"2025-03-10T22:06:55","modified_gmt":"2025-03-10T22:06:55","slug":"2025-segunda-subida-al-calvario","status":"publish","type":"page","link":"https:\/\/www.losataos.org\/w\/2025-segunda-subida-al-calvario\/","title":{"rendered":"2025 &#8211; Segunda Subida al Calvario"},"content":{"rendered":"\t\t<div data-elementor-type=\"wp-page\" data-elementor-id=\"32315\" class=\"elementor elementor-32315\" data-elementor-post-type=\"page\">\n\t\t\t\t\t\t<section class=\"elementor-section elementor-top-section elementor-element elementor-element-d48d5ec elementor-section-boxed elementor-section-height-default elementor-section-height-default\" data-id=\"d48d5ec\" data-element_type=\"section\" data-e-type=\"section\">\n\t\t\t\t\t\t<div class=\"elementor-container elementor-column-gap-default\">\n\t\t\t\t\t<div class=\"elementor-column elementor-col-100 elementor-top-column elementor-element elementor-element-5e611ed\" data-id=\"5e611ed\" data-element_type=\"column\" data-e-type=\"column\">\n\t\t\t<div class=\"elementor-widget-wrap elementor-element-populated\">\n\t\t\t\t\t\t<div class=\"elementor-element elementor-element-4af46f0 elementor-widget-divider--view-line elementor-widget elementor-widget-divider\" data-id=\"4af46f0\" data-element_type=\"widget\" data-e-type=\"widget\" data-widget_type=\"divider.default\">\n\t\t\t\t<div class=\"elementor-widget-container\">\n\t\t\t\t\t\t\t<div class=\"elementor-divider\">\n\t\t\t<span class=\"elementor-divider-separator\">\n\t\t\t\t\t\t<\/span>\n\t\t<\/div>\n\t\t\t\t\t\t<\/div>\n\t\t\t\t<\/div>\n\t\t\t\t\t<\/div>\n\t\t<\/div>\n\t\t\t\t\t<\/div>\n\t\t<\/section>\n\t\t\t\t<section class=\"elementor-section elementor-top-section elementor-element elementor-element-f6e16e6 elementor-section-boxed elementor-section-height-default elementor-section-height-default\" data-id=\"f6e16e6\" data-element_type=\"section\" data-e-type=\"section\">\n\t\t\t\t\t\t<div class=\"elementor-container elementor-column-gap-default\">\n\t\t\t\t\t<div class=\"elementor-column elementor-col-100 elementor-top-column elementor-element elementor-element-140c1b2\" data-id=\"140c1b2\" data-element_type=\"column\" data-e-type=\"column\">\n\t\t\t<div class=\"elementor-widget-wrap elementor-element-populated\">\n\t\t\t\t\t\t<div class=\"elementor-element elementor-element-003bf0e elementor-widget elementor-widget-heading\" data-id=\"003bf0e\" data-element_type=\"widget\" data-e-type=\"widget\" data-widget_type=\"heading.default\">\n\t\t\t\t<div class=\"elementor-widget-container\">\n\t\t\t\t\t<h2 class=\"elementor-heading-title elementor-size-default\">Segunda subida al Calvario - Tentaciones<\/h2>\t\t\t\t<\/div>\n\t\t\t\t<\/div>\n\t\t\t\t\t<\/div>\n\t\t<\/div>\n\t\t\t\t\t<\/div>\n\t\t<\/section>\n\t\t\t\t<section class=\"elementor-section elementor-top-section elementor-element elementor-element-45af5b5 elementor-section-boxed elementor-section-height-default elementor-section-height-default\" data-id=\"45af5b5\" data-element_type=\"section\" data-e-type=\"section\">\n\t\t\t\t\t\t<div class=\"elementor-container elementor-column-gap-default\">\n\t\t\t\t\t<div class=\"elementor-column elementor-col-100 elementor-top-column elementor-element elementor-element-42ce85d\" data-id=\"42ce85d\" data-element_type=\"column\" data-e-type=\"column\">\n\t\t\t<div class=\"elementor-widget-wrap elementor-element-populated\">\n\t\t\t\t\t\t<div class=\"elementor-element elementor-element-8950ac8 elementor-widget-divider--view-line elementor-widget elementor-widget-divider\" data-id=\"8950ac8\" data-element_type=\"widget\" data-e-type=\"widget\" data-widget_type=\"divider.default\">\n\t\t\t\t<div class=\"elementor-widget-container\">\n\t\t\t\t\t\t\t<div class=\"elementor-divider\">\n\t\t\t<span class=\"elementor-divider-separator\">\n\t\t\t\t\t\t<\/span>\n\t\t<\/div>\n\t\t\t\t\t\t<\/div>\n\t\t\t\t<\/div>\n\t\t\t\t\t<\/div>\n\t\t<\/div>\n\t\t\t\t\t<\/div>\n\t\t<\/section>\n\t\t\t\t<section class=\"elementor-section elementor-top-section elementor-element elementor-element-c190a6f elementor-section-boxed elementor-section-height-default elementor-section-height-default\" data-id=\"c190a6f\" data-element_type=\"section\" data-e-type=\"section\">\n\t\t\t\t\t\t<div class=\"elementor-container elementor-column-gap-default\">\n\t\t\t\t\t<div class=\"elementor-column elementor-col-100 elementor-top-column elementor-element elementor-element-f0d597d\" data-id=\"f0d597d\" data-element_type=\"column\" data-e-type=\"column\">\n\t\t\t<div class=\"elementor-widget-wrap elementor-element-populated\">\n\t\t\t\t\t\t<div class=\"elementor-element elementor-element-2fcc014 elementor-widget elementor-widget-heading\" data-id=\"2fcc014\" data-element_type=\"widget\" data-e-type=\"widget\" data-widget_type=\"heading.default\">\n\t\t\t\t<div class=\"elementor-widget-container\">\n\t\t\t\t\t<h3 class=\"elementor-heading-title elementor-size-default\">Cr\u00f3nica de este s\u00e1bado de Cuaresma<\/h3>\t\t\t\t<\/div>\n\t\t\t\t<\/div>\n\t\t\t\t\t<\/div>\n\t\t<\/div>\n\t\t\t\t\t<\/div>\n\t\t<\/section>\n\t\t\t\t<section class=\"elementor-section elementor-top-section elementor-element elementor-element-6f7bfcc elementor-section-boxed elementor-section-height-default elementor-section-height-default\" data-id=\"6f7bfcc\" data-element_type=\"section\" data-e-type=\"section\">\n\t\t\t\t\t\t<div class=\"elementor-container elementor-column-gap-default\">\n\t\t\t\t\t<div class=\"elementor-column elementor-col-100 elementor-top-column elementor-element elementor-element-deaeb96\" data-id=\"deaeb96\" data-element_type=\"column\" data-e-type=\"column\">\n\t\t\t<div class=\"elementor-widget-wrap elementor-element-populated\">\n\t\t\t\t\t\t<div class=\"elementor-element elementor-element-99c0331 elementor-widget__width-initial elementor-widget elementor-widget-accordion\" data-id=\"99c0331\" data-element_type=\"widget\" data-e-type=\"widget\" data-widget_type=\"accordion.default\">\n\t\t\t\t<div class=\"elementor-widget-container\">\n\t\t\t\t\t\t\t<div class=\"elementor-accordion\">\n\t\t\t\t\t\t\t<div class=\"elementor-accordion-item\">\n\t\t\t\t\t<h4 id=\"elementor-tab-title-1611\" class=\"elementor-tab-title\" data-tab=\"1\" role=\"button\" aria-controls=\"elementor-tab-content-1611\" aria-expanded=\"false\">\n\t\t\t\t\t\t\t\t\t\t\t\t\t<span class=\"elementor-accordion-icon elementor-accordion-icon-left\" aria-hidden=\"true\">\n\t\t\t\t\t\t\t\t\t\t\t\t\t\t\t<span class=\"elementor-accordion-icon-closed\"><i class=\"fas fa-chevron-down\"><\/i><\/span>\n\t\t\t\t\t\t\t\t<span class=\"elementor-accordion-icon-opened\"><i class=\"fas fa-pen-alt\"><\/i><\/span>\n\t\t\t\t\t\t\t\t\t\t\t\t\t\t<\/span>\n\t\t\t\t\t\t\t\t\t\t\t\t<a class=\"elementor-accordion-title\" tabindex=\"0\">Cr\u00f3nica de la Segunda Subida de Carvanal <\/a>\n\t\t\t\t\t<\/h4>\n\t\t\t\t\t<div id=\"elementor-tab-content-1611\" class=\"elementor-tab-content elementor-clearfix\" data-tab=\"1\" role=\"region\" aria-labelledby=\"elementor-tab-title-1611\"><p><script> \njQuery(document).ready(function($) { \nvar delay = 100; setTimeout(function() { \n$('.elementor-tab-title').removeClass('elementor-active');\n $('.elementor-tab-content').css('display', 'none'); }, delay); \n}); \n<\/script><\/p><p style=\"text-align: center;\"><span style=\"color: #993300;\"><strong>CRONICA SUBIDA DE CARNAVAL<\/strong><\/span><\/p><p style=\"text-align: center;\"><strong> (08\/03\/2025)<\/strong><\/p><div><p>Un s\u00e1bado m\u00e1s pasa y ayer descolgamos la pata del S\u00e1bado de Tentaciones.<\/p><p>Este S\u00e1bado es uno de los m\u00e1s entra\u00f1ables para nuestra corporaci\u00f3n, ya que desde 2006 se viene celebrando un d\u00eda de total hermandad con nuestros hermanos de Las Potencias del Alma. Desde el mediod\u00eda donde compartimos mesa en Las Potencias con las Coles de Francis Pozo. Y por la noche con nuestra subida al Calvario.<\/p><p>La pata de nuestra corporaci\u00f3n fue para los que nos llevan en volandas cada s\u00e1bado, nuestro grupo de m\u00fasica, levantada por nuestro jefe de grupo, Ismael Ure\u00f1a.<\/p><p>Por otro lado, la pata de las Potencias fue entrada por su presidente Manuel Estrada \u00abChango\u00bb para nuestro hermano Alejandro Mor\u00f3n.<\/p><p>Por \u00faltimo, queremos dejar por aqu\u00ed la bonita poes\u00eda con la que nos deleit\u00f3 el hermanito de las Potencias, Francisco Jose Perea Almeda.<\/p><p style=\"text-align: center;\">MIS SIMBOLOS<br \/>Te puedes meter conmigo<br \/>O con mi manera de vivir<br \/>De c\u00f3mo pronuncio e explico<br \/>O de mi manera de sentir<\/p><p style=\"text-align: center;\">Pero no te metas con mis s\u00edmbolos<br \/>Estandarte de mis pasiones<br \/>No lo hagas con la muerte y el demonio<br \/>Aunque de ni\u00f1o fueran mi temores<\/p><p style=\"text-align: center;\">No te metas con la bolsa de Judas<br \/>Con la espada de Pablo<br \/>Pues enfrente me tendr\u00edas<br \/>A m\u00ed, o a cualquier \u00abAtao\u00bb<\/p><p style=\"text-align: center;\">No te metas con mi t\u00f3rtola<br \/>S\u00edmbolo de mi \u00abMemoria\u00bb<br \/>Ni con el ojo de Dios que \u00abCorona\u00bb<br \/>El \u00abEntendimiento\u00bb de mi persona<\/p><p style=\"text-align: center;\">No te metas con el \u00abBarrabas\u00bb<br \/>Ni su mirada desafiante al pueblo<br \/>Lo que significa jam\u00e1s entender\u00e1s<br \/>Ni tampoco con el \u00abGallo\u00bb de San Pedro<\/p><p style=\"text-align: center;\">No te metas con mi \u00abVieja Cuaresmera\u00bb<br \/>Pues mis pasiones \u00abmananteras\u00bb nacieron<br \/>De una humilde abuelita como ella<br \/>Que humilde cristiano me hicieron<\/p><p style=\"text-align: center;\">No te metas con esa cajita de \u00abVoluntad\u00bb<br \/>Que contiene este pobre coraz\u00f3n<br \/>Para derrochar fraternidad y hermandad<br \/>Aqu\u00ed con mis hermanos en reuni\u00f3n<\/p><\/div><\/div>\n\t\t\t\t<\/div>\n\t\t\t\t\t\t\t\t<\/div>\n\t\t\t\t\t\t<\/div>\n\t\t\t\t<\/div>\n\t\t\t\t\t<\/div>\n\t\t<\/div>\n\t\t\t\t\t<\/div>\n\t\t<\/section>\n\t\t\t\t<section class=\"elementor-section elementor-top-section elementor-element elementor-element-7da6c3b elementor-section-boxed elementor-section-height-default elementor-section-height-default\" data-id=\"7da6c3b\" data-element_type=\"section\" data-e-type=\"section\">\n\t\t\t\t\t\t<div class=\"elementor-container elementor-column-gap-default\">\n\t\t\t\t\t<div class=\"elementor-column elementor-col-50 elementor-top-column elementor-element elementor-element-0925e32\" data-id=\"0925e32\" data-element_type=\"column\" data-e-type=\"column\">\n\t\t\t<div class=\"elementor-widget-wrap elementor-element-populated\">\n\t\t\t\t\t\t<div class=\"elementor-element elementor-element-dbda67e elementor-widget elementor-widget-image\" data-id=\"dbda67e\" data-element_type=\"widget\" data-e-type=\"widget\" data-widget_type=\"image.default\">\n\t\t\t\t<div class=\"elementor-widget-container\">\n\t\t\t\t\t\t\t\t\t\t\t\t\t\t\t<img fetchpriority=\"high\" decoding=\"async\" width=\"897\" height=\"1024\" src=\"https:\/\/www.losataos.org\/w\/wp-content\/uploads\/2025\/03\/TSR-Watermark-390-1-897x1024.jpg\" class=\"attachment-large size-large wp-image-32320\" alt=\"\" srcset=\"https:\/\/www.losataos.org\/w\/wp-content\/uploads\/2025\/03\/TSR-Watermark-390-1-897x1024.jpg 897w, https:\/\/www.losataos.org\/w\/wp-content\/uploads\/2025\/03\/TSR-Watermark-390-1-263x300.jpg 263w, https:\/\/www.losataos.org\/w\/wp-content\/uploads\/2025\/03\/TSR-Watermark-390-1-768x877.jpg 768w, https:\/\/www.losataos.org\/w\/wp-content\/uploads\/2025\/03\/TSR-Watermark-390-1-1345x1536.jpg 1345w, https:\/\/www.losataos.org\/w\/wp-content\/uploads\/2025\/03\/TSR-Watermark-390-1.jpg 1401w\" sizes=\"(max-width: 897px) 100vw, 897px\" \/>\t\t\t\t\t\t\t\t\t\t\t\t\t\t\t<\/div>\n\t\t\t\t<\/div>\n\t\t\t\t\t<\/div>\n\t\t<\/div>\n\t\t\t\t<div class=\"elementor-column elementor-col-50 elementor-top-column elementor-element elementor-element-e630e30\" data-id=\"e630e30\" data-element_type=\"column\" data-e-type=\"column\">\n\t\t\t<div class=\"elementor-widget-wrap elementor-element-populated\">\n\t\t\t\t\t\t<div class=\"elementor-element elementor-element-de365e1 elementor-widget elementor-widget-image\" data-id=\"de365e1\" data-element_type=\"widget\" data-e-type=\"widget\" data-widget_type=\"image.default\">\n\t\t\t\t<div class=\"elementor-widget-container\">\n\t\t\t\t\t\t\t\t\t\t\t\t\t\t\t<img decoding=\"async\" width=\"771\" height=\"1024\" src=\"https:\/\/www.losataos.org\/w\/wp-content\/uploads\/2025\/03\/TSR-Watermark-398-771x1024.jpg\" class=\"attachment-large size-large wp-image-32321\" alt=\"\" srcset=\"https:\/\/www.losataos.org\/w\/wp-content\/uploads\/2025\/03\/TSR-Watermark-398-771x1024.jpg 771w, https:\/\/www.losataos.org\/w\/wp-content\/uploads\/2025\/03\/TSR-Watermark-398-226x300.jpg 226w, https:\/\/www.losataos.org\/w\/wp-content\/uploads\/2025\/03\/TSR-Watermark-398-768x1021.jpg 768w, https:\/\/www.losataos.org\/w\/wp-content\/uploads\/2025\/03\/TSR-Watermark-398-1156x1536.jpg 1156w, https:\/\/www.losataos.org\/w\/wp-content\/uploads\/2025\/03\/TSR-Watermark-398.jpg 1204w\" sizes=\"(max-width: 771px) 100vw, 771px\" \/>\t\t\t\t\t\t\t\t\t\t\t\t\t\t\t<\/div>\n\t\t\t\t<\/div>\n\t\t\t\t\t<\/div>\n\t\t<\/div>\n\t\t\t\t\t<\/div>\n\t\t<\/section>\n\t\t\t\t<section class=\"elementor-section elementor-top-section elementor-element elementor-element-23be8b2 elementor-section-boxed elementor-section-height-default elementor-section-height-default\" data-id=\"23be8b2\" data-element_type=\"section\" data-e-type=\"section\">\n\t\t\t\t\t\t<div class=\"elementor-container elementor-column-gap-default\">\n\t\t\t\t\t<div class=\"elementor-column elementor-col-50 elementor-top-column elementor-element elementor-element-244dc5a\" data-id=\"244dc5a\" data-element_type=\"column\" data-e-type=\"column\">\n\t\t\t<div class=\"elementor-widget-wrap elementor-element-populated\">\n\t\t\t\t\t\t<div class=\"elementor-element elementor-element-d2a02af elementor-widget elementor-widget-heading\" data-id=\"d2a02af\" data-element_type=\"widget\" data-e-type=\"widget\" data-widget_type=\"heading.default\">\n\t\t\t\t<div class=\"elementor-widget-container\">\n\t\t\t\t\t<h4 class=\"elementor-heading-title elementor-size-default\">Sube la pata el hermano: \nIsmael Ure\u00f1a Ortu\u00f1o<\/h4>\t\t\t\t<\/div>\n\t\t\t\t<\/div>\n\t\t\t\t\t<\/div>\n\t\t<\/div>\n\t\t\t\t<div class=\"elementor-column elementor-col-50 elementor-top-column elementor-element elementor-element-383077c\" data-id=\"383077c\" data-element_type=\"column\" data-e-type=\"column\">\n\t\t\t<div class=\"elementor-widget-wrap elementor-element-populated\">\n\t\t\t\t\t\t<div class=\"elementor-element elementor-element-17df929 elementor-widget elementor-widget-heading\" data-id=\"17df929\" data-element_type=\"widget\" data-e-type=\"widget\" data-widget_type=\"heading.default\">\n\t\t\t\t<div class=\"elementor-widget-container\">\n\t\t\t\t\t<h4 class=\"elementor-heading-title elementor-size-default\">Momentos del segundo s\u00e1bado de Cuaresma<\/h4>\t\t\t\t<\/div>\n\t\t\t\t<\/div>\n\t\t\t\t\t<\/div>\n\t\t<\/div>\n\t\t\t\t\t<\/div>\n\t\t<\/section>\n\t\t\t\t<section class=\"elementor-section elementor-top-section elementor-element elementor-element-c8b7a72 elementor-section-boxed elementor-section-height-default elementor-section-height-default\" data-id=\"c8b7a72\" data-element_type=\"section\" data-e-type=\"section\">\n\t\t\t\t\t\t<div class=\"elementor-container elementor-column-gap-default\">\n\t\t\t\t\t<div class=\"elementor-column elementor-col-100 elementor-top-column elementor-element elementor-element-c6573ce\" data-id=\"c6573ce\" data-element_type=\"column\" data-e-type=\"column\">\n\t\t\t<div class=\"elementor-widget-wrap elementor-element-populated\">\n\t\t\t\t\t\t<div class=\"elementor-element elementor-element-6673a28 elementor-align-center elementor-widget elementor-widget-button\" data-id=\"6673a28\" data-element_type=\"widget\" data-e-type=\"widget\" data-widget_type=\"button.default\">\n\t\t\t\t<div class=\"elementor-widget-container\">\n\t\t\t\t\t\t\t\t\t<div class=\"elementor-button-wrapper\">\n\t\t\t\t\t<a class=\"elementor-button elementor-size-sm\" role=\"button\">\n\t\t\t\t\t\t<span class=\"elementor-button-content-wrapper\">\n\t\t\t\t\t\t\t\t\t<span class=\"elementor-button-text\">Pulsa sobre las im\u00e1genes para ver alb\u00fam completo<\/span>\n\t\t\t\t\t<\/span>\n\t\t\t\t\t<\/a>\n\t\t\t\t<\/div>\n\t\t\t\t\t\t\t\t<\/div>\n\t\t\t\t<\/div>\n\t\t\t\t\t<\/div>\n\t\t<\/div>\n\t\t\t\t\t<\/div>\n\t\t<\/section>\n\t\t\t\t<section class=\"elementor-section elementor-top-section elementor-element elementor-element-e2a4a0a elementor-section-boxed elementor-section-height-default elementor-section-height-default\" data-id=\"e2a4a0a\" data-element_type=\"section\" data-e-type=\"section\">\n\t\t\t\t\t\t<div class=\"elementor-container elementor-column-gap-default\">\n\t\t\t\t\t<div class=\"elementor-column elementor-col-100 elementor-top-column elementor-element elementor-element-e9a2c9d\" data-id=\"e9a2c9d\" data-element_type=\"column\" data-e-type=\"column\">\n\t\t\t<div class=\"elementor-widget-wrap elementor-element-populated\">\n\t\t\t\t\t\t<div class=\"elementor-element elementor-element-ede6106 elementor-widget elementor-widget-heading\" data-id=\"ede6106\" data-element_type=\"widget\" data-e-type=\"widget\" data-widget_type=\"heading.default\">\n\t\t\t\t<div class=\"elementor-widget-container\">\n\t\t\t\t\t<h5 class=\"elementor-heading-title elementor-size-default\"><style>      div.simple-google-photos-grid {\n        width:100%;\n        height:100%;\n        overflow:hidden;\n      }\n      div.simple-google-photos-grid-cell {\n        box-sizing:border-box;\n        padding:5px;\n        float:left;\n      }\n      img.simple-google-photos-grid-image {\n        object-fit: cover;\n      }<\/style><div class=\"simple-google-photos-grid\"><div class=\"simple-google-photos-grid-cell\" style=\"width:25%\"><a href=\"https:\/\/photos.app.goo.gl\/wuDmZLCwqMUypupS9\" target=\"_blank\"><img decoding=\"async\" src=\"https:\/\/lh3.googleusercontent.com\/pw\/AP1GczNXvf78BC_yyAG-AlQ688x5uq1ZI1MxudDPLb6iFNp9Nxgw0A39YEQCY5rJx-WDMxtwqIigVYzvsME-y0rLGxksz2n9bcODbKELzB2i2_MagbS1sMct\" alt=\"Google Photo\" class=\"simple-google-photos-grid-image\"><\/a><\/div><div class=\"simple-google-photos-grid-cell\" style=\"width:25%\"><a href=\"https:\/\/photos.app.goo.gl\/wuDmZLCwqMUypupS9\" target=\"_blank\"><img decoding=\"async\" src=\"https:\/\/lh3.googleusercontent.com\/pw\/AP1GczP6f8F6zPWrvF-__RnFTR3KgXdTJZ1QCSx_fK14qmHIqooBq0sXsgFdZ_IlhBnlVc0M1OzjfvOhDwk_vJthbEcZkSWJY7AzzAL_pqQldG4cD84ysJ-l\" alt=\"Google Photo\" class=\"simple-google-photos-grid-image\"><\/a><\/div><div class=\"simple-google-photos-grid-cell\" style=\"width:25%\"><a href=\"https:\/\/photos.app.goo.gl\/wuDmZLCwqMUypupS9\" target=\"_blank\"><img decoding=\"async\" src=\"https:\/\/lh3.googleusercontent.com\/pw\/AP1GczNc-8GTt-N6Wkuem9ogmaLUv-pV2n_nPwRyIwl_i1nq_229N7f-DIdtJxp5ki2RMCjYFO1LdynxQ5wh88GLEnGSllitfiBVj_ADLCPv_ztSuyjeNzws\" alt=\"Google Photo\" class=\"simple-google-photos-grid-image\"><\/a><\/div><div class=\"simple-google-photos-grid-cell\" style=\"width:25%\"><a href=\"https:\/\/photos.app.goo.gl\/wuDmZLCwqMUypupS9\" target=\"_blank\"><img decoding=\"async\" src=\"https:\/\/lh3.googleusercontent.com\/pw\/AP1GczMWNe05GtjzCBpagOapghAFhNziFjyuwj5G_C8OL4y0GoAdOd5SAnpLCCF2rAQJ5Z2PW1uzFtcKFCYqbi0J54nPR4NN64WSmF9eLq3AbKF3_nWCJpys\" alt=\"Google Photo\" class=\"simple-google-photos-grid-image\"><\/a><\/div><div class=\"simple-google-photos-grid-cell\" style=\"width:25%\"><a href=\"https:\/\/photos.app.goo.gl\/wuDmZLCwqMUypupS9\" target=\"_blank\"><img decoding=\"async\" src=\"https:\/\/lh3.googleusercontent.com\/pw\/AP1GczN5jw0BquftUCFhQToME6BGje9m-Fnfc9_mLoCDb02ZfU8JEvMlZ-fqDvFtQuXYZt1jzdeUGB4z2mbcrfbioRP8Up7sF9N2bQNfc4u5UXghDVZp-NWl\" alt=\"Google Photo\" class=\"simple-google-photos-grid-image\"><\/a><\/div><div class=\"simple-google-photos-grid-cell\" style=\"width:25%\"><a href=\"https:\/\/photos.app.goo.gl\/wuDmZLCwqMUypupS9\" target=\"_blank\"><img decoding=\"async\" src=\"https:\/\/lh3.googleusercontent.com\/pw\/AP1GczOn3dmViDj6oDoCCkpMAitoqKbj-MtAMDeL3dE7NQPoovb2FHXalmlEXgEeuYSxOx5TktnefmT3Fhjo_UewZsBF6r9gMEu_QazUYX1Xh0ugdZEHn-mc\" alt=\"Google Photo\" class=\"simple-google-photos-grid-image\"><\/a><\/div><div class=\"simple-google-photos-grid-cell\" style=\"width:25%\"><a href=\"https:\/\/photos.app.goo.gl\/wuDmZLCwqMUypupS9\" target=\"_blank\"><img decoding=\"async\" src=\"https:\/\/lh3.googleusercontent.com\/pw\/AP1GczO6bKUqyil_1Smx2qCRHBBDHiHpFVb8Y-bBgOwfpuKQS6k4LmqaPubl1S4TNxD2QyQvs5ZwN4z4_QA9AQgjHaTxWbSPm2jnKdzLYt7XJlLG1R_m1j99\" alt=\"Google Photo\" class=\"simple-google-photos-grid-image\"><\/a><\/div><div class=\"simple-google-photos-grid-cell\" style=\"width:25%\"><a href=\"https:\/\/photos.app.goo.gl\/wuDmZLCwqMUypupS9\" target=\"_blank\"><img decoding=\"async\" src=\"https:\/\/lh3.googleusercontent.com\/pw\/AP1GczMhQwhlxloPoaStHWmJk5Qi82gDO0fwaE2N2xm8zg0aZoTZs3IWlY3Sbm8lzpWGXJNfZgM_xlGnroe_csI7vvKWpjtDcC8GBZWQvb2zskIhySNQjGX7\" alt=\"Google Photo\" class=\"simple-google-photos-grid-image\"><\/a><\/div><\/div><script>      (function() {\n        if( window.jQuery ){\n          jQuery( document ).ready(function() {\n            jQuery(\"div.simple-google-photos-grid\").each(function(i){\n              var container = jQuery(this);\n              var width = container.find(\"div.simple-google-photos-grid-cell\").first().width();\n              container.find(\"img.simple-google-photos-grid-image\").css(\"width\", width).css(\"height\", width);\n            });\n          });\n        }\n      })();<\/script><\/h5>\t\t\t\t<\/div>\n\t\t\t\t<\/div>\n\t\t\t\t\t<\/div>\n\t\t<\/div>\n\t\t\t\t\t<\/div>\n\t\t<\/section>\n\t\t\t\t<section class=\"elementor-section elementor-top-section elementor-element elementor-element-12baaad elementor-section-boxed elementor-section-height-default elementor-section-height-default\" data-id=\"12baaad\" data-element_type=\"section\" data-e-type=\"section\">\n\t\t\t\t\t\t<div class=\"elementor-container elementor-column-gap-default\">\n\t\t\t\t\t<div class=\"elementor-column elementor-col-100 elementor-top-column elementor-element elementor-element-fd201fc\" data-id=\"fd201fc\" data-element_type=\"column\" data-e-type=\"column\">\n\t\t\t<div class=\"elementor-widget-wrap elementor-element-populated\">\n\t\t\t\t\t\t<div class=\"elementor-element elementor-element-0803021 elementor-widget elementor-widget-html\" data-id=\"0803021\" data-element_type=\"widget\" data-e-type=\"widget\" data-widget_type=\"html.default\">\n\t\t\t\t<div class=\"elementor-widget-container\">\n\t\t\t\t\t<script> \r\njQuery(document).ready(function($) { \r\nvar delay = 100; setTimeout(function() { \r\n$('.elementor-tab-title').removeClass('elementor-active');\r\n $('.elementor-tab-content').css('display', 'none'); }, delay); \r\n}); \r\n<\/script>\t\t\t\t<\/div>\n\t\t\t\t<\/div>\n\t\t\t\t\t<\/div>\n\t\t<\/div>\n\t\t\t\t\t<\/div>\n\t\t<\/section>\n\t\t\t\t<section class=\"elementor-section elementor-top-section elementor-element elementor-element-b29ccda elementor-section-boxed elementor-section-height-default elementor-section-height-default\" data-id=\"b29ccda\" data-element_type=\"section\" data-e-type=\"section\">\n\t\t\t\t\t\t<div class=\"elementor-container elementor-column-gap-default\">\n\t\t\t\t\t<div class=\"elementor-column elementor-col-100 elementor-top-column elementor-element elementor-element-d287c80\" data-id=\"d287c80\" data-element_type=\"column\" data-e-type=\"column\">\n\t\t\t<div class=\"elementor-widget-wrap\">\n\t\t\t\t\t\t\t<\/div>\n\t\t<\/div>\n\t\t\t\t\t<\/div>\n\t\t<\/section>\n\t\t\t\t<\/div>\n\t\t","protected":false},"excerpt":{"rendered":"<p>Segunda subida al Calvario &#8211; Tentaciones Cr\u00f3nica de este s\u00e1bado de Cuaresma Cr\u00f3nica de la Segunda Subida de Carvanal CRONICA SUBIDA DE CARNAVAL (08\/03\/2025) Un s\u00e1bado m\u00e1s pasa y ayer descolgamos la pata del S\u00e1bado de Tentaciones. Este S\u00e1bado es uno de los m\u00e1s entra\u00f1ables para nuestra corporaci\u00f3n, ya que desde 2006 se viene celebrando&hellip;&nbsp;<a href=\"https:\/\/www.losataos.org\/w\/2025-segunda-subida-al-calvario\/\" rel=\"bookmark\">Leer m\u00e1s &raquo;<span class=\"screen-reader-text\">2025 &#8211; Segunda Subida al Calvario<\/span><\/a><\/p>\n","protected":false},"author":2,"featured_media":0,"parent":0,"menu_order":0,"comment_status":"closed","ping_status":"closed","template":"","meta":{"neve_meta_sidebar":"","neve_meta_container":"","neve_meta_enable_content_width":"off","neve_meta_content_width":100,"neve_meta_title_alignment":"","neve_meta_author_avatar":"","neve_post_elements_order":"","neve_meta_disable_header":"","neve_meta_disable_footer":"","neve_meta_disable_title":"","footnotes":""},"wf_page_folders":[731],"class_list":["post-32315","page","type-page","status-publish","hentry"],"jetpack_sharing_enabled":true,"_links":{"self":[{"href":"https:\/\/www.losataos.org\/w\/wp-json\/wp\/v2\/pages\/32315","targetHints":{"allow":["GET"]}}],"collection":[{"href":"https:\/\/www.losataos.org\/w\/wp-json\/wp\/v2\/pages"}],"about":[{"href":"https:\/\/www.losataos.org\/w\/wp-json\/wp\/v2\/types\/page"}],"author":[{"embeddable":true,"href":"https:\/\/www.losataos.org\/w\/wp-json\/wp\/v2\/users\/2"}],"replies":[{"embeddable":true,"href":"https:\/\/www.losataos.org\/w\/wp-json\/wp\/v2\/comments?post=32315"}],"version-history":[{"count":19,"href":"https:\/\/www.losataos.org\/w\/wp-json\/wp\/v2\/pages\/32315\/revisions"}],"predecessor-version":[{"id":32367,"href":"https:\/\/www.losataos.org\/w\/wp-json\/wp\/v2\/pages\/32315\/revisions\/32367"}],"wp:attachment":[{"href":"https:\/\/www.losataos.org\/w\/wp-json\/wp\/v2\/media?parent=32315"}],"wp:term":[{"taxonomy":"wf_page_folders","embeddable":true,"href":"https:\/\/www.losataos.org\/w\/wp-json\/wp\/v2\/wf_page_folders?post=32315"}],"curies":[{"name":"wp","href":"https:\/\/api.w.org\/{rel}","templated":true}]}}