{"id":3038,"date":"2022-03-15T20:12:00","date_gmt":"2022-03-15T20:12:00","guid":{"rendered":"http:\/\/www.losataos.org\/w\/?page_id=3038"},"modified":"2023-03-08T15:23:15","modified_gmt":"2023-03-08T15:23:15","slug":"guia-de-los-ataos","status":"publish","type":"page","link":"https:\/\/www.losataos.org\/w\/guia-de-los-ataos\/","title":{"rendered":"Virgen de la Gu\u00eda (Pregonero 2023)"},"content":{"rendered":"\t\t<div data-elementor-type=\"wp-page\" data-elementor-id=\"3038\" class=\"elementor elementor-3038\" data-elementor-post-type=\"page\">\n\t\t\t\t\t\t<section class=\"elementor-section elementor-top-section elementor-element elementor-element-bb1575d elementor-section-boxed elementor-section-height-default elementor-section-height-default\" data-id=\"bb1575d\" data-element_type=\"section\" data-e-type=\"section\">\n\t\t\t\t\t\t<div class=\"elementor-container elementor-column-gap-default\">\n\t\t\t\t\t<div class=\"elementor-column elementor-col-100 elementor-top-column elementor-element elementor-element-34ce51d\" data-id=\"34ce51d\" data-element_type=\"column\" data-e-type=\"column\">\n\t\t\t<div class=\"elementor-widget-wrap elementor-element-populated\">\n\t\t\t\t\t\t<div class=\"elementor-element elementor-element-06a75cf elementor-widget-divider--view-line elementor-widget elementor-widget-divider\" data-id=\"06a75cf\" data-element_type=\"widget\" data-e-type=\"widget\" data-widget_type=\"divider.default\">\n\t\t\t\t<div class=\"elementor-widget-container\">\n\t\t\t\t\t\t\t<div class=\"elementor-divider\">\n\t\t\t<span class=\"elementor-divider-separator\">\n\t\t\t\t\t\t<\/span>\n\t\t<\/div>\n\t\t\t\t\t\t<\/div>\n\t\t\t\t<\/div>\n\t\t\t\t<div class=\"elementor-element elementor-element-4225c9b elementor-widget elementor-widget-heading\" data-id=\"4225c9b\" data-element_type=\"widget\" data-e-type=\"widget\" data-widget_type=\"heading.default\">\n\t\t\t\t<div class=\"elementor-widget-container\">\n\t\t\t\t\t<h2 class=\"elementor-heading-title elementor-size-default\">Gu\u00eda de los Ataos<\/h2>\t\t\t\t<\/div>\n\t\t\t\t<\/div>\n\t\t\t\t<div class=\"elementor-element elementor-element-2ecd221 elementor-widget-divider--view-line elementor-widget elementor-widget-divider\" data-id=\"2ecd221\" data-element_type=\"widget\" data-e-type=\"widget\" data-widget_type=\"divider.default\">\n\t\t\t\t<div class=\"elementor-widget-container\">\n\t\t\t\t\t\t\t<div class=\"elementor-divider\">\n\t\t\t<span class=\"elementor-divider-separator\">\n\t\t\t\t\t\t<\/span>\n\t\t<\/div>\n\t\t\t\t\t\t<\/div>\n\t\t\t\t<\/div>\n\t\t\t\t<div class=\"elementor-element elementor-element-553b919 elementor-widget elementor-widget-image\" data-id=\"553b919\" data-element_type=\"widget\" data-e-type=\"widget\" data-widget_type=\"image.default\">\n\t\t\t\t<div class=\"elementor-widget-container\">\n\t\t\t\t\t\t\t\t\t\t\t\t\t\t\t<img fetchpriority=\"high\" decoding=\"async\" width=\"600\" height=\"450\" src=\"https:\/\/www.losataos.org\/w\/wp-content\/uploads\/TSR-Watermark-1658-600x450.jpg\" class=\"attachment-wppb-medium size-wppb-medium wp-image-3509\" alt=\"\" srcset=\"https:\/\/www.losataos.org\/w\/wp-content\/uploads\/TSR-Watermark-1658-600x450.jpg 600w, https:\/\/www.losataos.org\/w\/wp-content\/uploads\/TSR-Watermark-1658-160x120.jpg 160w\" sizes=\"(max-width: 600px) 100vw, 600px\" \/>\t\t\t\t\t\t\t\t\t\t\t\t\t\t\t<\/div>\n\t\t\t\t<\/div>\n\t\t\t\t\t<\/div>\n\t\t<\/div>\n\t\t\t\t\t<\/div>\n\t\t<\/section>\n\t\t\t\t<section class=\"elementor-section elementor-top-section elementor-element elementor-element-1e4de15 elementor-section-boxed elementor-section-height-default elementor-section-height-default\" data-id=\"1e4de15\" data-element_type=\"section\" data-e-type=\"section\">\n\t\t\t\t\t\t<div class=\"elementor-container elementor-column-gap-default\">\n\t\t\t\t\t<div class=\"elementor-column elementor-col-100 elementor-top-column elementor-element elementor-element-5b4caa4\" data-id=\"5b4caa4\" data-element_type=\"column\" data-e-type=\"column\">\n\t\t\t<div class=\"elementor-widget-wrap elementor-element-populated\">\n\t\t\t\t\t\t<div class=\"elementor-element elementor-element-5b67e23 elementor-widget elementor-widget-text-editor\" data-id=\"5b67e23\" data-element_type=\"widget\" data-e-type=\"widget\" data-widget_type=\"text-editor.default\">\n\t\t\t\t<div class=\"elementor-widget-container\">\n\t\t\t\t\t\t\t\t\t<p style=\"text-align: center;\"><span style=\"text-align: center; color: var( --e-global-color-text ); font-family: var( --e-global-typography-text-font-family ), Sans-serif; font-weight: var( --e-global-typography-text-font-weight );\">VIRGEN DE LA GU\u00cdA<\/span><\/p><p style=\"text-align: center;\"><span style=\"text-align: center; color: var( --e-global-color-text ); font-family: var( --e-global-typography-text-font-family ), Sans-serif; font-weight: var( --e-global-typography-text-font-weight );\">El Cielo luce mananta y parece que no<\/span><\/p><p style=\"text-align: center;\">La campanita solfea, su trino mejor<\/p><p style=\"text-align: center;\">Los ataos llegan, templo de la Concepci\u00f3n;<\/p><p style=\"text-align: center;\">Es Cuaresma y no. Es y no d\u00eda de Pasi\u00f3n.<\/p><p style=\"text-align: center;\">\u00a0<\/p><p style=\"text-align: center;\">Est\u00e1n ordenados, pero es otra formaci\u00f3n<\/p><p style=\"text-align: center;\">El palo no reposa, por un cirio mud\u00f3<\/p><p style=\"text-align: center;\">Azules los botones y azul el cintur\u00f3n,<\/p><p style=\"text-align: center;\">El gallo en el corral, pasodoble en el tambor<\/p><p style=\"text-align: center;\">\u00a0<\/p><p style=\"text-align: center;\">Por una calle suben, bajan alrededor<\/p><p style=\"text-align: center;\">Dando a su \u201cpobre madre\u201d cuitas, atenci\u00f3n:<\/p><p style=\"text-align: center;\">Como hacen los angelitos que tras un rinc\u00f3n<\/p><p style=\"text-align: center;\">Dan mimos y ung\u00fcentos para la madre de Dios<\/p><p style=\"text-align: center;\">\u00a0<\/p><p style=\"text-align: center;\">La tarde no quiere, bengalas en ignici\u00f3n<\/p><p style=\"text-align: center;\">La Virgen brilla sola, no necesita el sol<\/p><p style=\"text-align: center;\">La chispa sola prende \u00bfBarrabas donde huy\u00f3?<\/p><p style=\"text-align: center;\">Por la cuesta Baena, humareda de explosi\u00f3n.<\/p><p style=\"text-align: center;\">\u00a0<\/p><p style=\"text-align: center;\">El Cielo luce mananta y es negro carb\u00f3n<\/p><p style=\"text-align: center;\">\u00a1Que blancos son los lirios que lleva en procesi\u00f3n!<\/p><p style=\"text-align: center;\">Los cirios alumbran, en b\u00f3veda de ca\u00f1\u00f3n<\/p><p style=\"text-align: center;\">El cielo luce mananta, la Gu\u00eda sali\u00f3<\/p><p style=\"text-align: right;\"><strong>Jos\u00e9 Ram\u00f3n Arjona Borrero<\/strong><\/p><p style=\"text-align: right;\"><strong>\u00a0<\/strong><\/p>\t\t\t\t\t\t\t\t<\/div>\n\t\t\t\t<\/div>\n\t\t\t\t\t<\/div>\n\t\t<\/div>\n\t\t\t\t\t<\/div>\n\t\t<\/section>\n\t\t\t\t<\/div>\n\t\t","protected":false},"excerpt":{"rendered":"<p>Gu\u00eda de los Ataos VIRGEN DE LA GU\u00cdA El Cielo luce mananta y parece que no La campanita solfea, su trino mejor Los ataos llegan, templo de la Concepci\u00f3n; Es Cuaresma y no. Es y no d\u00eda de Pasi\u00f3n. \u00a0 Est\u00e1n ordenados, pero es otra formaci\u00f3n El palo no reposa, por un cirio mud\u00f3 Azules&hellip;&nbsp;<a href=\"https:\/\/www.losataos.org\/w\/guia-de-los-ataos\/\" rel=\"bookmark\">Leer m\u00e1s &raquo;<span class=\"screen-reader-text\">Virgen de la Gu\u00eda (Pregonero 2023)<\/span><\/a><\/p>\n","protected":false},"author":2,"featured_media":0,"parent":0,"menu_order":0,"comment_status":"closed","ping_status":"closed","template":"","meta":{"neve_meta_sidebar":"","neve_meta_container":"","neve_meta_enable_content_width":"","neve_meta_content_width":0,"neve_meta_title_alignment":"","neve_meta_author_avatar":"","neve_post_elements_order":"","neve_meta_disable_header":"","neve_meta_disable_footer":"","neve_meta_disable_title":"","footnotes":""},"wf_page_folders":[17],"class_list":["post-3038","page","type-page","status-publish","hentry"],"jetpack_sharing_enabled":true,"_links":{"self":[{"href":"https:\/\/www.losataos.org\/w\/wp-json\/wp\/v2\/pages\/3038","targetHints":{"allow":["GET"]}}],"collection":[{"href":"https:\/\/www.losataos.org\/w\/wp-json\/wp\/v2\/pages"}],"about":[{"href":"https:\/\/www.losataos.org\/w\/wp-json\/wp\/v2\/types\/page"}],"author":[{"embeddable":true,"href":"https:\/\/www.losataos.org\/w\/wp-json\/wp\/v2\/users\/2"}],"replies":[{"embeddable":true,"href":"https:\/\/www.losataos.org\/w\/wp-json\/wp\/v2\/comments?post=3038"}],"version-history":[{"count":14,"href":"https:\/\/www.losataos.org\/w\/wp-json\/wp\/v2\/pages\/3038\/revisions"}],"predecessor-version":[{"id":3516,"href":"https:\/\/www.losataos.org\/w\/wp-json\/wp\/v2\/pages\/3038\/revisions\/3516"}],"wp:attachment":[{"href":"https:\/\/www.losataos.org\/w\/wp-json\/wp\/v2\/media?parent=3038"}],"wp:term":[{"taxonomy":"wf_page_folders","embeddable":true,"href":"https:\/\/www.losataos.org\/w\/wp-json\/wp\/v2\/wf_page_folders?post=3038"}],"curies":[{"name":"wp","href":"https:\/\/api.w.org\/{rel}","templated":true}]}}