{"id":299,"date":"2021-07-10T22:43:32","date_gmt":"2021-07-10T22:43:32","guid":{"rendered":"http:\/\/www.losataos.org\/w\/?page_id=299"},"modified":"2021-07-27T11:08:39","modified_gmt":"2021-07-27T11:08:39","slug":"nuestros-carteles","status":"publish","type":"page","link":"https:\/\/www.losataos.org\/w\/nuestros-carteles\/","title":{"rendered":"Nuestros Carteles"},"content":{"rendered":"\t\t<div data-elementor-type=\"wp-page\" data-elementor-id=\"299\" class=\"elementor elementor-299\" data-elementor-post-type=\"page\">\n\t\t\t\t\t\t<section class=\"elementor-section elementor-top-section elementor-element elementor-element-a7bb801 elementor-section-boxed elementor-section-height-default elementor-section-height-default\" data-id=\"a7bb801\" data-element_type=\"section\" data-e-type=\"section\">\n\t\t\t\t\t\t<div class=\"elementor-container elementor-column-gap-default\">\n\t\t\t\t\t<div class=\"elementor-column elementor-col-100 elementor-top-column elementor-element elementor-element-3291406\" data-id=\"3291406\" data-element_type=\"column\" data-e-type=\"column\">\n\t\t\t<div class=\"elementor-widget-wrap elementor-element-populated\">\n\t\t\t\t\t\t<div class=\"elementor-element elementor-element-bcd29d8 elementor-widget-divider--view-line elementor-widget elementor-widget-divider\" data-id=\"bcd29d8\" data-element_type=\"widget\" data-e-type=\"widget\" data-widget_type=\"divider.default\">\n\t\t\t\t<div class=\"elementor-widget-container\">\n\t\t\t\t\t\t\t<div class=\"elementor-divider\">\n\t\t\t<span class=\"elementor-divider-separator\">\n\t\t\t\t\t\t<\/span>\n\t\t<\/div>\n\t\t\t\t\t\t<\/div>\n\t\t\t\t<\/div>\n\t\t\t\t<div class=\"elementor-element elementor-element-58ded79 elementor-widget elementor-widget-text-editor\" data-id=\"58ded79\" data-element_type=\"widget\" data-e-type=\"widget\" data-widget_type=\"text-editor.default\">\n\t\t\t\t<div class=\"elementor-widget-container\">\n\t\t\t\t\t\t\t\t\t<p><strong>El cartel anunciador de la Semana Santa de Puente Genil, es uno de los acontecimientos m\u00e1s esperados durante el a\u00f1o.<\/strong><\/p><p><strong>Nuestra Corporaci\u00f3n, ha tenido la suerte de ser durante cuatro a\u00f1os, la imagen que ha figurado en el cartel de Semana Santa, y por tanto se ha dado a conocer en el mundo entero.<\/strong><\/p><p><strong>Conoce nuestros carteles, as\u00ed como el resto de carteles anunciadores de la Semana Santa.<\/strong><\/p>\t\t\t\t\t\t\t\t<\/div>\n\t\t\t\t<\/div>\n\t\t\t\t\t<\/div>\n\t\t<\/div>\n\t\t\t\t\t<\/div>\n\t\t<\/section>\n\t\t\t\t<section class=\"elementor-section elementor-top-section elementor-element elementor-element-5c50e2c elementor-section-boxed elementor-section-height-default elementor-section-height-default\" data-id=\"5c50e2c\" data-element_type=\"section\" data-e-type=\"section\">\n\t\t\t\t\t\t<div class=\"elementor-container elementor-column-gap-default\">\n\t\t\t\t\t<div class=\"elementor-column elementor-col-100 elementor-top-column elementor-element elementor-element-56d15a5\" data-id=\"56d15a5\" data-element_type=\"column\" data-e-type=\"column\">\n\t\t\t<div class=\"elementor-widget-wrap elementor-element-populated\">\n\t\t\t\t\t\t<div class=\"elementor-element elementor-element-de73eda elementor-position-left elementor-vertical-align-top elementor-widget elementor-widget-image-box\" data-id=\"de73eda\" data-element_type=\"widget\" data-e-type=\"widget\" data-widget_type=\"image-box.default\">\n\t\t\t\t<div class=\"elementor-widget-container\">\n\t\t\t\t\t<div class=\"elementor-image-box-wrapper\"><figure class=\"elementor-image-box-img\"><img fetchpriority=\"high\" decoding=\"async\" width=\"500\" height=\"731\" src=\"https:\/\/www.losataos.org\/w\/wp-content\/uploads\/1970.jpg\" class=\"elementor-animation-shrink attachment-full size-full wp-image-1124\" alt=\"\" srcset=\"https:\/\/www.losataos.org\/w\/wp-content\/uploads\/1970.jpg 500w, https:\/\/www.losataos.org\/w\/wp-content\/uploads\/1970-205x300.jpg 205w\" sizes=\"(max-width: 500px) 100vw, 500px\" \/><\/figure><div class=\"elementor-image-box-content\"><h3 class=\"elementor-image-box-title\">Semana Santa 1970<\/h3><p class=\"elementor-image-box-description\">El cartel anunciador de la Semana Santa  del a\u00f1o 1970 (3\u00bacartel editado por la Asociaci\u00f3n de Cofrad\u00edas y Figuras B\u00edblicas), lo representa la figura de Pedro, con el gallo blanco portado en la mano derecha y al fondo la ermita de la Veracruz, m\u00e1s un grupo de picoruchos. El autor del mismo es Jos\u00e9 Castro C\u00e1rdenas, (autor no local).<\/p><\/div><\/div>\t\t\t\t<\/div>\n\t\t\t\t<\/div>\n\t\t\t\t<div class=\"elementor-element elementor-element-214d8c8 elementor-button-success elementor-align-center elementor-widget elementor-widget-button\" data-id=\"214d8c8\" data-element_type=\"widget\" data-e-type=\"widget\" data-widget_type=\"button.default\">\n\t\t\t\t<div class=\"elementor-widget-container\">\n\t\t\t\t\t\t\t\t\t<div class=\"elementor-button-wrapper\">\n\t\t\t\t\t<a class=\"elementor-button elementor-button-link elementor-size-sm\" href=\"https:\/\/mega.nz\/file\/mElTHIoQ#LVFzuEfuPIDRJsB3LHFueENtlQhHkxJ4VkudbT8P9DA\" target=\"_blank\">\n\t\t\t\t\t\t<span class=\"elementor-button-content-wrapper\">\n\t\t\t\t\t\t<span class=\"elementor-button-icon\">\n\t\t\t\t<i aria-hidden=\"true\" class=\"far fa-arrow-alt-circle-down\"><\/i>\t\t\t<\/span>\n\t\t\t\t\t\t\t\t\t<span class=\"elementor-button-text\">Descarga el cartel con calidad<\/span>\n\t\t\t\t\t<\/span>\n\t\t\t\t\t<\/a>\n\t\t\t\t<\/div>\n\t\t\t\t\t\t\t\t<\/div>\n\t\t\t\t<\/div>\n\t\t\t\t\t<\/div>\n\t\t<\/div>\n\t\t\t\t\t<\/div>\n\t\t<\/section>\n\t\t\t\t<section class=\"elementor-section elementor-top-section elementor-element elementor-element-9f27144 elementor-section-boxed elementor-section-height-default elementor-section-height-default\" data-id=\"9f27144\" data-element_type=\"section\" data-e-type=\"section\">\n\t\t\t\t\t\t<div class=\"elementor-container elementor-column-gap-default\">\n\t\t\t\t\t<div class=\"elementor-column elementor-col-100 elementor-top-column elementor-element elementor-element-8eeea45\" data-id=\"8eeea45\" data-element_type=\"column\" data-e-type=\"column\">\n\t\t\t<div class=\"elementor-widget-wrap elementor-element-populated\">\n\t\t\t\t\t\t<div class=\"elementor-element elementor-element-ccb827b elementor-position-right elementor-vertical-align-top elementor-widget elementor-widget-image-box\" data-id=\"ccb827b\" data-element_type=\"widget\" data-e-type=\"widget\" data-widget_type=\"image-box.default\">\n\t\t\t\t<div class=\"elementor-widget-container\">\n\t\t\t\t\t<div class=\"elementor-image-box-wrapper\"><figure class=\"elementor-image-box-img\"><img decoding=\"async\" width=\"200\" height=\"278\" src=\"https:\/\/www.losataos.org\/w\/wp-content\/uploads\/1978.jpg\" class=\"elementor-animation-shrink attachment-full size-full wp-image-281\" alt=\"\" \/><\/figure><div class=\"elementor-image-box-content\"><h3 class=\"elementor-image-box-title\">Semana Santa 1978<\/h3><p class=\"elementor-image-box-description\">En el a\u00f1o 1978, se edita un nuevo cartel relacionado con Los Ataos, representa a Judas Iscariote, con la rama de sauco ahorc\u00e1ndose, al fondo el paso del Santo Sepulcro, el resplandor de una bengala y dos filas de picoruchos de la cofrad\u00eda. El autor del mismo es Julio C\u00e1mara Romero, natural de nuestra localidad..<\/p><\/div><\/div>\t\t\t\t<\/div>\n\t\t\t\t<\/div>\n\t\t\t\t<div class=\"elementor-element elementor-element-d942db4 elementor-button-success elementor-align-center elementor-widget elementor-widget-button\" data-id=\"d942db4\" data-element_type=\"widget\" data-e-type=\"widget\" data-widget_type=\"button.default\">\n\t\t\t\t<div class=\"elementor-widget-container\">\n\t\t\t\t\t\t\t\t\t<div class=\"elementor-button-wrapper\">\n\t\t\t\t\t<a class=\"elementor-button elementor-button-link elementor-size-sm\" href=\"https:\/\/mega.nz\/file\/qQVmUZ4b#Jt6UInMFJyqOP9sDg3iYtV4E5ZipYin4juKussRr68I\" target=\"_blank\">\n\t\t\t\t\t\t<span class=\"elementor-button-content-wrapper\">\n\t\t\t\t\t\t<span class=\"elementor-button-icon\">\n\t\t\t\t<i aria-hidden=\"true\" class=\"far fa-arrow-alt-circle-down\"><\/i>\t\t\t<\/span>\n\t\t\t\t\t\t\t\t\t<span class=\"elementor-button-text\">Descarga el cartel con calidad<\/span>\n\t\t\t\t\t<\/span>\n\t\t\t\t\t<\/a>\n\t\t\t\t<\/div>\n\t\t\t\t\t\t\t\t<\/div>\n\t\t\t\t<\/div>\n\t\t\t\t\t<\/div>\n\t\t<\/div>\n\t\t\t\t\t<\/div>\n\t\t<\/section>\n\t\t\t\t<section class=\"elementor-section elementor-top-section elementor-element elementor-element-324b31f elementor-section-boxed elementor-section-height-default elementor-section-height-default\" data-id=\"324b31f\" data-element_type=\"section\" data-e-type=\"section\">\n\t\t\t\t\t\t<div class=\"elementor-container elementor-column-gap-default\">\n\t\t\t\t\t<div class=\"elementor-column elementor-col-100 elementor-top-column elementor-element elementor-element-64ec592\" data-id=\"64ec592\" data-element_type=\"column\" data-e-type=\"column\">\n\t\t\t<div class=\"elementor-widget-wrap elementor-element-populated\">\n\t\t\t\t\t\t<div class=\"elementor-element elementor-element-7afa4e5 elementor-position-left elementor-vertical-align-top elementor-widget elementor-widget-image-box\" data-id=\"7afa4e5\" data-element_type=\"widget\" data-e-type=\"widget\" data-widget_type=\"image-box.default\">\n\t\t\t\t<div class=\"elementor-widget-container\">\n\t\t\t\t\t<div class=\"elementor-image-box-wrapper\"><figure class=\"elementor-image-box-img\"><img decoding=\"async\" width=\"200\" height=\"278\" src=\"https:\/\/www.losataos.org\/w\/wp-content\/uploads\/1986.jpg\" class=\"elementor-animation-shrink attachment-full size-full wp-image-283\" alt=\"\" \/><\/figure><div class=\"elementor-image-box-content\"><h3 class=\"elementor-image-box-title\">Semana Santa 1986<\/h3><p class=\"elementor-image-box-description\">En el a\u00f1o 1986, la corporaci\u00f3n de Los Ataos aporta otro cartel de Semana Santa, lo compone el paso del Cristo Crucificado de la Buena Muerte y el cuadro de los Romanos de Los Ataos, portando la t\u00fanica de Jes\u00fas. El autor del mismo, es el autor local Antonio Carmona Ru\u00edz, que se dio a descubrir como un gran cartelista.<\/p><\/div><\/div>\t\t\t\t<\/div>\n\t\t\t\t<\/div>\n\t\t\t\t<div class=\"elementor-element elementor-element-182fd7e elementor-button-success elementor-align-center elementor-widget elementor-widget-button\" data-id=\"182fd7e\" data-element_type=\"widget\" data-e-type=\"widget\" data-widget_type=\"button.default\">\n\t\t\t\t<div class=\"elementor-widget-container\">\n\t\t\t\t\t\t\t\t\t<div class=\"elementor-button-wrapper\">\n\t\t\t\t\t<a class=\"elementor-button elementor-button-link elementor-size-sm\" href=\"https:\/\/mega.nz\/file\/6BskTbKL#OsFcBsUD3NVTXRzwMdk-CLO_NFPBzoqIkaZZ2v8aOH4\" target=\"_blank\">\n\t\t\t\t\t\t<span class=\"elementor-button-content-wrapper\">\n\t\t\t\t\t\t<span class=\"elementor-button-icon\">\n\t\t\t\t<i aria-hidden=\"true\" class=\"far fa-arrow-alt-circle-down\"><\/i>\t\t\t<\/span>\n\t\t\t\t\t\t\t\t\t<span class=\"elementor-button-text\">Descarga el cartel con calidad<\/span>\n\t\t\t\t\t<\/span>\n\t\t\t\t\t<\/a>\n\t\t\t\t<\/div>\n\t\t\t\t\t\t\t\t<\/div>\n\t\t\t\t<\/div>\n\t\t\t\t\t<\/div>\n\t\t<\/div>\n\t\t\t\t\t<\/div>\n\t\t<\/section>\n\t\t\t\t<section class=\"elementor-section elementor-top-section elementor-element elementor-element-11a63a9 elementor-section-boxed elementor-section-height-default elementor-section-height-default\" data-id=\"11a63a9\" data-element_type=\"section\" data-e-type=\"section\">\n\t\t\t\t\t\t<div class=\"elementor-container elementor-column-gap-default\">\n\t\t\t\t\t<div class=\"elementor-column elementor-col-100 elementor-top-column elementor-element elementor-element-9a256b1\" data-id=\"9a256b1\" data-element_type=\"column\" data-e-type=\"column\">\n\t\t\t<div class=\"elementor-widget-wrap elementor-element-populated\">\n\t\t\t\t\t\t<div class=\"elementor-element elementor-element-539d59b elementor-position-right elementor-vertical-align-top elementor-widget elementor-widget-image-box\" data-id=\"539d59b\" data-element_type=\"widget\" data-e-type=\"widget\" data-widget_type=\"image-box.default\">\n\t\t\t\t<div class=\"elementor-widget-container\">\n\t\t\t\t\t<div class=\"elementor-image-box-wrapper\"><figure class=\"elementor-image-box-img\"><img loading=\"lazy\" decoding=\"async\" width=\"200\" height=\"285\" src=\"https:\/\/www.losataos.org\/w\/wp-content\/uploads\/2000.jpg\" class=\"elementor-animation-shrink attachment-full size-full wp-image-282\" alt=\"\" \/><\/figure><div class=\"elementor-image-box-content\"><h3 class=\"elementor-image-box-title\">Semana Santa 2000<\/h3><p class=\"elementor-image-box-description\">En el a\u00f1o 2000, nuevamente se edita cartel con alegor\u00eda de la corporaci\u00f3n de Los Ataos, la composici\u00f3n del mismo est\u00e1 representada en primer plano con la figura de Barrab\u00e1s, al fondo las figuras de Dimas y Gestas, junto con los sayones portando las cruces y Los Romanos prendiendo a los Ladrones, bajo la mirada del paso de Nuestro Padre Jes\u00fas Nazareno en calle Santa Catalina. El autor es Antonio Carmona Ru\u00edz.<\/p><\/div><\/div>\t\t\t\t<\/div>\n\t\t\t\t<\/div>\n\t\t\t\t<div class=\"elementor-element elementor-element-4ae1b68 elementor-button-success elementor-align-center elementor-widget elementor-widget-button\" data-id=\"4ae1b68\" data-element_type=\"widget\" data-e-type=\"widget\" data-widget_type=\"button.default\">\n\t\t\t\t<div class=\"elementor-widget-container\">\n\t\t\t\t\t\t\t\t\t<div class=\"elementor-button-wrapper\">\n\t\t\t\t\t<a class=\"elementor-button elementor-button-link elementor-size-sm\" href=\"https:\/\/mega.nz\/file\/OY8EUJCJ#EIXE7tt--3eaL5beYTitesOMON6s0p2hejXtP3dnzvM\" target=\"_blank\">\n\t\t\t\t\t\t<span class=\"elementor-button-content-wrapper\">\n\t\t\t\t\t\t<span class=\"elementor-button-icon\">\n\t\t\t\t<i aria-hidden=\"true\" class=\"far fa-arrow-alt-circle-down\"><\/i>\t\t\t<\/span>\n\t\t\t\t\t\t\t\t\t<span class=\"elementor-button-text\">Descarga el cartel con calidad<\/span>\n\t\t\t\t\t<\/span>\n\t\t\t\t\t<\/a>\n\t\t\t\t<\/div>\n\t\t\t\t\t\t\t\t<\/div>\n\t\t\t\t<\/div>\n\t\t\t\t\t<\/div>\n\t\t<\/div>\n\t\t\t\t\t<\/div>\n\t\t<\/section>\n\t\t\t\t<\/div>\n\t\t","protected":false},"excerpt":{"rendered":"<p>El cartel anunciador de la Semana Santa de Puente Genil, es uno de los acontecimientos m\u00e1s esperados durante el a\u00f1o. Nuestra Corporaci\u00f3n, ha tenido la suerte de ser durante cuatro a\u00f1os, la imagen que ha figurado en el cartel de Semana Santa, y por tanto se ha dado a conocer en el mundo entero. Conoce&hellip;&nbsp;<a href=\"https:\/\/www.losataos.org\/w\/nuestros-carteles\/\" rel=\"bookmark\">Leer m\u00e1s &raquo;<span class=\"screen-reader-text\">Nuestros Carteles<\/span><\/a><\/p>\n","protected":false},"author":2,"featured_media":0,"parent":0,"menu_order":0,"comment_status":"closed","ping_status":"closed","template":"","meta":{"neve_meta_sidebar":"","neve_meta_container":"","neve_meta_enable_content_width":"","neve_meta_content_width":0,"neve_meta_title_alignment":"","neve_meta_author_avatar":"","neve_post_elements_order":"","neve_meta_disable_header":"","neve_meta_disable_footer":"","neve_meta_disable_title":"","footnotes":""},"wf_page_folders":[13],"class_list":["post-299","page","type-page","status-publish","hentry"],"jetpack_sharing_enabled":true,"_links":{"self":[{"href":"https:\/\/www.losataos.org\/w\/wp-json\/wp\/v2\/pages\/299","targetHints":{"allow":["GET"]}}],"collection":[{"href":"https:\/\/www.losataos.org\/w\/wp-json\/wp\/v2\/pages"}],"about":[{"href":"https:\/\/www.losataos.org\/w\/wp-json\/wp\/v2\/types\/page"}],"author":[{"embeddable":true,"href":"https:\/\/www.losataos.org\/w\/wp-json\/wp\/v2\/users\/2"}],"replies":[{"embeddable":true,"href":"https:\/\/www.losataos.org\/w\/wp-json\/wp\/v2\/comments?post=299"}],"version-history":[{"count":24,"href":"https:\/\/www.losataos.org\/w\/wp-json\/wp\/v2\/pages\/299\/revisions"}],"predecessor-version":[{"id":1153,"href":"https:\/\/www.losataos.org\/w\/wp-json\/wp\/v2\/pages\/299\/revisions\/1153"}],"wp:attachment":[{"href":"https:\/\/www.losataos.org\/w\/wp-json\/wp\/v2\/media?parent=299"}],"wp:term":[{"taxonomy":"wf_page_folders","embeddable":true,"href":"https:\/\/www.losataos.org\/w\/wp-json\/wp\/v2\/wf_page_folders?post=299"}],"curies":[{"name":"wp","href":"https:\/\/api.w.org\/{rel}","templated":true}]}}