{"id":2534,"date":"2021-08-16T00:58:23","date_gmt":"2021-08-16T00:58:23","guid":{"rendered":"http:\/\/www.losataos.org\/w\/?page_id=2534"},"modified":"2021-08-16T16:07:18","modified_gmt":"2021-08-16T16:07:18","slug":"2534-2","status":"publish","type":"page","link":"https:\/\/www.losataos.org\/w\/2534-2\/","title":{"rendered":"<!--Jueves Santo-->"},"content":{"rendered":"<div id=\"wppb-builder-container\" class=\"wppb-builder-container\">                <div  class=\"wppb-row-parent \"  >\n\t\t\t\t\t\n\t\t\t\t\t\t\t\t\t\t\n\t\t\t\t\t\t\t\t\t\t\n\t\t\t\t\t<div class=\"wppb-container  wppb-row-1628948431498  wppb-container-row-default\">\n\t\t\t\t\t\t\t\t\t\t\t\t\t\n                        <div class=\"wppb-row\">\n\t\t\t\t\t\t\t                                    <div  class=\"wppb-column-parent wppb-column-parent-view wppb-col-1628948431499  \"  >\n                                        <div class=\"wppb-column\">\n\t\t\t\t\t\n\t\t\t\t\t\t\t\t\t\t\t\n                                            <div class=\"wppb-builder-addons\">\n\t\t\t\t\t\t\t\t\t\t\t\t<div class='wppb-builder-addon wppb-addon-1628948431500'  data-addon-id='1628948431500'><div class='wppb-addon'><div class=\"wppb-feature-box-addon\"><div class=\"wppb-feature-box-content\"><div class=\"feature-box-left\"><div class=\"feature-box-left-media\"><\/div><div class=\"feature-box-left-body\"><h1 class=\"wppb-feature-box-title\">Jueves Santo<\/h1><h4 class=\"wppb-feature-box-subtitle\">D\u00eda del amor fraterno.<\/h4><div class=\"wppb-feature-box-intro\">Como todas las corporaciones, este d\u00eda celebramos el D\u00eda del Amor Fraterno. La comida discurre sin un protocolo estricto, pero si se ordenan las intervenciones de los hermanos. El grupo de m\u00fasica nos acompa\u00f1a con sus pasodobles y sin faltar la marcha Recuerdo, en memoria de los que ya no est\u00e1n entre nosotros. Tambi\u00e9n se suele tocar la Diana.\nPor la noche, y antes de la cena, se \"escenifica\" el momento de la Santa Cena. Invitamos a un sacerdote para que nos guie en este acto, que entre lectura y cuartelera resulta muy ameno y evocador; finalizamos compartiendo pan \u00e1cimo y cordero.\n<\/div><\/div><\/div><\/div><\/div><\/div><\/div>                                            <\/div>\n                                        <\/div>\n                                    <\/div>\n\t\t\t\t\t\t\t\t\t                                    <div  class=\"wppb-column-parent wppb-column-parent-view wppb-col-1628948431501  \"  >\n                                        <div class=\"wppb-column\">\n\t\t\t\t\t\n\t\t\t\t\t\t\t\t\t\t\t\n                                            <div class=\"wppb-builder-addons\">\n\t\t\t\t\t\t\t\t\t\t\t\t                                            <\/div>\n                                        <\/div>\n                                    <\/div>\n\t\t\t\t\t\t\t\t\t                        <\/div>\n\n                    <\/div>\n                <\/div>\n\t\t\t\t                <div  class=\"wppb-row-parent  wppb-row-1628948432793 \"  >\n\t\t\t\t\t\n\t\t\t\t\t\t\t\t\t\t\n\t\t\t\t\t\t\t\t\t\t\n\t\t\t\t\t<div class=\"wppb-container \">\n\t\t\t\t\t\t\t\t\t\t\t\t\t\n                        <div class=\"wppb-row\">\n\t\t\t\t\t\t\t                                    <div  class=\"wppb-column-parent wppb-column-parent-view wppb-col-1628948432791  \"  >\n                                        <div class=\"wppb-column\">\n\t\t\t\t\t\n\t\t\t\t\t\t\t\t\t\t\t\n                                            <div class=\"wppb-builder-addons\">\n\t\t\t\t\t\t\t\t\t\t\t\t<div class='wppb-builder-addon wppb-addon-1628949605897'  data-addon-id='1628949605897'><div class='wppb-addon'><div class=\"wppb-image-addon\"><figure class=\"wppb-image-addon-content-wrap\"><div class=\"wppb-image-addon-content wppb-imginlineblock\"><img decoding=\"async\" class=\"wppb-image-addon-img\" src=\"http:\/\/www.losataos.org\/w\/wp-content\/uploads\/Image00041.jpg\" alt=\"Image\"><\/div><figcaption class=\"wppb-addon-image-caption\">Almuerzo del Jueves Santo<\/figcaption><\/figure><\/div><\/div><\/div>                                            <\/div>\n                                        <\/div>\n                                    <\/div>\n\t\t\t\t\t\t\t\t\t                                    <div  class=\"wppb-column-parent wppb-column-parent-view wppb-col-1628948432792  \"  >\n                                        <div class=\"wppb-column\">\n\t\t\t\t\t\n\t\t\t\t\t\t\t\t\t\t\t\n                                            <div class=\"wppb-builder-addons\">\n\t\t\t\t\t\t\t\t\t\t\t\t<div class='wppb-builder-addon wppb-addon-1628949632882'  data-addon-id='1628949632882'><div class='wppb-addon'><div class=\"wppb-image-addon\"><figure class=\"wppb-image-addon-content-wrap\"><div class=\"wppb-image-addon-content wppb-imginlineblock\"><img decoding=\"async\" class=\"wppb-image-addon-img\" src=\"http:\/\/www.losataos.org\/w\/wp-content\/uploads\/Image00073.jpg\" alt=\"Image\"><\/div><figcaption class=\"wppb-addon-image-caption\">El grupo de m\u00fasica nos deleita con sus pasodobles<\/figcaption><\/figure><\/div><\/div><\/div>                                            <\/div>\n                                        <\/div>\n                                    <\/div>\n\t\t\t\t\t\t\t\t\t                        <\/div>\n\n                    <\/div>\n                <\/div>\n\t\t\t\t                <div  class=\"wppb-row-parent  wppb-row-1628948432992 \"  >\n\t\t\t\t\t\n\t\t\t\t\t\t\t\t\t\t\n\t\t\t\t\t\t\t\t\t\t\n\t\t\t\t\t<div class=\"wppb-container \">\n\t\t\t\t\t\t\t\t\t\t\t\t\t\n                        <div class=\"wppb-row\">\n\t\t\t\t\t\t\t                                    <div  class=\"wppb-column-parent wppb-column-parent-view wppb-col-1628948432990  \"  >\n                                        <div class=\"wppb-column\">\n\t\t\t\t\t\n\t\t\t\t\t\t\t\t\t\t\t\n                                            <div class=\"wppb-builder-addons\">\n\t\t\t\t\t\t\t\t\t\t\t\t<div class='wppb-builder-addon wppb-addon-1628949771167'  data-addon-id='1628949771167'><div class='wppb-addon'><div class=\"wppb-image-addon\"><figure class=\"wppb-image-addon-content-wrap\"><div class=\"wppb-image-addon-content wppb-imginlineblock\"><img decoding=\"async\" class=\"wppb-image-addon-img\" src=\"http:\/\/www.losataos.org\/w\/wp-content\/uploads\/Image00049.jpg\" alt=\"Image\"><\/div><figcaption class=\"wppb-addon-image-caption\">Los Invitados engalanan nuestro cuartel.<\/figcaption><\/figure><\/div><\/div><\/div>                                            <\/div>\n                                        <\/div>\n                                    <\/div>\n\t\t\t\t\t\t\t\t\t                                    <div  class=\"wppb-column-parent wppb-column-parent-view wppb-col-1628948432991  \"  >\n                                        <div class=\"wppb-column\">\n\t\t\t\t\t\n\t\t\t\t\t\t\t\t\t\t\t\n                                            <div class=\"wppb-builder-addons\">\n\t\t\t\t\t\t\t\t\t\t\t\t<div class='wppb-builder-addon wppb-addon-1628949910547'  data-addon-id='1628949910547'><div class='wppb-addon'><div class=\"wppb-image-addon\"><figure class=\"wppb-image-addon-content-wrap\"><div class=\"wppb-image-addon-content wppb-imginlineblock\"><img decoding=\"async\" class=\"wppb-image-addon-img\" src=\"http:\/\/www.losataos.org\/w\/wp-content\/uploads\/Image00070.jpg\" alt=\"Image\"><\/div><figcaption class=\"wppb-addon-image-caption\">Se viven momentos distintos y especiales este d\u00eda<\/figcaption><\/figure><\/div><\/div><\/div>                                            <\/div>\n                                        <\/div>\n                                    <\/div>\n\t\t\t\t\t\t\t\t\t                        <\/div>\n\n                    <\/div>\n                <\/div>\n\t\t\t\t<\/div>","protected":false},"excerpt":{"rendered":"<p>Jueves Santo D\u00eda del amor fraterno. Como todas las corporaciones, este d\u00eda celebramos el D\u00eda del Amor Fraterno. La comida discurre sin un protocolo estricto, pero si se ordenan las intervenciones de los hermanos. El grupo de m\u00fasica nos acompa\u00f1a con sus pasodobles y sin faltar la marcha Recuerdo, en memoria de los que ya&hellip;&nbsp;<a href=\"https:\/\/www.losataos.org\/w\/2534-2\/\" rel=\"bookmark\">Leer m\u00e1s &raquo;<span class=\"screen-reader-text\"><!--Jueves Santo--><\/span><\/a><\/p>\n","protected":false},"author":2,"featured_media":0,"parent":0,"menu_order":0,"comment_status":"closed","ping_status":"open","template":"","meta":{"neve_meta_sidebar":"","neve_meta_container":"","neve_meta_enable_content_width":"","neve_meta_content_width":0,"neve_meta_title_alignment":"","neve_meta_author_avatar":"","neve_post_elements_order":"","neve_meta_disable_header":"","neve_meta_disable_footer":"","neve_meta_disable_title":"","footnotes":""},"wf_page_folders":[16],"class_list":["post-2534","page","type-page","status-publish","hentry"],"jetpack_sharing_enabled":true,"_links":{"self":[{"href":"https:\/\/www.losataos.org\/w\/wp-json\/wp\/v2\/pages\/2534","targetHints":{"allow":["GET"]}}],"collection":[{"href":"https:\/\/www.losataos.org\/w\/wp-json\/wp\/v2\/pages"}],"about":[{"href":"https:\/\/www.losataos.org\/w\/wp-json\/wp\/v2\/types\/page"}],"author":[{"embeddable":true,"href":"https:\/\/www.losataos.org\/w\/wp-json\/wp\/v2\/users\/2"}],"replies":[{"embeddable":true,"href":"https:\/\/www.losataos.org\/w\/wp-json\/wp\/v2\/comments?post=2534"}],"version-history":[{"count":2,"href":"https:\/\/www.losataos.org\/w\/wp-json\/wp\/v2\/pages\/2534\/revisions"}],"predecessor-version":[{"id":2551,"href":"https:\/\/www.losataos.org\/w\/wp-json\/wp\/v2\/pages\/2534\/revisions\/2551"}],"wp:attachment":[{"href":"https:\/\/www.losataos.org\/w\/wp-json\/wp\/v2\/media?parent=2534"}],"wp:term":[{"taxonomy":"wf_page_folders","embeddable":true,"href":"https:\/\/www.losataos.org\/w\/wp-json\/wp\/v2\/wf_page_folders?post=2534"}],"curies":[{"name":"wp","href":"https:\/\/api.w.org\/{rel}","templated":true}]}}