{"id":2480,"date":"2021-08-16T16:51:26","date_gmt":"2021-08-16T16:51:26","guid":{"rendered":"http:\/\/www.losataos.org\/w\/?page_id=2480"},"modified":"2025-02-24T21:27:14","modified_gmt":"2025-02-24T21:27:14","slug":"semana-santa-en-los-ataos-2","status":"publish","type":"page","link":"https:\/\/www.losataos.org\/w\/semana-santa-en-los-ataos-2\/","title":{"rendered":"Semana Santa en los Ataos"},"content":{"rendered":"<div id=\"wppb-builder-container\" class=\"wppb-builder-container\">                <div  class=\"wppb-row-parent  wppb-row-1636288746075 \"  >\n\t\t\t\t\t\n\t\t\t\t\t\t\t\t\t\t\n\t\t\t\t\t\t\t\t\t\t\n\t\t\t\t\t<div class=\"wppb-container \">\n\t\t\t\t\t\t\t\t\t\t\t\t\t\n                        <div class=\"wppb-row\">\n\t\t\t\t\t\t\t                                    <div  class=\"wppb-column-parent wppb-column-parent-view wppb-col-1636288746074  \"  >\n                                        <div class=\"wppb-column\">\n\t\t\t\t\t\n\t\t\t\t\t\t\t\t\t\t\t\n                                            <div class=\"wppb-builder-addons\">\n\t\t\t\t\t\t\t\t\t\t\t\t<div class='wppb-builder-addon wppb-addon-1636288792759'  data-addon-id='1636288792759'><div class='wppb-addon'><div class=\"wppb-text-block-addon\"><div class=\"wppb-text-block-content 0\"><p>La Semana Santa de Puente Genil, familiarmente conocida como\u00a0<strong>\u201cla Mananta\u201d<\/strong>, constituye una de las manifestaciones de religiosidad popular m\u00e1s importantes y singulares de Andaluc\u00eda.<\/p>\n<p>M\u00e1s all\u00e1 de la conmemoraci\u00f3n de la<strong>\u00a0Pasi\u00f3n,\u00a0Muerte\u00a0y\u00a0Resurrecci\u00f3n de Cristo<\/strong>, la Mananta adquiere en Puente Genil un sello \u00fanico que se torna en inolvidable para el que la visita por primera vez. Es, sin duda alguna, una fiesta de sensaciones, donde todo parece mezclarse en un desorden aparente e incluso contradictorio. Es ah\u00ed, no obstante, donde reside gran parte de su misterio y atractivo.<\/p>\n<p>Es tambi\u00e9n, la gran fiesta de la participaci\u00f3n, pues la Mananta es una fiesta del pueblo, forjada por \u00e9l.<\/p>\n<p>Y junto a ello, el peso de la tradici\u00f3n. La Mananta se forj\u00f3 a lo largo de cientos de a\u00f1os, y es tradicional porque sus costumbres se han conservado en el pueblo transmiti\u00e9ndose de generaci\u00f3n en generaci\u00f3n.<\/p>\n<p>Nuestra corporaci\u00f3n, una de las m\u00e1s antiguas, forma parte indivisible del sentir manantero, aportando religiosidad, ejemplo y \u00abdiversi\u00f3n\u00b7, a cuantos nos contemplan en las procesiones.<\/p>\n<p>Los ni\u00f1os de Puente Genil, anhela poder echar unas monedas sobre la t\u00fanica del Salvador, rememorando la subasta realizada hace m\u00e1s de 2000 a\u00f1os, donde unos romanos, se jugaron la ropa de Jes\u00fas Nazareno.<\/p><\/div><\/div><\/div><\/div>                                            <\/div>\n                                        <\/div>\n                                    <\/div>\n\t\t\t\t\t\t\t\t\t                        <\/div>\n\n                    <\/div>\n                <\/div>\n\t\t\t\t                <div  class=\"wppb-row-parent  wppb-row-1636288746089 \"  >\n\t\t\t\t\t\n\t\t\t\t\t\t\t\t\t\t\n\t\t\t\t\t\t\t\t\t\t\n\t\t\t\t\t<div class=\"wppb-container \">\n\t\t\t\t\t\t\t\t\t\t\t\t\t\n                        <div class=\"wppb-row\">\n\t\t\t\t\t\t\t                                    <div  class=\"wppb-column-parent wppb-column-parent-view wppb-col-1636290994085  \"  >\n                                        <div class=\"wppb-column\">\n\t\t\t\t\t\n\t\t\t\t\t\t\t\t\t\t\t\n                                            <div class=\"wppb-builder-addons\">\n\t\t\t\t\t\t\t\t\t\t\t\t<div class='wppb-builder-addon wppb-addon-1636290994086'  data-addon-id='1636290994086'><div class='wppb-addon'><div class=\"wppb-image-hover-addon wppb-image-hover-one wppb-image-hover-bottomleft\"><div class=\"wppb-image-hover-content\"><div class=\"wppb-image-hover-background image-hover-slideleft\"><div class=\"wppb-image-hover-bg\"><\/div><div class=\"wppb-image-hover-overlay\"><\/div><\/div><div class=\"wppb-image-hover-intro\"><h3 class=\"wppb-image-hover-title wppb-image-hover-title-1\">S\u00e1bado de Pasi\u00f3n<\/h3><h4 class=\"wppb-image-hover-subtitle wppb-image-hover-subtitle-1\">Procesi\u00f3n de nuestra titular<\/h4><a target=_self href=\"http:\/\/www.losataos.org\/w\/2524-2\/\"  class=\"wppb-btn-addons wppb-btn-image-hover\"><i class=\"fas fa-arrow-circle-right\"><\/i> <span>Leer m\u00e1s<\/span><\/a><\/div><\/div><\/div><\/div><\/div>                                            <\/div>\n                                        <\/div>\n                                    <\/div>\n\t\t\t\t\t\t\t\t\t                                    <div  class=\"wppb-column-parent wppb-column-parent-view wppb-col-1636290994083  \"  >\n                                        <div class=\"wppb-column\">\n\t\t\t\t\t\n\t\t\t\t\t\t\t\t\t\t\t\n                                            <div class=\"wppb-builder-addons\">\n\t\t\t\t\t\t\t\t\t\t\t\t<div class='wppb-builder-addon wppb-addon-1636290994084'  data-addon-id='1636290994084'><div class='wppb-addon'><div class=\"wppb-image-hover-addon wppb-image-hover-one wppb-image-hover-bottomleft\"><div class=\"wppb-image-hover-content\"><div class=\"wppb-image-hover-background image-hover-slideleft\"><div class=\"wppb-image-hover-bg\"><\/div><div class=\"wppb-image-hover-overlay\"><\/div><\/div><div class=\"wppb-image-hover-intro\"><h3 class=\"wppb-image-hover-title wppb-image-hover-title-1\">Domingo de Ramos<\/h3><h4 class=\"wppb-image-hover-subtitle wppb-image-hover-subtitle-1\">Visita al Cuartel de los Romanos<\/h4><a target=_self href=\"http:\/\/www.losataos.org\/w\/domingo-de-ramos\/\"  class=\"wppb-btn-addons wppb-btn-image-hover\"><i class=\"fas fa-arrow-circle-right\"><\/i> <span>Leer m\u00e1s<\/span><\/a><\/div><\/div><\/div><\/div><\/div>                                            <\/div>\n                                        <\/div>\n                                    <\/div>\n\t\t\t\t\t\t\t\t\t                        <\/div>\n\n                    <\/div>\n                <\/div>\n\t\t\t\t                <div  class=\"wppb-row-parent  wppb-row-1636290994135 \"  >\n\t\t\t\t\t\n\t\t\t\t\t\t\t\t\t\t\n\t\t\t\t\t\t\t\t\t\t\n\t\t\t\t\t<div class=\"wppb-container \">\n\t\t\t\t\t\t\t\t\t\t\t\t\t\n                        <div class=\"wppb-row\">\n\t\t\t\t\t\t\t                                    <div  class=\"wppb-column-parent wppb-column-parent-view wppb-col-1636290994136  \"  >\n                                        <div class=\"wppb-column\">\n\t\t\t\t\t\n\t\t\t\t\t\t\t\t\t\t\t\n                                            <div class=\"wppb-builder-addons\">\n\t\t\t\t\t\t\t\t\t\t\t\t<div class='wppb-builder-addon wppb-addon-1636290994137'  data-addon-id='1636290994137'><div class='wppb-addon'><div class=\"wppb-image-hover-addon wppb-image-hover-one wppb-image-hover-bottomleft\"><div class=\"wppb-image-hover-content\"><div class=\"wppb-image-hover-background image-hover-slideleft\"><div class=\"wppb-image-hover-bg\"><\/div><div class=\"wppb-image-hover-overlay\"><\/div><\/div><div class=\"wppb-image-hover-intro\"><h3 class=\"wppb-image-hover-title wppb-image-hover-title-1\">Martes Santo<\/h3><h4 class=\"wppb-image-hover-subtitle wppb-image-hover-subtitle-1\">Cena con nuestras mujeres<\/h4><a target=_self href=\"http:\/\/www.losataos.org\/w\/2469-2\/\"  class=\"wppb-btn-addons wppb-btn-image-hover\"><i class=\"fas fa-arrow-circle-right\"><\/i> <span>Leer m\u00e1s<\/span><\/a><\/div><\/div><\/div><\/div><\/div>                                            <\/div>\n                                        <\/div>\n                                    <\/div>\n\t\t\t\t\t\t\t\t\t                                    <div  class=\"wppb-column-parent wppb-column-parent-view wppb-col-1636290994138  \"  >\n                                        <div class=\"wppb-column\">\n\t\t\t\t\t\n\t\t\t\t\t\t\t\t\t\t\t\n                                            <div class=\"wppb-builder-addons\">\n\t\t\t\t\t\t\t\t\t\t\t\t<div class='wppb-builder-addon wppb-addon-1636290994139'  data-addon-id='1636290994139'><div class='wppb-addon'><div class=\"wppb-image-hover-addon wppb-image-hover-one wppb-image-hover-bottomleft\"><div class=\"wppb-image-hover-content\"><div class=\"wppb-image-hover-background image-hover-slideleft\"><div class=\"wppb-image-hover-bg\"><\/div><div class=\"wppb-image-hover-overlay\"><\/div><\/div><div class=\"wppb-image-hover-intro\"><h3 class=\"wppb-image-hover-title wppb-image-hover-title-1\">Mi\u00e9rcoles Santo<\/h3><h4 class=\"wppb-image-hover-subtitle wppb-image-hover-subtitle-1\">Sorteo de Figuras<\/h4><a target=_self href=\"http:\/\/www.losataos.org\/w\/2542-2\/\"  class=\"wppb-btn-addons wppb-btn-image-hover\"><i class=\"fas fa-arrow-circle-right\"><\/i> <span>Leer m\u00e1s<\/span><\/a><\/div><\/div><\/div><\/div><\/div>                                            <\/div>\n                                        <\/div>\n                                    <\/div>\n\t\t\t\t\t\t\t\t\t                        <\/div>\n\n                    <\/div>\n                <\/div>\n\t\t\t\t                <div  class=\"wppb-row-parent  wppb-row-1636290994318 \"  >\n\t\t\t\t\t\n\t\t\t\t\t\t\t\t\t\t\n\t\t\t\t\t\t\t\t\t\t\n\t\t\t\t\t<div class=\"wppb-container \">\n\t\t\t\t\t\t\t\t\t\t\t\t\t\n                        <div class=\"wppb-row\">\n\t\t\t\t\t\t\t                                    <div  class=\"wppb-column-parent wppb-column-parent-view wppb-col-1636290994319  \"  >\n                                        <div class=\"wppb-column\">\n\t\t\t\t\t\n\t\t\t\t\t\t\t\t\t\t\t\n                                            <div class=\"wppb-builder-addons\">\n\t\t\t\t\t\t\t\t\t\t\t\t<div class='wppb-builder-addon wppb-addon-1636290994320'  data-addon-id='1636290994320'><div class='wppb-addon'><div class=\"wppb-image-hover-addon wppb-image-hover-one wppb-image-hover-bottomleft\"><div class=\"wppb-image-hover-content\"><div class=\"wppb-image-hover-background image-hover-slideleft\"><div class=\"wppb-image-hover-bg\"><\/div><div class=\"wppb-image-hover-overlay\"><\/div><\/div><div class=\"wppb-image-hover-intro\"><h3 class=\"wppb-image-hover-title wppb-image-hover-title-1\">Jueves Santo<\/h3><h4 class=\"wppb-image-hover-subtitle wppb-image-hover-subtitle-1\">D\u00eda del Amor Fraterno<\/h4><a target=_self href=\"http:\/\/www.losataos.org\/w\/2534-2\/\"  class=\"wppb-btn-addons wppb-btn-image-hover\"><i class=\"fas fa-arrow-circle-right\"><\/i> <span>Leer m\u00e1s<\/span><\/a><\/div><\/div><\/div><\/div><\/div>                                            <\/div>\n                                        <\/div>\n                                    <\/div>\n\t\t\t\t\t\t\t\t\t                                    <div  class=\"wppb-column-parent wppb-column-parent-view wppb-col-1636290994321  \"  >\n                                        <div class=\"wppb-column\">\n\t\t\t\t\t\n\t\t\t\t\t\t\t\t\t\t\t\n                                            <div class=\"wppb-builder-addons\">\n\t\t\t\t\t\t\t\t\t\t\t\t<div class='wppb-builder-addon wppb-addon-1636290994322'  data-addon-id='1636290994322'><div class='wppb-addon'><div class=\"wppb-image-hover-addon wppb-image-hover-one wppb-image-hover-bottomleft\"><div class=\"wppb-image-hover-content\"><div class=\"wppb-image-hover-background image-hover-slideleft\"><div class=\"wppb-image-hover-bg\"><\/div><div class=\"wppb-image-hover-overlay\"><\/div><\/div><div class=\"wppb-image-hover-intro\"><h3 class=\"wppb-image-hover-title wppb-image-hover-title-1\">Viernes Santo<\/h3><h4 class=\"wppb-image-hover-subtitle wppb-image-hover-subtitle-1\">Tras el Nazareno<\/h4><a target=_self href=\"http:\/\/www.losataos.org\/w\/2544-2\/\"  class=\"wppb-btn-addons wppb-btn-image-hover\"><i class=\"fas fa-arrow-circle-right\"><\/i> <span>Leer m\u00e1s<\/span><\/a><\/div><\/div><\/div><\/div><\/div>                                            <\/div>\n                                        <\/div>\n                                    <\/div>\n\t\t\t\t\t\t\t\t\t                        <\/div>\n\n                    <\/div>\n                <\/div>\n\t\t\t\t                <div  class=\"wppb-row-parent  wppb-row-1636290994753 \"  >\n\t\t\t\t\t\n\t\t\t\t\t\t\t\t\t\t\n\t\t\t\t\t\t\t\t\t\t\n\t\t\t\t\t<div class=\"wppb-container \">\n\t\t\t\t\t\t\t\t\t\t\t\t\t\n                        <div class=\"wppb-row\">\n\t\t\t\t\t\t\t                                    <div  class=\"wppb-column-parent wppb-column-parent-view wppb-col-1636290994754  \"  >\n                                        <div class=\"wppb-column\">\n\t\t\t\t\t\n\t\t\t\t\t\t\t\t\t\t\t\n                                            <div class=\"wppb-builder-addons\">\n\t\t\t\t\t\t\t\t\t\t\t\t<div class='wppb-builder-addon wppb-addon-1636290994755'  data-addon-id='1636290994755'><div class='wppb-addon'><div class=\"wppb-image-hover-addon wppb-image-hover-one wppb-image-hover-bottomleft\"><div class=\"wppb-image-hover-content\"><div class=\"wppb-image-hover-background image-hover-slideleft\"><div class=\"wppb-image-hover-bg\"><\/div><div class=\"wppb-image-hover-overlay\"><\/div><\/div><div class=\"wppb-image-hover-intro\"><h3 class=\"wppb-image-hover-title wppb-image-hover-title-1\">S\u00e1bado Santo<\/h3><h4 class=\"wppb-image-hover-subtitle wppb-image-hover-subtitle-1\">D\u00eda de Luto<\/h4><a target=_self href=\"http:\/\/www.losataos.org\/w\/2559-2\/\"  class=\"wppb-btn-addons wppb-btn-image-hover\"><i class=\"fas fa-arrow-circle-right\"><\/i> <span>Leer m\u00e1s<\/span><\/a><\/div><\/div><\/div><\/div><\/div>                                            <\/div>\n                                        <\/div>\n                                    <\/div>\n\t\t\t\t\t\t\t\t\t                                    <div  class=\"wppb-column-parent wppb-column-parent-view wppb-col-1636290994756  \"  >\n                                        <div class=\"wppb-column\">\n\t\t\t\t\t\n\t\t\t\t\t\t\t\t\t\t\t\n                                            <div class=\"wppb-builder-addons\">\n\t\t\t\t\t\t\t\t\t\t\t\t<div class='wppb-builder-addon wppb-addon-1636290994757'  data-addon-id='1636290994757'><div class='wppb-addon'><div class=\"wppb-image-hover-addon wppb-image-hover-one wppb-image-hover-bottomleft\"><div class=\"wppb-image-hover-content\"><div class=\"wppb-image-hover-background image-hover-slideleft\"><div class=\"wppb-image-hover-bg\"><\/div><div class=\"wppb-image-hover-overlay\"><\/div><\/div><div class=\"wppb-image-hover-intro\"><h3 class=\"wppb-image-hover-title wppb-image-hover-title-1\">Domingo de Resurrecci\u00f3n<\/h3><h4 class=\"wppb-image-hover-subtitle wppb-image-hover-subtitle-1\">Tiempo de Pascua<\/h4><a target=_self href=\"http:\/\/www.losataos.org\/w\/2571-2\/\"  class=\"wppb-btn-addons wppb-btn-image-hover\"><i class=\"fas fa-arrow-circle-right\"><\/i> <span>Leer m\u00e1s<\/span><\/a><\/div><\/div><\/div><\/div><\/div>                                            <\/div>\n                                        <\/div>\n                                    <\/div>\n\t\t\t\t\t\t\t\t\t                        <\/div>\n\n                    <\/div>\n                <\/div>\n\t\t\t\t<\/div>","protected":false},"excerpt":{"rendered":"<p>La Semana Santa de Puente Genil, familiarmente conocida como\u00a0\u201cla Mananta\u201d, constituye una de las manifestaciones de religiosidad popular m\u00e1s importantes y singulares de Andaluc\u00eda. M\u00e1s all\u00e1 de la conmemoraci\u00f3n de la\u00a0Pasi\u00f3n,\u00a0Muerte\u00a0y\u00a0Resurrecci\u00f3n de Cristo, la Mananta adquiere en Puente Genil un sello \u00fanico que se torna en inolvidable para el que la visita por primera vez.&hellip;&nbsp;<a href=\"https:\/\/www.losataos.org\/w\/semana-santa-en-los-ataos-2\/\" rel=\"bookmark\">Leer m\u00e1s &raquo;<span class=\"screen-reader-text\">Semana Santa en los Ataos<\/span><\/a><\/p>\n","protected":false},"author":2,"featured_media":0,"parent":0,"menu_order":0,"comment_status":"closed","ping_status":"open","template":"","meta":{"neve_meta_sidebar":"","neve_meta_container":"","neve_meta_enable_content_width":"","neve_meta_content_width":0,"neve_meta_title_alignment":"","neve_meta_author_avatar":"","neve_post_elements_order":"","neve_meta_disable_header":"","neve_meta_disable_footer":"","neve_meta_disable_title":"","footnotes":""},"wf_page_folders":[16],"class_list":["post-2480","page","type-page","status-publish","hentry"],"jetpack_sharing_enabled":true,"_links":{"self":[{"href":"https:\/\/www.losataos.org\/w\/wp-json\/wp\/v2\/pages\/2480","targetHints":{"allow":["GET"]}}],"collection":[{"href":"https:\/\/www.losataos.org\/w\/wp-json\/wp\/v2\/pages"}],"about":[{"href":"https:\/\/www.losataos.org\/w\/wp-json\/wp\/v2\/types\/page"}],"author":[{"embeddable":true,"href":"https:\/\/www.losataos.org\/w\/wp-json\/wp\/v2\/users\/2"}],"replies":[{"embeddable":true,"href":"https:\/\/www.losataos.org\/w\/wp-json\/wp\/v2\/comments?post=2480"}],"version-history":[{"count":17,"href":"https:\/\/www.losataos.org\/w\/wp-json\/wp\/v2\/pages\/2480\/revisions"}],"predecessor-version":[{"id":32136,"href":"https:\/\/www.losataos.org\/w\/wp-json\/wp\/v2\/pages\/2480\/revisions\/32136"}],"wp:attachment":[{"href":"https:\/\/www.losataos.org\/w\/wp-json\/wp\/v2\/media?parent=2480"}],"wp:term":[{"taxonomy":"wf_page_folders","embeddable":true,"href":"https:\/\/www.losataos.org\/w\/wp-json\/wp\/v2\/wf_page_folders?post=2480"}],"curies":[{"name":"wp","href":"https:\/\/api.w.org\/{rel}","templated":true}]}}