{"id":2382,"date":"2021-08-09T21:33:34","date_gmt":"2021-08-09T21:33:34","guid":{"rendered":"http:\/\/www.losataos.org\/w\/?page_id=2382"},"modified":"2021-11-19T16:45:24","modified_gmt":"2021-11-19T16:45:24","slug":"musica-y-cante","status":"publish","type":"page","link":"https:\/\/www.losataos.org\/w\/musica-y-cante\/","title":{"rendered":"M\u00fasica y Cante"},"content":{"rendered":"\t\t<div data-elementor-type=\"wp-page\" data-elementor-id=\"2382\" class=\"elementor elementor-2382\" data-elementor-post-type=\"page\">\n\t\t\t\t\t\t<section class=\"elementor-section elementor-top-section elementor-element elementor-element-4cc2169c elementor-section-boxed elementor-section-height-default elementor-section-height-default\" data-id=\"4cc2169c\" data-element_type=\"section\" data-e-type=\"section\">\n\t\t\t\t\t\t<div class=\"elementor-container elementor-column-gap-default\">\n\t\t\t\t\t<div class=\"elementor-column elementor-col-100 elementor-top-column elementor-element elementor-element-1b99fc2c\" data-id=\"1b99fc2c\" data-element_type=\"column\" data-e-type=\"column\">\n\t\t\t<div class=\"elementor-widget-wrap elementor-element-populated\">\n\t\t\t\t\t\t<div class=\"elementor-element elementor-element-64dbbb3a elementor-widget elementor-widget-text-editor\" data-id=\"64dbbb3a\" data-element_type=\"widget\" data-e-type=\"widget\" data-widget_type=\"text-editor.default\">\n\t\t\t\t<div class=\"elementor-widget-container\">\n\t\t\t\t\t\t\t\t\t\n<h3 class=\"kt-adv-heading_23c4a8-1e wp-block-kadence-advancedheading has-luminous-vivid-orange-color has-text-color\" style=\"text-align: center;\" data-kb-block=\"kb-adv-heading_23c4a8-1e\">Celebrado en las Bodegas Delgado<\/h3>\n\n<div class=\"wp-block-kadence-rowlayout alignnone\">\n<div id=\"kt-layout-id_ecfb37-44\" class=\"kt-row-layout-inner kt-layout-id_ecfb37-44\">\n<div class=\"kt-row-column-wrap kt-has-3-columns kt-gutter-default kt-v-gutter-default kt-row-valign-top kt-row-layout-center-half kt-tab-layout-inherit kt-m-colapse-left-to-right kt-mobile-layout-row\">\n<div class=\"wp-block-kadence-column inner-column-1 kadence-column_30055e-2c\">\n<div class=\"kt-inside-inner-col\">\u00a0<\/div>\n<\/div>\n\n<div class=\"wp-block-kadence-column inner-column-2 kadence-column_3aa81f-52\">\n<div class=\"kt-inside-inner-col\">\n<figure class=\"wp-block-image size-full\"><img fetchpriority=\"high\" decoding=\"async\" width=\"454\" height=\"638\" class=\"wp-image-2353 aligncenter\" src=\"http:\/\/www.losataos.org\/w\/wp-content\/uploads\/mananta_musica_y_cante.jpg\" alt=\"\" srcset=\"https:\/\/www.losataos.org\/w\/wp-content\/uploads\/mananta_musica_y_cante.jpg 454w, https:\/\/www.losataos.org\/w\/wp-content\/uploads\/mananta_musica_y_cante-213x300.jpg 213w\" sizes=\"(max-width: 454px) 100vw, 454px\" \/><\/figure>\n<\/div>\n<\/div>\n\n<div class=\"wp-block-kadence-column inner-column-3 kadence-column_a5b935-84\">\n<div class=\"kt-inside-inner-col\">\u00a0<\/div>\n<\/div>\n<\/div>\n<\/div>\n<\/div>\n\n<p class=\"has-text-align-center\"><strong>MANANTA: M\u00daSICA Y CANTE<\/strong><\/p>\n\n<figure class=\"wp-block-table\">\n<table>\n<tbody>\n<tr>\n<td>\u00a0<\/td>\n<\/tr>\n<tr>\n<td><br \/>El viernes 19 de febrero del 2016 y sobre las 9 de la noche., la corporaci\u00f3n B\u00edblica Los Ataos, Judas Pedro y Pablo. Celebro en las instalaciones de Las Bodegas Delgado, el acto cultural, MANANTA: M\u00daSICA Y CANTO. Enmarcado dentro de los actos que nuestra corporaci\u00f3n celebra en este a\u00f1o 2016, con motivo del 350 Aniversario de las Figuras de Dimas y Gestas.<br \/><br \/>La mesa presidencial estaba compuesta, por D. Rafael S\u00e1nchez. D. Juan Ortega, conferenciantes. Emilio Garc\u00eda, nieto de Juan \u201cHierro\u201d. D. Pablo Alfaro, representante del Ilustre Ayuntamiento y el presidente de los Ataos, D. Emilio Palos.<br \/><br \/>El presidente de los Ataos, abr\u00eda el acto, saludando a todos los presente, explicando de c\u00f3mo se iba a desarrollar el mismo, y agradeciendo a las Bodegas Delgado, el cedernos sus instalaciones para el acto manantero. El cual comenzaba con la interpretaci\u00f3n de la marcha \u201cVirgen de la Gu\u00eda\u201d por la banda de m\u00fasica de los Ataos, todos uniformados con el traje de gala. <br \/><br \/>A continuaci\u00f3n, interven\u00eda el Profesor y Flamenc\u00f3logo pontano, D. Juan Ortega Chac\u00f3n. Comenzando un minucioso recorrido de la ubicaci\u00f3n de algunas de las casas, donde los Ataos situaron su cuartel, en a\u00f1os pasados. Dec\u00eda que cuando \u00e9l era solo un ni\u00f1o, recordaba el que estaba situado en la C\/ Horno 55. Siendo all\u00ed, en donde tomo el primer contacto con un cuartel y en el que se cantaba la saeta antigua y la m\u00fasica. Este se situaba al abrigo de una antigua cantarer\u00eda y del olor del pan calentito del horno de Rosales. Recordando a aquellos antiguos y populares Ataos, como Chifarri, Manuel Sol\u00eds, Manuel Fern\u00e1ndez \u201cColor\u00edn\u201d m\u00e1s otros, con sus t\u00fanicas negras, desfilando con las horquillas que sosten\u00eda el paso de la Gu\u00eda y en una de ellas llevada por un hermano, se situaba montado el gallo de San Pedro, acompa\u00f1ado de sus m\u00fasicos.<br \/><br \/>Tambi\u00e9n recordaba, cuando los Ataos, ten\u00edan su cuartel al principio de la C\/ Aguilar, dos casa m\u00e1s arriba del cruce de la C\/ Cosano y propiedad de las Delgaditos Bodegueros. Este ten\u00eda un balc\u00f3n exterior alargado, donde ellos colocaba una rueda de artificio, que encend\u00edan los domingos de cuaresma, cuando los romanos llegaba a las puertas de dicho cuartel, donde hac\u00edan el descaso de rigor los Romanos para continuar su desfile hacia las cumbres del Calvario.<br \/><br \/>Ya metido de lleno en la saeta cuartelera, dec\u00eda que esta proced\u00eda de los cantos Lit\u00fargicos de principios de la Semana Santa y se acentu\u00f3 con la aparici\u00f3n de la hermandad de Jes\u00fas Nazareno, donde tambi\u00e9n se crearon las primeras Figuras B\u00edblicas, como los Ap\u00f3stoles, Evangelistas, Virtudes, Cirineo y los ladrones Dimas y Gesta, entre otras. Tambi\u00e9n Juan Ortega, hacia un breve repaso hist\u00f3rico de las veces que las autoridades Eclesi\u00e1sticas, prohibieron la salida en los desfiles de la Semana Santa, de las Figuras B\u00edblicas. Hasta que la Sociedad Civil y en concreto el Ayuntamiento, se hizo cargo de los desfiles procesionales y la continuaci\u00f3n y creaci\u00f3n de nuevas Figura B\u00edblicas. Las cuales se empezaba a convivir en casas cuartel, donde se cantaban en cuaresma y Semana Santa, las saetas cuarteleras antiguas y las coreadas, conviviendo con ellas, las de corte sevillano y flamencas.<br \/><br \/>Sobre la saeta cuartelera, tambi\u00e9n dec\u00eda, que en un art\u00edculo publicado en el siglo X. VIIII, de Alberto Alvares Soto Mayor, apuntaba \u201cSe anhelan cantar terribles saetas con los Ataos\u201d. continuaba diciendo Juan Ortega, que la saeta cuartelera, tuvo y tiene mucho protagonismo en Los Ap\u00f3stoles, ya que en ella cantaban a d\u00fao, los hermanos Manuel y Juan Garc\u00eda \u201cNi\u00f1o Hierro\u201d los cuales les dieron un estilo muy personal a la cuartelera y que Antonio Velasco \u201cEl Balilla\u201d junto a Jos\u00e9 Rivas \u201cEl Chiquito\u201d tambi\u00e9n personalizaron. Como tambi\u00e9n lo hicieron los hermanos Miguel y Antonio Martin \u201cLos Miguelones\u201d, hasta nuestros d\u00edas. Pero no por ello la saeta cuartelera, no es patrimonio de ninguna corporaci\u00f3n determinada, que es la que se canta en nuestro pueblo por todos los que m\u00e1s o menos tienen facultades para el canto.<br \/>Terminando su intervenci\u00f3n Juan Ortega, dedic\u00e1ndoles unos cari\u00f1osos halagos, a su buen amigo y Manantero Ejemplar 2006, y medalla de los cincuenta a\u00f1os, como hermano de los Ataos, Antonio G\u00e1lvez \u201cChifarri\u201d, primog\u00e9nito de una gran familia de Mananteros.<br \/><br \/>A continuaci\u00f3n. Interven\u00eda el Profesor de canto y m\u00fasica, nuestro paisano Rafael S\u00e1nchez, el cual y sobre una pantalla de proyecci\u00f3n, hizo una buena y genial exposici\u00f3n sobre la m\u00fasica y el canto en dos apartados. \u201cM\u00fasica Canto\u201d y \u201cM\u00fasica Instrumentada\u201d haciendo un interesante repaso de la creaci\u00f3n de la Schola Cantorum, desde sus comienzos hasta nuestros d\u00edas. Con fotograf\u00edas de muchos de sus componentes en el paso de los a\u00f1os.<br \/><br \/>En el apartado de \u201cM\u00fasica Instrumentada\u201d, hizo un tanto de lo mismo. Haciendo una buena referencia personal y musical del desaparecido maestro D. Tomas Ure\u00f1a Ruiz, persona muy comprometida en la defensa y mantenimiento de la m\u00fasica local y manantera. Siendo sus desvelos que a su Imperio Romano, no le faltase la m\u00fasica, siendo de esta corporaci\u00f3n hermano y director musical, durante muchos a\u00f1os, mas tambi\u00e9n su contribuci\u00f3n para la m\u00fasica en los Ataos. Creando en ella la escuela de m\u00fasica, desde donde se cre\u00f3 la desaparecida \u201cBanda Joven\u201d. Tambi\u00e9n hizo un recorrido de su vida personal y familiar, desde su nacimiento en el pueblo jienense de Torre don Jimeno, y su vida en Puente Genil. Todo un buen trabajo, bien documentado y con fotograf\u00edas de su paso por el Imperio Romano, en diferentes \u00e9pocas.<br \/><br \/>Culmino su intervenci\u00f3n, leyendo unas notas del trabajo musical que esta noche se estren\u00f3, dedicado al 350 aniversario de Dimas y Gestas, del compositor y profesor local Antonio Moreno Pozo, titulado \u201cGestas\u201d. Desgranado musicalmente la citada obra. Que al t\u00e9rmino de su intervenci\u00f3n, interpretaron magistralmente la banda de m\u00fasica de los Ataos, dirigida por su director D. Eduardo L\u00f3pez Gil, hermano de la corporaci\u00f3n de los Ataos. En algunos de los movimientos de la obra, aparece notas del \u201cBarrabas\u201d, siendo muy bien acogida por todos los asistentes, todos puestos de pie, y aplaudiendo un buen rato.<br \/>Despu\u00e9s se le hizo un homenaje p\u00f3stumo, por parte de la corporaci\u00f3n de los Ataos, a D. Juan Garc\u00eda \u201cNi\u00f1o Hierro\u201d, que su nieto Emilio Garc\u00eda recog\u00eda, no sin antes hacer una peque\u00f1a semblanza de su vida personal y flamenca. As\u00ed mismo, tambi\u00e9n se le hac\u00eda un homenaje p\u00f3stumo a D. Tomas Ure\u00f1a Ruiz, recogiendo el t\u00edtulo en nombre de la familia, su nieto y hermano Atao, D. Ismael Ure\u00f1a Ortu\u00f1o, despu\u00e9s de que nuestro hermano Francisco Jos\u00e9 Membiela, les hiciera una peque\u00f1a semblanza. Los dos homenajeados fueron nombrados hermanos honor\u00edficos de la corporaci\u00f3n de los Ataos.<br \/><br \/>Terminado el citado acto, con la interpretaci\u00f3n de la marcha \u201cRecuerdo\u201d y el pasodoble romano \u201cEl Abuelo\u201d que en su d\u00eda, fue dedicado al maestro Tomas Ure\u00f1a. Tras ello, pasamos a desgastar unas exquisitas viandas y unas copas de vino de nuestra tierra, ofrecida gentilmente, por las Bodegas Delgado. Finalizado todos desfilado por las instalaciones, bajo los sones del pasodoble \u201cBarrabas\u201d.<br \/>Otro fabuloso acto manantero, enmarcado dentro del 350 aniversario de la aparici\u00f3n de los ladrones Dimas y Gestas, en la hermandad de Jes\u00fas de Nazareno, all\u00e1 por el a\u00f1o 1666.<\/td>\n<\/tr>\n<\/tbody>\n<\/table>\n<\/figure>\n\n<figure class=\"wp-block-image size-full\"><a href=\"https:\/\/photos.app.goo.gl\/Vp6XoUxvdoEzLC3t5\" target=\"_blank\" rel=\"noopener\"><img decoding=\"async\" width=\"800\" height=\"529\" class=\"wp-image-2383 aligncenter\" src=\"http:\/\/www.losataos.org\/w\/wp-content\/uploads\/musica-y-saeta.-5.jpg\" alt=\"\" srcset=\"https:\/\/www.losataos.org\/w\/wp-content\/uploads\/musica-y-saeta.-5.jpg 800w, https:\/\/www.losataos.org\/w\/wp-content\/uploads\/musica-y-saeta.-5-300x198.jpg 300w, https:\/\/www.losataos.org\/w\/wp-content\/uploads\/musica-y-saeta.-5-768x508.jpg 768w\" sizes=\"(max-width: 800px) 100vw, 800px\" \/><\/a>\n<figcaption>Pulsa sobre la imagen, para ver el \u00e1lbum de fotos de ese d\u00eda<\/figcaption>\n<\/figure>\n\t\t\t\t\t\t\t\t<\/div>\n\t\t\t\t<\/div>\n\t\t\t\t\t<\/div>\n\t\t<\/div>\n\t\t\t\t\t<\/div>\n\t\t<\/section>\n\t\t\t\t<\/div>\n\t\t","protected":false},"excerpt":{"rendered":"<p>MANANTA: M\u00daSICA Y CANTE \u00a0 El viernes 19 de febrero del 2016 y sobre las 9 de la noche., la corporaci\u00f3n B\u00edblica Los Ataos, Judas Pedro y Pablo. Celebro en las instalaciones de Las Bodegas Delgado, el acto cultural, MANANTA: M\u00daSICA Y CANTO. Enmarcado dentro de los actos que nuestra corporaci\u00f3n celebra en este a\u00f1o&hellip;&nbsp;<a href=\"https:\/\/www.losataos.org\/w\/musica-y-cante\/\" rel=\"bookmark\">Leer m\u00e1s &raquo;<span class=\"screen-reader-text\">M\u00fasica y Cante<\/span><\/a><\/p>\n","protected":false},"author":2,"featured_media":0,"parent":0,"menu_order":0,"comment_status":"closed","ping_status":"open","template":"","meta":{"neve_meta_sidebar":"","neve_meta_container":"","neve_meta_enable_content_width":"","neve_meta_content_width":0,"neve_meta_title_alignment":"","neve_meta_author_avatar":"","neve_post_elements_order":"","neve_meta_disable_header":"","neve_meta_disable_footer":"","neve_meta_disable_title":"","footnotes":""},"wf_page_folders":[33],"class_list":["post-2382","page","type-page","status-publish","hentry"],"jetpack_sharing_enabled":true,"_links":{"self":[{"href":"https:\/\/www.losataos.org\/w\/wp-json\/wp\/v2\/pages\/2382","targetHints":{"allow":["GET"]}}],"collection":[{"href":"https:\/\/www.losataos.org\/w\/wp-json\/wp\/v2\/pages"}],"about":[{"href":"https:\/\/www.losataos.org\/w\/wp-json\/wp\/v2\/types\/page"}],"author":[{"embeddable":true,"href":"https:\/\/www.losataos.org\/w\/wp-json\/wp\/v2\/users\/2"}],"replies":[{"embeddable":true,"href":"https:\/\/www.losataos.org\/w\/wp-json\/wp\/v2\/comments?post=2382"}],"version-history":[{"count":6,"href":"https:\/\/www.losataos.org\/w\/wp-json\/wp\/v2\/pages\/2382\/revisions"}],"predecessor-version":[{"id":2859,"href":"https:\/\/www.losataos.org\/w\/wp-json\/wp\/v2\/pages\/2382\/revisions\/2859"}],"wp:attachment":[{"href":"https:\/\/www.losataos.org\/w\/wp-json\/wp\/v2\/media?parent=2382"}],"wp:term":[{"taxonomy":"wf_page_folders","embeddable":true,"href":"https:\/\/www.losataos.org\/w\/wp-json\/wp\/v2\/wf_page_folders?post=2382"}],"curies":[{"name":"wp","href":"https:\/\/api.w.org\/{rel}","templated":true}]}}