{"id":2205,"date":"2021-08-08T13:25:26","date_gmt":"2021-08-08T13:25:26","guid":{"rendered":"http:\/\/www.losataos.org\/w\/?page_id=2205"},"modified":"2021-08-08T13:54:36","modified_gmt":"2021-08-08T13:54:36","slug":"fotografias-2020","status":"publish","type":"page","link":"https:\/\/www.losataos.org\/w\/fotografias-2020\/","title":{"rendered":"Fotograf\u00edas 2020"},"content":{"rendered":"<div id=\"wppb-builder-container\" class=\"wppb-builder-container\">                <div  class=\"wppb-row-parent  wppb-row-1637093366586 \"  >\n\t\t\t\t\t\n\t\t\t\t\t\t\t\t\t\t\n\t\t\t\t\t\t\t\t\t\t\n\t\t\t\t\t<div class=\"wppb-container \">\n\t\t\t\t\t\t\t\t\t\t\t\t\t\n                        <div class=\"wppb-row\">\n\t\t\t\t\t\t\t                                    <div  class=\"wppb-column-parent wppb-column-parent-view wppb-col-1637093366585  \"  >\n                                        <div class=\"wppb-column\">\n\t\t\t\t\t\n\t\t\t\t\t\t\t\t\t\t\t\n                                            <div class=\"wppb-builder-addons\">\n\t\t\t\t\t\t\t\t\t\t\t\t<div class='wppb-builder-addon wppb-addon-1637093399613'  data-addon-id='1637093399613'><div class='wppb-addon'><div class=\"wppb-text-block-addon\"><div class=\"wppb-text-block-content 0\"><h3><strong><span style=\"color: #ff6600\">A\u00f1o at\u00edpico en la historia de la Semana Santa de Espa\u00f1a, la cual hubo de ser suprimida, tanto la cuaresma como nuestra Fiesta Mayor, debido a la Pandemia del Coronavirus, conocido como <\/span><\/strong>COVID-19<\/h3>\n<h4><strong><a href=\"https:\/\/www.mscbs.gob.es\/profesionales\/saludPublica\/ccayes\/alertasActual\/nCov\/home.htm\" target=\"_blank\" rel=\"noopener\">Conoce m\u00e1s informaci\u00f3n al respecto.<\/a><\/strong><\/h4><\/div><\/div><\/div><\/div>                                            <\/div>\n                                        <\/div>\n                                    <\/div>\n\t\t\t\t\t\t\t\t\t                        <\/div>\n\n                    <\/div>\n                <\/div>\n\t\t\t\t                <div  class=\"wppb-row-parent  wppb-row-1637093367046 \"  >\n\t\t\t\t\t\n\t\t\t\t\t\t\t\t\t\t\n\t\t\t\t\t\t\t\t\t\t\n\t\t\t\t\t<div class=\"wppb-container \">\n\t\t\t\t\t\t\t\t\t\t\t\t\t\n                        <div class=\"wppb-row\">\n\t\t\t\t\t\t\t                                    <div  class=\"wppb-column-parent wppb-column-parent-view wppb-col-1637093367043  \"  >\n                                        <div class=\"wppb-column\">\n\t\t\t\t\t\n\t\t\t\t\t\t\t\t\t\t\t\n                                            <div class=\"wppb-builder-addons\">\n\t\t\t\t\t\t\t\t\t\t\t\t<div class='wppb-builder-addon wppb-addon-1637093367097'  data-addon-id='1637093367097'><div class='wppb-addon'><div class=\"wppb-person-addon\"><div class=\"wppb-person-addon-content person-layout-one\"><div class=\"wppb-person-image\"><img decoding=\"async\" class=\"wppb-person-addon-img\" src=\"http:\/\/www.losataos.org\/w\/wp-content\/uploads\/2020_a.jpg\" alt=\"Jueves Lardero\"><\/div><div class=\"wppb-person-information\"><span class=\"wppb-person-name\"><a  href=\"https:\/\/photos.app.goo.gl\/9y5brwcRYZKCGTKp6\" target=_blank>Jueves Lardero<\/a><\/span><\/div><\/div><\/div><\/div><\/div>                                            <\/div>\n                                        <\/div>\n                                    <\/div>\n\t\t\t\t\t\t\t\t\t                                    <div  class=\"wppb-column-parent wppb-column-parent-view wppb-col-1637093367044  \"  >\n                                        <div class=\"wppb-column\">\n\t\t\t\t\t\n\t\t\t\t\t\t\t\t\t\t\t\n                                            <div class=\"wppb-builder-addons\">\n\t\t\t\t\t\t\t\t\t\t\t\t<div class='wppb-builder-addon wppb-addon-1637093367110'  data-addon-id='1637093367110'><div class='wppb-addon'><div class=\"wppb-person-addon\"><div class=\"wppb-person-addon-content person-layout-one\"><div class=\"wppb-person-image\"><img decoding=\"async\" class=\"wppb-person-addon-img\" src=\"http:\/\/www.losataos.org\/w\/wp-content\/uploads\/IMG-20200222-WA0087.jpg\" alt=\"Subida de Carnaval - 1\u00ba\"><\/div><div class=\"wppb-person-information\"><span class=\"wppb-person-name\"><a  href=\"https:\/\/photos.app.goo.gl\/9y5brwcRYZKCGTKp6\" target=_blank>Subida de Carnaval - 1\u00ba<\/a><\/span><\/div><\/div><\/div><\/div><\/div>                                            <\/div>\n                                        <\/div>\n                                    <\/div>\n\t\t\t\t\t\t\t\t\t                                    <div  class=\"wppb-column-parent wppb-column-parent-view wppb-col-1637093367045  \"  >\n                                        <div class=\"wppb-column\">\n\t\t\t\t\t\n\t\t\t\t\t\t\t\t\t\t\t\n                                            <div class=\"wppb-builder-addons\">\n\t\t\t\t\t\t\t\t\t\t\t\t<div class='wppb-builder-addon wppb-addon-1637093367171'  data-addon-id='1637093367171'><div class='wppb-addon'><div class=\"wppb-person-addon\"><div class=\"wppb-person-addon-content person-layout-one\"><div class=\"wppb-person-image\"><img decoding=\"async\" class=\"wppb-person-addon-img\" src=\"http:\/\/www.losataos.org\/w\/wp-content\/uploads\/IMG-20200301-WA0005.jpg\" alt=\"Subida de Tentaciones - 2\u00aa\"><\/div><div class=\"wppb-person-information\"><span class=\"wppb-person-name\"><a  href=\"https:\/\/photos.app.goo.gl\/ZrP2Gmt6oNL4pwmw8\" target=_blank>Subida de Tentaciones - 2\u00aa<\/a><\/span><\/div><\/div><\/div><\/div><\/div>                                            <\/div>\n                                        <\/div>\n                                    <\/div>\n\t\t\t\t\t\t\t\t\t                        <\/div>\n\n                    <\/div>\n                <\/div>\n\t\t\t\t                <div  class=\"wppb-row-parent  wppb-row-1637093367234 \"  >\n\t\t\t\t\t\n\t\t\t\t\t\t\t\t\t\t\n\t\t\t\t\t\t\t\t\t\t\n\t\t\t\t\t<div class=\"wppb-container \">\n\t\t\t\t\t\t\t\t\t\t\t\t\t\n                        <div class=\"wppb-row\">\n\t\t\t\t\t\t\t                                    <div  class=\"wppb-column-parent wppb-column-parent-view wppb-col-1637093367235  \"  >\n                                        <div class=\"wppb-column\">\n\t\t\t\t\t\n\t\t\t\t\t\t\t\t\t\t\t\n                                            <div class=\"wppb-builder-addons\">\n\t\t\t\t\t\t\t\t\t\t\t\t<div class='wppb-builder-addon wppb-addon-1637093367236'  data-addon-id='1637093367236'><div class='wppb-addon'><div class=\"wppb-person-addon\"><div class=\"wppb-person-addon-content person-layout-one\"><div class=\"wppb-person-image\"><img decoding=\"async\" class=\"wppb-person-addon-img\" src=\"http:\/\/www.losataos.org\/w\/wp-content\/uploads\/2020-3.jpg\" alt=\"Subida de Transfiguraci\u00f3n - 3\u00aa\"><\/div><div class=\"wppb-person-information\"><span class=\"wppb-person-name\"><a  href=\"https:\/\/photos.app.goo.gl\/YxtbdMvKbRUsGt5m9\" target=_blank>Subida de Transfiguraci\u00f3n - 3\u00aa<\/a><\/span><\/div><\/div><\/div><\/div><\/div>                                            <\/div>\n                                        <\/div>\n                                    <\/div>\n\t\t\t\t\t\t\t\t\t                                    <div  class=\"wppb-column-parent wppb-column-parent-view wppb-col-1637093367237  \"  >\n                                        <div class=\"wppb-column\">\n\t\t\t\t\t\n\t\t\t\t\t\t\t\t\t\t\t\n                                            <div class=\"wppb-builder-addons\">\n\t\t\t\t\t\t\t\t\t\t\t\t                                            <\/div>\n                                        <\/div>\n                                    <\/div>\n\t\t\t\t\t\t\t\t\t                                    <div  class=\"wppb-column-parent wppb-column-parent-view wppb-col-1637093367239  \"  >\n                                        <div class=\"wppb-column\">\n\t\t\t\t\t\n\t\t\t\t\t\t\t\t\t\t\t\n                                            <div class=\"wppb-builder-addons\">\n\t\t\t\t\t\t\t\t\t\t\t\t                                            <\/div>\n                                        <\/div>\n                                    <\/div>\n\t\t\t\t\t\t\t\t\t                        <\/div>\n\n                    <\/div>\n                <\/div>\n\t\t\t\t                <div  class=\"wppb-row-parent  wppb-row-1637093367332 \"  >\n\t\t\t\t\t\n\t\t\t\t\t\t\t\t\t\t\n\t\t\t\t\t\t\t\t\t\t\n\t\t\t\t\t<div class=\"wppb-container \">\n\t\t\t\t\t\t\t\t\t\t\t\t\t\n                        <div class=\"wppb-row\">\n\t\t\t\t\t\t\t                                    <div  class=\"wppb-column-parent wppb-column-parent-view wppb-col-1637093367331  \"  >\n                                        <div class=\"wppb-column\">\n\t\t\t\t\t\n\t\t\t\t\t\t\t\t\t\t\t\n                                            <div class=\"wppb-builder-addons\">\n\t\t\t\t\t\t\t\t\t\t\t\t<div class='wppb-builder-addon wppb-addon-1637094445677'  data-addon-id='1637094445677'><div class='wppb-addon'><div class=\"wppb-text-block-addon\"><div class=\"wppb-text-block-content 0\"><h3><strong><span style=\"color: #ff6600\">Cr\u00f3nicas<\/span><\/strong><\/h3><\/div><\/div><\/div><\/div>                                            <\/div>\n                                        <\/div>\n                                    <\/div>\n\t\t\t\t\t\t\t\t\t                        <\/div>\n\n                    <\/div>\n                <\/div>\n\t\t\t\t                <div  class=\"wppb-row-parent  wppb-row-1637093367402 \"  >\n\t\t\t\t\t\n\t\t\t\t\t\t\t\t\t\t\n\t\t\t\t\t\t\t\t\t\t\n\t\t\t\t\t<div class=\"wppb-container \">\n\t\t\t\t\t\t\t\t\t\t\t\t\t\n                        <div class=\"wppb-row\">\n\t\t\t\t\t\t\t                                    <div  class=\"wppb-column-parent wppb-column-parent-view wppb-col-1637093367401  \"  >\n                                        <div class=\"wppb-column\">\n\t\t\t\t\t\n\t\t\t\t\t\t\t\t\t\t\t\n                                            <div class=\"wppb-builder-addons\">\n\t\t\t\t\t\t\t\t\t\t\t\t<div class='wppb-builder-addon wppb-addon-1637094499522'  data-addon-id='1637094499522'><div class='wppb-addon'><div class=\"wppb-accordion-addon\"><div class=\"wppb-accordion-addon-content\"><div class=\"wppb-accordion-items\"><div class=\"wppb-accordion-item repeater-0\"><div class=\"wppb-accordion-title wppb-toggle-right \"><i class=\"fas fa-pen-alt\"><\/i><span class=\"wppb-accordion-title-content\">Segunda Subida al Calvario<\/span><span class=\"wppb-toggle-direction wppb-toggle-right\"><i class=\"fas fas fa-angle-right\"><\/i><\/span><\/div><div class=\"wppb-panel-collapse\" style=\"display: none;\"><div class=\"wppb-accordion-content\"><p class=\"text\" align=\"center\"><span style=\"color: #0000ff\">Cuando llega el final del invierno<\/span><br \/><span style=\"color: #0000ff\">y la tristeza te aplasta<\/span><br \/><span style=\"color: #0000ff\">solo queda el consuelo<\/span><br \/><span style=\"color: #0000ff\">de nuestra mananta<\/span><\/p>\n<p class=\"text\" align=\"center\"><span style=\"color: #0000ff\">Cuando la discusi\u00f3n es rutina<\/span><br \/><span style=\"color: #0000ff\">y te sientes apesadumbrado<\/span><br \/><span style=\"color: #0000ff\">solo queda una gran velada<\/span><br \/><span style=\"color: #0000ff\">en una subida de romanos<\/span><\/p>\n<p class=\"text\" align=\"center\"><span style=\"color: #0000ff\">Cuando en la vida nos sentimos<\/span><br \/><span style=\"color: #0000ff\">que no somos amados<\/span><br \/><span style=\"color: #0000ff\">solo queda lo que o\u00edmos<\/span><br \/><span style=\"color: #0000ff\">subiendo al comp\u00e1s de los ataos<\/span><\/p>\n<p class=\"text\" align=\"center\"><span style=\"color: #0000ff\">Cuando la terna es por eucaliptos<\/span><br \/><span style=\"color: #0000ff\">que alguien bien o mal ha cortado<\/span><br \/><span style=\"color: #0000ff\">solo queda subir acompa\u00f1aditos<\/span><br \/><span style=\"color: #0000ff\">a la plaza del calvario<\/span><\/p>\n<p class=\"text\" align=\"center\"><span style=\"color: #0000ff\">Cuando la coqueta belleza falta<\/span><br \/><span style=\"color: #0000ff\">y no aguanta los a\u00f1os en el espejo<\/span><br \/><span style=\"color: #0000ff\">solo queda llevar tu alma<\/span><br \/><span style=\"color: #0000ff\">ante Nuestro Padre Jesus Nazareno<\/span><\/p>\n<p class=\"text\" align=\"center\"><span style=\"color: #0000ff\">Cuando llega nuestra cuaresma<\/span><br \/><span style=\"color: #0000ff\">que marca al pontan\u00e9s el tiempo<\/span><br \/><span style=\"color: #0000ff\">solo queda la gran meta<\/span><br \/><span style=\"color: #0000ff\">de ser un gran Manantero<\/span><\/p>\n<p class=\"text\" align=\"center\"><span style=\"color: #0000ff\">Cuando la soledad de ti se apodera<\/span><br \/><span style=\"color: #0000ff\">y buscas en alguien consuelo<\/span><br \/><span style=\"color: #0000ff\">solo queda cuartel y mesa<\/span><br \/><span style=\"color: #0000ff\">lleno de hermanos y sentimientos<\/span><\/p>\n<p class=\"text\" align=\"center\"><span style=\"color: #0000ff\">Cuando tu orgullo se cambia<\/span><br \/><span style=\"color: #0000ff\">y vuelves a empezar a querer<\/span><br \/><span style=\"color: #0000ff\">solo queda gritar al cielo con ganas<\/span><br \/><span style=\"color: #0000ff\">gracias Dios m\u00edo porque yo quiero<\/span><br \/><span style=\"color: #0000ff\">Y soy pontan\u00e9s, pontan\u00e9s, pontan\u00e9s,<\/span><br \/><span style=\"color: #0000ff\">pontan\u00e9s, pontan\u00e9s\u2026<\/span><\/p>\n<p align=\"right\"><span class=\"text\" style=\"color: #0000ff\">Francisco Jos\u00e9 Perea Almeda.<\/span><\/p><\/div><\/div><\/div><\/div><\/div><\/div><\/div><\/div>                                            <\/div>\n                                        <\/div>\n                                    <\/div>\n\t\t\t\t\t\t\t\t\t                        <\/div>\n\n                    <\/div>\n                <\/div>\n\t\t\t\t<\/div>","protected":false},"excerpt":{"rendered":"<p>A\u00f1o at\u00edpico en la historia de la Semana Santa de Espa\u00f1a, la cual hubo de ser suprimida, tanto la cuaresma como nuestra Fiesta Mayor, debido a la Pandemia del Coronavirus, conocido como COVID-19 Conoce m\u00e1s informaci\u00f3n al respecto. Jueves Lardero Subida de Carnaval &#8211; 1\u00ba Subida de Tentaciones &#8211; 2\u00aa Subida de Transfiguraci\u00f3n &#8211; 3\u00aa&hellip;&nbsp;<a href=\"https:\/\/www.losataos.org\/w\/fotografias-2020\/\" rel=\"bookmark\">Leer m\u00e1s &raquo;<span class=\"screen-reader-text\">Fotograf\u00edas 2020<\/span><\/a><\/p>\n","protected":false},"author":2,"featured_media":0,"parent":0,"menu_order":0,"comment_status":"closed","ping_status":"open","template":"","meta":{"neve_meta_sidebar":"","neve_meta_container":"","neve_meta_enable_content_width":"","neve_meta_content_width":0,"neve_meta_title_alignment":"","neve_meta_author_avatar":"","neve_post_elements_order":"","neve_meta_disable_header":"","neve_meta_disable_footer":"","neve_meta_disable_title":"","footnotes":""},"wf_page_folders":[15],"class_list":["post-2205","page","type-page","status-publish","hentry"],"jetpack_sharing_enabled":true,"_links":{"self":[{"href":"https:\/\/www.losataos.org\/w\/wp-json\/wp\/v2\/pages\/2205","targetHints":{"allow":["GET"]}}],"collection":[{"href":"https:\/\/www.losataos.org\/w\/wp-json\/wp\/v2\/pages"}],"about":[{"href":"https:\/\/www.losataos.org\/w\/wp-json\/wp\/v2\/types\/page"}],"author":[{"embeddable":true,"href":"https:\/\/www.losataos.org\/w\/wp-json\/wp\/v2\/users\/2"}],"replies":[{"embeddable":true,"href":"https:\/\/www.losataos.org\/w\/wp-json\/wp\/v2\/comments?post=2205"}],"version-history":[{"count":3,"href":"https:\/\/www.losataos.org\/w\/wp-json\/wp\/v2\/pages\/2205\/revisions"}],"predecessor-version":[{"id":2215,"href":"https:\/\/www.losataos.org\/w\/wp-json\/wp\/v2\/pages\/2205\/revisions\/2215"}],"wp:attachment":[{"href":"https:\/\/www.losataos.org\/w\/wp-json\/wp\/v2\/media?parent=2205"}],"wp:term":[{"taxonomy":"wf_page_folders","embeddable":true,"href":"https:\/\/www.losataos.org\/w\/wp-json\/wp\/v2\/wf_page_folders?post=2205"}],"curies":[{"name":"wp","href":"https:\/\/api.w.org\/{rel}","templated":true}]}}