{"id":1558,"date":"2021-07-31T13:44:36","date_gmt":"2021-07-31T13:44:36","guid":{"rendered":"http:\/\/www.losataos.org\/w\/?page_id=1558"},"modified":"2025-02-24T20:20:39","modified_gmt":"2025-02-24T20:20:39","slug":"directiva-2015-2016","status":"publish","type":"page","link":"https:\/\/www.losataos.org\/w\/directiva-2015-2016\/","title":{"rendered":"Directiva 2015-2016"},"content":{"rendered":"<div id=\"wppb-builder-container\" class=\"wppb-builder-container\">                <div  class=\"wppb-row-parent  wppb-row-1636221806300 \"  >\n\t\t\t\t\t\n\t\t\t\t\t\t\t\t\t\t\n\t\t\t\t\t\t\t\t\t\t\n\t\t\t\t\t<div class=\"wppb-container \">\n\t\t\t\t\t\t\t\t\t\t\t\t\t\n                        <div class=\"wppb-row\">\n\t\t\t\t\t\t\t                                    <div  class=\"wppb-column-parent wppb-column-parent-view wppb-col-1636221806297  \"  >\n                                        <div class=\"wppb-column\">\n\t\t\t\t\t\n\t\t\t\t\t\t\t\t\t\t\t\n                                            <div class=\"wppb-builder-addons\">\n\t\t\t\t\t\t\t\t\t\t\t\t                                            <\/div>\n                                        <\/div>\n                                    <\/div>\n\t\t\t\t\t\t\t\t\t                                    <div  class=\"wppb-column-parent wppb-column-parent-view wppb-col-1636221806298  \"  >\n                                        <div class=\"wppb-column\">\n\t\t\t\t\t\n\t\t\t\t\t\t\t\t\t\t\t\n                                            <div class=\"wppb-builder-addons\">\n\t\t\t\t\t\t\t\t\t\t\t\t<div class='wppb-builder-addon wppb-addon-1636221817135'  data-addon-id='1636221817135'><div class='wppb-addon'><div class=\"wppb-image-addon\"><figure class=\"wppb-image-addon-content-wrap\"><div class=\"wppb-image-addon-content wppb-imginlineblock\"><img decoding=\"async\" class=\"wppb-image-addon-img\" src=\"http:\/\/www.losataos.org\/w\/wp-content\/uploads\/directiva1.jpg\" alt=\"Image\"><\/div><\/figure><\/div><\/div><\/div>                                            <\/div>\n                                        <\/div>\n                                    <\/div>\n\t\t\t\t\t\t\t\t\t                                    <div  class=\"wppb-column-parent wppb-column-parent-view wppb-col-1636221806299  \"  >\n                                        <div class=\"wppb-column\">\n\t\t\t\t\t\n\t\t\t\t\t\t\t\t\t\t\t\n                                            <div class=\"wppb-builder-addons\">\n\t\t\t\t\t\t\t\t\t\t\t\t                                            <\/div>\n                                        <\/div>\n                                    <\/div>\n\t\t\t\t\t\t\t\t\t                        <\/div>\n\n                    <\/div>\n                <\/div>\n\t\t\t\t                <div  class=\"wppb-row-parent  wppb-row-1636153649190 \"  >\n\t\t\t\t\t\n\t\t\t\t\t\t\t\t\t\t\n\t\t\t\t\t\t\t\t\t\t\n\t\t\t\t\t<div class=\"wppb-container \">\n\t\t\t\t\t\t\t\t\t\t\t\t\t\n                        <div class=\"wppb-row\">\n\t\t\t\t\t\t\t                                    <div  class=\"wppb-column-parent wppb-column-parent-view wppb-col-1636153649187  \"  >\n                                        <div class=\"wppb-column\">\n\t\t\t\t\t\n\t\t\t\t\t\t\t\t\t\t\t\n                                            <div class=\"wppb-builder-addons\">\n\t\t\t\t\t\t\t\t\t\t\t\t                                            <\/div>\n                                        <\/div>\n                                    <\/div>\n\t\t\t\t\t\t\t\t\t                                    <div  class=\"wppb-column-parent wppb-column-parent-view wppb-col-1636153649188  \"  >\n                                        <div class=\"wppb-column\">\n\t\t\t\t\t\n\t\t\t\t\t\t\t\t\t\t\t\n                                            <div class=\"wppb-builder-addons\">\n\t\t\t\t\t\t\t\t\t\t\t\t<div class='wppb-builder-addon wppb-addon-1636153663644'  data-addon-id='1636153663644'><div class='wppb-addon'><div class=\"wppb-text-block-addon\"><div class=\"wppb-text-block-content 0\"><table border=\"3\" width=\"434\" cellspacing=\"0\" cellpadding=\"4\">\n<tbody>\n<tr>\n<td class=\"text\" bgcolor=\"#FFFFCC\" width=\"161\" height=\"38\">\n<div align=\"center\"><strong>Presidente<\/strong><\/div>\n<\/td>\n<td class=\"text\" bgcolor=\"#CC9999\" width=\"247\">\n<div class=\"Estilo2\" align=\"center\">Emilio Jes\u00fas Palos Rodr\u00edguez<\/div>\n<\/td>\n<\/tr>\n<tr>\n<td class=\"text\" bgcolor=\"#CCFFFF\">\n<div align=\"center\"><strong>Vice-Presidente<\/strong><\/div>\n<\/td>\n<td class=\"text\" bgcolor=\"#FFCC66\">\n<div align=\"center\"><strong>Francisco Jos\u00e9 Membiela Prieto<\/strong><\/div>\n<\/td>\n<\/tr>\n<tr>\n<td class=\"text\" bgcolor=\"#CCFFFF\">\n<div align=\"center\"><strong>Secretario<\/strong><\/div>\n<\/td>\n<td class=\"text\" bgcolor=\"#FFCC66\">\n<div align=\"center\"><strong>Jos\u00e9 Amador Beltr\u00e1n<\/strong><\/div>\n<\/td>\n<\/tr>\n<tr>\n<td class=\"text\" bgcolor=\"#CCFFFF\">\n<div align=\"center\"><strong>Vice-Secretario<\/strong><\/div>\n<\/td>\n<td class=\"text\" bgcolor=\"#FFCC66\">\n<div align=\"center\"><strong>Antonio Moreno Salamanca<\/strong><\/div>\n<\/td>\n<\/tr>\n<tr>\n<td class=\"text\" bgcolor=\"#CCFFFF\">\n<div align=\"center\"><strong>Tesorero<\/strong><\/div>\n<\/td>\n<td class=\"text\" bgcolor=\"#FFCC66\">\n<div align=\"center\"><strong>Jaime Rodas Luque<\/strong><\/div>\n<\/td>\n<\/tr>\n<tr>\n<td class=\"text\" bgcolor=\"#CCFFFF\">\n<div align=\"center\"><strong>Vice-Tesorero<\/strong><\/div>\n<\/td>\n<td class=\"text\" bgcolor=\"#FFCC66\">\n<div align=\"center\"><strong>Fernando G. Anfr\u00fans Guillen<\/strong><\/div>\n<\/td>\n<\/tr>\n<tr>\n<td class=\"text\" bgcolor=\"#CCFFFF\">\n<div align=\"center\"><strong>Cocina<\/strong><\/div>\n<\/td>\n<td class=\"text\" bgcolor=\"#FFCC66\">\n<div align=\"center\"><strong>Manuel Galvez Ru\u00edz<\/strong><\/div>\n<\/td>\n<\/tr>\n<tr>\n<td class=\"text\" bgcolor=\"#CCFFFF\">\n<div align=\"center\"><strong>Cocina<\/strong><\/div>\n<\/td>\n<td class=\"text\" bgcolor=\"#FFCC66\">\n<div align=\"center\"><strong>Manuel Garc\u00eda Garc\u00eda<\/strong><\/div>\n<\/td>\n<\/tr>\n<tr>\n<td class=\"text\" bgcolor=\"#CCFFFF\">\n<div align=\"center\"><strong>Cocina<\/strong><\/div>\n<\/td>\n<td class=\"text\" bgcolor=\"#FFCC66\">\n<div class=\"text\" align=\"center\">\n<div align=\"center\"><strong>Jos\u00e9 Carlos Quero Baena<\/strong><\/div>\n<\/div>\n<\/td>\n<\/tr>\n<tr>\n<td class=\"text\" bgcolor=\"#CCFFFF\">\n<div align=\"center\"><strong>Despensa<\/strong><\/div>\n<\/td>\n<td class=\"text\" bgcolor=\"#FFCC66\">\n<div align=\"center\"><strong>Manuel Javier Cano Jim\u00e9nez<\/strong><\/div>\n<\/td>\n<\/tr>\n<tr>\n<td class=\"text\" bgcolor=\"#CCFFFF\">\n<div align=\"center\"><strong>Despensa<\/strong><\/div>\n<\/td>\n<td class=\"text\" bgcolor=\"#FFCC66\">\n<div align=\"center\"><strong>Miguel Angel Moreno Luna<\/strong><\/div>\n<\/td>\n<\/tr>\n<tr>\n<td class=\"text\" bgcolor=\"#CCFFFF\">\n<div align=\"center\"><strong>Ropas<\/strong><\/div>\n<\/td>\n<td class=\"text\" bgcolor=\"#FFCC66\">\n<div align=\"center\"><strong>Moises Gonzalez Gil<\/strong><\/div>\n<\/td>\n<\/tr>\n<tr>\n<td class=\"text\" bgcolor=\"#CCFFFF\">\n<div align=\"center\"><strong>Ropas<\/strong><\/div>\n<\/td>\n<td class=\"text\" bgcolor=\"#FFCC66\">\n<div align=\"center\"><strong>Antonio Ruiz Calzado<\/strong><\/div>\n<\/td>\n<\/tr>\n<tr>\n<td class=\"text\" bgcolor=\"#CCFFFF\">\n<div align=\"center\"><strong>Art\u00edstica<\/strong><\/div>\n<\/td>\n<td class=\"text\" bgcolor=\"#FFCC66\">\n<div align=\"center\"><strong>Manuel Javier Cano Jim\u00e9nez<\/strong><\/div>\n<\/td>\n<\/tr>\n<tr>\n<td class=\"text\" bgcolor=\"#CCFFFF\">\n<div align=\"center\"><strong>Art\u00edstica<\/strong><\/div>\n<\/td>\n<td class=\"text\" bgcolor=\"#FFCC66\">\n<div align=\"center\"><strong>Miguel Angel Morales Palos<\/strong><\/div>\n<\/td>\n<\/tr>\n<tr>\n<td class=\"text\" bgcolor=\"#CCFFFF\">\n<div align=\"center\"><strong>Art\u00edstica<\/strong><\/div>\n<\/td>\n<td class=\"text\" bgcolor=\"#FFCC66\">\n<div align=\"center\"><strong>Jos\u00e9 Carlos Quero Baena<\/strong><\/div>\n<\/td>\n<\/tr>\n<tr>\n<td class=\"text\" bgcolor=\"#CCFFFF\">\n<div align=\"center\"><strong>Mantenimiento Cuartel<\/strong><\/div>\n<\/td>\n<td class=\"text\" bgcolor=\"#FFCC66\">\n<div align=\"center\"><strong>Jos\u00e9 Palos Aguilar<\/strong><\/div>\n<\/td>\n<\/tr>\n<tr>\n<td class=\"text\" bgcolor=\"#CCFFFF\">\n<div align=\"center\"><strong>Archivero-Consultor<\/strong><\/div>\n<\/td>\n<td class=\"text\" bgcolor=\"#FFCC66\">\n<div align=\"center\"><strong>Antonio Galvez Silva<\/strong><\/div>\n<\/td>\n<\/tr>\n<tr>\n<td class=\"text\" bgcolor=\"#CCFFFF\">\n<div align=\"center\"><strong>Relaci\u00f3n con Corporaciones<\/strong><\/div>\n<\/td>\n<td class=\"text\" bgcolor=\"#FFCC66\">\n<div align=\"center\"><strong>Salvador Gonz\u00e1lez G\u00e1lvez<\/strong><\/div>\n<\/td>\n<\/tr>\n<tr>\n<td class=\"text\" bgcolor=\"#CCFFFF\">\n<div align=\"center\"><strong>Relaciones Constitucionales<\/strong><\/div>\n<\/td>\n<td class=\"text\" bgcolor=\"#FFCC66\">\n<div align=\"center\"><strong>Jos\u00e9 G\u00f3mez L\u00f3pez<\/strong><\/div>\n<\/td>\n<\/tr>\n<tr>\n<td class=\"text\" bgcolor=\"#CCFFFF\">\n<div align=\"center\"><strong>Delegado 350 Aniversario<\/strong><\/div>\n<\/td>\n<td class=\"text\" bgcolor=\"#FFCC66\">\n<div align=\"center\"><strong>Manuel Garc\u00eda Garc\u00eda<\/strong><\/div>\n<\/td>\n<\/tr>\n<tr>\n<td class=\"text\" bgcolor=\"#CCFFFF\">\n<div align=\"center\"><strong>Vocal (como Decano)<\/strong><\/div>\n<\/td>\n<td class=\"text\" bgcolor=\"#FFCC66\">\n<div align=\"center\"><strong>Manuel Galvez Silva<\/strong><\/div>\n<\/td>\n<\/tr>\n<tr>\n<td class=\"text\" bgcolor=\"#CCFFFF\">\n<div align=\"center\"><strong>Vocal:<\/strong><\/div>\n<\/td>\n<td class=\"text\" bgcolor=\"#FFCC66\">\n<div align=\"center\"><strong>Manuel Cano Ru\u00edz<\/strong><\/div>\n<\/td>\n<\/tr>\n<tr>\n<td class=\"text\" bgcolor=\"#CCFFFF\">\n<div align=\"center\"><strong>Vocal:<\/strong><\/div>\n<\/td>\n<td class=\"text\" bgcolor=\"#FFCC66\">\n<div align=\"center\"><strong>Manuel Galvez Espadas<\/strong><\/div>\n<\/td>\n<\/tr>\n<tr>\n<td class=\"text\" bgcolor=\"#CCFFFF\">\n<div align=\"center\"><strong>Vocal<\/strong><\/div>\n<\/td>\n<td class=\"text\" bgcolor=\"#FFCC66\">\n<div align=\"center\"><strong>Francisco Serrano Cosano<\/strong><\/div>\n<\/td>\n<\/tr>\n<tr>\n<td class=\"text\" bgcolor=\"#CCFFFF\">\n<div align=\"center\"><strong>Vocal<\/strong><\/div>\n<\/td>\n<td class=\"text\" bgcolor=\"#FFCC66\">\n<div align=\"center\"><strong>Jos\u00e9 M\u00e1rquez Palos<\/strong><\/div>\n<\/td>\n<\/tr>\n<tr>\n<td class=\"text\" bgcolor=\"#CCFFFF\">\n<div align=\"center\"><strong>Portavoz M\u00fasicos<\/strong><\/div>\n<\/td>\n<td class=\"text\" bgcolor=\"#FFCC66\">\n<div align=\"center\"><strong>Sergio Morales Peralta<\/strong><\/div>\n<\/td>\n<\/tr>\n<tr>\n<td class=\"text\" bgcolor=\"#CCFFFF\">\n<div align=\"center\"><strong>Director M\u00fasicos<\/strong><\/div>\n<\/td>\n<td class=\"text\" bgcolor=\"#FFCC66\">\n<div align=\"center\"><strong>Ediuardo L\u00f3pez Gil<\/strong><\/div>\n<\/td>\n<\/tr>\n<\/tbody>\n<\/table><\/div><\/div><\/div><\/div>                                            <\/div>\n                                        <\/div>\n                                    <\/div>\n\t\t\t\t\t\t\t\t\t                                    <div  class=\"wppb-column-parent wppb-column-parent-view wppb-col-1636153649189  \"  >\n                                        <div class=\"wppb-column\">\n\t\t\t\t\t\n\t\t\t\t\t\t\t\t\t\t\t\n                                            <div class=\"wppb-builder-addons\">\n\t\t\t\t\t\t\t\t\t\t\t\t                                            <\/div>\n                                        <\/div>\n                                    <\/div>\n\t\t\t\t\t\t\t\t\t                        <\/div>\n\n                    <\/div>\n                <\/div>\n\t\t\t\t<\/div>","protected":false},"excerpt":{"rendered":"<p>Presidente Emilio Jes\u00fas Palos Rodr\u00edguez Vice-Presidente Francisco Jos\u00e9 Membiela Prieto Secretario Jos\u00e9 Amador Beltr\u00e1n Vice-Secretario Antonio Moreno Salamanca Tesorero Jaime Rodas Luque Vice-Tesorero Fernando G. Anfr\u00fans Guillen Cocina Manuel Galvez Ru\u00edz Cocina Manuel Garc\u00eda Garc\u00eda Cocina Jos\u00e9 Carlos Quero Baena Despensa Manuel Javier Cano Jim\u00e9nez Despensa Miguel Angel Moreno Luna Ropas Moises Gonzalez Gil Ropas&hellip;&nbsp;<a href=\"https:\/\/www.losataos.org\/w\/directiva-2015-2016\/\" rel=\"bookmark\">Leer m\u00e1s &raquo;<span class=\"screen-reader-text\">Directiva 2015-2016<\/span><\/a><\/p>\n","protected":false},"author":2,"featured_media":0,"parent":0,"menu_order":0,"comment_status":"closed","ping_status":"closed","template":"","meta":{"neve_meta_sidebar":"","neve_meta_container":"","neve_meta_enable_content_width":"","neve_meta_content_width":0,"neve_meta_title_alignment":"","neve_meta_author_avatar":"","neve_post_elements_order":"","neve_meta_disable_header":"","neve_meta_disable_footer":"","neve_meta_disable_title":"","footnotes":""},"wf_page_folders":[14],"class_list":["post-1558","page","type-page","status-publish","hentry"],"jetpack_sharing_enabled":true,"_links":{"self":[{"href":"https:\/\/www.losataos.org\/w\/wp-json\/wp\/v2\/pages\/1558","targetHints":{"allow":["GET"]}}],"collection":[{"href":"https:\/\/www.losataos.org\/w\/wp-json\/wp\/v2\/pages"}],"about":[{"href":"https:\/\/www.losataos.org\/w\/wp-json\/wp\/v2\/types\/page"}],"author":[{"embeddable":true,"href":"https:\/\/www.losataos.org\/w\/wp-json\/wp\/v2\/users\/2"}],"replies":[{"embeddable":true,"href":"https:\/\/www.losataos.org\/w\/wp-json\/wp\/v2\/comments?post=1558"}],"version-history":[{"count":10,"href":"https:\/\/www.losataos.org\/w\/wp-json\/wp\/v2\/pages\/1558\/revisions"}],"predecessor-version":[{"id":32096,"href":"https:\/\/www.losataos.org\/w\/wp-json\/wp\/v2\/pages\/1558\/revisions\/32096"}],"wp:attachment":[{"href":"https:\/\/www.losataos.org\/w\/wp-json\/wp\/v2\/media?parent=1558"}],"wp:term":[{"taxonomy":"wf_page_folders","embeddable":true,"href":"https:\/\/www.losataos.org\/w\/wp-json\/wp\/v2\/wf_page_folders?post=1558"}],"curies":[{"name":"wp","href":"https:\/\/api.w.org\/{rel}","templated":true}]}}