{"id":1553,"date":"2021-07-31T13:41:22","date_gmt":"2021-07-31T13:41:22","guid":{"rendered":"http:\/\/www.losataos.org\/w\/?page_id=1553"},"modified":"2025-02-24T20:28:37","modified_gmt":"2025-02-24T20:28:37","slug":"directiva-2018-2019","status":"publish","type":"page","link":"https:\/\/www.losataos.org\/w\/directiva-2018-2019\/","title":{"rendered":"Directiva 2018-2019"},"content":{"rendered":"<div id=\"wppb-builder-container\" class=\"wppb-builder-container\">                <div  class=\"wppb-row-parent  wppb-row-1636221435371 \"  >\n\t\t\t\t\t\n\t\t\t\t\t\t\t\t\t\t\n\t\t\t\t\t\t\t\t\t\t\n\t\t\t\t\t<div class=\"wppb-container \">\n\t\t\t\t\t\t\t\t\t\t\t\t\t\n                        <div class=\"wppb-row\">\n\t\t\t\t\t\t\t                                    <div  class=\"wppb-column-parent wppb-column-parent-view wppb-col-1636221435368  \"  >\n                                        <div class=\"wppb-column\">\n\t\t\t\t\t\n\t\t\t\t\t\t\t\t\t\t\t\n                                            <div class=\"wppb-builder-addons\">\n\t\t\t\t\t\t\t\t\t\t\t\t                                            <\/div>\n                                        <\/div>\n                                    <\/div>\n\t\t\t\t\t\t\t\t\t                                    <div  class=\"wppb-column-parent wppb-column-parent-view wppb-col-1636221435369  \"  >\n                                        <div class=\"wppb-column\">\n\t\t\t\t\t\n\t\t\t\t\t\t\t\t\t\t\t\n                                            <div class=\"wppb-builder-addons\">\n\t\t\t\t\t\t\t\t\t\t\t\t<div class='wppb-builder-addon wppb-addon-1636221446852'  data-addon-id='1636221446852'><div class='wppb-addon'><div class=\"wppb-image-addon\"><figure class=\"wppb-image-addon-content-wrap\"><div class=\"wppb-image-addon-content wppb-imginlineblock\"><img decoding=\"async\" class=\"wppb-image-addon-img\" src=\"http:\/\/www.losataos.org\/w\/wp-content\/uploads\/directiva1.jpg\" alt=\"Image\"><\/div><\/figure><\/div><\/div><\/div>                                            <\/div>\n                                        <\/div>\n                                    <\/div>\n\t\t\t\t\t\t\t\t\t                                    <div  class=\"wppb-column-parent wppb-column-parent-view wppb-col-1636221435370  \"  >\n                                        <div class=\"wppb-column\">\n\t\t\t\t\t\n\t\t\t\t\t\t\t\t\t\t\t\n                                            <div class=\"wppb-builder-addons\">\n\t\t\t\t\t\t\t\t\t\t\t\t                                            <\/div>\n                                        <\/div>\n                                    <\/div>\n\t\t\t\t\t\t\t\t\t                        <\/div>\n\n                    <\/div>\n                <\/div>\n\t\t\t\t                <div  class=\"wppb-row-parent  wppb-row-1636221110968 \"  >\n\t\t\t\t\t\n\t\t\t\t\t\t\t\t\t\t\n\t\t\t\t\t\t\t\t\t\t\n\t\t\t\t\t<div class=\"wppb-container \">\n\t\t\t\t\t\t\t\t\t\t\t\t\t\n                        <div class=\"wppb-row\">\n\t\t\t\t\t\t\t                                    <div  class=\"wppb-column-parent wppb-column-parent-view wppb-col-1636221110965  \"  >\n                                        <div class=\"wppb-column\">\n\t\t\t\t\t\n\t\t\t\t\t\t\t\t\t\t\t\n                                            <div class=\"wppb-builder-addons\">\n\t\t\t\t\t\t\t\t\t\t\t\t                                            <\/div>\n                                        <\/div>\n                                    <\/div>\n\t\t\t\t\t\t\t\t\t                                    <div  class=\"wppb-column-parent wppb-column-parent-view wppb-col-1636221110966  \"  >\n                                        <div class=\"wppb-column\">\n\t\t\t\t\t\n\t\t\t\t\t\t\t\t\t\t\t\n                                            <div class=\"wppb-builder-addons\">\n\t\t\t\t\t\t\t\t\t\t\t\t<div class='wppb-builder-addon wppb-addon-1636221137482'  data-addon-id='1636221137482'><div class='wppb-addon'><div class=\"wppb-text-block-addon\"><div class=\"wppb-text-block-content 0\"><table border=\"3\" width=\"434\" cellspacing=\"0\" cellpadding=\"4\">\n<tbody>\n<tr>\n<td class=\"text\" bgcolor=\"#FFFFCC\" width=\"161\" height=\"38\">\n<div align=\"center\"><strong>Presidente<\/strong><\/div>\n<\/td>\n<td class=\"text\" bgcolor=\"#CC9999\" width=\"247\">\n<div class=\"Estilo2\" align=\"center\">Salvador Gonzalez Galvez<\/div>\n<\/td>\n<\/tr>\n<tr>\n<td class=\"text\" bgcolor=\"#CCFFFF\">\n<div align=\"center\"><strong>Vice-Presidente<\/strong><\/div>\n<\/td>\n<td class=\"text\" bgcolor=\"#FFCC66\">\n<div align=\"center\"><strong>Raul Fern\u00e1ndez Cosano<\/strong><\/div>\n<\/td>\n<\/tr>\n<tr>\n<td class=\"text\" bgcolor=\"#CCFFFF\">\n<div align=\"center\"><strong>Secretario<\/strong><\/div>\n<\/td>\n<td class=\"text\" bgcolor=\"#FFCC66\">\n<div align=\"center\"><strong>Jos\u00e9 G\u00f3mez L\u00f3pez<\/strong><\/div>\n<\/td>\n<\/tr>\n<tr>\n<td class=\"text\" bgcolor=\"#CCFFFF\">\n<div align=\"center\"><strong>Vice-Secretario y Portavoz<\/strong><\/div>\n<\/td>\n<td class=\"text\" bgcolor=\"#FFCC66\">\n<div align=\"center\"><strong>Francisco J. Membiela Prieto<\/strong><\/div>\n<\/td>\n<\/tr>\n<tr>\n<td class=\"text\" bgcolor=\"#CCFFFF\">\n<div align=\"center\"><strong>Tesorero<\/strong><\/div>\n<\/td>\n<td class=\"text\" bgcolor=\"#FFCC66\">\n<div align=\"center\"><strong>Jaime Rodas Luque<\/strong><\/div>\n<\/td>\n<\/tr>\n<tr>\n<td class=\"text\" bgcolor=\"#CCFFFF\">\n<div align=\"center\"><strong>Vice - Tesorero<\/strong><\/div>\n<\/td>\n<td class=\"text\" bgcolor=\"#FFCC66\">\n<div align=\"center\"><strong>Fernando G. Anfr\u00fans Guill\u00e9n<\/strong><\/div>\n<\/td>\n<\/tr>\n<tr>\n<td class=\"text\" bgcolor=\"#CCFFFF\">\n<div align=\"center\"><strong>Cocina<\/strong><\/div>\n<\/td>\n<td class=\"text\" bgcolor=\"#FFCC66\">\n<div align=\"center\"><strong>Manuel G\u00e1lvez Ru\u00edz<\/strong><\/div>\n<\/td>\n<\/tr>\n<tr>\n<td class=\"text\" bgcolor=\"#CCFFFF\">\n<div align=\"center\"><strong><span class=\"Estilo1\">Cocina<\/span><\/strong><\/div>\n<\/td>\n<td class=\"text\" bgcolor=\"#FFCC66\">\n<div align=\"center\"><strong>Eduardo Cosano Costa<\/strong><\/div>\n<\/td>\n<\/tr>\n<tr>\n<td class=\"text\" bgcolor=\"#CCFFFF\">\n<div align=\"center\"><strong>Despensa<\/strong><\/div>\n<\/td>\n<td class=\"text\" bgcolor=\"#FFCC66\">\n<div align=\"center\"><strong>Antonio Jes\u00fas Hurtado Borrego<\/strong><\/div>\n<\/td>\n<\/tr>\n<tr>\n<td class=\"text\" bgcolor=\"#CCFFFF\">\n<div align=\"center\"><strong>Despensa<\/strong><\/div>\n<\/td>\n<td class=\"text\" bgcolor=\"#FFCC66\">\n<div align=\"center\"><strong>Miguel A. Moreno Luna<\/strong><\/div>\n<\/td>\n<\/tr>\n<tr>\n<td class=\"text\" bgcolor=\"#CCFFFF\">\n<div align=\"center\"><strong>Ropas<\/strong><\/div>\n<\/td>\n<td class=\"text\" bgcolor=\"#FFCC66\">\n<div align=\"center\"><strong>V\u00edctor Bedmar Mu\u00f1oz<\/strong><\/div>\n<\/td>\n<\/tr>\n<tr>\n<td class=\"text\" bgcolor=\"#CCFFFF\">\n<div align=\"center\"><strong>Ropas<\/strong><\/div>\n<\/td>\n<td class=\"text\" bgcolor=\"#FFCC66\">\n<div align=\"center\"><strong>Mois\u00e9s Gonz\u00e1lez Gil<\/strong><\/div>\n<\/td>\n<\/tr>\n<tr>\n<td class=\"text\" bgcolor=\"#CCFFFF\">\n<div align=\"center\"><strong>Ropas<\/strong><\/div>\n<\/td>\n<td class=\"text\" bgcolor=\"#FFCC66\">\n<div align=\"center\"><strong>Francisco J. Amador P\u00e9rez<\/strong><\/div>\n<\/td>\n<\/tr>\n<tr>\n<td class=\"text\" bgcolor=\"#CCFFFF\">\n<div align=\"center\"><strong>Art\u00edstica<\/strong><\/div>\n<\/td>\n<td class=\"text\" bgcolor=\"#FFCC66\">\n<div align=\"center\"><strong>Manuel Javier Cano Jim\u00e9nez<\/strong><\/div>\n<\/td>\n<\/tr>\n<tr>\n<td class=\"text\" bgcolor=\"#CCFFFF\">\n<div align=\"center\"><strong>Art\u00ecstica<\/strong><\/div>\n<\/td>\n<td class=\"text\" bgcolor=\"#FFCC66\">\n<div align=\"center\"><strong>Francisco Avil\u00e9s Baena<\/strong><\/div>\n<\/td>\n<\/tr>\n<tr>\n<td class=\"text\" bgcolor=\"#CCFFFF\">\n<div align=\"center\"><strong>Vocal<\/strong><\/div>\n<\/td>\n<td class=\"text\" bgcolor=\"#FFCC66\">\n<div align=\"center\"><strong>Jos\u00e9 Alberto S\u00e1nchez Parra<\/strong><\/div>\n<\/td>\n<\/tr>\n<tr>\n<td class=\"text\" bgcolor=\"#CCFFFF\">\n<div align=\"center\"><strong>Vocal-Decano<\/strong><\/div>\n<\/td>\n<td class=\"text\" bgcolor=\"#FFCC66\">\n<div align=\"center\"><strong>Manuel Galvez Silva<\/strong><\/div>\n<div align=\"center\">\u00a0<\/div>\n<\/td>\n<\/tr>\n<tr>\n<td class=\"text\" bgcolor=\"#CCFFFF\">\n<div align=\"center\"><strong>Vocal M\u00fasicos<\/strong><\/div>\n<\/td>\n<td class=\"text\" bgcolor=\"#FFCC66\">\n<div align=\"center\"><strong>Jorge Ram\u00edrez Tenllado<\/strong><\/div>\n<\/td>\n<\/tr>\n<\/tbody>\n<\/table><\/div><\/div><\/div><\/div>                                            <\/div>\n                                        <\/div>\n                                    <\/div>\n\t\t\t\t\t\t\t\t\t                                    <div  class=\"wppb-column-parent wppb-column-parent-view wppb-col-1636221110967  \"  >\n                                        <div class=\"wppb-column\">\n\t\t\t\t\t\n\t\t\t\t\t\t\t\t\t\t\t\n                                            <div class=\"wppb-builder-addons\">\n\t\t\t\t\t\t\t\t\t\t\t\t                                            <\/div>\n                                        <\/div>\n                                    <\/div>\n\t\t\t\t\t\t\t\t\t                        <\/div>\n\n                    <\/div>\n                <\/div>\n\t\t\t\t<\/div>","protected":false},"excerpt":{"rendered":"<p>Presidente Salvador Gonzalez Galvez Vice-Presidente Raul Fern\u00e1ndez Cosano Secretario Jos\u00e9 G\u00f3mez L\u00f3pez Vice-Secretario y Portavoz Francisco J. Membiela Prieto Tesorero Jaime Rodas Luque Vice &#8211; Tesorero Fernando G. Anfr\u00fans Guill\u00e9n Cocina Manuel G\u00e1lvez Ru\u00edz Cocina Eduardo Cosano Costa Despensa Antonio Jes\u00fas Hurtado Borrego Despensa Miguel A. Moreno Luna Ropas V\u00edctor Bedmar Mu\u00f1oz Ropas Mois\u00e9s Gonz\u00e1lez&hellip;&nbsp;<a href=\"https:\/\/www.losataos.org\/w\/directiva-2018-2019\/\" rel=\"bookmark\">Leer m\u00e1s &raquo;<span class=\"screen-reader-text\">Directiva 2018-2019<\/span><\/a><\/p>\n","protected":false},"author":2,"featured_media":0,"parent":0,"menu_order":0,"comment_status":"closed","ping_status":"closed","template":"","meta":{"neve_meta_sidebar":"","neve_meta_container":"","neve_meta_enable_content_width":"","neve_meta_content_width":0,"neve_meta_title_alignment":"","neve_meta_author_avatar":"","neve_post_elements_order":"","neve_meta_disable_header":"","neve_meta_disable_footer":"","neve_meta_disable_title":"","footnotes":""},"wf_page_folders":[14],"class_list":["post-1553","page","type-page","status-publish","hentry"],"jetpack_sharing_enabled":true,"_links":{"self":[{"href":"https:\/\/www.losataos.org\/w\/wp-json\/wp\/v2\/pages\/1553","targetHints":{"allow":["GET"]}}],"collection":[{"href":"https:\/\/www.losataos.org\/w\/wp-json\/wp\/v2\/pages"}],"about":[{"href":"https:\/\/www.losataos.org\/w\/wp-json\/wp\/v2\/types\/page"}],"author":[{"embeddable":true,"href":"https:\/\/www.losataos.org\/w\/wp-json\/wp\/v2\/users\/2"}],"replies":[{"embeddable":true,"href":"https:\/\/www.losataos.org\/w\/wp-json\/wp\/v2\/comments?post=1553"}],"version-history":[{"count":7,"href":"https:\/\/www.losataos.org\/w\/wp-json\/wp\/v2\/pages\/1553\/revisions"}],"predecessor-version":[{"id":32105,"href":"https:\/\/www.losataos.org\/w\/wp-json\/wp\/v2\/pages\/1553\/revisions\/32105"}],"wp:attachment":[{"href":"https:\/\/www.losataos.org\/w\/wp-json\/wp\/v2\/media?parent=1553"}],"wp:term":[{"taxonomy":"wf_page_folders","embeddable":true,"href":"https:\/\/www.losataos.org\/w\/wp-json\/wp\/v2\/wf_page_folders?post=1553"}],"curies":[{"name":"wp","href":"https:\/\/api.w.org\/{rel}","templated":true}]}}