{"id":1526,"date":"2021-07-30T23:30:05","date_gmt":"2021-07-30T23:30:05","guid":{"rendered":"http:\/\/www.losataos.org\/w\/?page_id=1526"},"modified":"2025-02-24T20:42:57","modified_gmt":"2025-02-24T20:42:57","slug":"directiva-actual-periodo","status":"publish","type":"page","link":"https:\/\/www.losataos.org\/w\/directiva-actual-periodo\/","title":{"rendered":"Directiva 2019-2020"},"content":{"rendered":"<div id=\"wppb-builder-container\" class=\"wppb-builder-container\">                <div  class=\"wppb-row-parent  wppb-row-1636221199284 \"  >\n\t\t\t\t\t\n\t\t\t\t\t\t\t\t\t\t\n\t\t\t\t\t\t\t\t\t\t\n\t\t\t\t\t<div class=\"wppb-container \">\n\t\t\t\t\t\t\t\t\t\t\t\t\t\n                        <div class=\"wppb-row\">\n\t\t\t\t\t\t\t                                    <div  class=\"wppb-column-parent wppb-column-parent-view wppb-col-1636221199281  \"  >\n                                        <div class=\"wppb-column\">\n\t\t\t\t\t\n\t\t\t\t\t\t\t\t\t\t\t\n                                            <div class=\"wppb-builder-addons\">\n\t\t\t\t\t\t\t\t\t\t\t\t                                            <\/div>\n                                        <\/div>\n                                    <\/div>\n\t\t\t\t\t\t\t\t\t                                    <div  class=\"wppb-column-parent wppb-column-parent-view wppb-col-1636221199282  \"  >\n                                        <div class=\"wppb-column\">\n\t\t\t\t\t\n\t\t\t\t\t\t\t\t\t\t\t\n                                            <div class=\"wppb-builder-addons\">\n\t\t\t\t\t\t\t\t\t\t\t\t<div class='wppb-builder-addon wppb-addon-1636221234695'  data-addon-id='1636221234695'><div class='wppb-addon'><div class=\"wppb-image-addon\"><figure class=\"wppb-image-addon-content-wrap\"><div class=\"wppb-image-addon-content wppb-imginlineblock\"><img decoding=\"async\" class=\"wppb-image-addon-img\" src=\"http:\/\/www.losataos.org\/w\/wp-content\/uploads\/directiva1.jpg\" alt=\"Image\"><\/div><\/figure><\/div><\/div><\/div>                                            <\/div>\n                                        <\/div>\n                                    <\/div>\n\t\t\t\t\t\t\t\t\t                                    <div  class=\"wppb-column-parent wppb-column-parent-view wppb-col-1636221199283  \"  >\n                                        <div class=\"wppb-column\">\n\t\t\t\t\t\n\t\t\t\t\t\t\t\t\t\t\t\n                                            <div class=\"wppb-builder-addons\">\n\t\t\t\t\t\t\t\t\t\t\t\t                                            <\/div>\n                                        <\/div>\n                                    <\/div>\n\t\t\t\t\t\t\t\t\t                        <\/div>\n\n                    <\/div>\n                <\/div>\n\t\t\t\t                <div  class=\"wppb-row-parent  wppb-row-1636221199298 \"  >\n\t\t\t\t\t\n\t\t\t\t\t\t\t\t\t\t\n\t\t\t\t\t\t\t\t\t\t\n\t\t\t\t\t<div class=\"wppb-container \">\n\t\t\t\t\t\t\t\t\t\t\t\t\t\n                        <div class=\"wppb-row\">\n\t\t\t\t\t\t\t                                    <div  class=\"wppb-column-parent wppb-column-parent-view wppb-col-1636221199295  \"  >\n                                        <div class=\"wppb-column\">\n\t\t\t\t\t\n\t\t\t\t\t\t\t\t\t\t\t\n                                            <div class=\"wppb-builder-addons\">\n\t\t\t\t\t\t\t\t\t\t\t\t                                            <\/div>\n                                        <\/div>\n                                    <\/div>\n\t\t\t\t\t\t\t\t\t                                    <div  class=\"wppb-column-parent wppb-column-parent-view wppb-col-1636221199296  \"  >\n                                        <div class=\"wppb-column\">\n\t\t\t\t\t\n\t\t\t\t\t\t\t\t\t\t\t\n                                            <div class=\"wppb-builder-addons\">\n\t\t\t\t\t\t\t\t\t\t\t\t<div class='wppb-builder-addon wppb-addon-1636221330949'  data-addon-id='1636221330949'><div class='wppb-addon'><div class=\"wppb-text-block-addon\"><div class=\"wppb-text-block-content 0\"><table border=\"3\" width=\"434\" cellspacing=\"0\" cellpadding=\"4\">\n<tbody>\n<tr>\n<td class=\"text\" bgcolor=\"#FFFFCC\" width=\"161\" height=\"38\">\n<div align=\"center\"><strong>Presidente<\/strong><\/div>\n<\/td>\n<td class=\"text\" bgcolor=\"#CC9999\" width=\"247\">\n<div class=\"Estilo2\" align=\"center\">Salvador Gonzalez Galvez<\/div>\n<\/td>\n<\/tr>\n<tr>\n<td class=\"text\" bgcolor=\"#CCFFFF\">\n<div align=\"center\"><strong>Vice-Presidente<\/strong><\/div>\n<\/td>\n<td class=\"text\" bgcolor=\"#FFCC66\">\n<div align=\"center\"><strong>Manuel Javier Cano Jim\u00e9nez<\/strong><\/div>\n<\/td>\n<\/tr>\n<tr>\n<td class=\"text\" bgcolor=\"#CCFFFF\">\n<div align=\"center\"><strong>Secretario<\/strong><\/div>\n<\/td>\n<td class=\"text\" bgcolor=\"#FFCC66\">\n<div align=\"center\"><strong>V\u00edctor Bedmar Mu\u00f1oz<\/strong><\/div>\n<\/td>\n<\/tr>\n<tr>\n<td class=\"text\" bgcolor=\"#CCFFFF\">\n<div align=\"center\"><strong>Vice-Secretario<\/strong><\/div>\n<\/td>\n<td class=\"text\" bgcolor=\"#FFCC66\">\n<div align=\"center\"><strong>Jos\u00e9 G\u00f3mez L\u00f3pez<\/strong><\/div>\n<\/td>\n<\/tr>\n<tr>\n<td class=\"text\" bgcolor=\"#CCFFFF\">\n<div align=\"center\"><strong>Tesorero<\/strong><\/div>\n<\/td>\n<td class=\"text\" bgcolor=\"#FFCC66\">\n<div align=\"center\"><strong>Jaime Rodas Luque<\/strong><\/div>\n<\/td>\n<\/tr>\n<tr>\n<td class=\"text\" bgcolor=\"#CCFFFF\">\n<div align=\"center\"><strong>Cocina<\/strong><\/div>\n<\/td>\n<td class=\"text\" bgcolor=\"#FFCC66\">\n<div align=\"center\"><strong>Manuel G\u00e1lvez Ru\u00edz<\/strong><\/div>\n<\/td>\n<\/tr>\n<tr>\n<td class=\"text\" bgcolor=\"#CCFFFF\">\n<div align=\"center\"><strong><span class=\"Estilo1\">Cocina<\/span><\/strong><\/div>\n<\/td>\n<td class=\"text\" bgcolor=\"#FFCC66\">\n<div align=\"center\"><strong>Jos\u00e9 Carlos Quero Baena<\/strong><\/div>\n<\/td>\n<\/tr>\n<tr>\n<td class=\"text\" bgcolor=\"#CCFFFF\">\n<div align=\"center\"><strong><span class=\"Estilo1\">Cocina<\/span><\/strong><\/div>\n<\/td>\n<td class=\"text\" bgcolor=\"#FFCC66\">\n<div align=\"center\"><strong>Eduardo Cosano Costa<\/strong><\/div>\n<\/td>\n<\/tr>\n<tr>\n<td class=\"text\" bgcolor=\"#CCFFFF\">\n<div align=\"center\"><strong>Despensa<\/strong><\/div>\n<\/td>\n<td class=\"text\" bgcolor=\"#FFCC66\">\n<div align=\"center\"><strong>Antonio Jes\u00fas Hurtado Borrego<\/strong><\/div>\n<\/td>\n<\/tr>\n<tr>\n<td class=\"text\" bgcolor=\"#CCFFFF\">\n<div align=\"center\"><strong>Despensa<\/strong><\/div>\n<\/td>\n<td class=\"text\" bgcolor=\"#FFCC66\">\n<div align=\"center\"><strong>Miguel A. Moreno Luna<\/strong><\/div>\n<\/td>\n<\/tr>\n<tr>\n<td class=\"text\" bgcolor=\"#CCFFFF\">\n<div align=\"center\"><strong>Ropas<\/strong><\/div>\n<\/td>\n<td class=\"text\" bgcolor=\"#FFCC66\">\n<div align=\"center\"><strong>Antonio Jes\u00fas Ru\u00edz Calzado<\/strong><\/div>\n<\/td>\n<\/tr>\n<tr>\n<td class=\"text\" bgcolor=\"#CCFFFF\">\n<div align=\"center\"><strong>Ropas<\/strong><\/div>\n<\/td>\n<td class=\"text\" bgcolor=\"#FFCC66\">\n<div align=\"center\"><strong>Miguel \u00c1ngel Morales Palos<\/strong><\/div>\n<\/td>\n<\/tr>\n<tr>\n<td class=\"text\" bgcolor=\"#CCFFFF\">\n<div align=\"center\"><strong>Ropas<\/strong><\/div>\n<\/td>\n<td class=\"text\" bgcolor=\"#FFCC66\">\n<div align=\"center\"><strong>Francisco J. Amador P\u00e9rez<\/strong><\/div>\n<\/td>\n<\/tr>\n<tr>\n<td class=\"text\" bgcolor=\"#CCFFFF\">\n<div align=\"center\"><strong>Art\u00edstica y Mantenimiento<\/strong><\/div>\n<\/td>\n<td class=\"text\" bgcolor=\"#FFCC66\">\n<div align=\"center\"><strong>Francisco Avil\u00e9s Baena<\/strong><\/div>\n<\/td>\n<\/tr>\n<tr>\n<td class=\"text\" bgcolor=\"#CCFFFF\">\n<div align=\"center\"><strong>Vocal-Decano<\/strong><\/div>\n<\/td>\n<td class=\"text\" bgcolor=\"#FFCC66\">\n<div align=\"center\"><strong>Manuel Galvez Silva<\/strong><\/div>\n<div align=\"center\">\u00a0<\/div>\n<\/td>\n<\/tr>\n<tr>\n<td class=\"text\" bgcolor=\"#CCFFFF\">\n<div align=\"center\"><strong>Vocal<\/strong><\/div>\n<\/td>\n<td class=\"text\" bgcolor=\"#FFCC66\">\n<div align=\"center\"><strong>Manuel Cano Ru\u00edz<\/strong><\/div>\n<\/td>\n<\/tr>\n<tr>\n<td class=\"text\" bgcolor=\"#CCFFFF\">\n<div align=\"center\"><strong>Vocal<\/strong><\/div>\n<\/td>\n<td class=\"text\" bgcolor=\"#FFCC66\">\n<div align=\"center\"><strong>Jos\u00e9 Alberto S\u00e1nchez Parra<\/strong><\/div>\n<\/td>\n<\/tr>\n<tr>\n<td class=\"text\" bgcolor=\"#CCFFFF\">\n<div align=\"center\"><strong>Vocal<\/strong><\/div>\n<\/td>\n<td class=\"text\" bgcolor=\"#FFCC66\">\n<div align=\"center\"><strong>Jos\u00e9 Alberto S\u00e1nchez Parra<\/strong><\/div>\n<\/td>\n<\/tr>\n<tr>\n<td class=\"text\" bgcolor=\"#CCFFFF\">\n<div align=\"center\"><strong>Vocal M\u00fasicos<\/strong><\/div>\n<\/td>\n<td class=\"text\" bgcolor=\"#FFCC66\">\n<div align=\"center\"><strong>Jos\u00e9 Ram\u00f3n Rivas Montero<\/strong><\/div>\n<\/td>\n<\/tr>\n<tr>\n<td class=\"text\" bgcolor=\"#CCFFFF\">\n<div align=\"center\"><strong>Portavoz de la Corporaci\u00f3n y Archivero<\/strong><\/div>\n<\/td>\n<td class=\"text\" bgcolor=\"#FFCC66\">\n<div align=\"center\"><strong>Francisco Jos\u00e9 Membiela Prieto<\/strong><\/div>\n<\/td>\n<\/tr>\n<\/tbody>\n<\/table><\/div><\/div><\/div><\/div>                                            <\/div>\n                                        <\/div>\n                                    <\/div>\n\t\t\t\t\t\t\t\t\t                                    <div  class=\"wppb-column-parent wppb-column-parent-view wppb-col-1636221199297  \"  >\n                                        <div class=\"wppb-column\">\n\t\t\t\t\t\n\t\t\t\t\t\t\t\t\t\t\t\n                                            <div class=\"wppb-builder-addons\">\n\t\t\t\t\t\t\t\t\t\t\t\t                                            <\/div>\n                                        <\/div>\n                                    <\/div>\n\t\t\t\t\t\t\t\t\t                        <\/div>\n\n                    <\/div>\n                <\/div>\n\t\t\t\t<\/div>","protected":false},"excerpt":{"rendered":"<p>Presidente Salvador Gonzalez Galvez Vice-Presidente Manuel Javier Cano Jim\u00e9nez Secretario V\u00edctor Bedmar Mu\u00f1oz Vice-Secretario Jos\u00e9 G\u00f3mez L\u00f3pez Tesorero Jaime Rodas Luque Cocina Manuel G\u00e1lvez Ru\u00edz Cocina Jos\u00e9 Carlos Quero Baena Cocina Eduardo Cosano Costa Despensa Antonio Jes\u00fas Hurtado Borrego Despensa Miguel A. Moreno Luna Ropas Antonio Jes\u00fas Ru\u00edz Calzado Ropas Miguel \u00c1ngel Morales Palos Ropas&hellip;&nbsp;<a href=\"https:\/\/www.losataos.org\/w\/directiva-actual-periodo\/\" rel=\"bookmark\">Leer m\u00e1s &raquo;<span class=\"screen-reader-text\">Directiva 2019-2020<\/span><\/a><\/p>\n","protected":false},"author":2,"featured_media":0,"parent":0,"menu_order":0,"comment_status":"closed","ping_status":"closed","template":"","meta":{"neve_meta_sidebar":"","neve_meta_container":"","neve_meta_enable_content_width":"","neve_meta_content_width":0,"neve_meta_title_alignment":"","neve_meta_author_avatar":"","neve_post_elements_order":"","neve_meta_disable_header":"","neve_meta_disable_footer":"","neve_meta_disable_title":"","footnotes":""},"wf_page_folders":[14],"class_list":["post-1526","page","type-page","status-publish","hentry"],"jetpack_sharing_enabled":true,"_links":{"self":[{"href":"https:\/\/www.losataos.org\/w\/wp-json\/wp\/v2\/pages\/1526","targetHints":{"allow":["GET"]}}],"collection":[{"href":"https:\/\/www.losataos.org\/w\/wp-json\/wp\/v2\/pages"}],"about":[{"href":"https:\/\/www.losataos.org\/w\/wp-json\/wp\/v2\/types\/page"}],"author":[{"embeddable":true,"href":"https:\/\/www.losataos.org\/w\/wp-json\/wp\/v2\/users\/2"}],"replies":[{"embeddable":true,"href":"https:\/\/www.losataos.org\/w\/wp-json\/wp\/v2\/comments?post=1526"}],"version-history":[{"count":21,"href":"https:\/\/www.losataos.org\/w\/wp-json\/wp\/v2\/pages\/1526\/revisions"}],"predecessor-version":[{"id":32112,"href":"https:\/\/www.losataos.org\/w\/wp-json\/wp\/v2\/pages\/1526\/revisions\/32112"}],"wp:attachment":[{"href":"https:\/\/www.losataos.org\/w\/wp-json\/wp\/v2\/media?parent=1526"}],"wp:term":[{"taxonomy":"wf_page_folders","embeddable":true,"href":"https:\/\/www.losataos.org\/w\/wp-json\/wp\/v2\/wf_page_folders?post=1526"}],"curies":[{"name":"wp","href":"https:\/\/api.w.org\/{rel}","templated":true}]}}