{"id":1516,"date":"2021-07-30T23:07:54","date_gmt":"2021-07-30T23:07:54","guid":{"rendered":"http:\/\/www.losataos.org\/w\/?page_id=1516"},"modified":"2021-11-03T15:00:38","modified_gmt":"2021-11-03T15:00:38","slug":"mananteros-ejemplares-de-nuestra-corporacion","status":"publish","type":"page","link":"https:\/\/www.losataos.org\/w\/mananteros-ejemplares-de-nuestra-corporacion\/","title":{"rendered":"Mananteros Ejemplares de nuestra Corporaci\u00f3n."},"content":{"rendered":"<div id=\"wppb-builder-container\" class=\"wppb-builder-container\">                <div  class=\"wppb-row-parent  wppb-row-1635951660167 \"  >\n\t\t\t\t\t\n\t\t\t\t\t\t\t\t\t\t\n\t\t\t\t\t\t\t\t\t\t\n\t\t\t\t\t<div class=\"wppb-container \">\n\t\t\t\t\t\t\t\t\t\t\t\t\t\n                        <div class=\"wppb-row\">\n\t\t\t\t\t\t\t                                    <div  class=\"wppb-column-parent wppb-column-parent-view wppb-col-1635951660166  \"  >\n                                        <div class=\"wppb-column\">\n\t\t\t\t\t\n\t\t\t\t\t\t\t\t\t\t\t\n                                            <div class=\"wppb-builder-addons\">\n\t\t\t\t\t\t\t\t\t\t\t\t<div class='wppb-builder-addon wppb-addon-1635951731590'  data-addon-id='1635951731590'><div class='wppb-addon'><div class=\"wppb-text-block-addon\"><div class=\"wppb-text-block-content 0\"><h4 class=\"kt-adv-heading_bebf59-9a wp-block-kadence-advancedheading has-luminous-vivid-orange-color has-text-color\" data-kb-block=\"kb-adv-heading_bebf59-9a\"><strong>En el a\u00f1o 1.971, por la Agrupaci\u00f3n de Cofrad\u00edas y Corporaciones B\u00edblicas, y dentro del nuevo \u201cgiro\u201d dado por la misma, aparece la creaci\u00f3n del \u201cManantero Ejemplar\u201d, figura \u00e9sta, que otorga un agradecimiento en el mundo de la Semana Santa, a las personas que se han destacado en multitud de facetas relacionadas con nuestra Semana Santa.<\/strong><\/h4><\/div><\/div><\/div><\/div>                                            <\/div>\n                                        <\/div>\n                                    <\/div>\n\t\t\t\t\t\t\t\t\t                        <\/div>\n\n                    <\/div>\n                <\/div>\n\t\t\t\t                <div  class=\"wppb-row-parent  wppb-row-1635951660225 \"  >\n\t\t\t\t\t\n\t\t\t\t\t\t\t\t\t\t\n\t\t\t\t\t\t\t\t\t\t\n\t\t\t\t\t<div class=\"wppb-container \">\n\t\t\t\t\t\t\t\t\t\t\t\t\t\n                        <div class=\"wppb-row\">\n\t\t\t\t\t\t\t                                    <div  class=\"wppb-column-parent wppb-column-parent-view wppb-col-1635951660223  \"  >\n                                        <div class=\"wppb-column\">\n\t\t\t\t\t\n\t\t\t\t\t\t\t\t\t\t\t\n                                            <div class=\"wppb-builder-addons\">\n\t\t\t\t\t\t\t\t\t\t\t\t<div class='wppb-builder-addon wppb-addon-1635951975170'  data-addon-id='1635951975170'><div class='wppb-addon'><div class=\"wppb-person-addon\"><div class=\"wppb-person-addon-content person-layout-one\"><div class=\"wppb-person-image\"><img decoding=\"async\" class=\"wppb-person-addon-img\" src=\"http:\/\/www.losataos.org\/w\/wp-content\/uploads\/fernando.jpg\" alt=\"Fernando G\u00e1lvez Silva\"><\/div><div class=\"wppb-person-information\"><span class=\"wppb-person-name\">Fernando G\u00e1lvez Silva<\/span><div class=\"wppb-person-introtext\">Siendo Presidente de la Asociaci\u00f3n, Don Antonio Reina Parejo, fue designado para \u201cManantero Ejemplar\u201d, Don. Fernando G\u00e1lvez Silva, en el a\u00f1o 1.974, componente de la Corporaci\u00f3n durante 27 a\u00f1os ininterrumpidos.\n\nFinalmente, ingreso en la Corporaci\u00f3n del Imperio Romano, como lo hab\u00eda hecho su padre Manuel G\u00e1lvez. En la actualidad, no pertenece a ninguna corporaci\u00f3n.<\/div><\/div><\/div><\/div><\/div><\/div>                                            <\/div>\n                                        <\/div>\n                                    <\/div>\n\t\t\t\t\t\t\t\t\t                                    <div  class=\"wppb-column-parent wppb-column-parent-view wppb-col-1635951660286  \"  >\n                                        <div class=\"wppb-column\">\n\t\t\t\t\t\n\t\t\t\t\t\t\t\t\t\t\t\n                                            <div class=\"wppb-builder-addons\">\n\t\t\t\t\t\t\t\t\t\t\t\t<div class='wppb-builder-addon wppb-addon-1635951660287'  data-addon-id='1635951660287'><div class='wppb-addon'><div class=\"wppb-person-addon\"><div class=\"wppb-person-addon-content person-layout-one\"><div class=\"wppb-person-image\"><img decoding=\"async\" class=\"wppb-person-addon-img\" src=\"http:\/\/www.losataos.org\/w\/wp-content\/uploads\/manantero2.jpg\" alt=\"Antonio G\u00e1lvez Silva\"><\/div><div class=\"wppb-person-information\"><span class=\"wppb-person-name\">Antonio G\u00e1lvez Silva<\/span><div class=\"wppb-person-introtext\">En el a\u00f1o 2.006, por segunda vez y siendo Presidente de la Asociaci\u00f3n de Cofrad\u00edas y Corporaciones B\u00edblicas, Don Juan Fernando Garc\u00eda Arroyo, es designado para \u201cManantero Ejemplar\u201d el tambi\u00e9n componente de nuestra Corporaci\u00f3n Don Antonio G\u00e1lvez Silva, que llevaba en nuestra Corporaci\u00f3n desde el a\u00f1o 1.965.\n\nNuestro hermano Antonio, muy querido por todos, demostr\u00f3 su cari\u00f1o a la Corporaci\u00f3n, recopilando suficiente informaci\u00f3n, para demostrar la historia de \u00abLos Ataos\u00bb. Antonio ha sido sin duda uno de los referentes m\u00e1s importantes que hemos tenido y el mejor embajador de nuestra Corporaci\u00f3n, all\u00e1 donde haya ido.<\/div><\/div><\/div><\/div><\/div><\/div>                                            <\/div>\n                                        <\/div>\n                                    <\/div>\n\t\t\t\t\t\t\t\t\t                        <\/div>\n\n                    <\/div>\n                <\/div>\n\t\t\t\t                <div  class=\"wppb-row-parent  wppb-row-1635951660307 \"  >\n\t\t\t\t\t\n\t\t\t\t\t\t\t\t\t\t\n\t\t\t\t\t\t\t\t\t\t\n\t\t\t\t\t<div class=\"wppb-container \">\n\t\t\t\t\t\t\t\t\t\t\t\t\t\n                        <div class=\"wppb-row\">\n\t\t\t\t\t\t\t                                    <div  class=\"wppb-column-parent wppb-column-parent-view wppb-col-1635951660306  \"  >\n                                        <div class=\"wppb-column\">\n\t\t\t\t\t\n\t\t\t\t\t\t\t\t\t\t\t\n                                            <div class=\"wppb-builder-addons\">\n\t\t\t\t\t\t\t\t\t\t\t\t<div class='wppb-builder-addon wppb-addon-1635952321451'  data-addon-id='1635952321451'><div class='wppb-addon'><div class=\"wppb-text-block-addon\"><div class=\"wppb-text-block-content 0\"><h4 class=\"kt-adv-heading_cc5d69-5e wp-block-kadence-advancedheading has-vivid-red-color has-text-color\" data-kb-block=\"kb-adv-heading_cc5d69-5e\"><a href=\"https:\/\/www.mananta.es\/index.php\/carteles\/13-agrupacion-de-cofradias\/68-mananter-s-ejemplares\" target=\"_blank\" rel=\"noreferrer noopener\" data-type=\"URL\" data-id=\"https:\/\/www.mananta.es\/index.php\/carteles\/13-agrupacion-de-cofradias\/68-mananter-s-ejemplares\">Accede a todos los nombramientos de Mananter@s Ejemplares<\/a><\/h4><\/div><\/div><\/div><\/div>                                            <\/div>\n                                        <\/div>\n                                    <\/div>\n\t\t\t\t\t\t\t\t\t                        <\/div>\n\n                    <\/div>\n                <\/div>\n\t\t\t\t<\/div>","protected":false},"excerpt":{"rendered":"<p>En el a\u00f1o 1.971, por la Agrupaci\u00f3n de Cofrad\u00edas y Corporaciones B\u00edblicas, y dentro del nuevo \u201cgiro\u201d dado por la misma, aparece la creaci\u00f3n del \u201cManantero Ejemplar\u201d, figura \u00e9sta, que otorga un agradecimiento en el mundo de la Semana Santa, a las personas que se han destacado en multitud de facetas relacionadas con nuestra Semana&hellip;&nbsp;<a href=\"https:\/\/www.losataos.org\/w\/mananteros-ejemplares-de-nuestra-corporacion\/\" rel=\"bookmark\">Leer m\u00e1s &raquo;<span class=\"screen-reader-text\">Mananteros Ejemplares de nuestra Corporaci\u00f3n.<\/span><\/a><\/p>\n","protected":false},"author":2,"featured_media":0,"parent":0,"menu_order":0,"comment_status":"closed","ping_status":"closed","template":"","meta":{"neve_meta_sidebar":"","neve_meta_container":"","neve_meta_enable_content_width":"","neve_meta_content_width":0,"neve_meta_title_alignment":"","neve_meta_author_avatar":"","neve_post_elements_order":"","neve_meta_disable_header":"","neve_meta_disable_footer":"","neve_meta_disable_title":"","footnotes":""},"wf_page_folders":[14],"class_list":["post-1516","page","type-page","status-publish","hentry"],"jetpack_sharing_enabled":true,"_links":{"self":[{"href":"https:\/\/www.losataos.org\/w\/wp-json\/wp\/v2\/pages\/1516","targetHints":{"allow":["GET"]}}],"collection":[{"href":"https:\/\/www.losataos.org\/w\/wp-json\/wp\/v2\/pages"}],"about":[{"href":"https:\/\/www.losataos.org\/w\/wp-json\/wp\/v2\/types\/page"}],"author":[{"embeddable":true,"href":"https:\/\/www.losataos.org\/w\/wp-json\/wp\/v2\/users\/2"}],"replies":[{"embeddable":true,"href":"https:\/\/www.losataos.org\/w\/wp-json\/wp\/v2\/comments?post=1516"}],"version-history":[{"count":5,"href":"https:\/\/www.losataos.org\/w\/wp-json\/wp\/v2\/pages\/1516\/revisions"}],"predecessor-version":[{"id":2760,"href":"https:\/\/www.losataos.org\/w\/wp-json\/wp\/v2\/pages\/1516\/revisions\/2760"}],"wp:attachment":[{"href":"https:\/\/www.losataos.org\/w\/wp-json\/wp\/v2\/media?parent=1516"}],"wp:term":[{"taxonomy":"wf_page_folders","embeddable":true,"href":"https:\/\/www.losataos.org\/w\/wp-json\/wp\/v2\/wf_page_folders?post=1516"}],"curies":[{"name":"wp","href":"https:\/\/api.w.org\/{rel}","templated":true}]}}