{"id":101,"date":"2021-07-08T22:41:35","date_gmt":"2021-07-08T22:41:35","guid":{"rendered":"http:\/\/www.losataos.org\/w\/?page_id=101"},"modified":"2021-10-31T14:01:28","modified_gmt":"2021-10-31T14:01:28","slug":"nuestro-cuartel-4","status":"publish","type":"page","link":"https:\/\/www.losataos.org\/w\/nuestro-cuartel-4\/","title":{"rendered":"Nuestro Cuartel"},"content":{"rendered":"<div id=\"wppb-builder-container\" class=\"wppb-builder-container\">\t\t<div data-elementor-type=\"wp-page\" data-elementor-id=\"101\" class=\"elementor elementor-101\" data-elementor-post-type=\"page\">\n\t\t\t\t\t\t<section class=\"elementor-section elementor-top-section elementor-element elementor-element-c01f6de elementor-section-boxed elementor-section-height-default elementor-section-height-default\" data-id=\"c01f6de\" data-element_type=\"section\" data-e-type=\"section\">\n\t\t\t\t\t\t<div class=\"elementor-container elementor-column-gap-default\">\n\t\t\t\t\t<div class=\"elementor-column elementor-col-100 elementor-top-column elementor-element elementor-element-a098be3\" data-id=\"a098be3\" data-element_type=\"column\" data-e-type=\"column\">\n\t\t\t<div class=\"elementor-widget-wrap elementor-element-populated\">\n\t\t\t\t\t\t<div class=\"elementor-element elementor-element-c036754 elementor-widget elementor-widget-image\" data-id=\"c036754\" data-element_type=\"widget\" data-e-type=\"widget\" data-widget_type=\"image.default\">\n\t\t\t\t<div class=\"elementor-widget-container\">\n\t\t\t\t\t\t\t\t\t\t\t\t\t\t\t<img fetchpriority=\"high\" decoding=\"async\" width=\"500\" height=\"354\" src=\"https:\/\/www.losataos.org\/w\/wp-content\/uploads\/cuartel\/fachada.jpg\" class=\"attachment-large size-large wp-image-80\" alt=\"\" srcset=\"https:\/\/www.losataos.org\/w\/wp-content\/uploads\/cuartel\/fachada.jpg 500w, https:\/\/www.losataos.org\/w\/wp-content\/uploads\/cuartel\/fachada-300x212.jpg 300w\" sizes=\"(max-width: 500px) 100vw, 500px\" \/>\t\t\t\t\t\t\t\t\t\t\t\t\t\t\t<\/div>\n\t\t\t\t<\/div>\n\t\t\t\t\t<\/div>\n\t\t<\/div>\n\t\t\t\t\t<\/div>\n\t\t<\/section>\n\t\t\t\t<section class=\"elementor-section elementor-top-section elementor-element elementor-element-a3569a2 elementor-section-boxed elementor-section-height-default elementor-section-height-default\" data-id=\"a3569a2\" data-element_type=\"section\" data-e-type=\"section\">\n\t\t\t\t\t\t<div class=\"elementor-container elementor-column-gap-default\">\n\t\t\t\t\t<div class=\"elementor-column elementor-col-100 elementor-top-column elementor-element elementor-element-d573805\" data-id=\"d573805\" data-element_type=\"column\" data-e-type=\"column\">\n\t\t\t<div class=\"elementor-widget-wrap elementor-element-populated\">\n\t\t\t\t\t\t<div class=\"elementor-element elementor-element-7839e81 elementor-widget elementor-widget-text-editor\" data-id=\"7839e81\" data-element_type=\"widget\" data-e-type=\"widget\" data-widget_type=\"text-editor.default\">\n\t\t\t\t<div class=\"elementor-widget-container\">\n\t\t\t\t\t\t\t\t\t<p style=\"text-align: center;\"><strong>Hasta llegar al cuartel actual, la Corporaci\u00f3n de Los Ataos, debido a su antig\u00fcedad, han pasado muchos a\u00f1os, desde el momento que se independiz\u00f3 de la Cofrad\u00eda de Nuestro Padre Jes\u00fas Nazareno all\u00e1 por el 1870, ha deambulado por sin fin de lugares de nuestro pueblo, desde casas deshabitadas alquiladas para la ocasi\u00f3n, graneros y otras dependencias. Queremos dejar constancia de algunas de ellas, que aunque no haya documentaci\u00f3n al respecto, si podemos describir con fiabilidad por testimonio de hermanos que han pertenecido a la Corporaci\u00f3n y familiares de los mismos, o por medio de alg\u00fan amante de nuestra Semana Santa.<\/strong><\/p><p style=\"text-align: center;\"><strong>Una de las casas con m\u00e1s singularidad y encanto, estaba situada en la calle Aguilar, 7, propiedad de Bodegas Delgado, donde antes y despu\u00e9s de la Guerra Civil, tuvieron gran protagonismo, sobre todo en Cuaresma, ya que, cuando Los Romanos, hac\u00edan su parada para reponer fuerzas y sustituir bengalas en la puerta del citado Cuartel, Los Ataos, les recib\u00edan toc\u00e1ndoles el \u201cBarrab\u00e1s\u201d, una vez que se marchaban Los Romanos, emprend\u00edan la subida Los Ataos a la ermita de Jes\u00fas, acompa\u00f1ados de su Grupo de M\u00fasica. Eran Los Romanos y Los Ataos, las \u00fanicas corporaciones que ten\u00edan y tienen Grupos de M\u00fasica propios.<\/strong><\/p><p style=\"text-align: center;\"><strong>Despu\u00e9s comenz\u00f3 un deambular por varios lugares m\u00e1s, calle Horno,68 frente al actual colegio Pem\u00e1n; calle Cantarer\u00edas, 3 frente a la \u201cBarrera\u201d; calle Fern\u00e1n P\u00e9rez, una casa situada junto a la Casa del Pueblo; calle Crist\u00f3bal Castillo, 21, cerca de donde hoy est\u00e1 Correos; tambi\u00e9n estuvimos en la calle Las Palmeras, 69, casa que pertenec\u00eda a un hermano de la Corporaci\u00f3n, en la calle San Crist\u00f3bal, donde hoy se sit\u00faan los pisos posteriores al Centro Plaza, casa propiedad de un buen manantero \u201cGallardo el pescadero\u201d, que fue hermano de la corporaci\u00f3n de \u201cLos Jetones\u201d , en esta casa estuvieron hasta el a\u00f1o 1964, desde donde se traslada a nuestra actual casa Cuartel. Est\u00e1 situada actualmente en la calle Calzada, 43; lugar que estamos desde finales del a\u00f1o 1964 salvo un peque\u00f1o espacio de tiempo debido al derrumbe de la pared que colinda con el \u201cCerro de Los Poetas\u201d, fue adquirida a don Bernardino Solano en el a\u00f1o 1971 con aportaciones de los hermanos que compon\u00edan la Corporaci\u00f3n en aquellas fechas. Desde el 1971 se han realizado varias reformas dif\u00edciles de describir, quedando en la actualidad una casa cuartel acogedor y funcional para el gran n\u00famero de hermanos que componemos actualmente la Corporaci\u00f3n.<\/strong><\/p>\t\t\t\t\t\t\t\t<\/div>\n\t\t\t\t<\/div>\n\t\t\t\t\t<\/div>\n\t\t<\/div>\n\t\t\t\t\t<\/div>\n\t\t<\/section>\n\t\t\t\t<section class=\"elementor-section elementor-top-section elementor-element elementor-element-8f30175 elementor-section-boxed elementor-section-height-default elementor-section-height-default\" data-id=\"8f30175\" data-element_type=\"section\" data-e-type=\"section\">\n\t\t\t\t\t\t<div class=\"elementor-container elementor-column-gap-default\">\n\t\t\t\t\t<div class=\"elementor-column elementor-col-100 elementor-top-column elementor-element elementor-element-645e0de\" data-id=\"645e0de\" data-element_type=\"column\" data-e-type=\"column\">\n\t\t\t<div class=\"elementor-widget-wrap elementor-element-populated\">\n\t\t\t\t\t\t<div class=\"elementor-element elementor-element-d8582e6 elementor-skin-carousel elementor-arrows-yes elementor-pagination-type-bullets elementor-pagination-position-outside elementor-widget elementor-widget-media-carousel\" data-id=\"d8582e6\" data-element_type=\"widget\" data-e-type=\"widget\" data-settings=\"{&quot;skin&quot;:&quot;carousel&quot;,&quot;effect&quot;:&quot;slide&quot;,&quot;show_arrows&quot;:&quot;yes&quot;,&quot;pagination&quot;:&quot;bullets&quot;,&quot;speed&quot;:500,&quot;autoplay&quot;:&quot;yes&quot;,&quot;autoplay_speed&quot;:5000,&quot;loop&quot;:&quot;yes&quot;,&quot;pause_on_hover&quot;:&quot;yes&quot;,&quot;pause_on_interaction&quot;:&quot;yes&quot;,&quot;space_between&quot;:{&quot;unit&quot;:&quot;px&quot;,&quot;size&quot;:10,&quot;sizes&quot;:[]},&quot;space_between_tablet&quot;:{&quot;unit&quot;:&quot;px&quot;,&quot;size&quot;:10,&quot;sizes&quot;:[]},&quot;space_between_mobile&quot;:{&quot;unit&quot;:&quot;px&quot;,&quot;size&quot;:10,&quot;sizes&quot;:[]}}\" data-widget_type=\"media-carousel.default\">\n\t\t\t\t<div class=\"elementor-widget-container\">\n\t\t\t\t\t\t\t\t\t<div class=\"elementor-swiper\">\n\t\t\t\t\t<div class=\"elementor-main-swiper swiper\" role=\"region\" aria-roledescription=\"carousel\" aria-label=\"Slides\">\n\t\t\t\t<div class=\"swiper-wrapper\">\n\t\t\t\t\t\t\t\t\t\t\t<div class=\"swiper-slide\" role=\"group\" aria-roledescription=\"slide\">\n\t\t\t\t\t\t\t\t\t<div class=\"elementor-carousel-image\" role=\"img\" aria-label=\"salon12\" style=\"background-image: url(&#039;https:\/\/www.losataos.org\/w\/wp-content\/uploads\/cuartel\/salon12.jpg&#039;)\">\n\n\t\t\t\n\t\t\t\t\t<\/div>\n\t\t\t\t\t\t\t\t<\/div>\n\t\t\t\t\t\t\t\t\t\t\t<div class=\"swiper-slide\" role=\"group\" aria-roledescription=\"slide\">\n\t\t\t\t\t\t\t\t\t<div class=\"elementor-carousel-image\" role=\"img\" aria-label=\"salon6\" style=\"background-image: url(&#039;https:\/\/www.losataos.org\/w\/wp-content\/uploads\/cuartel\/salon6.jpg&#039;)\">\n\n\t\t\t\n\t\t\t\t\t<\/div>\n\t\t\t\t\t\t\t\t<\/div>\n\t\t\t\t\t\t\t\t\t\t\t<div class=\"swiper-slide\" role=\"group\" aria-roledescription=\"slide\">\n\t\t\t\t\t\t\t\t\t<div class=\"elementor-carousel-image\" role=\"img\" aria-label=\"salon4\" style=\"background-image: url(&#039;https:\/\/www.losataos.org\/w\/wp-content\/uploads\/cuartel\/salon4.jpg&#039;)\">\n\n\t\t\t\n\t\t\t\t\t<\/div>\n\t\t\t\t\t\t\t\t<\/div>\n\t\t\t\t\t\t\t\t\t\t\t<div class=\"swiper-slide\" role=\"group\" aria-roledescription=\"slide\">\n\t\t\t\t\t\t\t\t\t<div class=\"elementor-carousel-image\" role=\"img\" aria-label=\"salon2\" style=\"background-image: url(&#039;https:\/\/www.losataos.org\/w\/wp-content\/uploads\/cuartel\/salon2.jpg&#039;)\">\n\n\t\t\t\n\t\t\t\t\t<\/div>\n\t\t\t\t\t\t\t\t<\/div>\n\t\t\t\t\t\t\t\t\t\t\t<div class=\"swiper-slide\" role=\"group\" aria-roledescription=\"slide\">\n\t\t\t\t\t\t\t\t\t<div class=\"elementor-carousel-image\" role=\"img\" aria-label=\"salon1\" style=\"background-image: url(&#039;https:\/\/www.losataos.org\/w\/wp-content\/uploads\/cuartel\/salon1.jpg&#039;)\">\n\n\t\t\t\n\t\t\t\t\t<\/div>\n\t\t\t\t\t\t\t\t<\/div>\n\t\t\t\t\t\t\t\t\t\t\t<div class=\"swiper-slide\" role=\"group\" aria-roledescription=\"slide\">\n\t\t\t\t\t\t\t\t\t<div class=\"elementor-carousel-image\" role=\"img\" aria-label=\"salon0\" style=\"background-image: url(&#039;https:\/\/www.losataos.org\/w\/wp-content\/uploads\/cuartel\/salon0.jpg&#039;)\">\n\n\t\t\t\n\t\t\t\t\t<\/div>\n\t\t\t\t\t\t\t\t<\/div>\n\t\t\t\t\t\t\t\t\t\t\t<div class=\"swiper-slide\" role=\"group\" aria-roledescription=\"slide\">\n\t\t\t\t\t\t\t\t\t<div class=\"elementor-carousel-image\" role=\"img\" aria-label=\"planta_baja7\" style=\"background-image: url(&#039;https:\/\/www.losataos.org\/w\/wp-content\/uploads\/cuartel\/planta_baja7.jpg&#039;)\">\n\n\t\t\t\n\t\t\t\t\t<\/div>\n\t\t\t\t\t\t\t\t<\/div>\n\t\t\t\t\t\t\t\t\t\t\t<div class=\"swiper-slide\" role=\"group\" aria-roledescription=\"slide\">\n\t\t\t\t\t\t\t\t\t<div class=\"elementor-carousel-image\" role=\"img\" aria-label=\"planta_baja6\" style=\"background-image: url(&#039;https:\/\/www.losataos.org\/w\/wp-content\/uploads\/cuartel\/planta_baja6.jpg&#039;)\">\n\n\t\t\t\n\t\t\t\t\t<\/div>\n\t\t\t\t\t\t\t\t<\/div>\n\t\t\t\t\t\t\t\t\t\t\t<div class=\"swiper-slide\" role=\"group\" aria-roledescription=\"slide\">\n\t\t\t\t\t\t\t\t\t<div class=\"elementor-carousel-image\" role=\"img\" aria-label=\"planta_baja4\" style=\"background-image: url(&#039;https:\/\/www.losataos.org\/w\/wp-content\/uploads\/cuartel\/planta_baja4.jpg&#039;)\">\n\n\t\t\t\n\t\t\t\t\t<\/div>\n\t\t\t\t\t\t\t\t<\/div>\n\t\t\t\t\t\t\t\t\t\t\t<div class=\"swiper-slide\" role=\"group\" aria-roledescription=\"slide\">\n\t\t\t\t\t\t\t\t\t<div class=\"elementor-carousel-image\" role=\"img\" aria-label=\"planta_baja3\" style=\"background-image: url(&#039;https:\/\/www.losataos.org\/w\/wp-content\/uploads\/cuartel\/planta_baja3.jpg&#039;)\">\n\n\t\t\t\n\t\t\t\t\t<\/div>\n\t\t\t\t\t\t\t\t<\/div>\n\t\t\t\t\t\t\t\t\t\t\t<div class=\"swiper-slide\" role=\"group\" aria-roledescription=\"slide\">\n\t\t\t\t\t\t\t\t\t<div class=\"elementor-carousel-image\" role=\"img\" aria-label=\"planta_baja5\" style=\"background-image: url(&#039;https:\/\/www.losataos.org\/w\/wp-content\/uploads\/cuartel\/planta_baja5.jpg&#039;)\">\n\n\t\t\t\n\t\t\t\t\t<\/div>\n\t\t\t\t\t\t\t\t<\/div>\n\t\t\t\t\t\t\t\t\t\t\t<div class=\"swiper-slide\" role=\"group\" aria-roledescription=\"slide\">\n\t\t\t\t\t\t\t\t\t<div class=\"elementor-carousel-image\" role=\"img\" aria-label=\"planta_baja2\" style=\"background-image: url(&#039;https:\/\/www.losataos.org\/w\/wp-content\/uploads\/cuartel\/planta_baja2.jpg&#039;)\">\n\n\t\t\t\n\t\t\t\t\t<\/div>\n\t\t\t\t\t\t\t\t<\/div>\n\t\t\t\t\t\t\t\t\t\t\t<div class=\"swiper-slide\" role=\"group\" aria-roledescription=\"slide\">\n\t\t\t\t\t\t\t\t\t<div class=\"elementor-carousel-image\" role=\"img\" aria-label=\"cuartel-25\" style=\"background-image: url(&#039;https:\/\/www.losataos.org\/w\/wp-content\/uploads\/cuartel\/cuartel-25.jpg&#039;)\">\n\n\t\t\t\n\t\t\t\t\t<\/div>\n\t\t\t\t\t\t\t\t<\/div>\n\t\t\t\t\t\t\t\t\t<\/div>\n\t\t\t\t\t\t\t\t\t\t\t\t\t\t\t<div class=\"elementor-swiper-button elementor-swiper-button-prev\" role=\"button\" tabindex=\"0\" aria-label=\"Previous\">\n\t\t\t\t\t\t\t<i aria-hidden=\"true\" class=\"eicon-chevron-left\"><\/i>\t\t\t\t\t\t<\/div>\n\t\t\t\t\t\t<div class=\"elementor-swiper-button elementor-swiper-button-next\" role=\"button\" tabindex=\"0\" aria-label=\"Next\">\n\t\t\t\t\t\t\t<i aria-hidden=\"true\" class=\"eicon-chevron-right\"><\/i>\t\t\t\t\t\t<\/div>\n\t\t\t\t\t\t\t\t\t\t\t\t\t\t\t\t<div class=\"swiper-pagination\"><\/div>\n\t\t\t\t\t\t\t\t\t\t\t\t<\/div>\n\t\t\t\t<\/div>\n\t\t\t\t\t\t\t\t<\/div>\n\t\t\t\t<\/div>\n\t\t\t\t\t<\/div>\n\t\t<\/div>\n\t\t\t\t\t<\/div>\n\t\t<\/section>\n\t\t\t\t<\/div>\n\t\t<\/div>","protected":false},"excerpt":{"rendered":"<p>Hasta llegar al cuartel actual, la Corporaci\u00f3n de Los Ataos, debido a su antig\u00fcedad, han pasado muchos a\u00f1os, desde el momento que se independiz\u00f3 de la Cofrad\u00eda de Nuestro Padre Jes\u00fas Nazareno all\u00e1 por el 1870, ha deambulado por sin fin de lugares de nuestro pueblo, desde casas deshabitadas alquiladas para la ocasi\u00f3n, graneros y&hellip;&nbsp;<a href=\"https:\/\/www.losataos.org\/w\/nuestro-cuartel-4\/\" rel=\"bookmark\">Leer m\u00e1s &raquo;<span class=\"screen-reader-text\">Nuestro Cuartel<\/span><\/a><\/p>\n","protected":false},"author":2,"featured_media":0,"parent":0,"menu_order":0,"comment_status":"closed","ping_status":"open","template":"","meta":{"neve_meta_sidebar":"","neve_meta_container":"","neve_meta_enable_content_width":"","neve_meta_content_width":0,"neve_meta_title_alignment":"","neve_meta_author_avatar":"","neve_post_elements_order":"","neve_meta_disable_header":"","neve_meta_disable_footer":"","neve_meta_disable_title":"","footnotes":""},"wf_page_folders":[12],"class_list":["post-101","page","type-page","status-publish","hentry"],"jetpack_sharing_enabled":true,"_links":{"self":[{"href":"https:\/\/www.losataos.org\/w\/wp-json\/wp\/v2\/pages\/101","targetHints":{"allow":["GET"]}}],"collection":[{"href":"https:\/\/www.losataos.org\/w\/wp-json\/wp\/v2\/pages"}],"about":[{"href":"https:\/\/www.losataos.org\/w\/wp-json\/wp\/v2\/types\/page"}],"author":[{"embeddable":true,"href":"https:\/\/www.losataos.org\/w\/wp-json\/wp\/v2\/users\/2"}],"replies":[{"embeddable":true,"href":"https:\/\/www.losataos.org\/w\/wp-json\/wp\/v2\/comments?post=101"}],"version-history":[{"count":12,"href":"https:\/\/www.losataos.org\/w\/wp-json\/wp\/v2\/pages\/101\/revisions"}],"predecessor-version":[{"id":31725,"href":"https:\/\/www.losataos.org\/w\/wp-json\/wp\/v2\/pages\/101\/revisions\/31725"}],"wp:attachment":[{"href":"https:\/\/www.losataos.org\/w\/wp-json\/wp\/v2\/media?parent=101"}],"wp:term":[{"taxonomy":"wf_page_folders","embeddable":true,"href":"https:\/\/www.losataos.org\/w\/wp-json\/wp\/v2\/wf_page_folders?post=101"}],"curies":[{"name":"wp","href":"https:\/\/api.w.org\/{rel}","templated":true}]}}